{"id":826,"date":"2026-03-16T08:31:30","date_gmt":"2026-03-16T06:31:30","guid":{"rendered":"https:\/\/blogi.eoppimispalvelut.fi\/kestavaliiketoiminta\/?page_id=826"},"modified":"2026-03-16T08:35:47","modified_gmt":"2026-03-16T06:35:47","slug":"kestavyysraportointi-nyt-ajankohtaiset-riskit-ja-kaytannon-tyokalut-webinaari","status":"publish","type":"page","link":"https:\/\/blogi.eoppimispalvelut.fi\/kestavaliiketoiminta\/kestavyysraportointi-nyt-ajankohtaiset-riskit-ja-kaytannon-tyokalut-webinaari\/","title":{"rendered":"Kest\u00e4vyysraportointi nyt \u2013 ajankohtaiset, riskit ja k\u00e4yt\u00e4nn\u00f6n ty\u00f6kalut &#8211; webinaari"},"content":{"rendered":"<p>[et_pb_section fb_built=&#8221;1&#8243; _builder_version=&#8221;4.27.4&#8243; _module_preset=&#8221;default&#8221; global_colors_info=&#8221;{}&#8221;][et_pb_row _builder_version=&#8221;4.27.4&#8243; _module_preset=&#8221;default&#8221;][et_pb_column _builder_version=&#8221;4.27.4&#8243; _module_preset=&#8221;default&#8221; type=&#8221;4_4&#8243;][et_pb_heading title=&#8221;Kest\u00e4vyysraportointi nyt \u2013 ajankohtaiset, riskit ja k\u00e4yt\u00e4nn\u00f6n ty\u00f6kalut &#8221; _builder_version=&#8221;4.27.4&#8243; _module_preset=&#8221;default&#8221; hover_enabled=&#8221;0&#8243; sticky_enabled=&#8221;0&#8243;][\/et_pb_heading][\/et_pb_column][\/et_pb_row][et_pb_row column_structure=&#8221;1_2,1_2&#8243; _builder_version=&#8221;4.27.4&#8243; _module_preset=&#8221;default&#8221; global_colors_info=&#8221;{}&#8221;][et_pb_column type=&#8221;1_2&#8243; _builder_version=&#8221;4.27.4&#8243; _module_preset=&#8221;default&#8221; global_colors_info=&#8221;{}&#8221;][et_pb_text _builder_version=&#8221;4.27.4&#8243; _module_preset=&#8221;default&#8221; hover_enabled=&#8221;0&#8243; global_colors_info=&#8221;{}&#8221; sticky_enabled=&#8221;0&#8243;]<\/p>\n<p data-start=\"246\" data-end=\"472\"><strong>Webinaari 9.4.2026 klo 8.30\u20139.30 Teams<\/strong><\/p>\n<p data-start=\"246\" data-end=\"472\"><strong><\/strong><\/p>\n<p data-start=\"246\" data-end=\"472\">Kest\u00e4vyysraportointi on noussut nopeasti yritysten arkeen. Asiakkaat kysyv\u00e4t vastuullisuudesta, rahoittajat ja vakuuttajat tarkastelevat riskej\u00e4 uudella tavalla ja EU-s\u00e4\u00e4ntely ohjaa yrityksi\u00e4 kohti l\u00e4pin\u00e4kyv\u00e4mp\u00e4\u00e4 raportointia.<\/p>\n<p data-start=\"474\" data-end=\"639\">T\u00e4ss\u00e4 webinaarissa haluamme koota yhteen <strong data-start=\"529\" data-end=\"638\">kest\u00e4vyysraportoinnin ajankohtaiset n\u00e4k\u00f6kulmat, k\u00e4yt\u00e4nn\u00f6n kokemukset ja pk-yrityksille kehitetyn ty\u00f6kalun<\/strong>.<\/p>\n<p data-start=\"641\" data-end=\"673\">Webinaarissa kuulet:<\/p>\n<ul data-start=\"675\" data-end=\"913\">\n<li data-section-id=\"1yn91ce\" data-start=\"675\" data-end=\"738\">\n<p data-start=\"677\" data-end=\"738\">miksi kest\u00e4vyysraportointi on juuri nyt yrityksille t\u00e4rke\u00e4\u00e4<\/p>\n<\/li>\n<li data-section-id=\"1g4scjb\" data-start=\"739\" data-end=\"823\">\n<p data-start=\"741\" data-end=\"823\">miten kest\u00e4vyysriskit n\u00e4kyv\u00e4t k\u00e4yt\u00e4nn\u00f6ss\u00e4 esimerkiksi vakuuttamisen n\u00e4k\u00f6kulmasta<\/p>\n<\/li>\n<li data-section-id=\"1gfeyxk\" data-start=\"824\" data-end=\"913\">\n<p data-start=\"826\" data-end=\"913\">millainen <strong data-start=\"836\" data-end=\"856\">maksuton ty\u00f6kalu<\/strong> on kehitetty pk-yritysten kest\u00e4vyysraportoinnin tueksi<\/p>\n<\/li>\n<\/ul>\n<p data-start=\"915\" data-end=\"996\">\ud83d\udc49 <strong data-start=\"918\" data-end=\"941\">Ilmoittaudu mukaan:<\/strong><br data-start=\"941\" data-end=\"944\" \/><a data-start=\"944\" data-end=\"996\" rel=\"noopener\" target=\"_new\" class=\"decorated-link\" href=\"https:\/\/link.webropolsurveys.com\/EP\/1D15D0F2087D7136\">https:\/\/link.webropolsurveys.com\/EP\/1D15D0F2087D7136<\/a><\/p>\n<p>[\/et_pb_text][\/et_pb_column][et_pb_column type=&#8221;1_2&#8243; _builder_version=&#8221;4.27.4&#8243; _module_preset=&#8221;default&#8221; global_colors_info=&#8221;{}&#8221;][et_pb_text _builder_version=&#8221;4.27.4&#8243; _module_preset=&#8221;default&#8221; global_colors_info=&#8221;{}&#8221;]<\/p>\n<h2 data-section-id=\"g94zgt\" data-start=\"1003\" data-end=\"1013\">Ohjelma<\/h2>\n<p data-start=\"1015\" data-end=\"1066\"><strong data-start=\"1015\" data-end=\"1038\">Miksi raportoidaan?<\/strong><br data-start=\"1038\" data-end=\"1041\" \/>Paula Heikkil\u00e4, Lapin AMK<\/p>\n<p data-start=\"1068\" data-end=\"1237\"><strong data-start=\"1068\" data-end=\"1110\">Kest\u00e4vyysriskien n\u00e4kyminen k\u00e4yt\u00e4nn\u00f6ss\u00e4<\/strong><br data-start=\"1110\" data-end=\"1113\" \/>Lari-Pekka Kyll\u00f6nen<br data-start=\"1132\" data-end=\"1135\" \/>Chief Underwriter, omaisuusvakuutukset<br data-start=\"1173\" data-end=\"1176\" \/>Yritysvakuutuspalvelut, L\u00e4hiTapiola Keskin\u00e4inen Vakuutusyhti\u00f6<\/p>\n<p data-start=\"1239\" data-end=\"1317\"><strong data-start=\"1239\" data-end=\"1287\">Kest\u00e4vyysraportoinnin ty\u00f6kalu pk-yrityksille<\/strong><br data-start=\"1287\" data-end=\"1290\" \/>Nelly Korteniemi, Lapin AMK<\/p>\n<hr data-start=\"1319\" data-end=\"1322\" \/>\n<p data-start=\"1324\" data-end=\"1545\">\ud83d\udc49 <strong data-start=\"1327\" data-end=\"1402\">Tutustu pk-yrityksille kehitettyyn maksuttomaan ty\u00f6kaluun jo ennakkoon:<\/strong><br data-start=\"1402\" data-end=\"1405\" \/><a data-start=\"1405\" data-end=\"1545\" rel=\"noopener\" target=\"_new\" class=\"decorated-link\" href=\"https:\/\/blogi.eoppimispalvelut.fi\/kestavaliiketoiminta\/etusivu\/kestavyysraportti-maksuton-tyokalu-vastuullisuusraportointiin-pk-yrityksille\/?utm_source=chatgpt.com\">https:\/\/blogi.eoppimispalvelut.fi\/kestavaliiketoiminta\/etusivu\/kestavyysraportti-maksuton-tyokalu-vastuullisuusraportointiin-pk-yrityksille\/<span aria-hidden=\"true\" class=\"ms-0.5 inline-block align-middle leading-none\"><\/span><\/a><\/p>\n<hr data-start=\"1547\" data-end=\"1550\" \/>\n<p data-start=\"1552\" data-end=\"1690\">Webinaari on suunnattu <strong data-start=\"1575\" data-end=\"1689\">yrityksille, yrityskehitt\u00e4jille sek\u00e4 vastuullisuuden, rahoituksen ja riskienhallinnan parissa ty\u00f6skenteleville<\/strong>.<\/p>\n<p data-start=\"1692\" data-end=\"1712\">Tervetuloa mukaan!<\/p>\n<p>[\/et_pb_text][\/et_pb_column][\/et_pb_row][et_pb_row _builder_version=&#8221;4.27.4&#8243; _module_preset=&#8221;default&#8221; global_colors_info=&#8221;{}&#8221;][et_pb_column type=&#8221;4_4&#8243; _builder_version=&#8221;4.27.4&#8243; _module_preset=&#8221;default&#8221; global_colors_info=&#8221;{}&#8221;][et_pb_button button_url=&#8221;https:\/\/link.webropolsurveys.com\/EP\/1D15D0F2087D7136&#8243; button_text=&#8221;Ilmoittautuminen&#8221; button_alignment=&#8221;center&#8221; _builder_version=&#8221;4.27.4&#8243; _module_preset=&#8221;default&#8221; global_colors_info=&#8221;{}&#8221;][\/et_pb_button][\/et_pb_column][\/et_pb_row][\/et_pb_section]<\/p>\n","protected":false},"excerpt":{"rendered":"<p>Webinaari 9.4.2026 klo 8.30\u20139.30 Teams Kest\u00e4vyysraportointi on noussut nopeasti yritysten arkeen. Asiakkaat kysyv\u00e4t vastuullisuudesta, rahoittajat ja vakuuttajat tarkastelevat riskej\u00e4 uudella tavalla ja EU-s\u00e4\u00e4ntely ohjaa yrityksi\u00e4 kohti l\u00e4pin\u00e4kyv\u00e4mp\u00e4\u00e4 raportointia. T\u00e4ss\u00e4 webinaarissa haluamme koota yhteen kest\u00e4vyysraportoinnin ajankohtaiset n\u00e4k\u00f6kulmat, k\u00e4yt\u00e4nn\u00f6n kokemukset ja pk-yrityksille kehitetyn ty\u00f6kalun. Webinaarissa kuulet: miksi kest\u00e4vyysraportointi on juuri nyt yrityksille t\u00e4rke\u00e4\u00e4 miten kest\u00e4vyysriskit n\u00e4kyv\u00e4t k\u00e4yt\u00e4nn\u00f6ss\u00e4 [&hellip;]<\/p>\n","protected":false},"author":4448,"featured_media":0,"parent":0,"menu_order":0,"comment_status":"closed","ping_status":"closed","template":"","meta":{"_et_pb_use_builder":"on","_et_pb_old_content":"","_et_gb_content_width":"","footnotes":""},"class_list":["post-826","page","type-page","status-publish","hentry"],"_links":{"self":[{"href":"https:\/\/blogi.eoppimispalvelut.fi\/kestavaliiketoiminta\/wp-json\/wp\/v2\/pages\/826","targetHints":{"allow":["GET"]}}],"collection":[{"href":"https:\/\/blogi.eoppimispalvelut.fi\/kestavaliiketoiminta\/wp-json\/wp\/v2\/pages"}],"about":[{"href":"https:\/\/blogi.eoppimispalvelut.fi\/kestavaliiketoiminta\/wp-json\/wp\/v2\/types\/page"}],"author":[{"embeddable":true,"href":"https:\/\/blogi.eoppimispalvelut.fi\/kestavaliiketoiminta\/wp-json\/wp\/v2\/users\/4448"}],"replies":[{"embeddable":true,"href":"https:\/\/blogi.eoppimispalvelut.fi\/kestavaliiketoiminta\/wp-json\/wp\/v2\/comments?post=826"}],"version-history":[{"count":4,"href":"https:\/\/blogi.eoppimispalvelut.fi\/kestavaliiketoiminta\/wp-json\/wp\/v2\/pages\/826\/revisions"}],"predecessor-version":[{"id":832,"href":"https:\/\/blogi.eoppimispalvelut.fi\/kestavaliiketoiminta\/wp-json\/wp\/v2\/pages\/826\/revisions\/832"}],"wp:attachment":[{"href":"https:\/\/blogi.eoppimispalvelut.fi\/kestavaliiketoiminta\/wp-json\/wp\/v2\/media?parent=826"}],"curies":[{"name":"wp","href":"https:\/\/api.w.org\/{rel}","templated":true}]}}