{"id":2,"date":"2022-05-12T15:07:52","date_gmt":"2022-05-12T12:07:52","guid":{"rendered":"https:\/\/blogi.eoppimispalvelut.fi\/kestavyys\/?page_id=2"},"modified":"2023-08-24T12:09:03","modified_gmt":"2023-08-24T09:09:03","slug":"esimerkkisivu","status":"publish","type":"page","link":"https:\/\/blogi.eoppimispalvelut.fi\/kestavyys\/","title":{"rendered":"Etusivu"},"content":{"rendered":"<p>[et_pb_section fb_built=&#8221;1&#8243; fullwidth=&#8221;on&#8221; _builder_version=&#8221;4.17.4&#8243; _module_preset=&#8221;default&#8221; global_colors_info=&#8221;{}&#8221;][et_pb_fullwidth_header title=&#8221;Pohjoisen n\u00e4k\u00f6kulmia kest\u00e4vyyteen&#8221; _builder_version=&#8221;4.17.4&#8243; _module_preset=&#8221;default&#8221; title_font=&#8221;Roboto|300|||||||&#8221; title_text_align=&#8221;center&#8221; title_font_size=&#8221;50px&#8221; background_image=&#8221;https:\/\/blogi.eoppimispalvelut.fi\/kestavyys\/files\/2022\/06\/pohjoisia_nakokulmia_header2-scaled.jpg&#8221; min_height=&#8221;458px&#8221; custom_padding=&#8221;202px|||||&#8221; title_text_shadow_style=&#8221;preset3&#8243; title_text_shadow_blur_strength=&#8221;0.23em&#8221; global_colors_info=&#8221;{}&#8221;][\/et_pb_fullwidth_header][\/et_pb_section][et_pb_section fb_built=&#8221;1&#8243; _builder_version=&#8221;4.17.4&#8243; _module_preset=&#8221;default&#8221; background_color=&#8221;rgba(204,204,204,0.09)&#8221; custom_padding=&#8221;40px||40px|||&#8221; top_divider_height=&#8221;39px&#8221; global_colors_info=&#8221;{}&#8221;][et_pb_row _builder_version=&#8221;4.17.4&#8243; _module_preset=&#8221;default&#8221; global_colors_info=&#8221;{}&#8221;][et_pb_column type=&#8221;4_4&#8243; _builder_version=&#8221;4.17.4&#8243; _module_preset=&#8221;default&#8221; global_colors_info=&#8221;{}&#8221;][et_pb_text _builder_version=&#8221;4.20.4&#8243; _module_preset=&#8221;default&#8221; text_font=&#8221;Roboto|300|||||||&#8221; text_font_size=&#8221;18px&#8221; text_line_height=&#8221;1.8em&#8221; global_colors_info=&#8221;{}&#8221;]<\/p>\n<p><strong>Tervetuloa Pohjoisen n\u00e4k\u00f6kulmia kest\u00e4vyyteen verkkokurssille!<\/strong><\/p>\n<p>Tieteen viesti maapallon tilasta on muuttunut entist\u00e4 huolestuttavammaksi. Globaaleja ongelmia, kuten ilmastonmuutosta tai lajikatoa, on vaikea ratkaista paikallisesti. Muutokset ovat suuria, ja erityisist\u00e4 pohjoisilla alueilla muutosten nopeus on ennenkokematonta.<\/p>\n<p>Sen lis\u00e4ksi, ett\u00e4 tiede auttaa ymm\u00e4rt\u00e4m\u00e4\u00e4n maapallon tilaa, tieteess\u00e4 on my\u00f6s muutosvoimaa. Tieteen avulla on mahdollista tarkastella kest\u00e4vyyteen liittyvi\u00e4 monisyisi\u00e4 ongelmia eri n\u00e4k\u00f6kulmista.<\/p>\n<p>T\u00e4ll\u00e4 kurssilla <span>luonto, erityisesti mets\u00e4<\/span> toimii ymp\u00e4rist\u00f6n\u00e4, jossa tutustut Lapin yliopiston kest\u00e4v\u00e4\u00e4 kehityst\u00e4 edist\u00e4viin tieteellisiin ja taiteellisiin n\u00e4k\u00f6kulmiin. Sis\u00e4ll\u00f6t painottuvat yhteiskuntatieteelliseen ymp\u00e4rist\u00f6tutkimukseen ja ymp\u00e4rist\u00f6taiteeseen, mutta kurssilla \u00e4\u00e4neen p\u00e4\u00e4sev\u00e4t asiantuntijat kaikista yliopiston nelj\u00e4st\u00e4 tiedekunnasta, Arktisesta keskuksesta sek\u00e4 Matkailualan tutkimus- ja koulutusinstituutista.<\/p>\n<p>Aloita opintosi luomalla itsellesi tunnus. Mik\u00e4li sinulla on jo tunnus, voit kirjautua sis\u00e4\u00e4n\u00a0 ja jatkaa opintojasi.<\/p>\n<p>[\/et_pb_text][\/et_pb_column][\/et_pb_row][et_pb_row column_structure=&#8221;1_2,1_2&#8243; _builder_version=&#8221;4.18.0&#8243; _module_preset=&#8221;default&#8221; global_colors_info=&#8221;{}&#8221;][et_pb_column type=&#8221;1_2&#8243; _builder_version=&#8221;4.18.0&#8243; _module_preset=&#8221;default&#8221; global_colors_info=&#8221;{}&#8221;][et_pb_button button_url=&#8221;https:\/\/blogi.eoppimispalvelut.fi\/kestavyys\/register\/&#8221; button_text=&#8221;Luo tunnukset&#8221; button_alignment=&#8221;center&#8221; _builder_version=&#8221;4.18.0&#8243; _module_preset=&#8221;default&#8221; global_colors_info=&#8221;{}&#8221;][\/et_pb_button][\/et_pb_column][et_pb_column type=&#8221;1_2&#8243; _builder_version=&#8221;4.18.0&#8243; _module_preset=&#8221;default&#8221; global_colors_info=&#8221;{}&#8221;][et_pb_button button_url=&#8221;https:\/\/blogi.eoppimispalvelut.fi\/kestavyys\/login&#8221; button_text=&#8221;Kirjaudu sis\u00e4\u00e4n&#8221; button_alignment=&#8221;center&#8221; _builder_version=&#8221;4.18.0&#8243; _module_preset=&#8221;default&#8221; global_colors_info=&#8221;{}&#8221;][\/et_pb_button][\/et_pb_column][\/et_pb_row][et_pb_row _builder_version=&#8221;4.20.0&#8243; _module_preset=&#8221;default&#8221; global_colors_info=&#8221;{}&#8221;][et_pb_column type=&#8221;4_4&#8243; _builder_version=&#8221;4.20.0&#8243; _module_preset=&#8221;default&#8221; global_colors_info=&#8221;{}&#8221;][et_pb_text _builder_version=&#8221;4.20.0&#8243; _module_preset=&#8221;default&#8221; global_colors_info=&#8221;{}&#8221;]<\/p>\n<p style=\"text-align: center;\">Unohditko salasanasi? <a href=\"https:\/\/blogi.eoppimispalvelut.fi\/kestavyys\/salasana-unohtunut\/\">Voit uusia sen t\u00e4\u00e4ll\u00e4<\/a>.<\/p>\n<p>[\/et_pb_text][\/et_pb_column][\/et_pb_row][\/et_pb_section][et_pb_section fb_built=&#8221;1&#8243; _builder_version=&#8221;4.17.4&#8243; _module_preset=&#8221;default&#8221; background_color=&#8221;rgba(0,192,226,0.13)&#8221; custom_padding=&#8221;40px||0px|||&#8221; global_colors_info=&#8221;{}&#8221;][et_pb_row column_structure=&#8221;1_4,3_4&#8243; _builder_version=&#8221;4.20.4&#8243; _module_preset=&#8221;default&#8221; global_colors_info=&#8221;{}&#8221;][et_pb_column type=&#8221;1_4&#8243; _builder_version=&#8221;4.17.4&#8243; _module_preset=&#8221;default&#8221; global_colors_info=&#8221;{}&#8221;][et_pb_image src=&#8221;https:\/\/blogi.eoppimispalvelut.fi\/kestavyys\/files\/2022\/06\/MOOC_symbols-04.png&#8221; title_text=&#8221;MOOC_symbols-04&#8243; _builder_version=&#8221;4.17.4&#8243; _module_preset=&#8221;default&#8221; global_colors_info=&#8221;{}&#8221;][\/et_pb_image][\/et_pb_column][et_pb_column type=&#8221;3_4&#8243; _builder_version=&#8221;4.17.4&#8243; _module_preset=&#8221;default&#8221; global_colors_info=&#8221;{}&#8221;][et_pb_text _builder_version=&#8221;4.20.4&#8243; _module_preset=&#8221;default&#8221; global_colors_info=&#8221;{}&#8221;]<\/p>\n<p><strong>Kenelle kurssi soveltuu?<\/strong><\/p>\n<p>Kurssi on suunniteltu erityisesti eri alojen yliopisto-opiskelijoille. Lis\u00e4ksi verkkokurssia voi hy\u00f6dynt\u00e4\u00e4 lukio-opinnoissa esimerkiksi biologian ja maantieteen tai kuvataiteen t\u00e4ydent\u00e4v\u00e4n\u00e4 materiaalina.<\/p>\n<p>Kurssilla kerromme, mit\u00e4 ovat Lapin yliopiston pohjoisille alueille keskittyv\u00e4n ymp\u00e4rist\u00f6tutkimuksen ja taiteen erityispiirteet. Kuvaamme ymp\u00e4rist\u00f6tutkimuksen painopisteiden teoreettisia ja taidek\u00e4sitykseen liittyvi\u00e4 l\u00e4ht\u00f6kohtia. Opit soveltamaan oppimaasi ajankohtaisten, erityisesti pohjoisia alueita koskevien kest\u00e4vyyskysymyksien pohtimiseen sek\u00e4 punnitsemaan kest\u00e4vyyteen ja kest\u00e4v\u00e4\u00e4n kehitykseen liittyvi\u00e4 kysymyksi\u00e4 tutkimustietoon nojautuen. Kurssin k\u00e4yty\u00e4si ymm\u00e4rr\u00e4t kest\u00e4v\u00e4n kehityksen yhteyksist\u00e4 oman tieteen- tai taiteenalan tutkimukseesi ja ty\u00f6teht\u00e4viisi erityisesti pohjoisesta n\u00e4k\u00f6kulmasta.<\/p>\n<p><strong>Miten kurssi suoritetaan?<\/strong><\/p>\n<p>Voit suorittaa kurssin itsen\u00e4isesti verkossa, omassa aikataulussasi edeten. Kahden opintopisteen kurssiin kuuluu viisi moduulia, joilla kaikilla on oma teemansa: kest\u00e4vyysmuutososaaminen, monilajisuus, kaupunkiluonto, kest\u00e4vyyslains\u00e4\u00e4d\u00e4nt\u00f6 sek\u00e4 luontokulttuuri, mets\u00e4 ja taide.<\/p>\n<p>Kurssin suoritettuasi voit tulostaa itsellesi sertifikaatin.<\/p>\n<p>Lapin yliopiston opiskelijat voivat kurssin suoritettuaan olla yhteydess\u00e4 oman tiedekuntansa koordinaattoriin: KTK\/Ilkka Ratinen, YTK\/Outi Rantala, TTK\/Maria Huhmarniemi\/TTK ja OTK\/Tomi Tuominen.<\/p>\n<p>&nbsp;<\/p>\n<p>[\/et_pb_text][\/et_pb_column][\/et_pb_row][\/et_pb_section][et_pb_section fb_built=&#8221;1&#8243; _builder_version=&#8221;4.17.4&#8243; _module_preset=&#8221;default&#8221; custom_padding=&#8221;40px||40px|||&#8221; global_colors_info=&#8221;{}&#8221;][et_pb_row column_structure=&#8221;1_5,1_5,1_5,1_5,1_5&#8243; _builder_version=&#8221;4.17.4&#8243; _module_preset=&#8221;default&#8221; custom_padding=&#8221;0px||0px||false|false&#8221; global_colors_info=&#8221;{}&#8221;][et_pb_column type=&#8221;1_5&#8243; _builder_version=&#8221;4.17.4&#8243; _module_preset=&#8221;default&#8221; global_colors_info=&#8221;{}&#8221;][et_pb_image src=&#8221;https:\/\/blogi.eoppimispalvelut.fi\/kestavyys\/files\/2022\/08\/MOOC_symbols_text-10.png&#8221; title_text=&#8221;MOOC_symbols_text-10&#8243; url=&#8221;https:\/\/blogi.eoppimispalvelut.fi\/kestavyys\/lesson\/kestavyysmuutososaaminen\/&#8221; _builder_version=&#8221;4.17.4&#8243; _module_preset=&#8221;default&#8221; custom_padding=&#8221;||||false|false&#8221; global_colors_info=&#8221;{}&#8221;][\/et_pb_image][\/et_pb_column][et_pb_column type=&#8221;1_5&#8243; _builder_version=&#8221;4.17.4&#8243; _module_preset=&#8221;default&#8221; global_colors_info=&#8221;{}&#8221;][et_pb_image src=&#8221;https:\/\/blogi.eoppimispalvelut.fi\/kestavyys\/files\/2022\/08\/MOOC_symbols_text-07.png&#8221; title_text=&#8221;MOOC_symbols_text-07&#8243; url=&#8221;https:\/\/blogi.eoppimispalvelut.fi\/kestavyys\/lesson\/monilajisuus-ihmistieteiden-haasteena\/&#8221; _builder_version=&#8221;4.17.4&#8243; _module_preset=&#8221;default&#8221; global_colors_info=&#8221;{}&#8221;][\/et_pb_image][\/et_pb_column][et_pb_column type=&#8221;1_5&#8243; _builder_version=&#8221;4.17.4&#8243; _module_preset=&#8221;default&#8221; global_colors_info=&#8221;{}&#8221;][et_pb_image src=&#8221;https:\/\/blogi.eoppimispalvelut.fi\/kestavyys\/files\/2023\/02\/MOOC_symbols_text-08_update.png&#8221; title_text=&#8221;MOOC_symbols_text-08_update&#8221; url=&#8221;https:\/\/blogi.eoppimispalvelut.fi\/kestavyys\/lesson\/viheralueet-ja-kestavyys-rovaniemen-kaupungissa\/&#8221; _builder_version=&#8221;4.18.0&#8243; _module_preset=&#8221;default&#8221; global_colors_info=&#8221;{}&#8221;][\/et_pb_image][\/et_pb_column][et_pb_column type=&#8221;1_5&#8243; _builder_version=&#8221;4.17.4&#8243; _module_preset=&#8221;default&#8221; global_colors_info=&#8221;{}&#8221;][et_pb_image src=&#8221;https:\/\/blogi.eoppimispalvelut.fi\/kestavyys\/files\/2022\/08\/MOOC_symbols_text-09.png&#8221; title_text=&#8221;MOOC_symbols_text-09&#8243; url=&#8221;https:\/\/blogi.eoppimispalvelut.fi\/kestavyys\/lesson\/lainsaadannon-rooli-kestavyystavoitteiden-saavuttamisessa\/&#8221; _builder_version=&#8221;4.17.4&#8243; _module_preset=&#8221;default&#8221; global_colors_info=&#8221;{}&#8221;][\/et_pb_image][\/et_pb_column][et_pb_column type=&#8221;1_5&#8243; _builder_version=&#8221;4.17.4&#8243; _module_preset=&#8221;default&#8221; global_colors_info=&#8221;{}&#8221;][et_pb_image src=&#8221;https:\/\/blogi.eoppimispalvelut.fi\/kestavyys\/files\/2023\/02\/MOOC_symbols_text-11_update.png&#8221; title_text=&#8221;MOOC_symbols_text-11_update&#8221; url=&#8221;https:\/\/blogi.eoppimispalvelut.fi\/kestavyys\/lesson\/ekokulttuuri-metsa-ja-taide\/&#8221; _builder_version=&#8221;4.18.0&#8243; _module_preset=&#8221;default&#8221; global_colors_info=&#8221;{}&#8221;][\/et_pb_image][\/et_pb_column][\/et_pb_row][\/et_pb_section]<\/p>\n","protected":false},"excerpt":{"rendered":"<p>Tervetuloa Pohjoisen n\u00e4k\u00f6kulmia kest\u00e4vyyteen verkkokurssille! Tieteen viesti maapallon tilasta on muuttunut entist\u00e4 huolestuttavammaksi. Globaaleja ongelmia, kuten ilmastonmuutosta tai lajikatoa, on vaikea ratkaista paikallisesti. Muutokset ovat suuria, ja erityisist\u00e4 pohjoisilla alueilla muutosten nopeus on ennenkokematonta. Sen lis\u00e4ksi, ett\u00e4 tiede auttaa ymm\u00e4rt\u00e4m\u00e4\u00e4n maapallon tilaa, tieteess\u00e4 on my\u00f6s muutosvoimaa. Tieteen avulla on mahdollista tarkastella kest\u00e4vyyteen liittyvi\u00e4 monisyisi\u00e4 ongelmia [&hellip;]<\/p>\n","protected":false},"author":31,"featured_media":0,"parent":0,"menu_order":0,"comment_status":"closed","ping_status":"open","template":"","meta":{"_et_pb_use_builder":"on","_et_pb_old_content":"<!-- wp:paragraph -->\n<p>This is an example page. It's different from a blog post because it will stay in one place and will show up in your site navigation (in most themes). Most people start with an About page that introduces them to potential site visitors. It might say something like this:<\/p>\n<!-- \/wp:paragraph -->\n\n<!-- wp:quote -->\n<blockquote class=\"wp-block-quote\"><p>Hi there! I'm a bike messenger by day, aspiring actor by night, and this is my website. I live in Los Angeles, have a great dog named Jack, and I like pi\u00f1a coladas. (And gettin' caught in the rain.)<\/p><\/blockquote>\n<!-- \/wp:quote -->\n\n<!-- wp:paragraph -->\n<p>...or something like this:<\/p>\n<!-- \/wp:paragraph -->\n\n<!-- wp:quote -->\n<blockquote class=\"wp-block-quote\"><p>The XYZ Doohickey Company was founded in 1971, and has been providing quality doohickeys to the public ever since. Located in Gotham City, XYZ employs over 2,000 people and does all kinds of awesome things for the Gotham community.<\/p><\/blockquote>\n<!-- \/wp:quote -->\n\n<!-- wp:paragraph -->\n<p>As a new WordPress user, you should go to <a href=\"https:\/\/blogi.eoppimispalvelut.fi\/kestavyys\/wp-admin\/\">your dashboard<\/a> to delete this page and create new pages for your content. Have fun!<\/p>\n<!-- \/wp:paragraph -->","_et_gb_content_width":"1080","footnotes":""},"class_list":["post-2","page","type-page","status-publish","hentry"],"_links":{"self":[{"href":"https:\/\/blogi.eoppimispalvelut.fi\/kestavyys\/wp-json\/wp\/v2\/pages\/2","targetHints":{"allow":["GET"]}}],"collection":[{"href":"https:\/\/blogi.eoppimispalvelut.fi\/kestavyys\/wp-json\/wp\/v2\/pages"}],"about":[{"href":"https:\/\/blogi.eoppimispalvelut.fi\/kestavyys\/wp-json\/wp\/v2\/types\/page"}],"author":[{"embeddable":true,"href":"https:\/\/blogi.eoppimispalvelut.fi\/kestavyys\/wp-json\/wp\/v2\/users\/31"}],"replies":[{"embeddable":true,"href":"https:\/\/blogi.eoppimispalvelut.fi\/kestavyys\/wp-json\/wp\/v2\/comments?post=2"}],"version-history":[{"count":25,"href":"https:\/\/blogi.eoppimispalvelut.fi\/kestavyys\/wp-json\/wp\/v2\/pages\/2\/revisions"}],"predecessor-version":[{"id":419,"href":"https:\/\/blogi.eoppimispalvelut.fi\/kestavyys\/wp-json\/wp\/v2\/pages\/2\/revisions\/419"}],"wp:attachment":[{"href":"https:\/\/blogi.eoppimispalvelut.fi\/kestavyys\/wp-json\/wp\/v2\/media?parent=2"}],"curies":[{"name":"wp","href":"https:\/\/api.w.org\/{rel}","templated":true}]}}