{"id":119,"date":"2020-04-15T22:09:57","date_gmt":"2020-04-15T19:09:57","guid":{"rendered":"https:\/\/blogi.eoppimispalvelut.fi\/kierto10\/?page_id=119"},"modified":"2020-04-30T08:46:59","modified_gmt":"2020-04-30T05:46:59","slug":"kierratys-meri-lapissa","status":"publish","type":"page","link":"https:\/\/blogi.eoppimispalvelut.fi\/kierto10\/hyodyllista-tietoa-kiertotaloudesta\/kierratys-meri-lapissa\/","title":{"rendered":"Kierr\u00e4tys Meri-Lapissa: pulmat ja potentiaali"},"content":{"rendered":"<h2 id=\"top\">Kierr\u00e4tys kannattaa aina!<\/h2>\n<p>Meri-Lappi sijaitsee Lapin lounaisosassa Per\u00e4merenrannikolla ja siihen kuuluvat Kemin ja Tornion kaupunkien lis\u00e4ksi Keminmaan, Tervolan ja Simon kunnat. Asukkaita on yhteens\u00e4 noin 57\u00a0000 ja alueella on yhteens\u00e4 25 Rinki-ekopistett\u00e4. Suomen melkein kahdestatuhannesta kierr\u00e4tyspisteest\u00e4 t\u00e4m\u00e4 on mielest\u00e4mme ripauksen pieni m\u00e4\u00e4r\u00e4, varsinkin kun ottaa huomioon, ett\u00e4 muovinker\u00e4ysastioita on yksi per kunta \u2013 poislukien Tervolan nolla astiaa ja Kemin kaksi. On toki hienoa, ett\u00e4 niit\u00e4 ylip\u00e4\u00e4t\u00e4ns\u00e4 on t\u00e4nne \u201dPohjoisen pohjukkaan\u201d viljelty ja meill\u00e4 on oikeasti alueen kokoon n\u00e4hden suhteellisen kattavat mahdollisuudet harrastaa kierr\u00e4tyst\u00e4 ja kiertotaloutta my\u00f6s muilla tavoin kuin ekopisteill\u00e4, mutta alueella on my\u00f6s omat ongelmansakin. T\u00e4ss\u00e4 blogitekstiss\u00e4 pureudumme n\u00e4ihin polttaviin puheenaiheisiin ja Meri-Lapin alueen kiertotalouden potentiaaliin sek\u00e4 pulmiin.<\/p>\n<p>&nbsp;<\/p>\n<h5>Sis\u00e4llysluettelo:<\/h5>\n<ul>\n<li><a href=\"#kierr\u00e4tysasemat\">Kierr\u00e4tysasemat<\/a><\/li>\n<li><a href=\"#pieni-teko\">Pieni teko, suuri merkitys<\/a><\/li>\n<li><a href=\"#j\u00e4tekeskus\">J\u00e4tekeskus J\u00e4k\u00e4l\u00e4<\/a><\/li>\n<li><a href=\"#jakalan-vinkit\">J\u00e4k\u00e4l\u00e4n vinkit toimivaan lajitteluun<\/a><\/li>\n<li><a href=\"#kierrattaminen-kotona\">Kierr\u00e4tt\u00e4minen helpoksi kotona<\/a>\n<ul>\n<li><a href=\"#vinkit\">Ammattij\u00e4rjest\u00e4j\u00e4n vinkit<\/a><\/li>\n<\/ul>\n<\/li>\n<li><a href=\"#kirppikset\">Kirppikset<\/a><\/li>\n<li><a href=\"#tuunaus\">Tuunausvinkit<\/a><\/li>\n<li><a href=\"#hanke\">Kierto10 -hanke<\/a><\/li>\n<\/ul>\n<hr \/>\n<h2><strong id=\"kierr\u00e4tysasemat\">Kierr\u00e4tysasemat:<\/strong><\/h2>\n<p><strong>Tornio:<\/strong> <a href=\"https:\/\/www.jakala.fi\/palvelupisteet\/ekoasema\/tornio\/\" target=\"_blank\" rel=\"noopener noreferrer\">J\u00e4tekeskus J\u00e4k\u00e4l\u00e4 \u00a0<\/a>ja <a href=\"http:\/\/www.kierr\u00e4tyskeskus.com\/tornion-ekoterminal\/\" target=\"_blank\" rel=\"noopener noreferrer\">Eko Terminal\/ Sorttipiha<\/a><\/p>\n<p><strong>Kemi ja Keminmaa:<\/strong> <a href=\"https:\/\/www.jakala.fi\/palvelupisteet\/ekoasema\/kemi\/\" target=\"_blank\" rel=\"noopener noreferrer\">Ekoasema Esa ja Pojat<\/a><\/p>\n<p><strong>Tervola:<\/strong> <a href=\"https:\/\/www.jakala.fi\/palvelupisteet\/ekoasema\/tervola\/\" target=\"_blank\" rel=\"noopener noreferrer\">Tervolan ekoasema<\/a><\/p>\n<p><strong>Simo:<\/strong> <a href=\"https:\/\/www.suomi.fi\/palvelut\/palvelupiste\/simon-jateasema-kiertokaari-oy\/9785afdb-61d1-4e2a-8da3-56a8592c7bee\" target=\"_blank\" rel=\"noopener noreferrer\">Simon j\u00e4teasema<\/a><\/p>\n<hr \/>\n<h2><strong id=\"pieni-teko\">Pieni teko, suuri merkitys<\/strong><\/h2>\n<p><a href=\"https:\/\/rinkiin.fi\/kotitalouksille\/pakkauskierratys-suomessa\/\" target=\"_blank\" rel=\"noopener noreferrer\">Rinkiin.fi<\/a> mukaan yritykset kantavat Suomessa p\u00e4\u00e4vastuun kierr\u00e4tyksest\u00e4, mutta my\u00f6s yksitt\u00e4isten ihmisten teoilla on suuri merkitys.<\/p>\n<p>Sin\u00e4kin voit auttaa minimoimaan j\u00e4tteist\u00e4 aiheutuvaa\u00a0ymp\u00e4rist\u00f6kuormitusta: lajittele pakkausj\u00e4tteet ohjeiden mukaan ja\u00a0palauta ne Rinki-ekopisteisiin kierr\u00e4tett\u00e4viksi.<\/p>\n<p>Jokainen pieni teko on t\u00e4rke\u00e4 \u2013 my\u00f6s yhden ihmisen \u2013 jotta kierr\u00e4tys kokonaisuudessaan toimisi tehokkaasti ja j\u00e4rkev\u00e4sti. Mit\u00e4 useampi meist\u00e4 lajittelee j\u00e4tteens\u00e4 oikein, sit\u00e4 enemm\u00e4n saadaan hyv\u00e4\u00e4 materiaalia talteen. T\u00e4m\u00e4 on ymp\u00e4rist\u00f6lle hyv\u00e4 asia, sill\u00e4 kierr\u00e4tyksen ansiosta v\u00e4henee tarve k\u00e4ytt\u00e4\u00e4 t\u00e4ysin uutta materiaalia tuotteiden valmistamiseen. Alla olevassa kuvasta n\u00e4et muovipakkausten merkinn\u00e4t ja mihin se tulee lajitella.<\/p>\n<p><img loading=\"lazy\" decoding=\"async\" class=\"wp-image-280 size-full\" src=\"https:\/\/blogi.eoppimispalvelut.fi\/kierto10\/files\/2020\/04\/muovit_penari.png\" alt=\"\" width=\"600\" height=\"867\" srcset=\"https:\/\/blogi.eoppimispalvelut.fi\/kierto10\/files\/2020\/04\/muovit_penari.png 600w, https:\/\/blogi.eoppimispalvelut.fi\/kierto10\/files\/2020\/04\/muovit_penari-208x300.png 208w\" sizes=\"(max-width: 600px) 100vw, 600px\" \/><\/p>\n<p>Tavallisimpien pakkausmuovimateriaalien merkint\u00e4, ominaisuudet ja k\u00e4ytt\u00f6esimerkkej\u00e4. L\u00e4hde: <a href=\"https:\/\/www.uusiomuovi.fi\/fin\/pakkaus_kiertaa\/muovien_kierratys\/muovien_materiaalimerkit\/\">Uusiomuovi.fi<\/a><\/p>\n<p>Kierr\u00e4tys s\u00e4\u00e4st\u00e4\u00e4 energiaa ja luonnonvaroja. Lis\u00e4ksi ymp\u00e4rist\u00f6lle haitalliset hiilidioksidip\u00e4\u00e4st\u00f6t v\u00e4henev\u00e4t ja kaatopaikkakuormitus pienentyy.<\/p>\n<hr \/>\n<h3 id=\"rypistystesti\">Rypistystesti<\/h3>\n<p>Metallia vai muovia pakkauksessa? Jos pakkauksesta ei k\u00e4y ilmi kumpaa materiaalia pakkaus on, <a href=\"https:\/\/rinkiin.fi\/kotitalouksille\/pakkauskierratys-suomessa\/\" target=\"_blank\" rel=\"noopener noreferrer\">Uusiomuovi.fi<\/a> mukaan \u201drypistystesti\u201d voi auttaa ratkaisemaan mihin ker\u00e4ysastiaan pakkaus kuuluu. Purista pakkaus nyrkiss\u00e4si: jos pakkaus ei palaudu rypistyksen j\u00e4lkeen, se on todenn\u00e4k\u00f6isesti metallia. Jos se palautuu muotoonsa, se on todenn\u00e4k\u00f6isesti muovia. Jos olet ep\u00e4varma,\u00a0 pakkaus on parempi laittaa sekaj\u00e4tteeseen.<\/p>\n<p>Markkinoilla on my\u00f6s pakkauksia, jotka ovat sek\u00e4 muovia ett\u00e4 kartonkia. Kartonki tai paperipakkaukset, joissa on muovi-ikkuna, ovat yleens\u00e4 kartonkipakkauksia.<\/p>\n<p>Muovipakkaukset, joissa on my\u00f6s muita materiaaleja kuin muovia eiv\u00e4t yleens\u00e4 sovi uusiok\u00e4ytt\u00f6\u00f6n ja p\u00e4\u00e4tyv\u00e4t toistaiseksi energiahy\u00f6dynt\u00e4miseen.<\/p>\n<hr \/>\n<h2><strong id=\"j\u00e4tekeskus\">J\u00e4tekeskus J\u00e4k\u00e4l\u00e4<\/strong><\/h2>\n<p><a href=\"https:\/\/www.jakala.fi\" target=\"_blank\" rel=\"noopener noreferrer\">J\u00e4tekeskus J\u00e4k\u00e4l\u00e4<\/a> on osa Per\u00e4meren J\u00e4tehuolto Oy:t\u00e4, joka sijaitsee Torniossa. Se on perustettu vuonna 1998 ja on kuntien omistama yhti\u00f6. Perustajakuntiin lukeutuvat Kemi, Tornio, Ylitornio, Keminmaa ja Tervola.\u00a0 Kaikki Per\u00e4meren J\u00e4tehuollon toimialueen j\u00e4tteiden k\u00e4sittely on keskitetty J\u00e4tekeskus J\u00e4k\u00e4l\u00e4\u00e4n. J\u00e4tekeskus J\u00e4k\u00e4l\u00e4n toimintaa rahoitetaan sinne toimitettavien j\u00e4tteiden k\u00e4sittelymaksuista saaduilla tuloilla sek\u00e4 yritys perii kaikista vakituisista ja vapaa-ajan asunnoista j\u00e4tehuollon perusmaksua. J\u00e4k\u00e4l\u00e4 tarjoaa my\u00f6s j\u00e4teneuvontaa kuntalaisille. Per\u00e4meren J\u00e4tehuollon toimialueen asukasluku on l\u00e4hes 63 000 ja pinta-ala on 5 784 km2.<\/p>\n<p><img loading=\"lazy\" decoding=\"async\" class=\"alignnone wp-image-285 size-large\" src=\"https:\/\/blogi.eoppimispalvelut.fi\/kierto10\/files\/2020\/04\/J\u00e4k\u00e4l\u00e4_2_ISO-1024x512.jpg\" alt=\"\" width=\"580\" height=\"290\" srcset=\"https:\/\/blogi.eoppimispalvelut.fi\/kierto10\/files\/2020\/04\/J\u00e4k\u00e4l\u00e4_2_ISO-1024x512.jpg 1024w, https:\/\/blogi.eoppimispalvelut.fi\/kierto10\/files\/2020\/04\/J\u00e4k\u00e4l\u00e4_2_ISO-300x150.jpg 300w, https:\/\/blogi.eoppimispalvelut.fi\/kierto10\/files\/2020\/04\/J\u00e4k\u00e4l\u00e4_2_ISO-768x384.jpg 768w, https:\/\/blogi.eoppimispalvelut.fi\/kierto10\/files\/2020\/04\/J\u00e4k\u00e4l\u00e4_2_ISO-1536x768.jpg 1536w, https:\/\/blogi.eoppimispalvelut.fi\/kierto10\/files\/2020\/04\/J\u00e4k\u00e4l\u00e4_2_ISO-2048x1024.jpg 2048w, https:\/\/blogi.eoppimispalvelut.fi\/kierto10\/files\/2020\/04\/J\u00e4k\u00e4l\u00e4_2_ISO-1200x600.jpg 1200w, https:\/\/blogi.eoppimispalvelut.fi\/kierto10\/files\/2020\/04\/J\u00e4k\u00e4l\u00e4_2_ISO-1980x990.jpg 1980w\" sizes=\"(max-width: 580px) 100vw, 580px\" \/><\/p>\n<p>J\u00e4tekeskus J\u00e4k\u00e4l\u00e4n omistusosuudet. L\u00e4hde:<a href=\"https:\/\/www.jakala.fi\/yhtio\/\"> J\u00e4k\u00e4l\u00e4.fi<\/a><\/p>\n<p>J\u00e4tekeskus ottaa vastaan kaikenlaista j\u00e4tett\u00e4: puutarhaj\u00e4te, puuj\u00e4te, pahvi, metalliromu, kestopuu, kiviaines, vaarallinen j\u00e4te, s\u00e4hk\u00f6laitteet, poltettava j\u00e4te, kaatopaikkaj\u00e4te, lasi, paperi ja vaateker\u00e4ys. Positiivisena asiana hy\u00f6tyj\u00e4tteet, vaaralliset j\u00e4tteet ja s\u00e4hk\u00f6laitteet otetaan vastaan maksutta.<\/p>\n<p><strong>Yhti\u00f6n erilaisia teht\u00e4vi\u00e4 ovat mm.<\/strong><\/p>\n<ul>\n<li style=\"list-style-type: none\">\n<ul>\n<li>J\u00e4tehuollon suunnittelu ja kehitys<\/li>\n<li>Kierr\u00e4tyksen ja hy\u00f6tyj\u00e4tehuollon j\u00e4rjest\u00e4minen<\/li>\n<li>Vaarallisten j\u00e4tteiden j\u00e4tehuollon hoitaminen<\/li>\n<li>J\u00e4tekeskuksen ja ekoasemien yll\u00e4pito<\/li>\n<li>Kotitalouksien poltettavan ja bioj\u00e4tteen kuljetus Kemiss\u00e4<\/li>\n<li>Tiedotus ja neuvonta<\/li>\n<\/ul>\n<\/li>\n<\/ul>\n<p>Perusmaksun avulla hoidetaan kuntien kotitalouksien yhteisell\u00e4 vastuulla olevia j\u00e4tehuollon kustannuksia. N\u00e4ihin lukeutuu mm. vaarallisten ja l\u00e4\u00e4kej\u00e4tteiden vastaanotto ja kuljetus sek\u00e4 k\u00e4sittely, osa hy\u00f6tyj\u00e4tehuollosta, ekoasemien yll\u00e4pito, j\u00e4tehuollon viranomaisteht\u00e4v\u00e4t, j\u00e4tehuollon tiedotus ja neuvonta sek\u00e4 vaarallisten j\u00e4tteiden ja s\u00e4hk\u00f6laitteiden ker\u00e4yskierrokset haja-asutusalueilla.<\/p>\n<p>Seuraavaksi hieman j\u00e4tem\u00e4\u00e4rist\u00e4 kunnissa elikk\u00e4s j\u00e4tekeskukseen kuljetetaan j\u00e4tett\u00e4 16 eri kunnasta. Vuoden 2015 otettujen tietojen mukaan k\u00e4sitellyt j\u00e4tem\u00e4\u00e4r\u00e4t olivat n. 53 049 tonnia, josta 14 900 tonnia p\u00e4\u00e4tyi kaatopaikalle. Yhti\u00f6n omalta toimialueelta, joihin lukeutuu Kemi, Tornio, Keminmaa, Ylitornio ja Tervola j\u00e4tteit\u00e4 vastaanotettiin 37 043 tonnia, josta loppusijoitettavaksi meni 4 639 tonnia.<\/p>\n<p><img loading=\"lazy\" decoding=\"async\" class=\"wp-image-288 size-large\" src=\"https:\/\/blogi.eoppimispalvelut.fi\/kierto10\/files\/2020\/04\/j\u00e4k\u00e4l\u00e4_1_ISO-1024x512.jpg\" alt=\"\" width=\"580\" height=\"290\" srcset=\"https:\/\/blogi.eoppimispalvelut.fi\/kierto10\/files\/2020\/04\/j\u00e4k\u00e4l\u00e4_1_ISO-1024x512.jpg 1024w, https:\/\/blogi.eoppimispalvelut.fi\/kierto10\/files\/2020\/04\/j\u00e4k\u00e4l\u00e4_1_ISO-300x150.jpg 300w, https:\/\/blogi.eoppimispalvelut.fi\/kierto10\/files\/2020\/04\/j\u00e4k\u00e4l\u00e4_1_ISO-768x384.jpg 768w, https:\/\/blogi.eoppimispalvelut.fi\/kierto10\/files\/2020\/04\/j\u00e4k\u00e4l\u00e4_1_ISO-1536x768.jpg 1536w, https:\/\/blogi.eoppimispalvelut.fi\/kierto10\/files\/2020\/04\/j\u00e4k\u00e4l\u00e4_1_ISO-2048x1024.jpg 2048w, https:\/\/blogi.eoppimispalvelut.fi\/kierto10\/files\/2020\/04\/j\u00e4k\u00e4l\u00e4_1_ISO-1200x600.jpg 1200w, https:\/\/blogi.eoppimispalvelut.fi\/kierto10\/files\/2020\/04\/j\u00e4k\u00e4l\u00e4_1_ISO-1980x990.jpg 1980w\" sizes=\"(max-width: 580px) 100vw, 580px\" \/><\/p>\n<p>J\u00e4tteiden m\u00e4\u00e4r\u00e4t k\u00e4ytt\u00f6kohteittain: L\u00e4hde: <a href=\"https:\/\/www.jakala.fi\/palvelupisteet\/jatekeskus-jakala\/jatemaarat\/\">J\u00e4k\u00e4l\u00e4.fi<\/a><\/p>\n<h3 id=\"jakalan-vinkit\">J\u00e4k\u00e4l\u00e4n vinkit toimivaan lajitteluun:<\/h3>\n<ul>\n<li style=\"list-style-type: none\">\n<ul>\n<li>J\u00e4rjest\u00e4 kotiin eri j\u00e4tteille omat astiat.<\/li>\n<li>Kompostoi bioj\u00e4tteet omalla kotikiinteist\u00f6ll\u00e4, jos mahdollista tai osallistu bioj\u00e4tteen ker\u00e4ykseen, jos se on mahdollista asuinalueellasi.<\/li>\n<li>Toimita hy\u00f6tyj\u00e4tteet kuten paperi, kartonki, pienmetalli, lasi ekopisteisiin aina kauppareissullasi &#8220;vie menness\u00e4si-tuo tullessasi&#8221;-periaatteella.<\/li>\n<li>Vie k\u00e4ytt\u00f6kelpoiset tavarat ja tekstiilit l\u00e4himp\u00e4\u00e4n kierr\u00e4tyskeskukseen tai myy ne kirpputorilla<\/li>\n<li>Muista erottaa aina j\u00e4telajit toisistaan ja toimittaa ne omiin ker\u00e4yspisteisiins\u00e4<\/li>\n<\/ul>\n<\/li>\n<\/ul>\n<hr \/>\n<h3><strong id=\"kierrattaminen-kotona\">Kierr\u00e4tt\u00e4minen helpoksi kotona:<\/strong><\/h3>\n<p>Nyt siis tied\u00e4t miten ja miss\u00e4 kierr\u00e4tt\u00e4\u00e4, ja jopa haluaisit tehd\u00e4 niin! Loistavaa! Mutta roskiskaappi on t\u00e4ynn\u00e4 ja saat hermonromahduksen vain kun ajattelet kahdeksan eri sortin tunkemista sinne lavuaarinaluksen sy\u00f6vereihin?<\/p>\n<p>Moni haluaisi lajitella ja kierr\u00e4tt\u00e4\u00e4, muttei saa sen aloittamista aikaiseksi ja pit\u00e4\u00e4 itse\u00e4\u00e4n liian laiskana moiseen, mutta t\u00e4m\u00e4 vaihe on helppo ohittaa tekem\u00e4lll\u00e4 kierr\u00e4tt\u00e4missysteemist\u00e4 helpon, ammattij\u00e4rjest\u00e4j\u00e4 Ilana Aalto kertoo Yle:n \u201cI love Muovi\u201d-kampanjassa.<\/p>\n<h5><strong id=\"vinkit\">Ota t\u00e4st\u00e4 helpot vinkit oman roskiskaappisi muuttamiseen lajittelupisteeksi!<\/strong><\/h5>\n<ul>\n<li style=\"list-style-type: none\">\n<ul>\n<li>Raivaa kaappi tyhj\u00e4ksi<\/li>\n<li>Laita etualalle astiat j\u00e4tteille, joita kertyy eniten, kuten pieni bioj\u00e4teastia, jotta se tulee tyhjennetty\u00e4<\/li>\n<li>Jos p\u00e4\u00e4set helposti muovinker\u00e4ysastialle, laita my\u00f6s muovinker\u00e4ysastia eturiviin, t\u00e4ll\u00f6in et tarvitse niin suurta astiaa sekaj\u00e4tteelle.<\/li>\n<li>Laita kartonki-, lasi- ja metalliastiat omien tapojesi mukaan &#8211; juotko paljon maitoa (kartonki), tai usein s\u00e4ilykkeit\u00e4(metalli). Jos lasia ja metallia ei kerry paljoa, voit laittaa ne vaikka samaan astiaan lajittele my\u00f6hemmin.<\/li>\n<li>Mik\u00e4li roskiskaappiin ei mahdu kaikkea, voit ker\u00e4t\u00e4 vaikkapa paperit ja kartongit kaupan kestokassiin parvekkeelle tai eteiseen.<\/li>\n<\/ul>\n<\/li>\n<\/ul>\n<hr \/>\n<p><img loading=\"lazy\" decoding=\"async\" class=\"wp-image-276 size-large\" src=\"https:\/\/blogi.eoppimispalvelut.fi\/kierto10\/files\/2020\/04\/artificial-photography-vB5qtt8X4NA-unsplash-1024x683.jpg\" alt=\"\" width=\"580\" height=\"387\" srcset=\"https:\/\/blogi.eoppimispalvelut.fi\/kierto10\/files\/2020\/04\/artificial-photography-vB5qtt8X4NA-unsplash-1024x683.jpg 1024w, https:\/\/blogi.eoppimispalvelut.fi\/kierto10\/files\/2020\/04\/artificial-photography-vB5qtt8X4NA-unsplash-300x200.jpg 300w, https:\/\/blogi.eoppimispalvelut.fi\/kierto10\/files\/2020\/04\/artificial-photography-vB5qtt8X4NA-unsplash-768x512.jpg 768w, https:\/\/blogi.eoppimispalvelut.fi\/kierto10\/files\/2020\/04\/artificial-photography-vB5qtt8X4NA-unsplash-1536x1024.jpg 1536w, https:\/\/blogi.eoppimispalvelut.fi\/kierto10\/files\/2020\/04\/artificial-photography-vB5qtt8X4NA-unsplash-2048x1365.jpg 2048w, https:\/\/blogi.eoppimispalvelut.fi\/kierto10\/files\/2020\/04\/artificial-photography-vB5qtt8X4NA-unsplash-1200x800.jpg 1200w, https:\/\/blogi.eoppimispalvelut.fi\/kierto10\/files\/2020\/04\/artificial-photography-vB5qtt8X4NA-unsplash-1980x1320.jpg 1980w\" sizes=\"(max-width: 580px) 100vw, 580px\" \/><\/p>\n<h2><strong id=\"kirppikset\">Kirppikset<\/strong><\/h2>\n<p>Vanha kunnon kirpputori, jossa toisen roska on toisen aarre. Kirppiksell\u00e4 asiointi on monella tapaa hy\u00f6dyllist\u00e4: yksi p\u00e4\u00e4see eroon itselleen tarpeettomista tavaroista, toinen l\u00f6yt\u00e4\u00e4 kaipaamiaan tavaroita edulliseen hintaan. Live -kirppiksen edut verkon kautta k\u00e4yt\u00e4v\u00e4\u00e4n k\u00e4ytetyn tavaraan kauppaan ovat monet: tuotteen kunnon voi tarkistaa ennen ostop\u00e4\u00e4t\u00f6st\u00e4, vaatteita voi sovittaa. Raha vaihtaa omistajaa samalla kuin tuotekin, turvallisesti. Tuotteita ei tarvitse l\u00e4hett\u00e4\u00e4 eik\u00e4 noutoja sopia ymp\u00e4ri kyli\u00e4, t\u00e4ss\u00e4 s\u00e4\u00e4styy niin rahaa, aikaa, hermoja kuin luonnonvarojakin. Miss\u00e4 t\u00e4\u00e4ll\u00e4 Meri-Lapin alueella voi sitten vierailla ihan kivijalkakirppiksell\u00e4? Ker\u00e4simme alueen kirppikset yhteen listaan, ja nime\u00e4 klikkaamalla p\u00e4\u00e4set tutustumaan kyseisen kirppiksen tarkempiin tietoihin.<\/p>\n<p><strong>Tornio<\/strong><\/p>\n<ul>\n<li style=\"list-style-type: none\">\n<ul>\n<li><a href=\"https:\/\/www.facebook.com\/tositoritornio\/\" target=\"_blank\" rel=\"noopener noreferrer\"><strong>Tositori<\/strong><\/a><\/li>\n<li><a href=\"https:\/\/fi-fi.facebook.com\/kirpputorikelopuu\" target=\"_blank\" rel=\"noopener noreferrer\"><strong>Kirpputori Kelopuu<\/strong><\/a><\/li>\n<li><a href=\"https:\/\/www.vaarin-vintti.fi\/\" target=\"_blank\" rel=\"noopener noreferrer\"><strong>Vaarin Vintti<\/strong><\/a><\/li>\n<\/ul>\n<\/li>\n<\/ul>\n<p><strong>Kemi<\/strong><\/p>\n<ul>\n<li style=\"list-style-type: none\">\n<ul>\n<li><a href=\"https:\/\/fi-fi.facebook.com\/GoodwillMeriva\" target=\"_blank\" rel=\"noopener noreferrer\"><strong>Goodwill Kemi<\/strong><\/a><\/li>\n<li><a href=\"https:\/\/www.viikkotori.fi\/\" target=\"_blank\" rel=\"noopener noreferrer\"><strong>Kirpputori Viikkotori<\/strong><\/a><\/li>\n<li><a href=\"https:\/\/fi-fi.facebook.com\/pages\/category\/Flea-Market\/Asemantori-434537543250160\/\" target=\"_blank\" rel=\"noopener noreferrer\"><strong>Aseman Tori<\/strong><\/a><\/li>\n<li><a href=\"https:\/\/www.realisointiaralia.fi\/\" target=\"_blank\" rel=\"noopener noreferrer\"><strong>Realisointi Aralia<\/strong><\/a><\/li>\n<\/ul>\n<\/li>\n<\/ul>\n<p><strong>Keminmaa<\/strong><\/p>\n<ul>\n<li style=\"list-style-type: none\">\n<ul>\n<li><a href=\"https:\/\/www.facebook.com\/L%C3%A4hetysty%C3%B6-L%C3%A4hetyksen-Kirppis-Lahjapuoti-Helmi-1971458959732521\/\" target=\"_blank\" rel=\"noopener noreferrer\"><strong>L\u00e4hetyksen Kirppis ja Lahjapuoti Helmi<\/strong><\/a><\/li>\n<\/ul>\n<\/li>\n<\/ul>\n<p><strong>Tervola<\/strong><\/p>\n<ul>\n<li style=\"list-style-type: none\">\n<ul>\n<li><a href=\"https:\/\/www.tervolanseurakunta.fi\/kirkot-ja-tilat\/kirpputori\" target=\"_blank\" rel=\"noopener noreferrer\"><strong>Seurakunnan Kirppis<\/strong><\/a><\/li>\n<\/ul>\n<\/li>\n<\/ul>\n<p><strong>Simo<\/strong><\/p>\n<ul>\n<li style=\"list-style-type: none\">\n<ul>\n<li><a href=\"http:\/\/villaalmaruusa.yhteystietopalvelu.com\/index.php\" target=\"_blank\" rel=\"noopener noreferrer\"><strong>Villa Alma-Ruusa<\/strong><\/a><\/li>\n<\/ul>\n<\/li>\n<\/ul>\n<hr \/>\n<h2 id=\"tuunaus\">Tuunausvinkit<\/h2>\n<p>Oletko joskus miettinyt mit\u00e4 uutta voisit tehd\u00e4 esimerkiksi Pringles-purkista? Netti on pullollaan vinkkej\u00e4, miten tehd\u00e4 jostakin roskasta jotain uutta. Esimerkiksi Pinterest on hyv\u00e4 sovellus, jos haluaa l\u00f6yt\u00e4\u00e4 hyvi\u00e4 ideoita. Pringles-purkista voi vaikka tehd\u00e4 purkit topsipuikoille ja vanulapuille sek\u00e4 kuiva-aineksille, kuten pastalle, riisille ja kaurahiutaleille. Niit\u00e4 voi k\u00e4ytt\u00e4\u00e4 my\u00f6s muottina kynttil\u00f6iden tekemisess\u00e4. Alla olevasta videosta n\u00e4ette, miten Pringles-purkista syntyy kaunis yrttipurkki ja kyn\u00e4teline.<\/p>\n<div style=\"width: 1080px;\" class=\"wp-video\"><video class=\"wp-video-shortcode\" id=\"video-119-1\" width=\"1080\" height=\"608\" preload=\"metadata\" controls=\"controls\"><source type=\"video\/mp4\" src=\"https:\/\/blogi.eoppimispalvelut.fi\/kierto10\/files\/2020\/04\/Kierto_ss.mp4?_=1\" \/><a href=\"https:\/\/blogi.eoppimispalvelut.fi\/kierto10\/files\/2020\/04\/Kierto_ss.mp4\">https:\/\/blogi.eoppimispalvelut.fi\/kierto10\/files\/2020\/04\/Kierto_ss.mp4<\/a><\/video><\/div>\n<p>&nbsp;<\/p>\n<p>Lis\u00e4ksi jos innostuit aiheesta voit tutustua my\u00f6s podcastiimme Kiertocast, jossa k\u00e4sittelemme kiertotaloutta sek\u00e4 kierr\u00e4tt\u00e4mist\u00e4 Tornion opiskelija-arjen n\u00e4k\u00f6kulmasta.<\/p>\n<audio class=\"wp-audio-shortcode\" id=\"audio-119-1\" preload=\"none\" style=\"width: 100%;\" controls=\"controls\"><source type=\"audio\/mpeg\" src=\"https:\/\/blogi.eoppimispalvelut.fi\/kierto10\/files\/2020\/04\/Kiertocast.mp3?_=1\" \/><a href=\"https:\/\/blogi.eoppimispalvelut.fi\/kierto10\/files\/2020\/04\/Kiertocast.mp3\">https:\/\/blogi.eoppimispalvelut.fi\/kierto10\/files\/2020\/04\/Kiertocast.mp3<\/a><\/audio>\n<hr \/>\n<h2 id=\"hanke\">Kierto10 -hanke<\/h2>\n<p style=\"text-align: left\">Kierto10 -hankkeen tavoitteena on on vahvistaa Meri-Lapin kuntalaisten kiertotaloustietoutta sek\u00e4 ilmastomy\u00f6nteist\u00e4 asennetta nopeiden kokeilujen ja paikallisten tapahtumien avulla.<\/p>\n<p style=\"text-align: left\"><a href=\"https:\/\/www.lapinamk.fi\/fi\/Yrityksille-ja-yhteisoille\/Tutkimus,-kehitys-ja-innovaatiot\/Teollisuuden-ja-luonnonvarojen-osaamisala\/Kierto-10\" target=\"_blank\" rel=\"noopener noreferrer\"><img loading=\"lazy\" decoding=\"async\" class=\"aligncenter wp-image-231 size-full\" src=\"https:\/\/blogi.eoppimispalvelut.fi\/kierto10\/files\/2020\/04\/button-1-1.png\" alt=\"\" width=\"136\" height=\"49\" \/><\/a><\/p>\n<p style=\"text-align: right\"><a href=\"#top\">Palaa alkuun<\/a><\/p>\n<hr \/>\n<p><em>Materiaalin laatijat: Lapin AMK:n T31L18S -ryhm\u00e4n liiketalouden opiskelijat Niko Aho, Noora Rimpisalo, Milla Simula ja Suvisatu S\u00e4rkikangas<\/em><\/p>\n<p>&nbsp;<\/p>\n","protected":false},"excerpt":{"rendered":"<p>Kierr\u00e4tys kannattaa aina! Meri-Lappi sijaitsee Lapin lounaisosassa Per\u00e4merenrannikolla ja siihen kuuluvat Kemin ja Tornion kaupunkien lis\u00e4ksi Keminmaan, Tervolan ja Simon kunnat. Asukkaita on yhteens\u00e4 noin 57\u00a0000 ja alueella on yhteens\u00e4 25 Rinki-ekopistett\u00e4. Suomen melkein kahdestatuhannesta kierr\u00e4tyspisteest\u00e4 t\u00e4m\u00e4 on mielest\u00e4mme ripauksen pieni m\u00e4\u00e4r\u00e4, varsinkin kun ottaa huomioon, ett\u00e4 muovinker\u00e4ysastioita on yksi per kunta \u2013 poislukien Tervolan [&hellip;]<\/p>\n","protected":false},"author":3512,"featured_media":122,"parent":31,"menu_order":0,"comment_status":"closed","ping_status":"closed","template":"","meta":{"_et_pb_use_builder":"","_et_pb_old_content":"","_et_gb_content_width":"","footnotes":""},"class_list":["post-119","page","type-page","status-publish","has-post-thumbnail","hentry"],"_links":{"self":[{"href":"https:\/\/blogi.eoppimispalvelut.fi\/kierto10\/wp-json\/wp\/v2\/pages\/119","targetHints":{"allow":["GET"]}}],"collection":[{"href":"https:\/\/blogi.eoppimispalvelut.fi\/kierto10\/wp-json\/wp\/v2\/pages"}],"about":[{"href":"https:\/\/blogi.eoppimispalvelut.fi\/kierto10\/wp-json\/wp\/v2\/types\/page"}],"author":[{"embeddable":true,"href":"https:\/\/blogi.eoppimispalvelut.fi\/kierto10\/wp-json\/wp\/v2\/users\/3512"}],"replies":[{"embeddable":true,"href":"https:\/\/blogi.eoppimispalvelut.fi\/kierto10\/wp-json\/wp\/v2\/comments?post=119"}],"version-history":[{"count":121,"href":"https:\/\/blogi.eoppimispalvelut.fi\/kierto10\/wp-json\/wp\/v2\/pages\/119\/revisions"}],"predecessor-version":[{"id":369,"href":"https:\/\/blogi.eoppimispalvelut.fi\/kierto10\/wp-json\/wp\/v2\/pages\/119\/revisions\/369"}],"up":[{"embeddable":true,"href":"https:\/\/blogi.eoppimispalvelut.fi\/kierto10\/wp-json\/wp\/v2\/pages\/31"}],"wp:featuredmedia":[{"embeddable":true,"href":"https:\/\/blogi.eoppimispalvelut.fi\/kierto10\/wp-json\/wp\/v2\/media\/122"}],"wp:attachment":[{"href":"https:\/\/blogi.eoppimispalvelut.fi\/kierto10\/wp-json\/wp\/v2\/media?parent=119"}],"curies":[{"name":"wp","href":"https:\/\/api.w.org\/{rel}","templated":true}]}}