{"id":31,"date":"2020-04-07T21:54:33","date_gmt":"2020-04-07T18:54:33","guid":{"rendered":"https:\/\/blogi.eoppimispalvelut.fi\/kierto10\/?page_id=31"},"modified":"2020-04-30T09:03:25","modified_gmt":"2020-04-30T06:03:25","slug":"hyodyllista-tietoa-kiertotaloudesta","status":"publish","type":"page","link":"https:\/\/blogi.eoppimispalvelut.fi\/kierto10\/hyodyllista-tietoa-kiertotaloudesta\/","title":{"rendered":"Hy\u00f6dyllist\u00e4 tietoa kiertotaloudesta"},"content":{"rendered":"<p>Tutustu kiertotalouden eri ilmi\u00f6ihin n\u00e4iden tietopakettien avulla. Paketit on laadittu osana LapinAMK:n Digitaaliset ratkaisut -osaamisryhm\u00e4n <a href=\"https:\/\/www.lapinamk.fi\/fi\/Hakijalle\/AMK-tutkinnot\/Tradenomi,-liiketalous\">liiketalouden opintoja<\/a>.<\/p>\n<h2>Ruokah\u00e4vikki<\/h2>\n<p><a href=\"https:\/\/blogi.eoppimispalvelut.fi\/kierto10\/hyodyllista-tietoa-kiertotaloudesta\/ruokahavikki-suomessa-ja-maailmalla\/\">Tietopaketti<\/a> k\u00e4sittelee ruokah\u00e4vikki\u00e4 kotitalouksien ja eri toimialojen n\u00e4k\u00f6kulmasta. Siin\u00e4 kerrotaan my\u00f6s ruokah\u00e4vikki\u00e4 hy\u00f6dynt\u00e4vist\u00e4 yrityksist\u00e4.<\/p>\n<h2>Alustatalous<\/h2>\n<p><a href=\"https:\/\/blogi.eoppimispalvelut.fi\/kierto10\/hyodyllista-tietoa-kiertotaloudesta\/alustatalous\/\">Tietopaketti <\/a>k\u00e4sittelee alustatalouden perusteita ja sen merkityst\u00e4 osana kiertotaloutta.<\/p>\n<h2>Kierr\u00e4tys<\/h2>\n<p><a href=\"https:\/\/blogi.eoppimispalvelut.fi\/kierto10\/hyodyllista-tietoa-kiertotaloudesta\/kierratys-meri-lapissa\/\">Tietopaketti<\/a> k\u00e4sittelee kierr\u00e4tyksen pulmia ja potentiaalia Meri-Lapin alueen n\u00e4k\u00f6kulmasta. Kierr\u00e4tys kannattaa aina!<\/p>\n<h2>Elinkaarien pident\u00e4minen<\/h2>\n<p><a href=\"https:\/\/blogi.eoppimispalvelut.fi\/kierto10\/hyodyllista-tietoa-kiertotaloudesta\/tuotteen-elinkaaren-pidentaminen-ja-jakaminen\/\">Tietopaketti<\/a> tuotteiden elinkaaren pident\u00e4mist\u00e4 eri n\u00e4k\u00f6kulmista. Lue vinkkej\u00e4 siit\u00e4, miten jokainen meist\u00e4 voi sit\u00e4 tehd\u00e4.<\/p>\n","protected":false},"excerpt":{"rendered":"<p>Tutustu kiertotalouden eri ilmi\u00f6ihin n\u00e4iden tietopakettien avulla. Paketit on laadittu osana LapinAMK:n Digitaaliset ratkaisut -osaamisryhm\u00e4n liiketalouden opintoja. Ruokah\u00e4vikki Tietopaketti k\u00e4sittelee ruokah\u00e4vikki\u00e4 kotitalouksien ja eri toimialojen n\u00e4k\u00f6kulmasta. Siin\u00e4 kerrotaan my\u00f6s ruokah\u00e4vikki\u00e4 hy\u00f6dynt\u00e4vist\u00e4 yrityksist\u00e4. Alustatalous Tietopaketti k\u00e4sittelee alustatalouden perusteita ja sen merkityst\u00e4 osana kiertotaloutta. Kierr\u00e4tys Tietopaketti k\u00e4sittelee kierr\u00e4tyksen pulmia ja potentiaalia Meri-Lapin alueen n\u00e4k\u00f6kulmasta. Kierr\u00e4tys kannattaa aina! [&hellip;]<\/p>\n","protected":false},"author":1340,"featured_media":386,"parent":0,"menu_order":0,"comment_status":"closed","ping_status":"closed","template":"","meta":{"_et_pb_use_builder":"","_et_pb_old_content":"","_et_gb_content_width":"","footnotes":""},"class_list":["post-31","page","type-page","status-publish","has-post-thumbnail","hentry"],"_links":{"self":[{"href":"https:\/\/blogi.eoppimispalvelut.fi\/kierto10\/wp-json\/wp\/v2\/pages\/31","targetHints":{"allow":["GET"]}}],"collection":[{"href":"https:\/\/blogi.eoppimispalvelut.fi\/kierto10\/wp-json\/wp\/v2\/pages"}],"about":[{"href":"https:\/\/blogi.eoppimispalvelut.fi\/kierto10\/wp-json\/wp\/v2\/types\/page"}],"author":[{"embeddable":true,"href":"https:\/\/blogi.eoppimispalvelut.fi\/kierto10\/wp-json\/wp\/v2\/users\/1340"}],"replies":[{"embeddable":true,"href":"https:\/\/blogi.eoppimispalvelut.fi\/kierto10\/wp-json\/wp\/v2\/comments?post=31"}],"version-history":[{"count":3,"href":"https:\/\/blogi.eoppimispalvelut.fi\/kierto10\/wp-json\/wp\/v2\/pages\/31\/revisions"}],"predecessor-version":[{"id":388,"href":"https:\/\/blogi.eoppimispalvelut.fi\/kierto10\/wp-json\/wp\/v2\/pages\/31\/revisions\/388"}],"wp:featuredmedia":[{"embeddable":true,"href":"https:\/\/blogi.eoppimispalvelut.fi\/kierto10\/wp-json\/wp\/v2\/media\/386"}],"wp:attachment":[{"href":"https:\/\/blogi.eoppimispalvelut.fi\/kierto10\/wp-json\/wp\/v2\/media?parent=31"}],"curies":[{"name":"wp","href":"https:\/\/api.w.org\/{rel}","templated":true}]}}