{"id":534,"date":"2021-03-24T20:49:35","date_gmt":"2021-03-24T18:49:35","guid":{"rendered":"https:\/\/blogi.eoppimispalvelut.fi\/kierto10\/?page_id=534"},"modified":"2021-03-24T20:52:19","modified_gmt":"2021-03-24T18:52:19","slug":"kierto10","status":"publish","type":"page","link":"https:\/\/blogi.eoppimispalvelut.fi\/kierto10\/","title":{"rendered":"KIERTO10"},"content":{"rendered":"<p>KIERTO10 -hankkeen tavoitteena on vahvistaa Meri-Lapin kuntalaisten kiertotaloustietoutta sek\u00e4 ilmastomy\u00f6nteist\u00e4 asennetta nopeiden kokeilujen ja paikallisten tapahtumien avulla.<\/p>\n<p>Kokeilujen ja tapahtumien\u00a0avulla lis\u00e4t\u00e4\u00e4n my\u00f6s alueen yritysten tietoisuutta uusista kiertotalouden liiketoimintamahdollisuuksista\u00a0ja muuttuvista kuluttaja-arvoista.<\/p>\n<h3>Rahoitus<\/h3>\n<p>KIERTO10 -hanke on Lapin ammattikorkeakoulun toteuttama ja\u00a0<a href=\"http:\/\/www.ely-keskus.fi\/web\/ely\/ely-pohjois-pohjanmaa?p_p_id=122_INSTANCE_aluevalinta&amp;p_p_lifecycle=0&amp;p_p_state=normal&amp;p_p_mode=view&amp;p_r_p_564233524_resetCur=true&amp;p_r_p_564233524_categoryId=14404\">Pohjois-Pohjanmaan ELY-keskuksen<\/a>\u00a0rahoittama hanke vuosille 2018-2020.<\/p>\n<p>&nbsp;<\/p>\n","protected":false},"excerpt":{"rendered":"<p>KIERTO10 -hankkeen tavoitteena on vahvistaa Meri-Lapin kuntalaisten kiertotaloustietoutta sek\u00e4 ilmastomy\u00f6nteist\u00e4 asennetta nopeiden kokeilujen ja paikallisten tapahtumien avulla. Kokeilujen ja tapahtumien\u00a0avulla lis\u00e4t\u00e4\u00e4n my\u00f6s alueen yritysten tietoisuutta uusista kiertotalouden liiketoimintamahdollisuuksista\u00a0ja muuttuvista kuluttaja-arvoista. Rahoitus KIERTO10 -hanke on Lapin ammattikorkeakoulun toteuttama ja\u00a0Pohjois-Pohjanmaan ELY-keskuksen\u00a0rahoittama hanke vuosille 2018-2020. &nbsp;<\/p>\n","protected":false},"author":4381,"featured_media":7,"parent":0,"menu_order":0,"comment_status":"closed","ping_status":"closed","template":"","meta":{"_et_pb_use_builder":"","_et_pb_old_content":"","_et_gb_content_width":"","footnotes":""},"class_list":["post-534","page","type-page","status-publish","has-post-thumbnail","hentry"],"_links":{"self":[{"href":"https:\/\/blogi.eoppimispalvelut.fi\/kierto10\/wp-json\/wp\/v2\/pages\/534","targetHints":{"allow":["GET"]}}],"collection":[{"href":"https:\/\/blogi.eoppimispalvelut.fi\/kierto10\/wp-json\/wp\/v2\/pages"}],"about":[{"href":"https:\/\/blogi.eoppimispalvelut.fi\/kierto10\/wp-json\/wp\/v2\/types\/page"}],"author":[{"embeddable":true,"href":"https:\/\/blogi.eoppimispalvelut.fi\/kierto10\/wp-json\/wp\/v2\/users\/4381"}],"replies":[{"embeddable":true,"href":"https:\/\/blogi.eoppimispalvelut.fi\/kierto10\/wp-json\/wp\/v2\/comments?post=534"}],"version-history":[{"count":2,"href":"https:\/\/blogi.eoppimispalvelut.fi\/kierto10\/wp-json\/wp\/v2\/pages\/534\/revisions"}],"predecessor-version":[{"id":537,"href":"https:\/\/blogi.eoppimispalvelut.fi\/kierto10\/wp-json\/wp\/v2\/pages\/534\/revisions\/537"}],"wp:featuredmedia":[{"embeddable":true,"href":"https:\/\/blogi.eoppimispalvelut.fi\/kierto10\/wp-json\/wp\/v2\/media\/7"}],"wp:attachment":[{"href":"https:\/\/blogi.eoppimispalvelut.fi\/kierto10\/wp-json\/wp\/v2\/media?parent=534"}],"curies":[{"name":"wp","href":"https:\/\/api.w.org\/{rel}","templated":true}]}}