{"id":60,"date":"2020-04-14T16:39:20","date_gmt":"2020-04-14T13:39:20","guid":{"rendered":"https:\/\/blogi.eoppimispalvelut.fi\/kierto10\/?page_id=60"},"modified":"2020-05-13T09:41:16","modified_gmt":"2020-05-13T06:41:16","slug":"ruokahavikki-suomessa-ja-maailmalla","status":"publish","type":"page","link":"https:\/\/blogi.eoppimispalvelut.fi\/kierto10\/hyodyllista-tietoa-kiertotaloudesta\/ruokahavikki-suomessa-ja-maailmalla\/","title":{"rendered":"Ruokah\u00e4vikki Suomessa ja maailmalla"},"content":{"rendered":"<p>&nbsp;<\/p>\n<h1 id=\"alkuun\">Eth\u00e4n heit\u00e4 ruokaa hukkaan?<\/h1>\n<h4>Sis\u00e4lt\u00f6<\/h4>\n<ul>\n<li><a href=\"#tietoa-ruokahavikista\">Tietoa ruokah\u00e4vikist\u00e4<\/a><\/li>\n<li><a href=\"#ruokahavikki-kotitalouksissa\">Ruokah\u00e4vikki kotitalouksissa<\/a><\/li>\n<li><a href=\"#ruokahavikki-ravitsemuspalveluissa\">Ruokah\u00e4vikki ravitsemuspalveluissa<\/a><\/li>\n<li><a href=\"#esimerkkeja-yrityksista\">Ruokah\u00e4vikki\u00e4 hy\u00f6dynt\u00e4vi\u00e4 yrityksi\u00e4<\/a><\/li>\n<li><a href=\"#ruokahavikki-kaupoissa\"><span style=\"font-weight: 400\">Ruokah\u00e4vikki kaupoissa<\/span><\/a><\/li>\n<li><a href=\"#ruokaketju-havikki\"><span style=\"font-weight: 400\">Ruokaketjussa syntyv\u00e4 h\u00e4vikki<\/span><\/a><\/li>\n<li><a href=\"#havikki-maailmalla\"><span style=\"font-weight: 400\">Ruokah\u00e4vikki maailmalla <\/span><\/a><\/li>\n<li><a href=\"#ilmastovaikutukset\"><span style=\"font-weight: 400\">Ruokah\u00e4vikist\u00e4 syntyv\u00e4t ilmastovaikutukset<\/span><\/a><\/li>\n<li><a href=\"#10-vinkkia\"><span style=\"font-weight: 400\">10 vinkki\u00e4 ruokah\u00e4vikin v\u00e4hent\u00e4miseen<\/span><\/a><\/li>\n<\/ul>\n<p>&nbsp;<\/p>\n<p>&nbsp;<\/p>\n<h3 id=\"tietoa-ruokahavikista\"><b>Tietoa ruokah\u00e4vikist\u00e4<\/b><\/h3>\n<p><span style=\"font-weight: 400\">Ruokah\u00e4vikki on ruokaa, joka on alun perin ollut sy\u00f6m\u00e4kelpoista, mutta p\u00e4\u00e4tyy jostain syyst\u00e4 roskiin tai bioj\u00e4tteeksi. Ruokah\u00e4vikki\u00e4 pystyt\u00e4\u00e4n v\u00e4ltt\u00e4m\u00e4\u00e4n ennakoimalla ruuan kulutusta sek\u00e4 valmistamalla tai s\u00e4ilytt\u00e4m\u00e4ll\u00e4 ruokaa toisin. Ruokah\u00e4vikin v\u00e4hent\u00e4misess\u00e4 tarvitaan kaikkia ruokaketjuun kuuluvia tahoja. T\u00e4ss\u00e4 ketjussa erityisesti kuluttajien tietoisuuden, taidon ja asenteiden muutoksella on suuri merkitys.\u00a0<\/span><\/p>\n<p><img loading=\"lazy\" decoding=\"async\" class=\"aligncenter size-full wp-image-299\" src=\"https:\/\/blogi.eoppimispalvelut.fi\/kierto10\/files\/2020\/04\/infograafi-alkuun.jpeg\" alt=\"\" width=\"640\" height=\"1600\" srcset=\"https:\/\/blogi.eoppimispalvelut.fi\/kierto10\/files\/2020\/04\/infograafi-alkuun.jpeg 640w, https:\/\/blogi.eoppimispalvelut.fi\/kierto10\/files\/2020\/04\/infograafi-alkuun-120x300.jpeg 120w, https:\/\/blogi.eoppimispalvelut.fi\/kierto10\/files\/2020\/04\/infograafi-alkuun-410x1024.jpeg 410w, https:\/\/blogi.eoppimispalvelut.fi\/kierto10\/files\/2020\/04\/infograafi-alkuun-614x1536.jpeg 614w\" sizes=\"(max-width: 640px) 100vw, 640px\" \/><\/p>\n<h3 id=\"ruokahavikki-kotitalouksissa\"><b>Ruokah\u00e4vikki kotitalouksissa<\/b><\/h3>\n<p><span style=\"font-weight: 400\"><a href=\"https:\/\/www.luke.fi\/tietoa-luonnonvaroista\/ruoka-ja-ravitsemus\/ruokahavikki\/\">Luken mukaan<\/a> kaikkein eniten ruokah\u00e4vikki\u00e4 syntyy kotitalouksissa. Kotitalouksien ostamasta ruoasta noin 6% p\u00e4\u00e4tyy roskiin. Suomessa kotitaloudet heitt\u00e4v\u00e4t vuosittain ruokaa<strong> roskiin 120-160 miljoona kiloa<\/strong>. Henkil\u00f6\u00e4 kohden ruokaa heitet\u00e4\u00e4n roskiin vuodessa keskim\u00e4\u00e4rin 20-25 kiloa, noin 125 euron arvosta.<\/span><\/p>\n<p><span style=\"font-weight: 400\"><a href=\"https:\/\/www.maaseuduntulevaisuus.fi\/ruoka\/suomalainen-yksin-asuva-nainen-heitt%C3%A4%C3%A4-eniten-ruokaa-pois-keskim%C3%A4%C3%A4rin-jokaisen-suomalaisen-ruokah%C3%A4vikki-on-24-kiloa-1.205092.\">Kuten Penttinen mainitsee Maaseudun tulovaisuudessa<\/a> ruokah\u00e4vikin m\u00e4\u00e4r\u00e4\u00e4n vaikuttaa ket\u00e4 taloudessa asuu. Eniten ruokaa heitt\u00e4v\u00e4t pois yksin asuvat naiset ja lapsiperheet joissa k\u00e4ytet\u00e4\u00e4n paljon rahaa ruokaan.<\/span><\/p>\n<p><span style=\"font-weight: 400\">Melkein<strong> joka kymmenes<\/strong> peruna, leip\u00e4pala ja hedelm\u00e4 p\u00e4\u00e4tyy roskiin. Roskiin p\u00e4\u00e4tyv\u00e4t yleens\u00e4:<\/span><\/p>\n<ul>\n<li style=\"font-weight: 400\"><span style=\"font-weight: 400\">leiv\u00e4t<\/span><\/li>\n<li style=\"font-weight: 400\"><span style=\"font-weight: 400\">valmisruuat<\/span><\/li>\n<li style=\"font-weight: 400\"><span style=\"font-weight: 400\">liha- ja kalatuotteet<\/span><\/li>\n<li style=\"font-weight: 400\"><span style=\"font-weight: 400\">hedelm\u00e4t, vihannekset, juurekset ja marjat<\/span><\/li>\n<li style=\"font-weight: 400\"><span style=\"font-weight: 400\">kahvi<\/span><\/li>\n<\/ul>\n<p><img loading=\"lazy\" decoding=\"async\" class=\"aligncenter size-full wp-image-300\" src=\"https:\/\/blogi.eoppimispalvelut.fi\/kierto10\/files\/2020\/04\/kasviskuva-kotitalouksiin.jpeg\" alt=\"\" width=\"1599\" height=\"1600\" srcset=\"https:\/\/blogi.eoppimispalvelut.fi\/kierto10\/files\/2020\/04\/kasviskuva-kotitalouksiin.jpeg 1599w, https:\/\/blogi.eoppimispalvelut.fi\/kierto10\/files\/2020\/04\/kasviskuva-kotitalouksiin-300x300.jpeg 300w, https:\/\/blogi.eoppimispalvelut.fi\/kierto10\/files\/2020\/04\/kasviskuva-kotitalouksiin-1024x1024.jpeg 1024w, https:\/\/blogi.eoppimispalvelut.fi\/kierto10\/files\/2020\/04\/kasviskuva-kotitalouksiin-150x150.jpeg 150w, https:\/\/blogi.eoppimispalvelut.fi\/kierto10\/files\/2020\/04\/kasviskuva-kotitalouksiin-768x768.jpeg 768w, https:\/\/blogi.eoppimispalvelut.fi\/kierto10\/files\/2020\/04\/kasviskuva-kotitalouksiin-1536x1536.jpeg 1536w, https:\/\/blogi.eoppimispalvelut.fi\/kierto10\/files\/2020\/04\/kasviskuva-kotitalouksiin-1200x1201.jpeg 1200w\" sizes=\"(max-width: 1599px) 100vw, 1599px\" \/><\/p>\n<p><span style=\"font-weight: 400\"><a href=\"https:\/\/www.mtk.fi\/-\/on-aika-arvostaa-ruokaa-nyt-vietetaan-havikkiviikkoa\">Syist\u00e4 miksi ruokaa p\u00e4\u00e4tyy kotitalouksissa roskiin<\/a> on suunnittelemattomuus, tilanteiden muutokset, heikot keitti\u00f6 taidot ja viitseli\u00e4isyyden puute. T\u00e4hteit\u00e4 ei my\u00f6sk\u00e4\u00e4n osata hy\u00f6dynt\u00e4\u00e4 ja eiv\u00e4tk\u00e4 ihmiset osaa erottaa <strong>parasta ennen -merkint\u00e4\u00e4 ja viimeinen k\u00e4ytt\u00f6p\u00e4iv\u00e4<\/strong> merkint\u00e4\u00e4 toisistaan.\u00a0<\/span><\/p>\n<p><span style=\"font-weight: 400\">Yksi suurimmista syist\u00e4 ruuan pois heitt\u00e4miseen on kuitenkin ruoan pilaantuminen. Yleisi\u00e4 syit\u00e4 ovat my\u00f6s ruoan j\u00e4\u00e4minen lautast\u00e4hteeksi, liiallinen ruuan valmistaminen ja haluttomuus sy\u00f6d\u00e4 samaa ruokaa uudelleen. Kuluttajilla on korkeat odotukset ruoan suhteen, joka vaikuttaa teollisuuden, kauppojen ja ravintoloiden h\u00e4vikkiin.<\/span><\/p>\n<p>&nbsp;<\/p>\n<h3 id=\"ruokahavikki-ravitsemuspalveluissa\"><b>Ruokah\u00e4vikki ravitsemuspalveluissa<\/b><\/h3>\n<p><span style=\"font-weight: 400\">Suomen ravitsemuspalveluissa ruokah\u00e4vikki syntyy vuodessa yhteens\u00e4 78 miljoonaa kiloa. Suurin osa t\u00e4st\u00e4 m\u00e4\u00e4r\u00e4st\u00e4 koostuu linjasto ravintoloiden tarjoilut\u00e4hteist\u00e4 ja ylivalmistetusta ruuasta jota ei hy\u00f6dynnet\u00e4 en\u00e4\u00e4.<\/span><\/p>\n<p><span style=\"font-weight: 400\">Ravitsemuspalveluiden sy\u00f6m\u00e4kelpoista ruoasta n. 16 prosenttia p\u00e4\u00e4tyy h\u00e4vikkiin. Kun t\u00e4h\u00e4n m\u00e4\u00e4r\u00e4\u00e4n lis\u00e4t\u00e4\u00e4n sy\u00f6m\u00e4kelvottomat bioj\u00e4tteeseen p\u00e4\u00e4tyvien elintarvikkeiden m\u00e4\u00e4r\u00e4, elintarvikej\u00e4tett\u00e4 syntyy yhteens\u00e4 21 prosenttia. Asiakasta kohti syntyy h\u00e4vikki\u00e4 keskim\u00e4\u00e4rin 90 grammaa. P\u00e4iv\u00e4kodeissa h\u00e4vikki\u00e4 syntyy jopa 25% kaikesta valmistetusta ruuasta. Pois heitetyn ruuan tuottaminen aiheuttaa turhaa ty\u00f6t\u00e4 keitti\u00f6iss\u00e4 ja on silkkaa rahanmenoa alan yrityksille ja kunnille.\u00a0<\/span><span style=\"font-weight: 400\">\u00a0<\/span><\/p>\n<p><span style=\"font-weight: 400\">Erityisesti linjastoravintoloissa h\u00e4vikin v\u00e4hent\u00e4misess\u00e4 avainasemassa on mittaaminen ja seuranta, jotta saadaan selville mist\u00e4 h\u00e4vikki\u00e4 yrityksess\u00e4 syntyy.\u00a0 Toiminnan ja ruokatilausten suunnittelulla sek\u00e4 henkil\u00f6kuntaa kannustamalla voidaan my\u00f6s ennaltaehk\u00e4ist\u00e4 h\u00e4vikki\u00e4. Linjaston ruokalajien vaihtaminen p\u00e4iv\u00e4n aikana puolestaan mahdollistaa edellisen p\u00e4iv\u00e4n ruokien paremman hy\u00f6dynt\u00e4misen.<\/span><\/p>\n<p><span style=\"font-weight: 400\"><a href=\"https:\/\/www.luke.fi\/uutinen\/ravitsemispalveluiden-elintarvikejate\/\">Eu:n laatima j\u00e4tedirektiivi<\/a> m\u00e4\u00e4r\u00e4\u00e4 j\u00e4senmaat mittaamaan ja raportoimaan elintarvikej\u00e4tem\u00e4\u00e4r\u00e4t nelj\u00e4n vuoden v\u00e4lein. Luonnonvarakeskus Luke seuraa ravitsemuspalveluiden elintarvikej\u00e4te m\u00e4\u00e4ri\u00e4 ja laatii niist\u00e4 mittaustuloksia, joita yritykset voivat hy\u00f6dynt\u00e4\u00e4 ty\u00f6ss\u00e4\u00e4n h\u00e4vikin v\u00e4hent\u00e4miseksi.<\/span><\/p>\n<p>&nbsp;<\/p>\n<h3 id=\"esimerkkeja-yrityksista\"><strong>Esimerkkej\u00e4 ruokah\u00e4vikki\u00e4 hy\u00f6dynt\u00e4vist\u00e4 yrityksist\u00e4<\/strong><\/h3>\n<p><span style=\"font-weight: 400\">Vastuullisuus on t\u00e4m\u00e4n hetken trendi ja sen my\u00f6t\u00e4 on lis\u00e4\u00e4ntynyt tietoisuus ruokah\u00e4vikist\u00e4. T\u00e4m\u00e4 on saanut monet yritykset talkoisiin ja keksim\u00e4\u00e4n keinoja h\u00e4vikin pienent\u00e4miseksi.<\/span><\/p>\n<h5><b>Resq Club\u00a0<\/b><\/h5>\n<p><span style=\"font-weight: 400\">Resq Club on suomalainen yritys, jonka missio on ruokah\u00e4vikin v\u00e4hent\u00e4minen. Yritys tarjoaa alustan, jossa erilaiset elintarvikealan yritykset voivat myyd\u00e4 kuluttajille h\u00e4vikkiruokaa. (Resq Club 2020.)\u00a0<\/span><\/p>\n<p><span style=\"font-weight: 400\">Resq Clubin <a href=\"https:\/\/www.resq-club.com\/fi\/\">verkkosivuille p\u00e4\u00e4set t\u00e4st\u00e4 <\/a><\/span><\/p>\n<h5><b>Fiksuruoka<\/b><\/h5>\n<p><span style=\"font-weight: 400\">Fiksuruoka on suomalainen yritys, joka pyrkii v\u00e4hent\u00e4m\u00e4\u00e4n h\u00e4vikin m\u00e4\u00e4r\u00e4\u00e4 Suomessa tarjoamalla asiakkaille muutoin h\u00e4vikkiin joutuvaa ruokaa ja sekalaista k\u00e4ytt\u00f6tavaraa halvemmalla hinnalla. Verkkokaupan valikoima koostuu p\u00e4\u00e4osin <strong>poisto- ja j\u00e4\u00e4nn\u00f6seri\u00e4<\/strong> suomalaisilta valmistajilta, maahantuojilta ha tukkuketjuilta. (Fiksuruoka 2020.)<\/span><\/p>\n<p><span style=\"font-weight: 400\">Fiksuruoka.fi<a href=\"https:\/\/beta.fiksuruoka.fi\/\"> verkkosivuille p\u00e4\u00e4set t\u00e4st\u00e4\u00a0<\/a><\/span><\/p>\n<p><span style=\"font-weight: 400\">T\u00e4st\u00e4 voit siirty\u00e4 kuuntelemaan ruokah\u00e4vikki podcastiamme, jossa paneudumme <strong>Torniossa sijaitsevan Lounas- Torppi<\/strong> linjastoravintolan keinoihin minimoida ruokah\u00e4vikki\u00e4.\u00a0<\/span><\/p>\n<audio class=\"wp-audio-shortcode\" id=\"audio-60-1\" preload=\"none\" style=\"width: 100%;\" controls=\"controls\"><source type=\"audio\/mpeg\" src=\"https:\/\/blogi.eoppimispalvelut.fi\/kierto10\/files\/2020\/04\/podcast2.mp3?_=1\" \/><a href=\"https:\/\/blogi.eoppimispalvelut.fi\/kierto10\/files\/2020\/04\/podcast2.mp3\">https:\/\/blogi.eoppimispalvelut.fi\/kierto10\/files\/2020\/04\/podcast2.mp3<\/a><\/audio>\n<h3 id=\"ruokahavikki-kaupoissa\"><strong>Ruokah\u00e4vikki kaupoissa\u00a0<\/strong><\/h3>\n<p><span style=\"font-weight: 400\">Monet kaupat alentavat p\u00e4iv\u00e4ysuhan alla olevien tuotteiden hintoja. Esimerkiksi monet S-ryhm\u00e4n kaupat alentavat p\u00e4iv\u00e4ystuotteet <strong>-60%<\/strong> viimeisen aukiolotunnin ajaksi. Lidl puolestaan kasaa hedelmi\u00e4 isoihin laatikoihin ja myy ne <strong>2\u20ac<\/strong> \/ laatikko ulos.<\/span><\/p>\n<p><img loading=\"lazy\" decoding=\"async\" class=\"aligncenter size-full wp-image-301\" src=\"https:\/\/blogi.eoppimispalvelut.fi\/kierto10\/files\/2020\/04\/omenat-kauppakuva.jpeg\" alt=\"\" width=\"1074\" height=\"1600\" srcset=\"https:\/\/blogi.eoppimispalvelut.fi\/kierto10\/files\/2020\/04\/omenat-kauppakuva.jpeg 1074w, https:\/\/blogi.eoppimispalvelut.fi\/kierto10\/files\/2020\/04\/omenat-kauppakuva-201x300.jpeg 201w, https:\/\/blogi.eoppimispalvelut.fi\/kierto10\/files\/2020\/04\/omenat-kauppakuva-687x1024.jpeg 687w, https:\/\/blogi.eoppimispalvelut.fi\/kierto10\/files\/2020\/04\/omenat-kauppakuva-768x1144.jpeg 768w, https:\/\/blogi.eoppimispalvelut.fi\/kierto10\/files\/2020\/04\/omenat-kauppakuva-1031x1536.jpeg 1031w\" sizes=\"(max-width: 1074px) 100vw, 1074px\" \/><\/p>\n<p><span style=\"font-weight: 400\">P\u00e4iv\u00e4ysvanhat tuotteet kierr\u00e4tet\u00e4\u00e4n kaupoissa bioj\u00e4tteisiin. Esimerkiksi etel\u00e4-suomessa kaupat lahjoittavat h\u00e4vikki\u00e4 my\u00f6s esim. Hurstille. Kauppojen h\u00e4vikki\u00e4 syntyy helposti kun ei osata ennakoida ja tilataan liikaa ruokaa varastoon.<\/span><\/p>\n<p>&nbsp;<\/p>\n<h3 id=\"ruokaketju-havikki\"><strong>Ruokaketjussa syntyv\u00e4 h\u00e4vikki<\/strong><\/h3>\n<p><span style=\"font-weight: 400\">Ruokaketjusta riippuen, l\u00e4hes jokainen ruokaketju j\u00e4tt\u00e4\u00e4 h\u00e4vikki\u00e4. Pienimmill\u00e4\u00e4n h\u00e4vikki on esimerkiksi tilanteessa, jossa asiakas ostaa burgerin ja sy\u00f6 sen saman tien. Toki, burgerin valmistuksessa on voinut synty\u00e4 h\u00e4vikki\u00e4, esimerkiksi pilaantuneen salaatin muodossa. T\u00e4m\u00e4n kaltaisissa tilanteissa h\u00e4vikki\u00e4 ei voida hy\u00f6dynt\u00e4\u00e4 muuten kuin <strong>kierr\u00e4tt\u00e4m\u00e4ll\u00e4 bioj\u00e4tteeksi<\/strong>. Kaupoista l\u00e4htevien ruokaketjujen h\u00e4vikki\u00e4 syntyy, kun tilataan liikaa ja ostetaan liikaa.\u00a0 Tarkastellaan syntyv\u00e4n h\u00e4vikin m\u00e4\u00e4r\u00e4\u00e4 \u201cPellolta p\u00f6yt\u00e4\u00e4n\u201d mallin valossa:<\/span><\/p>\n<ol>\n<li style=\"font-weight: 400\"><span style=\"font-weight: 400\">Juures ker\u00e4t\u00e4\u00e4n talteen.<\/span><\/li>\n<li style=\"font-weight: 400\"><span style=\"font-weight: 400\">L\u00f6ytyy ehk\u00e4 pilaantuneita juureksia<\/span><\/li>\n<li style=\"font-weight: 400\"><span style=\"font-weight: 400\">Pakkaaminen pussiin \u2192 syntyy huteja, hajonneita pakkauksia, pakkausvirheit\u00e4<\/span><\/li>\n<li style=\"font-weight: 400\"><span style=\"font-weight: 400\">Rahti \u2192 jos rahti pitkittyy, saattavat tuotteet pilaantua tai jos kuorma on asiattomasti pakattu, saattavat tuotteet menn\u00e4 myyntikunnottomiksi<\/span><\/li>\n<li style=\"font-weight: 400\"><span style=\"font-weight: 400\">Kauppa \u2192 tuotteet pit\u00e4\u00e4 saada myyty\u00e4 ennen p\u00e4iv\u00e4m\u00e4\u00e4r\u00e4\u00e4, syntyy yleens\u00e4 h\u00e4vikki\u00e4<\/span><\/li>\n<li style=\"font-weight: 400\"><span style=\"font-weight: 400\">Kuluttaja \u2192 Syntyy h\u00e4vikki\u00e4 mik\u00e4li tuotetta ei k\u00e4ytet\u00e4 hy\u00f6dyksi kokonaan.<\/span><\/li>\n<\/ol>\n<p><span style=\"font-weight: 400\">Kuluttajat tuottavat <strong>30%<\/strong> ruokaketjujen h\u00e4vikist\u00e4.<\/span><\/p>\n<p>&nbsp;<\/p>\n<h3 id=\"havikki-maailmalla\"><strong>Ruokah\u00e4vikki maailmalla\u00a0<\/strong><\/h3>\n<p><span style=\"font-weight: 400\">Ruokah\u00e4vikki globaalilla tasolla on kova ymp\u00e4rist\u00f6haitta. Pelk\u00e4st\u00e4\u00e4n ruokah\u00e4vikki\u00e4 tulee miljoonia kiloja vuodessa. <a href=\"https:\/\/www.kuluttajaliitto.fi\/tietopankki\/vastuullinenkuluttaminen\/ruoan-ymparistovaikutukset-ja-ruokahavikki\/ruokahavikki\/\">Laskelmien mukaan<\/a> tuotetusta ruuasta heitet\u00e4\u00e4n roskiin 10-15%. <\/span>\u00a0<span style=\"font-weight: 400\">Maailman ruokah\u00e4vikin suurimpia \u201ctuottajia\u201d ovat teollistuneet maat. Suurinta h\u00e4vikki on <strong>Pohjois-Amerikassa ja Oseaniassa<\/strong>. Suomi on h\u00e4vikin silmiss\u00e4 Euroopan keskitasoa. K\u00f6yhiss\u00e4 maissa kuluttajilta j\u00e4\u00e4v\u00e4 h\u00e4vikki on vain muutamia prosentteja, koska k\u00f6yhiss\u00e4 maissa ruokaa ei yleisesti kuluttajilta j\u00e4\u00e4 roskiin asti. <\/span><\/p>\n<p><span style=\"font-weight: 400\">Kuten <a href=\"https:\/\/www.ptt.fi\/ajankohtaista\/uutiset\/ruokahavikin-monet-kasvot.html\">Tapani Yrj\u00f6l\u00e4 kirjoituksessaan kertoo<\/a>,\u00a0 k\u00f6yhiss\u00e4 maissa h\u00e4vikki\u00e4 kuitenkin syntyy ja syy on jalostuksen, kuljetus<\/span><span style=\"font-weight: 400\">ten, varastoinnin jne kehittym\u00e4tt\u00f6myys. Ruokapulan maissa ik\u00e4v\u00e4 tosiasia on se, ett\u00e4 matkalla pellosta p\u00f6yt\u00e4\u00e4n syntyy suuri m\u00e4\u00e4r\u00e4 h\u00e4vikki\u00e4 ennen kuluttajia.<\/span><\/p>\n<p><span style=\"font-weight: 400\">\u201cRuokaa maailmassa on riitt\u00e4v\u00e4sti, mutta iso kysymys on, ett\u00e4 saadaanko me ruoka sinne, miss\u00e4 on n\u00e4lk\u00e4?\u201d WFO:n puheenjohtaja Theo de Jager.<\/span><\/p>\n<p>&nbsp;<\/p>\n<h3 id=\"ilmastovaikutukset\"><strong>Ruokah\u00e4vikist\u00e4 syntyv\u00e4t ilmastovaikutukset<\/strong><\/h3>\n<p><span style=\"font-weight: 400\"><a href=\"https:\/\/www.luke.fi\/uutinen\/kasvisten-syonti-ja-luontokontaktit-lisaantyvat-ruokahavikki-pienenee-uusi-toimintamalli-paivakoteihin\/.\">Laeilla ja s\u00e4\u00e4d\u00f6ksill\u00e4<\/a>\u00a0 tuetaan ruokah\u00e4vikin v\u00e4hent\u00e4mist\u00e4. Euroopan kiertotalouspaketissa on linjattu, ett\u00e4 <strong>ruokah\u00e4vikki tulee puolittaa vuoteen 2030 menness\u00e4<\/strong>. Tavoite vaatii jokaisen ruuan tuottajan, yrityksen, kaupan ja kuluttajan panosta.\u00a0\u00a0<\/span><\/p>\n<p><span style=\"font-weight: 400\"><a href=\"https:\/\/www.luke.fi\/tietoa-luonnonvaroista\/ruoka-ja-ravitsemus\/ruoan-ilmastovaikutukset\/\">Luke kertoo sivullaan,<\/a> ett\u00e4 elintarvikkeiden tuottamiseen liittyvien p\u00e4\u00e4st\u00f6jen, energian ja vedenkulutukseen n\u00e4hden, on eritt\u00e4in typer\u00e4\u00e4 heitt\u00e4\u00e4 ruokaa h\u00e4vikkiin. Kyseinen tuotanto pit\u00e4\u00e4 sis\u00e4ll\u00e4\u00e4n noin viidesosan kaikista p\u00e4\u00e4st\u00f6ist\u00e4 maailman laajuisesti. Ainut asia mik\u00e4 aiheuttaa ilmastolle enemm\u00e4n hallaa on asuminen.\u00a0<\/span><\/p>\n<p><span style=\"font-weight: 400\">Jos kaikesta EU:n aluella valmistetuista ruoista menee noin 20% hukkaan pilaantumisen tai roskiin heitt\u00e4misen vuoksi, on syyt\u00e4 mietti\u00e4 ett\u00e4 mit\u00e4 tehd\u00e4\u00e4n v\u00e4\u00e4rin. Jos edes puolet t\u00e4st\u00e4 20% saataisiin pelastettua ja k\u00e4ytetty\u00e4 jollain tavalla hy\u00f6dyksi, se tarkoittaisi sit\u00e4 ett\u00e4 EU:n alueella <strong>s\u00e4\u00e4stett\u00e4isiin 44 miljoonaa TONNIA sy\u00f6m\u00e4kelpoista ruokaa.<\/strong><\/span><\/p>\n<p><span style=\"font-weight: 400\">Kun nyt on hieman tiedossa millaisia m\u00e4\u00e4ri\u00e4 ruokaa menee hukkaan, voidaan vain mietti\u00e4 kuinka paljon arvokkaita resursseja heitet\u00e4\u00e4n samalla hukkaan ja millainen kuormitus t\u00e4st\u00e4 aiheutuu maapallolle.<\/span><\/p>\n<p>&nbsp;<\/p>\n<h3 id=\"10-vinkkia\"><strong>10 vinkki\u00e4 ruokah\u00e4vikin v\u00e4hent\u00e4miseen<\/strong><\/h3>\n<ol>\n<li style=\"font-weight: 400\"><span style=\"font-weight: 400\">Ennen kuin l\u00e4hdet ruokaostoksille, katso mit\u00e4 vanhentuvia ruoka-aineita sinulla on jo kotona ja suunnittele ostokset sen mukaan.\u00a0<\/span><\/li>\n<li style=\"font-weight: 400\"><span style=\"font-weight: 400\">Ota valokuva j\u00e4\u00e4kaappisi sis\u00e4ll\u00f6st\u00e4 ennen kuin l\u00e4hdet ruokaostoksille. Kaupassa voit tarkistaa puhelimesta mit\u00e4 sinulla on jo j\u00e4\u00e4kaapissasi ja v\u00e4ltyt turhilta ostoksilta.<\/span><\/li>\n<li style=\"font-weight: 400\"><span style=\"font-weight: 400\">Pakkauskokoa valittaessa oleellista on, ett\u00e4 kaikki pakkauksen ruoka tulee k\u00e4ytetty\u00e4. Hukkaan menev\u00e4n ruoan ymp\u00e4rist\u00f6vaikutukset ovat suuremmat kuin pakkauksen ymp\u00e4rist\u00f6vaikutukset. Edullisesta kilohinnasta ei tule s\u00e4\u00e4st\u00f6j\u00e4 jos ruokaa j\u00e4\u00e4 sy\u00f6m\u00e4tt\u00e4.<\/span><\/li>\n<li style=\"font-weight: 400\"><span style=\"font-weight: 400\">Parasta ennen -merkint\u00e4 tarkoittaa v\u00e4himm\u00e4iss\u00e4ilyvyysaikaa, johon saaka elintarvikeessa s\u00e4ilyv\u00e4t sen tyypilliset ominaisuudet. Viimeinen k\u00e4ytt\u00f6p\u00e4iv\u00e4 -merkint\u00e4 on taas se p\u00e4iv\u00e4, jolloin tuote on tarkoitettu viimeist\u00e4\u00e4n k\u00e4ytett\u00e4v\u00e4ksi.<\/span><\/li>\n<li style=\"font-weight: 400\"><span style=\"font-weight: 400\">Katso ja nuuhki. Jos ruoka ei n\u00e4yt\u00e4 tai tuoksu pilaantuneelta tai viimeinen k\u00e4ytt\u00f6p\u00e4iv\u00e4 ei ole viel\u00e4 mennyt, kokeille maistamalla. Luota omiin aisteihisi!<\/span><\/li>\n<li style=\"font-weight: 400\"><span style=\"font-weight: 400\">Jos ruokaa j\u00e4\u00e4 pieni m\u00e4\u00e4r\u00e4 sy\u00f6m\u00e4tt\u00e4, hy\u00f6dynn\u00e4 se seuraavalla aterialla. Pakasta ruoka, jos sit\u00e4 j\u00e4\u00e4 sy\u00f6m\u00e4tt\u00e4 isompi satsi.\u00a0<\/span><\/li>\n<li style=\"font-weight: 400\"><span style=\"font-weight: 400\">Nopeiten pilaantuvat tuotteet kannattaa sijoittaa j\u00e4\u00e4kapissa samalle hyllylle silmien korkeudelle, jotta ne eiv\u00e4t unohdu j\u00e4\u00e4kaapin sy\u00f6vereihin.\u00a0<\/span><\/li>\n<li style=\"font-weight: 400\"><span style=\"font-weight: 400\">\u00c4l\u00e4 sy\u00f6 silmill\u00e4si. Ota ruokaa lautaselle sen verran ku jaksat varmasti sy\u00f6d\u00e4. Arvioi mieluummin alakanttiin ja ota lis\u00e4\u00e4 jos n\u00e4lk\u00e4 j\u00e4\u00e4.\u00a0<\/span><\/li>\n<li style=\"font-weight: 400\"><span style=\"font-weight: 400\">Kaupassa maltti on valttia: osta vain ne tuotteet jotka tied\u00e4t k\u00e4ytt\u00e4v\u00e4si ennen kuin ne ehtiv\u00e4t pilaantua.<\/span><\/li>\n<li style=\"font-weight: 400\"><span style=\"font-weight: 400\">\u00c4l\u00e4 mene n\u00e4lk\u00e4isen\u00e4 ruokaostoksille, koska n\u00e4lk\u00e4isen\u00e4 on yleens\u00e4 kiire ja silloin sortuu tarpeettomiin her\u00e4teostoksiin.\u00a0<\/span><\/li>\n<\/ol>\n<h3>Kierto10-hanke<\/h3>\n<p>K\u00e4yth\u00e4n tutustumassa hankkeeseen lis\u00e4\u00e4 hankkeen omalla sivulla. Sivulta l\u00f6yd\u00e4t lis\u00e4tietoa hankkeesta ja sen tavoitteista.<a href=\"https:\/\/www.lapinamk.fi\/fi\/Yrityksille-ja-yhteisoille\/Tutkimus,-kehitys-ja-innovaatiot\/Teollisuuden-ja-luonnonvarojen-osaamisala\/Kierto-10\"><img loading=\"lazy\" decoding=\"async\" class=\"aligncenter wp-image-364 size-full\" src=\"https:\/\/blogi.eoppimispalvelut.fi\/kierto10\/files\/2020\/04\/button-2-1.png\" alt=\"\" width=\"132\" height=\"49\" \/><\/a><\/p>\n<p><strong><em><a href=\"#alkuun\">Takas alkuun<\/a><\/em><\/strong><\/p>\n<hr \/>\n<p><em>Materiaalin laatijat: Lapin AMK:n T31L18S -ryhm\u00e4n liiketalouden opiskelijat Juho Erkkil\u00e4, Henri M\u00e4kinen &amp; Maija Ryymin<\/em><\/p>\n","protected":false},"excerpt":{"rendered":"<p>&nbsp; Eth\u00e4n heit\u00e4 ruokaa hukkaan? Sis\u00e4lt\u00f6 Tietoa ruokah\u00e4vikist\u00e4 Ruokah\u00e4vikki kotitalouksissa Ruokah\u00e4vikki ravitsemuspalveluissa Ruokah\u00e4vikki\u00e4 hy\u00f6dynt\u00e4vi\u00e4 yrityksi\u00e4 Ruokah\u00e4vikki kaupoissa Ruokaketjussa syntyv\u00e4 h\u00e4vikki Ruokah\u00e4vikki maailmalla Ruokah\u00e4vikist\u00e4 syntyv\u00e4t ilmastovaikutukset 10 vinkki\u00e4 ruokah\u00e4vikin v\u00e4hent\u00e4miseen &nbsp; &nbsp; Tietoa ruokah\u00e4vikist\u00e4 Ruokah\u00e4vikki on ruokaa, joka on alun perin ollut sy\u00f6m\u00e4kelpoista, mutta p\u00e4\u00e4tyy jostain syyst\u00e4 roskiin tai bioj\u00e4tteeksi. Ruokah\u00e4vikki\u00e4 pystyt\u00e4\u00e4n v\u00e4ltt\u00e4m\u00e4\u00e4n ennakoimalla ruuan kulutusta [&hellip;]<\/p>\n","protected":false},"author":3505,"featured_media":64,"parent":31,"menu_order":0,"comment_status":"closed","ping_status":"closed","template":"","meta":{"_et_pb_use_builder":"","_et_pb_old_content":"","_et_gb_content_width":"","footnotes":""},"class_list":["post-60","page","type-page","status-publish","has-post-thumbnail","hentry"],"_links":{"self":[{"href":"https:\/\/blogi.eoppimispalvelut.fi\/kierto10\/wp-json\/wp\/v2\/pages\/60","targetHints":{"allow":["GET"]}}],"collection":[{"href":"https:\/\/blogi.eoppimispalvelut.fi\/kierto10\/wp-json\/wp\/v2\/pages"}],"about":[{"href":"https:\/\/blogi.eoppimispalvelut.fi\/kierto10\/wp-json\/wp\/v2\/types\/page"}],"author":[{"embeddable":true,"href":"https:\/\/blogi.eoppimispalvelut.fi\/kierto10\/wp-json\/wp\/v2\/users\/3505"}],"replies":[{"embeddable":true,"href":"https:\/\/blogi.eoppimispalvelut.fi\/kierto10\/wp-json\/wp\/v2\/comments?post=60"}],"version-history":[{"count":17,"href":"https:\/\/blogi.eoppimispalvelut.fi\/kierto10\/wp-json\/wp\/v2\/pages\/60\/revisions"}],"predecessor-version":[{"id":400,"href":"https:\/\/blogi.eoppimispalvelut.fi\/kierto10\/wp-json\/wp\/v2\/pages\/60\/revisions\/400"}],"up":[{"embeddable":true,"href":"https:\/\/blogi.eoppimispalvelut.fi\/kierto10\/wp-json\/wp\/v2\/pages\/31"}],"wp:featuredmedia":[{"embeddable":true,"href":"https:\/\/blogi.eoppimispalvelut.fi\/kierto10\/wp-json\/wp\/v2\/media\/64"}],"wp:attachment":[{"href":"https:\/\/blogi.eoppimispalvelut.fi\/kierto10\/wp-json\/wp\/v2\/media?parent=60"}],"curies":[{"name":"wp","href":"https:\/\/api.w.org\/{rel}","templated":true}]}}