{"id":67,"date":"2020-04-15T12:20:31","date_gmt":"2020-04-15T09:20:31","guid":{"rendered":"https:\/\/blogi.eoppimispalvelut.fi\/kierto10\/?page_id=67"},"modified":"2020-05-13T10:11:17","modified_gmt":"2020-05-13T07:11:17","slug":"tuotteen-elinkaaren-pidentaminen-ja-jakaminen","status":"publish","type":"page","link":"https:\/\/blogi.eoppimispalvelut.fi\/kierto10\/hyodyllista-tietoa-kiertotaloudesta\/tuotteen-elinkaaren-pidentaminen-ja-jakaminen\/","title":{"rendered":"Elinkaaren pident\u00e4minen &#8211; Kulutuksesta kierr\u00e4tykseen"},"content":{"rendered":"<h1 id=\"alku\" style=\"text-align: left\">Tuotteen elinkaaren pident\u00e4minen<\/h1>\n<p style=\"text-align: left\"><strong>T\u00e4m\u00e4n oppaan sis\u00e4lt\u00f6:<\/strong><\/p>\n<ul>\n<li style=\"list-style-type: none\">\n<ul>\n<li style=\"text-align: left\"><a href=\"#mita-on-elinkaaren-pidentaminen\">Tietoa elinkaaren pident\u00e4misest\u00e4<\/a><\/li>\n<li><a href=\"#ajattelu\">Elinkaariajattelu<\/a><\/li>\n<li style=\"text-align: left\"><a href=\"#kaaren-pidentaminen\">Elinkaaren pident\u00e4minen kotitalouksissa<\/a><\/li>\n<li style=\"text-align: left\"><a href=\"#kaaren-pidentaminen-yritys\">Elinkaaren pident\u00e4minen yrityksiss\u00e4<\/a><\/li>\n<li style=\"text-align: left\"><a href=\"#hy\u00f6dyt\">Elinkaaren pident\u00e4misen hy\u00f6dyt<\/a><\/li>\n<li style=\"text-align: left\"><a href=\"#pidentaminen\">Vinkkej\u00e4 elinkaaren pident\u00e4miseen<\/a><\/li>\n<\/ul>\n<\/li>\n<\/ul>\n<p><!--more--><\/p>\n<p><!--more--><\/p>\n<h2 id=\"mita-on-elinkaaren-pidentaminen\">Mit\u00e4 on elinkaaren pident\u00e4minen?<\/h2>\n<p>Elinkaaren pident\u00e4misell\u00e4 tarkoitetaan sit\u00e4, ett\u00e4 tuotetta k\u00e4ytet\u00e4\u00e4n mahdollisimman pitk\u00e4\u00e4n. Jos tuote ei en\u00e4\u00e4 sovellu alkuper\u00e4iseen k\u00e4ytt\u00f6tarkoitukseen, voisiko sit\u00e4 hy\u00f6dynt\u00e4\u00e4 jollain muulla tapaa? Monien erilaisten tuotteiden k\u00e4ytt\u00f6ik\u00e4\u00e4 voi pident\u00e4\u00e4 k\u00e4ytt\u00e4m\u00e4ll\u00e4 niit\u00e4 ohjeiden mukaisesti. Tuotteen elinkaareen vaikuttavat materiaalien valinta, valmistus ja k\u00e4ytt\u00f6. Elinkaarta voidaan pident\u00e4\u00e4 esimerkiksi huollossa k\u00e4ytt\u00e4m\u00e4ll\u00e4, korjaamalla tai k\u00e4ytt\u00e4m\u00e4ll\u00e4 sit\u00e4 johonkin muuhun tarkoitukseen. Oikeanlainen h\u00e4vitt\u00e4minen, kierr\u00e4tt\u00e4minen ja uusiok\u00e4ytt\u00f6 ovat elinkaaren pident\u00e4mist\u00e4.<\/p>\n<p><a href=\"https:\/\/www.kiertoon.eu\/fi\/kiertotaloustuotteiden-valmistus\/elinkaaren-pidentaminen-ja-jatkokayton-suunnittelu\">Materiaalin valinta<\/a> vaikuttaa tuotteen ominaisuuksiin ja n\u00e4in my\u00f6s sen elinkaareen, esimerkiksi l\u00e4mmitt\u00e4vyyden kannalta villa on parempi kuin puuvilla. Lis\u00e4ksi ominaisuudet vaikuttavat siihen, miten tuotetta kannattaa huoltaa, jotta siit\u00e4 olisi iloa mahdollisimman pitk\u00e4\u00e4n. Jos tuote joutuu esimerkiksi voimakkaalle hankaukselle alttiiksi, materiaalin on oltava kest\u00e4v\u00e4\u00e4 ja sit\u00e4 kannattaa testata. Hankauksen kestoa, v\u00e4rien kestoa, valon kestoa tai pesun kestoa voi testata itse tai hy\u00f6dynt\u00e4\u00e4 oppilaitosten testilaboratorioita.<\/p>\n<p>Suunnittelun aikana tehdyt p\u00e4\u00e4t\u00f6kset vaikuttavat kaikkiin tuotteen elinkaaren my\u00f6hempiin vaiheisiin, my\u00f6s tuotteen ymp\u00e4rist\u00f6vaikutukset m\u00e4\u00e4r\u00e4ytyv\u00e4t tuotesuunnittelun aikaisista ratkaisuista. Suunnitteluvaiheessa voidaan tehd\u00e4 valintoja, joilla pyrit\u00e4\u00e4n pienent\u00e4m\u00e4\u00e4n kielteisi\u00e4 ymp\u00e4rist\u00f6vaikutuksia valitsemalla kest\u00e4vi\u00e4 materiaaleja, suosimalla luonnonmukaisesti tuotettua ja valmistuttamalla tuote mahdollisimman l\u00e4hell\u00e4 kuljetusten hiilijalanj\u00e4ljen pienent\u00e4miseksi.<\/p>\n<p><a href=\"https:\/\/ilmasto-opas.fi\/fi\/ilmastonmuutos\/hillinta\/-\/artikkeli\/e25090fe-19b6-40ae-a65b-78b901433a2a\/kestava-suunnittelu-vahentaa-tuotteiden-ilmastovaikutuksia.html\">Kest\u00e4v\u00e4 tuotesuunnittelu<\/a> tarkoittaa ymp\u00e4rist\u00f6n\u00e4k\u00f6kohtien ottamista mukaan olennaiseksi osaksi tuotesuunnittelua. Kest\u00e4v\u00e4ss\u00e4 tuotesuunnittelussa otetaan huomioon tuotteen koko elinkaari raaka-aineista tuotantoon, k\u00e4ytt\u00f6\u00f6n ja lopulta j\u00e4tteeksi. Tuotteet aiheuttavat jokaisessa elinkaaren vaiheessa ymp\u00e4rist\u00f6haittoja, joiden m\u00e4\u00e4r\u00e4\u00e4n ja laatuun voidaan suunnittelulla vaikuttaa. N\u00e4in voidaan v\u00e4hent\u00e4\u00e4 my\u00f6s tuotteiden ilmastovaikutuksia.<\/p>\n<p><img loading=\"lazy\" decoding=\"async\" class=\"wp-image-103 aligncenter\" src=\"https:\/\/blogi.eoppimispalvelut.fi\/kierto10\/files\/2020\/04\/recycle-57136__480-300x225.jpg\" alt=\"\" width=\"350\" height=\"263\" srcset=\"https:\/\/blogi.eoppimispalvelut.fi\/kierto10\/files\/2020\/04\/recycle-57136__480-300x225.jpg 300w, https:\/\/blogi.eoppimispalvelut.fi\/kierto10\/files\/2020\/04\/recycle-57136__480.jpg 640w\" sizes=\"(max-width: 350px) 100vw, 350px\" \/><\/p>\n<h2 id=\"ajattelu\">Elinkaariajattelu<\/h2>\n<p>Kun ajatellaan mit\u00e4 raaka-aineita ja energiapanoksia tarvitaan palveluprosessin eri vaiheissa, samalla ajatellaan elinkaarenaikaisia ymp\u00e4rist\u00f6vaikutuksia. Eri palveluilla ja tuotteilla korostuvat eri vaiheet. Tavoitteena on selvitt\u00e4\u00e4 tuotteen valmistuksen ja k\u00e4yt\u00f6n kokonaisvaikutukset alusta loppuun. <a href=\"https:\/\/www.ymparisto.fi\/fi-fi\/kulutus_ja_tuotanto\/resurssitehokkuus\/elinkaariajattelu\">Elinkaariajattelu<\/a> on muuttanut ymm\u00e4rryst\u00e4 ymp\u00e4rist\u00f6vaikutuksista ja niiden tutkimustavoista.<\/p>\n<h2 id=\"kaaren-pidentaminen\">Tuotteen elinkaaren pident\u00e4minen kotitalouksissa<\/h2>\n<p><a href=\"https:\/\/www.ts.fi\/uutiset\/kotimaa\/1074245674\/Kuluttaja+voi+pidentaa+tuotteen+elinkaarta+omilla+valinnoillaan\">Kuluttaja<\/a> voi vaikuttaa merkitt\u00e4v\u00e4sti k\u00e4ytt\u00e4m\u00e4ns\u00e4 tuotteen elinkaareen. Jo ostovaiheessa kuluttaja voi p\u00e4\u00e4tt\u00e4\u00e4, hankkiiko h\u00e4n kest\u00e4v\u00e4n tuotteen ja maksaa siit\u00e4 hieman enemm\u00e4n vai valitseeko h\u00e4n halvan, k\u00e4ytt\u00f6i\u00e4lt\u00e4\u00e4n lyhyemm\u00e4n vaihtoehdon. Tutkimusprofessori Eva Heiskanen on sit\u00e4 mielt\u00e4, ett\u00e4 kuluttajan tulisi k\u00e4ytt\u00e4\u00e4 kaikkia tuotteita niin pitk\u00e4\u00e4n kuin ne ovat toimintakunnossa. Heiskanen my\u00f6s toi esiin hyv\u00e4n pointin siit\u00e4, etteiv\u00e4t uudet tuotteet v\u00e4ltt\u00e4m\u00e4tt\u00e4 ole tehokkaampia kuin vanhat. Tutkimusprofessori Mika Pantzar my\u00f6s huomautti, ett\u00e4 ennen vaatteet k\u00e4ytettiin loppuun, jos ne meniv\u00e4t rikki ne ensisijaisesti korjattiin eik\u00e4 heitetty pois. Vaihtelunhalua voi tyydytt\u00e4\u00e4 helposti kirpputoreilla, eik\u00e4 tarvitse aina ostaa uutta.<\/p>\n<p><img loading=\"lazy\" decoding=\"async\" class=\" wp-image-107 aligncenter\" src=\"https:\/\/blogi.eoppimispalvelut.fi\/kierto10\/files\/2020\/04\/pexels-photo-2505705-300x200.jpeg\" alt=\"\" width=\"355\" height=\"236\" srcset=\"https:\/\/blogi.eoppimispalvelut.fi\/kierto10\/files\/2020\/04\/pexels-photo-2505705-300x200.jpeg 300w, https:\/\/blogi.eoppimispalvelut.fi\/kierto10\/files\/2020\/04\/pexels-photo-2505705-1024x682.jpeg 1024w, https:\/\/blogi.eoppimispalvelut.fi\/kierto10\/files\/2020\/04\/pexels-photo-2505705-768x512.jpeg 768w, https:\/\/blogi.eoppimispalvelut.fi\/kierto10\/files\/2020\/04\/pexels-photo-2505705-1536x1024.jpeg 1536w, https:\/\/blogi.eoppimispalvelut.fi\/kierto10\/files\/2020\/04\/pexels-photo-2505705-1200x800.jpeg 1200w, https:\/\/blogi.eoppimispalvelut.fi\/kierto10\/files\/2020\/04\/pexels-photo-2505705.jpeg 1880w\" sizes=\"(max-width: 355px) 100vw, 355px\" \/><\/p>\n<h2 id=\"kaaren-pidentaminen-yritys\">Tuotteen elinkaaren pident\u00e4minen yrityksiss\u00e4<\/h2>\n<p>Luovimmat liiketoimintaideat perustuvat siihen, ett\u00e4 tuotannosta syntyv\u00e4\u00e4 j\u00e4tett\u00e4 kierr\u00e4tet\u00e4\u00e4n eteenp\u00e4in toisen yrityksen p\u00e4\u00e4raaka-aineeksi. J\u00e4tekulut v\u00e4henev\u00e4t ja kassavirta kasvaa. Toisaalta my\u00f6s ylij\u00e4\u00e4m\u00e4raaka-ainetta k\u00e4ytt\u00e4v\u00e4t yritykset hy\u00f6tyv\u00e4t tuotannon ekologisuudesta ja edullisista materiaalikustannuksista. Yritykset voivat hy\u00f6dynt\u00e4\u00e4 muiden toimialojen ylij\u00e4\u00e4m\u00e4materiaaleja.<br \/>\nTuotteiden huolto-, p\u00e4ivitys- ja korjauspalvelut ty\u00f6llist\u00e4v\u00e4t monia ja niiden avulla saadaan yksitt\u00e4isen tuotteen k\u00e4ytt\u00f6ik\u00e4\u00e4 pidennetty\u00e4. Kun samaa tavaraa k\u00e4ytet\u00e4\u00e4n aiempaa pidemp\u00e4\u00e4n, s\u00e4\u00e4stet\u00e4\u00e4n luonnonvaroja ja syntyy v\u00e4hemm\u00e4n p\u00e4\u00e4st\u00f6j\u00e4.<\/p>\n<h2 id=\"hy\u00f6dyt\">Elinkaaren pident\u00e4misen hy\u00f6dyt<\/h2>\n<p>Kun samaa tavaraa k\u00e4ytet\u00e4\u00e4n aiempaa pidemp\u00e4\u00e4n, s\u00e4\u00e4stet\u00e4\u00e4n luonnonvaroja ja syntyy v\u00e4hemm\u00e4n p\u00e4\u00e4st\u00f6j\u00e4. Kun tuotteita huolletaan tai korjataan niin n\u00e4m\u00e4 prosessit ty\u00f6llist\u00e4v\u00e4t usein paikallisia pienyrityksi\u00e4. Palveluiden k\u00e4ytt\u00f6 vahvistaa n\u00e4in l\u00e4hialueen taloutta, mink\u00e4 <a href=\"https:\/\/www.ymparistoosaava.fi\/sosiaali-ja-terveysala\/index.php?k=22566\">hy\u00f6dyt<\/a> kiertyv\u00e4t lopulta alueen asukkaiden ja yritysten hyv\u00e4ksi.<\/p>\n<p><img loading=\"lazy\" decoding=\"async\" class=\" wp-image-105 aligncenter\" src=\"https:\/\/blogi.eoppimispalvelut.fi\/kierto10\/files\/2020\/04\/recycle-555645_1280-232x300.jpg\" alt=\"\" width=\"292\" height=\"378\" srcset=\"https:\/\/blogi.eoppimispalvelut.fi\/kierto10\/files\/2020\/04\/recycle-555645_1280-232x300.jpg 232w, https:\/\/blogi.eoppimispalvelut.fi\/kierto10\/files\/2020\/04\/recycle-555645_1280-791x1024.jpg 791w, https:\/\/blogi.eoppimispalvelut.fi\/kierto10\/files\/2020\/04\/recycle-555645_1280-768x994.jpg 768w, https:\/\/blogi.eoppimispalvelut.fi\/kierto10\/files\/2020\/04\/recycle-555645_1280.jpg 989w\" sizes=\"(max-width: 292px) 100vw, 292px\" \/><\/p>\n<h2 id=\"pidentaminen\">Vinkkej\u00e4 elinkaaren pident\u00e4miseen<\/h2>\n<ol>\n<li>Anna eteenp\u00e4in tai vie ylim\u00e4\u00e4r\u00e4iset tavarat ja vaatteet kirpputorille tai myy ne eteenp\u00e4in.<\/li>\n<li>Lajittele roskat ja palauta pullot kaupan automaattiin.<\/li>\n<li>Korjaa vialliset tuotteet ja huolla s\u00e4\u00e4nn\u00f6llisesti sellaisia mitk\u00e4 tarvitsevat huoltoa.<\/li>\n<li>Ostop\u00e4\u00e4t\u00f6st\u00e4 tehdess\u00e4 on hyv\u00e4 mietti\u00e4 onko tuote kierr\u00e4tett\u00e4viss\u00e4 ja voiko sit\u00e4 korjata jos se menee rikki, esim kodinkoneet.<\/li>\n<li>Ostamisen sijasta pyri lainaamaan tai vuokraamaan.<\/li>\n<li>Yrit\u00e4 keksi\u00e4 vanhalle vaatteelle tai tavaralle uusi k\u00e4ytt\u00f6tarkoitus, esim vanhoista vaatteista tai tyhjist\u00e4 kahvipaketeista voi tehd\u00e4 uuden kestokassin.<\/li>\n<\/ol>\n<hr \/>\n<h2>Podcast<\/h2>\n<p>Podcast liittyen elinkaaren pident\u00e4miseen:<\/p>\n<audio class=\"wp-audio-shortcode\" id=\"audio-67-1\" preload=\"none\" style=\"width: 100%;\" controls=\"controls\"><source type=\"audio\/mpeg\" src=\"https:\/\/blogi.eoppimispalvelut.fi\/kierto10\/files\/2020\/04\/Podcast_Kierratataikuole.mp3?_=1\" \/><a href=\"https:\/\/blogi.eoppimispalvelut.fi\/kierto10\/files\/2020\/04\/Podcast_Kierratataikuole.mp3\">https:\/\/blogi.eoppimispalvelut.fi\/kierto10\/files\/2020\/04\/Podcast_Kierratataikuole.mp3<\/a><\/audio>\n<hr \/>\n<h2>Kierto10 -hanke<\/h2>\n<p>Hankkeen tavoitteena on lis\u00e4t\u00e4 ihmisten tietoutta kiertotaloudesta.<a href=\"https:\/\/www.lapinamk.fi\/fi\/Yrityksille-ja-yhteisoille\/Tutkimus,-kehitys-ja-innovaatiot\/Teollisuuden-ja-luonnonvarojen-osaamisala\/Kierto-10\"><img loading=\"lazy\" decoding=\"async\" class=\"aligncenter wp-image-231 size-full\" src=\"https:\/\/blogi.eoppimispalvelut.fi\/kierto10\/files\/2020\/04\/button-1-1.png\" alt=\"\" width=\"136\" height=\"49\" \/><\/a><\/p>\n<hr \/>\n<h6>Materiaalin laatijat<\/h6>\n<p>Lapin AMK:n T31L18S-ryhm\u00e4n liiketalouden opiskelijat:<\/p>\n<p>Aleksi Viitala, Elisa Rytil\u00e4, Emilia Pentinsaari, Erno Tapoj\u00e4rvi ja Vili Koskiniemi<\/p>\n<p>&nbsp;<\/p>\n<p>&nbsp;<\/p>\n<h6><a href=\"#alku\">Takaisin alkuun<\/a><\/h6>\n","protected":false},"excerpt":{"rendered":"<p>Tuotteen elinkaaren pident\u00e4minen T\u00e4m\u00e4n oppaan sis\u00e4lt\u00f6: Tietoa elinkaaren pident\u00e4misest\u00e4 Elinkaariajattelu Elinkaaren pident\u00e4minen kotitalouksissa Elinkaaren pident\u00e4minen yrityksiss\u00e4 Elinkaaren pident\u00e4misen hy\u00f6dyt Vinkkej\u00e4 elinkaaren pident\u00e4miseen<\/p>\n","protected":false},"author":3503,"featured_media":73,"parent":31,"menu_order":0,"comment_status":"closed","ping_status":"closed","template":"","meta":{"_et_pb_use_builder":"","_et_pb_old_content":"","_et_gb_content_width":"","footnotes":""},"class_list":["post-67","page","type-page","status-publish","has-post-thumbnail","hentry"],"_links":{"self":[{"href":"https:\/\/blogi.eoppimispalvelut.fi\/kierto10\/wp-json\/wp\/v2\/pages\/67","targetHints":{"allow":["GET"]}}],"collection":[{"href":"https:\/\/blogi.eoppimispalvelut.fi\/kierto10\/wp-json\/wp\/v2\/pages"}],"about":[{"href":"https:\/\/blogi.eoppimispalvelut.fi\/kierto10\/wp-json\/wp\/v2\/types\/page"}],"author":[{"embeddable":true,"href":"https:\/\/blogi.eoppimispalvelut.fi\/kierto10\/wp-json\/wp\/v2\/users\/3503"}],"replies":[{"embeddable":true,"href":"https:\/\/blogi.eoppimispalvelut.fi\/kierto10\/wp-json\/wp\/v2\/comments?post=67"}],"version-history":[{"count":50,"href":"https:\/\/blogi.eoppimispalvelut.fi\/kierto10\/wp-json\/wp\/v2\/pages\/67\/revisions"}],"predecessor-version":[{"id":402,"href":"https:\/\/blogi.eoppimispalvelut.fi\/kierto10\/wp-json\/wp\/v2\/pages\/67\/revisions\/402"}],"up":[{"embeddable":true,"href":"https:\/\/blogi.eoppimispalvelut.fi\/kierto10\/wp-json\/wp\/v2\/pages\/31"}],"wp:featuredmedia":[{"embeddable":true,"href":"https:\/\/blogi.eoppimispalvelut.fi\/kierto10\/wp-json\/wp\/v2\/media\/73"}],"wp:attachment":[{"href":"https:\/\/blogi.eoppimispalvelut.fi\/kierto10\/wp-json\/wp\/v2\/media?parent=67"}],"curies":[{"name":"wp","href":"https:\/\/api.w.org\/{rel}","templated":true}]}}