{"id":80,"date":"2020-04-15T12:03:47","date_gmt":"2020-04-15T09:03:47","guid":{"rendered":"https:\/\/blogi.eoppimispalvelut.fi\/kierto10\/?page_id=80"},"modified":"2020-04-30T08:46:30","modified_gmt":"2020-04-30T05:46:30","slug":"alustatalous","status":"publish","type":"page","link":"https:\/\/blogi.eoppimispalvelut.fi\/kierto10\/hyodyllista-tietoa-kiertotaloudesta\/alustatalous\/","title":{"rendered":"Alustatalous osana kiertotaloutta"},"content":{"rendered":"<h4 id=\"sisalto\"><strong>Sis\u00e4lt\u00f6<\/strong><\/h4>\n<ul>\n<li><a href=\"#mita-alustatalous-on\">Mit\u00e4 alustatalous on?<\/a>\n<ul>\n<li><a href=\"#Alustatalous-nyt\">Alustatalous nyt<\/a><\/li>\n<li><a href=\"#digitaalisuus\">Digitaalisuus osana alustataloutta<\/a><\/li>\n<li><a href=\"#kiertotaloudessa\">Alustatalous kiertotaloudessa<\/a><\/li>\n<\/ul>\n<\/li>\n<li><a href=\"#alustatalouden-merkitys\">Alustatalouden merkitys Suomessa<\/a><\/li>\n<li><a href=\"#millainen\">Millainen on tehokas alustatalous ja ekosysteemi?<\/a><\/li>\n<li><a href=\"#liiketoiminta\">Alustatalouden hy\u00f6dynt\u00e4minen liiketoiminnassa<\/a>\n<ul>\n<li><a href=\"#mista\">Mist\u00e4 l\u00e4hte\u00e4 liikkeelle?<\/a><\/li>\n<li><a href=\"#menestys\">Mit\u00e4 yrityksen menestys vaatii?<\/a><\/li>\n<\/ul>\n<\/li>\n<li><a href=\"#esim\">Esimerkkej\u00e4 alustataloudesta<\/a><\/li>\n<\/ul>\n<p><img decoding=\"async\" class=\"aligncenter\" src=\"https:\/\/images.unsplash.com\/photo-1482029255085-35a4a48b7084?ixlib=rb-1.2.1&amp;ixid=eyJhcHBfaWQiOjEyMDd9&amp;auto=format&amp;fit=crop&amp;w=1000&amp;q=80\" alt=\"man driving vehicle with GPS system turned on\" \/><\/p>\n<h4 id=\"mita-alustatalous-on\"><b>Mit\u00e4 alustatalous on?<\/b><\/h4>\n<p><span style=\"font-weight: 400\"><a href=\"https:\/\/ek.fi\/ajankohtaista\/uutiset\/2017\/10\/11\/viikon-kysymys-mita-on-alustatalous\/\">Elinkeinoel\u00e4m\u00e4n keskusliitto kertoo viikon kysymyksess\u00e4<\/a> alustataloudesta, mik\u00e4 se on? Alustatalous on saanut alkunsa internetin kehityksen my\u00f6t\u00e4, joka vakiinnuttaa paikkaansa liiketoiminnan organisaatiomallina. Se on k\u00e4yt\u00e4nn\u00f6ss\u00e4 uusi talouden ala, jonka idea perustuu yrityksen tarjoamalle alustalle, jonka p\u00e4\u00e4ll\u00e4 yksityishenkil\u00f6t tai yritykset voivat tehd\u00e4 lis\u00e4arvoa tuottavaa toimintaa eli myyd\u00e4 tuotteita tai palvelua.<\/span><\/p>\n<h6 id=\"Alustatalous-nyt\"><strong>alustatalous nyt<\/strong><\/h6>\n<p><span style=\"font-weight: 400\"> <a href=\"https:\/\/sorsafoundation.fi\/maija-mattila-alustatalous-mita-se-on-ja-miksi-siita-puhutaan-juuri-nyt\/\">Maija Mattila kirjoittaa Kalevi sorsa s\u00e4\u00e4ti\u00f6n blogissa<\/a> alustatalouden ajankohtaisuudesta. Termi alustatalous kuvaa toimintaansa: taloudellisen toiminnan muoto, jossa ihmiset jakavat, lainaavat, vuokraavat, myyv\u00e4t ja ostavat tavaroita ja palveluita internetin digitaalisten alustojen v\u00e4lityksell\u00e4. Esimerkiksi t\u00e4st\u00e4 on Swappie, Wolt, Tori.fi jotka ovat meille tuttuja sivustoja. <\/span><\/p>\n<p><span style=\"font-weight: 400\">Alustat eiv\u00e4t itsess\u00e4\u00e4n siis tuota palvelua, vaan toimivat niin sanottuna linkkin\u00e4 kahden tahon v\u00e4lill\u00e4. Facebookissa olevat kirpputori- sivustot ovat varmasti meille kaikille tuttuja, se on my\u00f6s alustataloutta, jossa ihmiset myyv\u00e4t tuotteita ilman, ett\u00e4 Facebook on kokonaan vastuussa ihmisten kirjoittamista ja lataamista sivuista alustalle. Sosiaalisen median alustat, kuten Facebook tekev\u00e4t tuottoaan myym\u00e4ll\u00e4 mainoksia, ei tuotteita tai palveluita kuten perinteisesti tehd\u00e4\u00e4n. Alustatalous on t\u00e4ten vuorovaikutustaloutta. Aihe on t\u00e4ll\u00f6in ajankohtainen, sill\u00e4 se kasvaa voimakkaasti digitaalisuuden my\u00f6t\u00e4, vaikkakin alustatalouden kautta elantonsa saavien m\u00e4\u00e4r\u00e4 on viel\u00e4 hyvin pieni. Alustatalouden toimivuuden kannalta onkuitenkin\u00a0 keksitt\u00e4v\u00e4 muoto kuinka se parhaimillaan palvelee yhteiskuntia ja sen asukkaita.\u00a0<\/span><\/p>\n<p><img loading=\"lazy\" decoding=\"async\" class=\"wp-image-354 aligncenter\" src=\"https:\/\/blogi.eoppimispalvelut.fi\/kierto10\/files\/2020\/04\/photo-1517292987719-0369a794ec0f-1-300x225.jpg\" alt=\"\" width=\"408\" height=\"306\" srcset=\"https:\/\/blogi.eoppimispalvelut.fi\/kierto10\/files\/2020\/04\/photo-1517292987719-0369a794ec0f-1-300x225.jpg 300w, https:\/\/blogi.eoppimispalvelut.fi\/kierto10\/files\/2020\/04\/photo-1517292987719-0369a794ec0f-1.jpg 667w\" sizes=\"(max-width: 408px) 100vw, 408px\" \/><\/p>\n<h6 id=\"digitaalisuus\">Digitaalisuus osana alustataloutta<\/h6>\n<p><span style=\"font-weight: 400\"><a href=\"https:\/\/www.alustatalous.fi\/alustatalous.html\">Alustatalouden nettisivustolla kirjoitetaan<\/a><\/span><span style=\"font-weight: 400\"> digitaalisuuden merkityksest\u00e4 nykyp\u00e4iv\u00e4n\u00e4, sill\u00e4 se mahdollistaa alustatalouden. Toimialat ja sektorit n\u00e4hd\u00e4\u00e4n saman ilmi\u00f6n sovelluksina, jolloin organisaation osien dokumentit tai data tuodaan samaan pilveen- yhteiselle alustalle. Nyky\u00e4\u00e4n halutaan p\u00e4\u00e4st\u00e4 eroon niin sanotuista \u201dsiiloista\u201d, eli jakautumista ja n\u00e4in ollen parantaa tuottavuutta avaamalla omat rajapinnat ja yhdist\u00e4m\u00e4ll\u00e4 omat osaamiset. T\u00e4ll\u00f6in organisoidutaan tuottamaan asiakasarvoa yhteisill\u00e4 alustoilla.<\/span><\/p>\n<h6 id=\"kiertotaloudessa\">Alustatalous kiertotaloudessa<\/h6>\n<p><a href=\"https:\/\/ek.fi\/syty-kiertotaloudesta\/nelja-kasvun-mahdollisuutta-suomalaisille-yrityksille\/digitaalisilla-alustoilla-kiinni-uudenlaiseen-kasvuun\/\">Elinkeinoel\u00e4m\u00e4n keskusliitto kirjoittaa<\/a> kasvusta digitaalisten alustojen avulla. Digitaaliset palvelualustat ja markkinapaikat luovat uusia arvoluonnin mahdollisuuksia yritysten, mikroyritysten ja k\u00e4ytt\u00e4jien v\u00e4lille. N\u00e4m\u00e4 bisnessmallit ovat ottaneet paikkansa osana kiertotalouden uutta ty\u00f6kalupakkia. Parhaimmillaan digitaaliset palvelut auttavat hy\u00f6dynt\u00e4m\u00e4\u00e4n resursseja entist\u00e4 tehokkaammin.<\/p>\n<p>Vertaiskaupan suosio kasvaa kohisten kuluttajien keskuudessa, kuten kest\u00e4v\u00e4 kuluttaminen ja tuotteiden uudelleenk\u00e4ytt\u00f6. T\u00e4m\u00e4 on mahdollista sivustojen kuten Tori.fi ja Facebookin kautta. Alustat mahdollistavat my\u00f6s tavaroiden vuokraamisen, kuten autovuokrauksen, elokuvien vuokrauksen ja paljon muita n\u00e4iden kaltaisia asioita. Alustatalous ei mahdollista pelk\u00e4st\u00e4\u00e4n vain tavaroiden eteenp\u00e4in myymisen, uudelleen k\u00e4yt\u00f6n tai vuokraamisen, vaan my\u00f6s ruokah\u00e4vikin v\u00e4hent\u00e4misen eri alustojen kautta. T\u00e4st\u00e4 esimerkkin\u00e4 Resque-app, jonka alusta mahdollistaa yrityksien myym\u00e4\u00e4n ylij\u00e4\u00e4nytt\u00e4 ruokaa, joka on silti t\u00e4ysin sy\u00f6m\u00e4kelpoista, mutta halvempaa!<\/p>\n<p>Summasummarum alustatalous on osa meid\u00e4n jokaisen p\u00e4iv\u00e4\u00e4, johon digitaalisuus on liitetty vahvasti. Nykyp\u00e4iv\u00e4n \u00e4lypuhelimet mahdollistavat meille helpot yhteydet olla osana alustataloutta, tilaatko kotiisi ruokaa, tarvitset autoa, muttet halua ostaa sit\u00e4, jolloin sen voit vuokrata, tai haluatko myyd\u00e4 jotain sinulle tarpeetonta. T\u00e4m\u00e4n kaiken helpoksi mahdollistaa digitaalisuus. Jokainen meist\u00e4 k\u00e4ytt\u00e4\u00e4 varmasti l\u00e4hes p\u00e4ivitt\u00e4in t\u00e4t\u00e4 taloudellisen toiminnan muotoa, tajuamatta sit\u00e4.<\/p>\n<p><img loading=\"lazy\" decoding=\"async\" class=\"alignnone size-medium wp-image-351\" src=\"https:\/\/blogi.eoppimispalvelut.fi\/kierto10\/files\/2020\/04\/kierto-212x300.jpg\" alt=\"\" width=\"212\" height=\"300\" srcset=\"https:\/\/blogi.eoppimispalvelut.fi\/kierto10\/files\/2020\/04\/kierto-212x300.jpg 212w, https:\/\/blogi.eoppimispalvelut.fi\/kierto10\/files\/2020\/04\/kierto-725x1024.jpg 725w, https:\/\/blogi.eoppimispalvelut.fi\/kierto10\/files\/2020\/04\/kierto-768x1085.jpg 768w, https:\/\/blogi.eoppimispalvelut.fi\/kierto10\/files\/2020\/04\/kierto-1087x1536.jpg 1087w, https:\/\/blogi.eoppimispalvelut.fi\/kierto10\/files\/2020\/04\/kierto-1449x2048.jpg 1449w, https:\/\/blogi.eoppimispalvelut.fi\/kierto10\/files\/2020\/04\/kierto-1200x1696.jpg 1200w, https:\/\/blogi.eoppimispalvelut.fi\/kierto10\/files\/2020\/04\/kierto.jpg 1554w\" sizes=\"(max-width: 212px) 100vw, 212px\" \/><\/p>\n<h4 id=\"alustatalouden-merkitys\"><b>Alustatalouden merkitys Suomessa<\/b><\/h4>\n<p><span style=\"font-weight: 400\"><a href=\"https:\/\/www.kkv.fi\/globalassets\/kkv-suomi\/ajankohtaista\/tapahtumat\/2016\/kkv-paiva-2016---heikki-ailisto---alustatalouden-tilanne-ja-mahdollisuudet-suomessa.pdf\">Tutkimusprofessori Heikki Ailiston mukaan<\/a> Amerikkalaiset ja aasialaiset firmat hallitsevat alustataloudessa. Suomessa hyvin harvat yritykset ovat julkistaneet avoimia alustoja tai edes rajaresursseja. Muutamilla yrityksill\u00e4 voi olla osin avoimia tai suljettuja alustoja omassa k\u00e4yt\u00f6ss\u00e4.<\/span><\/p>\n<p><span style=\"font-weight: 400\"><a href=\"https:\/\/op.media\/chydenius\/megatrendit\/alustatalous-on-paljon-enemman-kuin-uber-tai-airbnb-cfbfc1b735954f3092688f03320752c6\">Op.media<\/a> kirjoittaa alustataloudesta sivuillaan. Heid\u00e4n mukaansa alustatalouden merkitys kasvaa koko ajan, sill\u00e4 <strong>se tarjoaa uudenlaisia mahdollisuuksia ja muuttaa liiketoimintaa syv\u00e4llisemmin<\/strong>. Suomalaisten yritysten pit\u00e4isi mietti\u00e4, miten he voisivat hy\u00f6dynt\u00e4\u00e4 paremmin alustataloutta. Yritykset eiv\u00e4t usein itse kykene tarjoamaan asiakkailleen kaikkea heid\u00e4n haluamaansa ja silloin tulisikin mietti\u00e4, voisiko omasta liiketoiminnasta jakaa enemm\u00e4n dataa yhteisty\u00f6kumppaneille. Jos omaa liiketoimintaa avaa kolmansille osapuolille, he pystyv\u00e4t kehitt\u00e4m\u00e4\u00e4n t\u00e4ysin uudenlaisia palvelu- ja tuoteinnovaatioita.<\/span><\/p>\n<p><span style=\"font-weight: 400\">Alustatalouden yleistyminen <strong>vaikuttaa my\u00f6s ty\u00f6markkinoihin<\/strong>. Se, miten se vaikuttaa, riippuu ty\u00f6n luonteesta. Matalan ammattitaidon t\u00f6iss\u00e4 kilpailu on kovaa ja tulot ovat usein pienemm\u00e4t kuin palkkat\u00f6iss\u00e4. Korkean ammattitaidon t\u00f6iss\u00e4 <strong>voi puolestaan tienata jopa paremmin<\/strong>. Esimerkiksi verkossa teht\u00e4vi\u00e4 t\u00f6it\u00e4 on mahdollista tarjota maailmanlaajuisesti ja n\u00e4in palkkiot voivat olla parempia kuin Suomessa.<\/span><\/p>\n<p><img loading=\"lazy\" decoding=\"async\" class=\"wp-image-355 aligncenter\" src=\"https:\/\/blogi.eoppimispalvelut.fi\/kierto10\/files\/2020\/04\/photo-1534951009808-766178b47a4f-300x200.jpg\" alt=\"\" width=\"366\" height=\"244\" srcset=\"https:\/\/blogi.eoppimispalvelut.fi\/kierto10\/files\/2020\/04\/photo-1534951009808-766178b47a4f-300x200.jpg 300w, https:\/\/blogi.eoppimispalvelut.fi\/kierto10\/files\/2020\/04\/photo-1534951009808-766178b47a4f.jpg 750w\" sizes=\"(max-width: 366px) 100vw, 366px\" \/><\/p>\n<p><span style=\"font-weight: 400\">Yrityksille <strong>digitaaliset alustat avaavat uusia myyntikanavia<\/strong>. Monilla alustoilla v\u00e4lityspalkkio on pienempi, kuin mit\u00e4 yritykset nyt menett\u00e4v\u00e4t tuotteen tai palvelun hinnasta. Esimerkiksi Suomessa ruokakaupat saavat nyt itselleen noin puolet ruoan loppuhinnasta. Amazonilla v\u00e4lityspalkkio on noin 30 prosenttia. Suurempi itselle j\u00e4\u00e4v\u00e4 osuus hinnasta tiet\u00e4\u00e4 tietenkin enemm\u00e4n itselle j\u00e4\u00e4vi\u00e4 teht\u00e4vi\u00e4, mutta yritys voi itse puntaroida, onko se sen arvoista.<\/span><\/p>\n<p><span style=\"font-weight: 400\">Yksi alustatalouden varjopuolista on vallan keskittyminen suurille kansainv\u00e4lisille toimijoille. Pienempien yritysten <strong>kannattaisikin kehitt\u00e4\u00e4 omia alustoja suurempien kansainv\u00e4listen rinnalle<\/strong>.<\/span><\/p>\n<h4 id=\"millainen\">Millainen on tehokas alustatalous ja ekosysteemi?<\/h4>\n<p><a href=\"https:\/\/www.innoman.fi\/blogi\/alustatalous-ja-ekosysteemit-jargonia-vai-oikeaa-asiaa\/#\">Innoman kertoo blogissaan<\/a> millainen on tehokas alustatalous sek\u00e4 ekosysteemi. Ensin\u00e4kin digitalisaatio on suuri mahdollistaja, joka on t\u00e4rke\u00e4ss\u00e4 roolissa kun toimitetaan palveluja yhteisty\u00f6ss\u00e4 eri toimittajien kanssa sek\u00e4 hallinnoidaan erilaisia ekosysteemej\u00e4.<\/p>\n<p>Innovaatiot sek\u00e4 uusien palveluiden kehitystiekarttojen laatiminen ovat t\u00e4rkeit\u00e4 edellytyksi\u00e4 silloin, kun rakennetaan toimivaa ekosysteemi\u00e4. Toimivat ekosysteemit ovat siis erilaisia verkostoja, joiden avulla luodaan merkitt\u00e4v\u00e4\u00e4 liiketoimintaa sek\u00e4 lis\u00e4arvoa. Hyvin toimivaa ekosysteemi\u00e4 tarkasteltaessa on hyv\u00e4 tarkkailla loppuk\u00e4ytt\u00e4jien tyytyv\u00e4isyytt\u00e4, jotta toiminta saavuttaa saumattoman loppuk\u00e4ytt\u00e4j\u00e4kokemuksen.<\/p>\n<p><img loading=\"lazy\" decoding=\"async\" class=\"alignnone wp-image-356\" src=\"https:\/\/blogi.eoppimispalvelut.fi\/kierto10\/files\/2020\/04\/photo-1552664730-d307ca884978-300x200.jpg\" alt=\"\" width=\"378\" height=\"252\" srcset=\"https:\/\/blogi.eoppimispalvelut.fi\/kierto10\/files\/2020\/04\/photo-1552664730-d307ca884978-300x200.jpg 300w, https:\/\/blogi.eoppimispalvelut.fi\/kierto10\/files\/2020\/04\/photo-1552664730-d307ca884978.jpg 750w\" sizes=\"(max-width: 378px) 100vw, 378px\" \/><\/p>\n<p>Ekosysteemien hallitseminen perustuu liiketoiminnan arvoketjun ymm\u00e4rt\u00e4miseen ja aktiiviseen yhteydenpitoon merkitt\u00e4vimpien sidosryhmien kanssa. Lis\u00e4ksi toimiva ekosysteemi pyrkii toiminnassaan huomioimaan seuraavat<\/p>\n<ul>\n<li style=\"text-align: left\">yhdess\u00e4 sovitut ohjausk\u00e4yt\u00e4nn\u00f6t ja kehitystiekartat<\/li>\n<li style=\"text-align: left\">yhten\u00e4iset prosessit ja laatuvaatimukset kaikille toimittajille<\/li>\n<li style=\"text-align: left\">yhteinen toimintamalli, jonka tarkoituksena on taata jatkuvuus ja joustavuus<\/li>\n<li style=\"text-align: left\">yhteiseen toimintamalliin liittyv\u00e4 digitaalinen alusta<\/li>\n<li style=\"text-align: left\">yhdess\u00e4 sovitut toimintaprosessien suorituskykymittarit sek\u00e4 hallintaty\u00f6kalut<\/li>\n<\/ul>\n<h4 id=\"liiketoiminta\"><b>Alustatalouden hy\u00f6dynt\u00e4minen liiketoiminnassa\u00a0<\/b><\/h4>\n<p><span style=\"font-weight: 400\"><a href=\"https:\/\/www.sofokus.com\/fi\/palvelu\/alustatalous\/\">Sofokus.fi<\/a> kertoo blogiartikkelissaan alustatalouden mahdollisuuksista liiketoiminnassa. Kun yksitt\u00e4inen yritys p\u00e4\u00e4tt\u00e4\u00e4 hy\u00f6dynt\u00e4\u00e4 alustataloutta, on t\u00e4rke\u00e4\u00e4 huomioida, <strong>mik\u00e4 on oman toiminnaan rooli<\/strong> <strong>alustoilla<\/strong> vai nojaako yrityksen liiketoiminta itse kehitettyyn alustaan. Kilpailuedun saavuttaminen samoilla alustoilla suhteessa muihin yrityksiin perustuu markkinoinnin onnistumiseen, asiakaspalautteisiin ja hintoihin. Toinen vaihtoehto yrityksell\u00e4 on l\u00e4hte\u00e4 itse investoimaan oman alustan kehitt\u00e4miseen.<\/span><\/p>\n<p><img loading=\"lazy\" decoding=\"async\" class=\"alignnone wp-image-359\" src=\"https:\/\/blogi.eoppimispalvelut.fi\/kierto10\/files\/2020\/04\/photo-1520607162513-77705c0f0d4a-300x200.jpg\" alt=\"\" width=\"368\" height=\"245\" srcset=\"https:\/\/blogi.eoppimispalvelut.fi\/kierto10\/files\/2020\/04\/photo-1520607162513-77705c0f0d4a-300x200.jpg 300w, https:\/\/blogi.eoppimispalvelut.fi\/kierto10\/files\/2020\/04\/photo-1520607162513-77705c0f0d4a.jpg 749w\" sizes=\"(max-width: 368px) 100vw, 368px\" \/><\/p>\n<h6 id=\"mista\"><b>Mist\u00e4 l\u00e4hte\u00e4 liikkeelle?<\/b><\/h6>\n<p><span style=\"font-weight: 400\">Yrityksen konseptin tulee olla liiketoiminnallisesti voittava ja tekninen toteutus on t\u00e4ss\u00e4 pakollinen ja kriittinen v\u00e4line. On my\u00f6s t\u00e4rke\u00e4\u00e4 mietti\u00e4, mink\u00e4 tyyppinen yritys on kyseess\u00e4 ja millainen rooli markkinoilla halutaan saavuttaa. Esimerkiksi globaalisti merkitt\u00e4vien ja tunnettujen toimijoiden kannattaa l\u00e4hte\u00e4 suoraan kehitt\u00e4m\u00e4\u00e4n omaa alustaa.\u00a0<\/span><\/p>\n<h6 id=\"menestys\"><b>Mit\u00e4 yrityksen menestys vaatii?<\/b><\/h6>\n<p><span style=\"font-weight: 400\">Jotta mahdollistetaan yrityksen menestys alustataloudessa, tulisi ottaa huomioon useita eri seikkoja. <strong>Yksi t\u00e4rke\u00e4 asia n\u00e4ist\u00e4 on puolustettavuus.<\/strong> Puolustettavuus tarkoittaa jotain asiaa yrityksess\u00e4, joka tekee yrityksen liiketoiminnan kopioimisesta vaikeaa. Kun organisaatio on saanut rakennettua toimivan ja erottuvan liiketoimintamallin, l\u00e4hdet\u00e4\u00e4n miettim\u00e4\u00e4n, mill\u00e4 keinoilla t\u00e4m\u00e4 konsepti saadaan turvattua mahdollisimman tehokkaasti. Esimerkiksi Google on rakentanut itselleen maailmanlaajuisen ja hyvin puolustettavan runkoverkon.<\/span><\/p>\n<p><img loading=\"lazy\" decoding=\"async\" class=\"alignnone wp-image-361\" src=\"https:\/\/blogi.eoppimispalvelut.fi\/kierto10\/files\/2020\/04\/photo-1501250987900-211872d97eaa-300x200.jpg\" alt=\"\" width=\"368\" height=\"245\" srcset=\"https:\/\/blogi.eoppimispalvelut.fi\/kierto10\/files\/2020\/04\/photo-1501250987900-211872d97eaa-300x200.jpg 300w, https:\/\/blogi.eoppimispalvelut.fi\/kierto10\/files\/2020\/04\/photo-1501250987900-211872d97eaa.jpg 750w\" sizes=\"(max-width: 368px) 100vw, 368px\" \/><\/p>\n<p><span style=\"font-weight: 400\"><strong>Verkostovaikutukset ovat toinen hyv\u00e4 keino luoda puolustettavuutta<\/strong> <strong>s\u00e4hk\u00f6iseen liiketoimintaan<\/strong>. Verkostovaikutus tarkoittaa efekti\u00e4, joka tapahtuu, kun uudet k\u00e4ytt\u00e4j\u00e4t tekev\u00e4t verkostosta entist\u00e4 arvokkaamman jo olemassa oleville k\u00e4ytt\u00e4jille. Jos verkosto ylitt\u00e4\u00e4 kriittisen pisteen, muut verkostot alkavat menett\u00e4\u00e4 kiinnostavuutta. Yritykset, joiden ydinliiketoiminta on sidottu verkostovaikutusten ymp\u00e4rille, on loistava mahdollisuus p\u00e4rj\u00e4t\u00e4 markkinoilla isosti.<\/span><\/p>\n<h4 id=\"esim\"><span style=\"font-weight: 400\"><strong>Esimerkkej\u00e4<\/strong>\u00a0<\/span><\/h4>\n<p><span style=\"font-weight: 400\"><a href=\"https:\/\/www.finanssialalle.fi\/opintomateriaalit\/finanssialan-perusteet\/innovaatiot\/alustatalous.html\">Finanssialalle.fi<\/a> luettelee sivuillaan esimerkkej\u00e4 alustaloudesta. Niit\u00e4 ovat esimerkiksi Uber, Airbnb, ResQ ja Wolt. Maailman suurin taksiyritys Uber tarjoaa auton omistajalle alustan, jossa he voivat tarjota kuljetuspalveluita. Uber itse ei omista yht\u00e4\u00e4n ajoneuvoa. Airbnb sen sijaan tarjoaa alustan sellaisille henkil\u00f6ille, jotka haluavat tarjota omaa asuntoa tai huonettaan vuokralle. Airbnb ei siis omista vuokrattavia asuntoja tai huoneita ollenkaan. Lis\u00e4ksi suomalaiset startup-yritykset ResQ ja Wolt eiv\u00e4t omista ainuttakaan ravintolaa, vaan he ovat synnytt\u00e4neet alustan, jossa tuottajan ja kuluttajan on mahdollista kohdata.<\/span><\/p>\n<p><img loading=\"lazy\" decoding=\"async\" class=\"wp-image-358 aligncenter\" src=\"https:\/\/blogi.eoppimispalvelut.fi\/kierto10\/files\/2020\/04\/photo-1554672408-730436b60dde-220x300.jpg\" alt=\"\" width=\"265\" height=\"361\" srcset=\"https:\/\/blogi.eoppimispalvelut.fi\/kierto10\/files\/2020\/04\/photo-1554672408-730436b60dde-220x300.jpg 220w, https:\/\/blogi.eoppimispalvelut.fi\/kierto10\/files\/2020\/04\/photo-1554672408-730436b60dde.jpg 367w\" sizes=\"(max-width: 265px) 100vw, 265px\" \/><\/p>\n<p><span style=\"font-weight: 400\">Perinteist\u00e4 liiketoimintaa toteuttavien yritysten voi olla haastavaa ennakoida alustalouden kilpailun syntymist\u00e4, sill\u00e4 useat tulokselliset alustayhti\u00f6t ovat liikkuneet uusille alueille t\u00e4ysin varoittamatta. Esimerkiksi Google on siirtynyt hakukoneista karttapalveluihin sek\u00e4 mobiilik\u00e4ytt\u00f6j\u00e4rjestelmiin. Lis\u00e4ksi esimerkiksi Apple ja Samsung ovat puhelimien ohella siirtyneet my\u00f6s \u00e4lykellojen valmistukseen.<\/span><\/p>\n<h4><strong>Podcast<\/strong><\/h4>\n<p>Kuuntele podcast ResQ-sovelluksesta ja sen hy\u00f6dyist\u00e4.<\/p>\n<audio class=\"wp-audio-shortcode\" id=\"audio-80-1\" preload=\"none\" style=\"width: 100%;\" controls=\"controls\"><source type=\"audio\/mpeg\" src=\"https:\/\/blogi.eoppimispalvelut.fi\/kierto10\/files\/2020\/04\/Tytt\u00f6jen-podcast.mp3?_=1\" \/><a href=\"https:\/\/blogi.eoppimispalvelut.fi\/kierto10\/files\/2020\/04\/Tytt\u00f6jen-podcast.mp3\">https:\/\/blogi.eoppimispalvelut.fi\/kierto10\/files\/2020\/04\/Tytt\u00f6jen-podcast.mp3<\/a><\/audio>\n<h4>Kierto10- hanke<\/h4>\n<p>Kierto10- hankkeen tavoitteena on vahvistaa Meri- Lapin kuntalaisten kiertotaloutta sek\u00e4 ilmastomy\u00f6nteist\u00e4 asennetta nopeiden kokeilujen ja paikallisten tapahtumien avulla.<\/p>\n<p><a href=\"https:\/\/www.lapinamk.fi\/fi\/Yrityksille-ja-yhteisoille\/Tutkimus,-kehitys-ja-innovaatiot\/Teollisuuden-ja-luonnonvarojen-osaamisala\/Kierto-10\"><img loading=\"lazy\" decoding=\"async\" class=\"alignnone size-full wp-image-379\" src=\"https:\/\/blogi.eoppimispalvelut.fi\/kierto10\/files\/2020\/04\/button-1-2.png\" alt=\"\" width=\"136\" height=\"49\" \/><\/a><\/p>\n<p><a href=\"#sisalto\">Takaisin alkuun<\/a><\/p>\n<hr \/>\n<h6><\/h6>\n<h6>materiaalin laatijat<\/h6>\n<p>Lapin AMK:n T31L18S-ryhm\u00e4n liiketalouden opiskelijat:<\/p>\n<p>Koskenniemi Niina, Lammi Matilda, Ponkala Nea &amp; Salminen Anni<\/p>\n<p>&nbsp;<\/p>\n<p>&nbsp;<\/p>\n","protected":false},"excerpt":{"rendered":"<p>Sis\u00e4lt\u00f6 Mit\u00e4 alustatalous on? Alustatalous nyt Digitaalisuus osana alustataloutta Alustatalous kiertotaloudessa Alustatalouden merkitys Suomessa Millainen on tehokas alustatalous ja ekosysteemi? Alustatalouden hy\u00f6dynt\u00e4minen liiketoiminnassa Mist\u00e4 l\u00e4hte\u00e4 liikkeelle? Mit\u00e4 yrityksen menestys vaatii? Esimerkkej\u00e4 alustataloudesta Mit\u00e4 alustatalous on? Elinkeinoel\u00e4m\u00e4n keskusliitto kertoo viikon kysymyksess\u00e4 alustataloudesta, mik\u00e4 se on? Alustatalous on saanut alkunsa internetin kehityksen my\u00f6t\u00e4, joka vakiinnuttaa paikkaansa liiketoiminnan [&hellip;]<\/p>\n","protected":false},"author":3500,"featured_media":118,"parent":31,"menu_order":0,"comment_status":"closed","ping_status":"closed","template":"","meta":{"_et_pb_use_builder":"","_et_pb_old_content":"","_et_gb_content_width":"","footnotes":""},"class_list":["post-80","page","type-page","status-publish","has-post-thumbnail","hentry"],"_links":{"self":[{"href":"https:\/\/blogi.eoppimispalvelut.fi\/kierto10\/wp-json\/wp\/v2\/pages\/80","targetHints":{"allow":["GET"]}}],"collection":[{"href":"https:\/\/blogi.eoppimispalvelut.fi\/kierto10\/wp-json\/wp\/v2\/pages"}],"about":[{"href":"https:\/\/blogi.eoppimispalvelut.fi\/kierto10\/wp-json\/wp\/v2\/types\/page"}],"author":[{"embeddable":true,"href":"https:\/\/blogi.eoppimispalvelut.fi\/kierto10\/wp-json\/wp\/v2\/users\/3500"}],"replies":[{"embeddable":true,"href":"https:\/\/blogi.eoppimispalvelut.fi\/kierto10\/wp-json\/wp\/v2\/comments?post=80"}],"version-history":[{"count":59,"href":"https:\/\/blogi.eoppimispalvelut.fi\/kierto10\/wp-json\/wp\/v2\/pages\/80\/revisions"}],"predecessor-version":[{"id":381,"href":"https:\/\/blogi.eoppimispalvelut.fi\/kierto10\/wp-json\/wp\/v2\/pages\/80\/revisions\/381"}],"up":[{"embeddable":true,"href":"https:\/\/blogi.eoppimispalvelut.fi\/kierto10\/wp-json\/wp\/v2\/pages\/31"}],"wp:featuredmedia":[{"embeddable":true,"href":"https:\/\/blogi.eoppimispalvelut.fi\/kierto10\/wp-json\/wp\/v2\/media\/118"}],"wp:attachment":[{"href":"https:\/\/blogi.eoppimispalvelut.fi\/kierto10\/wp-json\/wp\/v2\/media?parent=80"}],"curies":[{"name":"wp","href":"https:\/\/api.w.org\/{rel}","templated":true}]}}