{"id":35,"date":"2019-09-15T22:35:57","date_gmt":"2019-09-15T19:35:57","guid":{"rendered":"https:\/\/blogi.eoppimispalvelut.fi\/kmailand\/?page_id=35"},"modified":"2021-12-06T15:16:03","modified_gmt":"2021-12-06T13:16:03","slug":"pohtiva-blogi","status":"publish","type":"page","link":"https:\/\/blogi.eoppimispalvelut.fi\/kmailand\/pohtiva-blogi\/","title":{"rendered":"Pohtiva Blogi"},"content":{"rendered":"<p>6.12.2021 Itsen\u00e4isyysp\u00e4iv\u00e4<\/p>\n<p>Vihdoin sain aikaisekis tehd\u00e4 n\u00e4ist\u00e4 sivuista oman n\u00e4k\u00f6iseni. Opintojen aikana aloitin ja tein sivut, mutta kiireilt\u00e4 ne sitten j\u00e4iv\u00e4t. Suoritin Tradenomi tutkintoni Lapin ammattikorkeakoulussa kahdessa vuodessa 2 kuukaudessa ja valmistuin 22.10.2021. T\u00e4m\u00e4 kertoo siit\u00e4 ett\u00e4 kiireit\u00e4 piti. Samanaikaisesti aloitin elokuulla 2020 uudessa ty\u00f6ss\u00e4ni suunnittelijana ja loppuvuodesta 2020 aloin ty\u00f6st\u00e4m\u00e4\u00e4n opinn\u00e4ytety\u00f6t\u00e4ni ja siin\u00e4 sitten meni kev\u00e4t 2021, normaaliopinnot sek\u00e4 opinn\u00e4ytety\u00f6, ett\u00e4 p\u00e4iv\u00e4ty\u00f6. Kes\u00e4ll\u00e4 tein Campusonlinen kautta kes\u00e4opintoja, useita eri johtajuusopintoja sek\u00e4 Keskon kauppiasopintoja. Muistin kyll\u00e4 kaiken t\u00e4m\u00e4n keskell\u00e4 my\u00f6s lomailla ja pit\u00e4\u00e4 huolta itsest\u00e4ni.<\/p>\n<p>Kun opinnot p\u00e4\u00e4ttyiv\u00e4t lokakuulla, olo oli tyhj\u00e4 ja hetken aikaa pohdin mihin ihmeeseen k\u00e4yt\u00e4n aikani. On se valtavan iso aukko, joka siit\u00e4 j\u00e4\u00e4. Tulevaisuuden visioissa olen ty\u00f6ss\u00e4 joko asiakkuusp\u00e4\u00e4llikk\u00f6n\u00e4, myyntip\u00e4\u00e4llikk\u00f6n\u00e4 tai vastaavana. Harkitsen kauppatieteiden maisterin opintoja (tai itseasiassa hainkin jo TIJO-ohjelmaan LUTiin). Jos en t\u00e4ll\u00e4 kertaa p\u00e4\u00e4se sis\u00e4\u00e4n, niin ei haittaa. Voin yht\u00e4 hyvin huilia ja rauhassa suoritella esimerkiksi avoimen yliopiston koulutuksia, jossa tavoitteena jossakin vaiheessa tutkinto. Mielest\u00e4ni opinnot eiv\u00e4t sulje minulta mit\u00e4\u00e4n pois, vaan antaa sis\u00e4lt\u00f6\u00e4 ja tukea my\u00f6s ty\u00f6ss\u00e4ni tekemiini p\u00e4\u00e4t\u00f6ksiin sek\u00e4 osaan perustella tietoiset valintani ja p\u00e4\u00e4t\u00f6kseni. Seison p\u00e4\u00e4t\u00f6ksieni takana, jotka pystyn perustelemaan.<\/p>\n<p>Nyt on l\u00e4hdett\u00e4v\u00e4 ulkoilemaan kun on viel\u00e4 valoisaa, mutta toivon ett\u00e4 l\u00f6yd\u00e4t sivuilleni.<\/p>\n<p>31.8.2020<br \/>\nTovi vier\u00e4ht\u00e4nyt kun olen blogiin asti p\u00e4\u00e4ssyt.<br \/>\nT\u00e4m\u00e4 kev\u00e4t ja kes\u00e4 olikin erilainen koronan my\u00f6t\u00e4, siirryttiin toimistolta et\u00e4t\u00f6ihin kotiin ja n\u00e4in on istuttu opinnoissa sek\u00e4 ty\u00f6ss\u00e4 saman ty\u00f6p\u00f6yd\u00e4n \u00e4\u00e4ress\u00e4 aamusta iltaan.<\/p>\n<p>Mit\u00e4 t\u00e4h\u00e4n kaikkeen on mahtunut, soveltavaa hybridity\u00f6ntekoa sek\u00e4 vapaa-ajan erottamista ty\u00f6ajasta. Uuden oppimista siihen, ettei ty\u00f6paikalle menn\u00e4 aamulla vaan menet ty\u00f6pisteeseen kotona.<br \/>\nKaikki t\u00e4m\u00e4 siirtyminen on mennyt ihan loistavasti ja tunnen ty\u00f6ni niin hyvin, ett\u00e4 turvallisin mielin k\u00e4vi et\u00e4ty\u00f6t.<\/p>\n<p>Kes\u00e4n aikana hain haastavempaan teht\u00e4v\u00e4\u00e4n Metropoliassa ja n\u00e4in tulin valituksi T\u00e4ydennyskoulutus ja yrityspalveluihin suunnittelijaksi. Uusi ty\u00f6, vanhat yst\u00e4v\u00e4t ja uusia haasteita valtava m\u00e4\u00e4r\u00e4.<br \/>\nUuden ty\u00f6n aloitin elokuun alkup\u00e4ivin\u00e4 ja my\u00f6nn\u00e4n, ett\u00e4 savottaa t\u00e4ss\u00e4 riitt\u00e4\u00e4. T\u00f6it\u00e4 on aika lailla ja koronan kurittamaa t\u00e4ydennyskoulutus sek\u00e4 yrityskoulutuksen puolta on veivattu, siirretty ja modifioitu kouutukset uudelleen.Se vaatii melkein taikuutta kaikessansa.<br \/>\nKustannuslaskelmia, tarjouksia syntyy ja kaiken t\u00e4m\u00e4n my\u00f6t\u00e4 my\u00f6skin sopimuksia. Moodle alustaa on tullut k\u00e4ytetty\u00e4 nyt my\u00f6s &#8220;opettajan&#8221; ominaisuudessa ja niin sit\u00e4 vaan saadaan aikaiseksi koulutuksia.<br \/>\nOnneksi meill\u00e4 on superhyvi\u00e4 assareita, jotka hoitaa sen kutsujen ym l\u00e4hett\u00e4misen. Aika ei ihan kaikkeen riit\u00e4 ja t\u00e4ss\u00e4 samassa h\u00f6t\u00e4k\u00e4ss\u00e4 olisi suunniteltava viel\u00e4 ensi vuotta t\u00e4ydennyskouutusten osalta, luotava uutta.<\/p>\n<p>Saa n\u00e4hd\u00e4, mutta nyt syksyn aikana pyrin blogiani p\u00e4ivitt\u00e4m\u00e4\u00e4n useammin. Matka jatkuu opinnoissa ja kolmas lukuvuosi on alkamassa!<\/p>\n<p>Ihanaa syksyn aikaa &lt;3<\/p>\n<p>2.3.2020<\/p>\n<p>Uutta kohti?<br \/>\nT\u00e4ss\u00e4 kohti opintoja ja oman osaamisen kehittymist\u00e4 on tullut aika katsoa peiliin ja mietti\u00e4 mit\u00e4 kaikkea osaan, ja olenko ty\u00f6ss\u00e4ni voinut hy\u00f6dynt\u00e4\u00e4 edes murto-osaa siit\u00e4. El\u00e4m\u00e4 on ollut aika kiiruista, mutta aika ajoin on vastaan tullut turhautuminen ns. liukuhihnaduuniin.<br \/>\nLapin amk:ssa opinnot valmistavat johtajuuteen, mutta tosiasiassa kuinka moni Tradenomi tekee edes t\u00f6it\u00e4 p\u00e4\u00e4llikk\u00f6n\u00e4 jos useampaan suunnittelijas ja koordinaattorin hommaankin tarvitsee sen ylemm\u00e4n amk:in tutkinnon.<br \/>\nOlen kuitenkin jo kohta 21 vuotta ollut johtajien apuna, tekem\u00e4ss\u00e4 yht\u00e4 sun toista osallistuen kaikkeen siihen mit\u00e4 johtaja tekee. V\u00e4kisin siis pohtii mihin t\u00e4m\u00e4 tutkinto johtaa vai onko se tutkinto vain mulle takataskuun nykyist\u00e4 ty\u00f6t\u00e4ni varten.<\/p>\n<p>Nyt opinnoissa meneill\u00e4\u00e4n tilastomatematiikkaa, jotka teen kohta t\u00e4ss\u00e4. Enkun esitys, ty\u00f6oikeudesta malliesimerkki ja ty\u00f6yhteis\u00f6osaamiseen pit\u00e4\u00e4 katsoa pari juttua ja slidet sek\u00e4 esitys valmiiksi ensi maanantaiksi. Tuo viimeisin on ehk\u00e4 mulle kaikista helpoin&#8230; &#8216;<\/p>\n<p>Kes\u00e4\u00e4 kohti menn\u00e4\u00e4n ja pohdin josko jotain kes\u00e4opintoja ottaisin, mutta my\u00f6s jaksamista pohdin. Ty\u00f6el\u00e4m\u00e4 on hektist\u00e4 ja ty\u00f6kuormaa sen verran ett\u00e4 koneella se kokonainen p\u00e4iv\u00e4 monena p\u00e4iv\u00e4n\u00e4 viikossa on aika rankkaa. Pit\u00e4nee pohtia ja priorisoida se t\u00e4rkein eli katselen ja ihmettelen ja ehk\u00e4 jossain kohti se kokonaiskuva muodostuu minulle itsellenikin.<\/p>\n<p>Jatkuva oppiminen on p\u00e4iv\u00e4n sana, mutta en voi kuin ihmetell\u00e4 t\u00e4ss\u00e4 kohti miten ty\u00f6nantaja sit\u00e4 tukee, jos ty\u00f6kuorma on se 120% niin miss\u00e4 kohti jaksat opiskella? Itselleni se on itsens\u00e4 kehitt\u00e4mist\u00e4 tiedon hakua taidon tueksi, mutta monet kollegat ovat ty\u00f6ss\u00e4 todenneetkin etteiv\u00e4t jaksaisi opiskella ett\u00e4 t\u00e4m\u00e4 on t\u00e4ss\u00e4 ja merkonomin paperit riitt\u00e4\u00e4. Siin\u00e4 tulee v\u00e4kisin sellainen kuva ymp\u00e4rist\u00f6st\u00e4, ett\u00e4 onko omat opinnotkaan sen v\u00e4\u00e4rtti ett\u00e4 hikoilee ja tekee hommia hulluna opintojen eteen. Johtaako se siis mihink\u00e4\u00e4n omalla urallani vai onko lopputulos se, ett\u00e4 ilahdutan opinnoillani itse\u00e4ni ja ty\u00f6nantajalle se on ihan sama kunhan hoidan hommani. Olen yritt\u00e4nyt katsoa eteenp\u00e4in ja nousta uralla, mutta se ei ole mahdollistunut koska miksi antaa hyv\u00e4lle sihteerille (joka vaikka silm\u00e4t ummessa tekisi hommat) mahdollisuutta uuteen haasteellisempaan ty\u00f6h\u00f6n.<br \/>\nHaasteita on jonkin verran tullut, mutta suurin osa niist\u00e4 vaatii kehitt\u00e4mist\u00e4 prosessien kanssa ja kun ty\u00f6kuorma on sellainen kuin nyt niin kehitt\u00e4minen tapahtuu omalla ajanlla jos tapahtuu, sill\u00e4 ty\u00f6p\u00e4iv\u00e4t menev\u00e4t siihen suorittamiseen muuhun ty\u00f6h\u00f6n. Aikaa ei j\u00e4\u00e4 tehd\u00e4 prosesseja kuntoon.<\/p>\n<p>Kukaan ei sit\u00e4 vaan n\u00e4\u00e4, koska sihteerin ty\u00f6 on hyvin hiljaista ty\u00f6t\u00e4 ja hoidat asioita taustalla, suurin osa asioista ei ikin\u00e4 kohtaa esimiest\u00e4si jolloin v\u00e4ltt\u00e4m\u00e4tt\u00e4 kaikkea sit\u00e4 ty\u00f6t\u00e4 mit\u00e4 tehd\u00e4\u00e4n ei edes rekister\u00f6id\u00e4. Toisin sanoen, teet ns n\u00e4kym\u00e4t\u00f6nt\u00e4 ty\u00f6t\u00e4.<br \/>\nMoni tuumaa, ett\u00e4 t\u00e4t\u00e4 t\u00e4m\u00e4 nykyajan ty\u00f6el\u00e4m\u00e4 on, mutta onko?<br \/>\nKiirett\u00e4, isot ty\u00f6kuormat, ty\u00f6ntekij\u00e4n\u00e4 et v\u00e4ltt\u00e4m\u00e4tt\u00e4 saa arvostusta tekem\u00e4st\u00e4si ty\u00f6st\u00e4 vaan teet omassa &#8220;kuopassasi&#8221; t\u00f6it\u00e4 jota kukaan ei n\u00e4\u00e4. Viime p\u00e4ivien aikana on uutisoitu paljon siit\u00e4, kuinka mielenterveysongelmat ovat nostaneet p\u00e4\u00e4t\u00e4\u00e4n ty\u00f6ik\u00e4isess\u00e4 v\u00e4est\u00f6ss\u00e4, tutkijat tutkivat miksi n\u00e4in, mik\u00e4 on perimm\u00e4inen ongelma?<br \/>\nSit\u00e4 saavat tutkia pitk\u00e4\u00e4n ja hartaasti, maailman meno on muuttunut hurjemmaksi, ty\u00f6n vaatimukset ovat yt:iden alla koventuneet. Ennen t\u00f6it\u00e4 teki 6 sihteeri\u00e4 ja nyt kolme, ja edelleen mietit\u00e4\u00e4n mist\u00e4 v\u00e4hennet\u00e4\u00e4n.<\/p>\n<p>Siin\u00e4 sit\u00e4 mietit\u00e4\u00e4n kuinka se ihminen ei vaan sitten jaksa, teet ty\u00f6si, samalla yrit\u00e4t kehitt\u00e4\u00e4 ty\u00f6t\u00e4si johon ei edelleenk\u00e4\u00e4n normirutiineilta j\u00e4\u00e4 aikaa ja puuhaat mieless\u00e4 sitten kehitt\u00e4misty\u00f6t\u00e4 viel\u00e4 ty\u00f6p\u00e4iv\u00e4n j\u00e4lkeenkin, siit\u00e4 k\u00e4rsii sitten perhe ja ymp\u00e4rill\u00e4 olevat ihmiset. Huomaat her\u00e4\u00e4v\u00e4si y\u00f6ll\u00e4 ja jatkat pohtimista, kunnes on aamu ja taas menet suorittamaan rutiinit ja unohdat p\u00e4iv\u00e4n ajaksi sen kehitt\u00e4misty\u00f6n.<\/p>\n<p>T\u00e4n\u00e4 p\u00e4iv\u00e4n\u00e4 et\u00e4ty\u00f6t ovat tulleet trendiksi, en tied\u00e4 onko se yksil\u00f6lle vai ty\u00f6nantajalle etu. Yksil\u00f6lle toki siin\u00e4 mieless\u00e4, kun her\u00e4\u00e4t otat aamukahvin ja alat hommiin, ty\u00f6nantajalle se tarkoittaa ett\u00e4 ty\u00f6ntekij\u00e4 tekee itsekseen ja saa hyv\u00e4\u00e4 ty\u00f6aikaa kun ei mene aikaa matkoihin ja tuottavuus on ehk\u00e4 heille parempaa kun ei ole ty\u00f6yhteis\u00f6\u00e4 ymp\u00e4rill\u00e4, ty\u00f6ntekij\u00e4ll\u00e4 ei ole v\u00e4ltt\u00e4m\u00e4tt\u00e4 kahvitaukoja\/ ruokataukoja jolloin kollegoiden seura antaa tukea ty\u00f6ntekij\u00e4lle ja piristyst\u00e4 siin\u00e4 ohessa. J\u00e4nn\u00e4 pohtia asiaa kummankin kantilta, veikkaan ett\u00e4 ty\u00f6nantaja t\u00e4ss\u00e4 eniten kuitenkin hy\u00f6tyy&#8230;j\u00e4lleen saadaan aikaan mielikuva ty\u00f6ntekij\u00e4lle, ett\u00e4 ty\u00f6ntekij\u00e4lle se on iso vapaus ja plussaa kun saa tehd\u00e4 et\u00e4t\u00f6it\u00e4 kotoa k\u00e4sin.<\/p>\n<p>Kaiken t\u00e4m\u00e4n pohdinnan j\u00e4lkeen alan puuhastelemaan tilastomatematiikan teht\u00e4v\u00e4\u00e4 n\u00e4in vapaa p\u00e4iv\u00e4n\u00e4 ja odotan aurinkoa ja kev\u00e4tt\u00e4 saapuvaksi.<\/p>\n<p>9.2.2020<\/p>\n<p>Vuoden alku on vier\u00e4ht\u00e4nyt kiireisiss\u00e4 merkeiss\u00e4, ty\u00f6paikalla muutamia muutoksia ja haasteita sek\u00e4 opinnoissa tammikuulla alkoi kova maratoni. Joka viikko kotiteht\u00e4vi\u00e4 niin haastavasta talousmatematiikasta kuin enkustakin. Ty\u00f6yhteis\u00f6osaamisen opinnoissa on paljon tuttua ja mietinkin, ett\u00e4 21 vuoden ty\u00f6uralla ammattikorkeakoulussa on jos jonkinmoista tullut tehty\u00e4 ja SAMKissa olen suorittanut juridiikan perusopintoja, jossa ty\u00f6-oikeus oli yhten\u00e4 osa-alueena.<br \/>\nTaloushallinto on taloussihteerin ajoista j\u00e4\u00e4nyt hyvin n\u00e4ppeihin ja siit\u00e4 teenkin oppimisteht\u00e4v\u00e4n.<\/p>\n<p>Ty\u00f6haasteissa on uutta tutkimusluvat, jonka prosessit kaipaa kuntoon laittamista ja muutoin TKI-puolen avustavat teht\u00e4v\u00e4t ovat vaatineet uutta oppimista jonkin verran.<br \/>\nT\u00e4ss\u00e4 kohtaa tulee mietitty\u00e4 oman opinn\u00e4ytety\u00f6n aihetta jo alkuun, l\u00f6ytyisk\u00f6 joku kehitysprojekti t\u00e4ss\u00e4 kohti. Siit\u00e4 ehk\u00e4 hiukan my\u00f6hemmin, nyt ei taida olla viel\u00e4 sen aika vaikka tuntuu, ett\u00e4 todella menn\u00e4\u00e4n maratonitahdilla kouluhommissa.<br \/>\nIhana oli saada oma opiskelutiimi taas takaisin joululomien j\u00e4lkeen, se jos joku tsemppaa jaksamaan opintotaipaleella.<br \/>\nMutta nyt taas opintojen pariin ja talousmatematiikkaa laskemaan, ah se jos joku on aivoty\u00f6t\u00e4 kera kaavojen ja laskimen!<\/p>\n<p>16.12.2019<\/p>\n<p>Tovi j\u00e4lleen kulunut viimeisest\u00e4 p\u00e4ivityksest\u00e4. Kuukauden aikana on ty\u00f6stetty monemoista teht\u00e4v\u00e4\u00e4 koululle ja isoin projekti niist\u00e4 &#8220;oman yrityksen&#8221; liiketoimintasuunnitelma, joka ryhm\u00e4ty\u00f6n\u00e4 toteutettiin. Liiketoimintasuunnitelman deadline oli 15.12.2019, mutta toki meid\u00e4n aktiivisen ryhm\u00e4n ansiosta ty\u00f6 oli valmiina jo viikkoa aiemmin, pient\u00e4 hiomista vaille ja ty\u00f6 palautettiin jo 13.12.2019.<\/p>\n<p>Liiketoimintasuunnitelman presentaatio pidettiin keskiviikkona 11.12.2019 ja se meni loistavasti. Nyt alkoi joululoma ja &#8220;koulun penkille&#8221; paluu vasta ac-yhteyden kautta on 20.1.2020.<\/p>\n<p>Kev\u00e4\u00e4n opintoihin on ilmoittauduttu ja katselen samalla, voisinko ottaa vapaasti valittavia mukaan vai teenk\u00f6 kev\u00e4\u00e4n niinkuin syksynkin eli ihan rauhassa ilman hoppua. Sit\u00e4 pohdin joulun v\u00e4lip\u00e4ivin\u00e4.<\/p>\n<p>Opetus syksyn aikana on ollut mielenkiintoista, todella hyvi\u00e4 keskusteluita k\u00e4yty. Osassa olisi toisaalta sitten taas parantamisen varaa, jotta opinnot pysyisi mielenkiintoisina ja innostavina.<\/p>\n<p>Ty\u00f6haasteissa onkin sitten tullut uutta. Uusia ty\u00f6teht\u00e4vi\u00e4 ovat p\u00e4\u00e4kaupunkiseudun ihmistieteiden eettisen toimikunnan sihteerin teht\u00e4v\u00e4t, tutkimuslupien k\u00e4sittely jne.<br \/>\nVoisi sanoa, ett\u00e4 jonkin verran haasteita tullut ty\u00f6h\u00f6n.<\/p>\n<p>Syksyn aikana on my\u00f6s her\u00e4nnyt ajatus siit\u00e4, voisiko ty\u00f6n sis\u00e4lt\u00f6 olla muuta ja pit\u00e4isik\u00f6 20 vuoden ammattikorkeakouluty\u00f6skentelyn sijaan tehd\u00e4 jotain muuta. Hankalinta t\u00e4ss\u00e4 on se, etten nyt saa p\u00e4\u00e4h\u00e4ni mit\u00e4 se MUUTA sitten ikin\u00e4 onkaan.<\/p>\n<p>18.11.2019<\/p>\n<p>Muuttoa, t\u00f6it\u00e4 ja muuta<\/p>\n<p>Viime viikko meni muuttoa tehdess\u00e4, t\u00f6iss\u00e4 ollessa ja pohtiessa aikataulutusta kouluhommien suhteen.<\/p>\n<p>Muutto haldattiin ja asunto on nyt siin\u00e4 kunnossa, ett\u00e4 saa ja voi keskitty\u00e4 olennaiseen eli opintojen pariin. T\u00f6iss\u00e4 ollut hirmu kiirett\u00e4 uusien haasteiden parissa, mutta nekin menee viel\u00e4 ja tukee opintoja sopivalla tavalla, liittyen tutkimuskirjoittamiseen ym. S\u00e4pin\u00e4\u00e4 siis riitt\u00e4\u00e4 sill\u00e4kin rintamalla.<\/p>\n<p>T\u00e4ll\u00e4 viikkoa onkin sitten edess\u00e4 kiriminen, kuva k\u00e4sittelyst\u00e4 essee, joka melkien tehtyn\u00e4, videon ty\u00f6st\u00e4minen tase- ja tulosanalyysista ja liikekirjeiden tentti sek\u00e4 LTS:n viilausta sek\u00e4 &#8220;yrityksen nettisivujen viilausta&#8221;. SIin\u00e4 sit\u00e4 hommaa onkin, tosin onneks on ajatukset jo miten n\u00e4m\u00e4 tehd\u00e4\u00e4n, niin ei tarvitse en\u00e4\u00e4 muutakuin ty\u00f6st\u00e4\u00e4 kirjallisesti n\u00e4m\u00e4.<\/p>\n<p>Edelleen tuuletan, ett\u00e4 mulla on opinnoissa maailman paras tiimi. Ilman Jannia ja Katria en olisi t\u00e4ss\u00e4 tilanteessa vaan huomattavan paljon ep\u00e4toivoisempi yritt\u00e4ess\u00e4ni saada kiinni viime viikkoa. Joten suuri kiitos &lt;3 En voisi olla onnellisempi n\u00e4ist\u00e4 tehokkaista naisista ymp\u00e4rill\u00e4ni.<\/p>\n<p>Hassua vaikkei nen\u00e4tysten olla tavattu niin silti on niin tuttua puuhastella &#8220;omiensa&#8221; kanssa ja helppoa kun kaikki menee samalla levelill\u00e4 n\u00e4iss\u00e4 hommissa. Mit\u00e4\u00e4n ei haluta j\u00e4tt\u00e4\u00e4 viime tinkaan ja vaikka mulla on nyt v\u00e4h\u00e4n menossa n\u00e4m\u00e4 tietyt teht\u00e4v\u00e4t muuton vuoksi viime tinkaan niin en stressaa (ainakaan viel\u00e4)!<\/p>\n<p>&nbsp;<\/p>\n<p>30.10.2019<\/p>\n<p>Totaalinen turhautuminen<\/p>\n<p>LTS:n ty\u00f6st\u00e4minen ja samaan aikaan miljoona muuta hommaa, turhauttavaa. T\u00e4ll\u00e4 hetkell\u00e4 tuntuu ettei saa mit\u00e4\u00e4n j\u00e4rkev\u00e4\u00e4 teksti\u00e4 aikaiseksi. Mutta eikun lukemaan ja teksti\u00e4 ty\u00f6st\u00e4m\u00e4\u00e4n, aikuisopiskelija\u00a0 tie tutkintoon ei ole helpoin silloin kun t\u00f6iss\u00e4 on paljon hektisi\u00e4 asioita ja ointoihin pit\u00e4\u00e4 saada opintopisteit\u00e4 aikaiseksi. Olisi mukava kuulla muilta aikuisopiskelijoilta kuinka t\u00e4m\u00e4 kaikki onnistuu 3,5 vuoden ajan.<\/p>\n<p>Minulla on k\u00e4yt\u00f6ss\u00e4 l\u00e4hes kaikki k\u00e4den ulottuvilla, kirjaston palvelut ja mahdollinen tuki. Mutta kysymyksi\u00e4 yht\u00e4 paljon ellei enemm\u00e4nkin?<\/p>\n<p>Arvostetaanko ty\u00f6paikoilla uutteraa, joka jaksaa ty\u00f6n ohella opiskella ja n\u00e4in opinnoista on hy\u00f6ty\u00e4 ty\u00f6ss\u00e4kin?<\/p>\n<p>Nyt virtuaalisesti opintojen pariin ja pari kuppia kahvia niin jaksaa taas kirjoitella LTS:\u00e4\u00e4!!<\/p>\n<p>Ihania pakkasaamuja !!!!<\/p>\n<p>&nbsp;<\/p>\n<p>22.10.2019<\/p>\n<p>Nyt ollaan jo edetty monta esseet\u00e4 ja esityst\u00e4 pidemm\u00e4lle opinnoissa, hiukan ty\u00f6nt\u00e4yteist\u00e4 arkea tuntuu olevan.<\/p>\n<p>T\u00e4n\u00e4\u00e4n alkoi perehtyminen uusiin ty\u00f6teht\u00e4viin eli uudistusta ty\u00f6nkuvaan tulossa 1.11.2019 lukien. Ty\u00f6teht\u00e4viini kuuluu jatkossa tutkimuslupien k\u00e4sittely sek\u00e4 P\u00e4\u00e4kaupunkiseudun ihmistieteiden tutkimuseettisen toimikunnan sihteerin teht\u00e4v\u00e4t. T\u00e4n\u00e4\u00e4n olinkin ensimm\u00e4ist\u00e4 kertaa tutustumassa toimikunnan ty\u00f6skentelyyn ja olikin todella mielenkiintoista. Saatoin jopa joitakin asioita ymm\u00e4rt\u00e4\u00e4 sielt\u00e4 t\u00e4\u00e4lt\u00e4 johtuen osaksi l\u00e4hihoitajataustastani. Kivasti meni kokous ja tuntui pitk\u00e4st\u00e4 aikaa silt\u00e4, ett\u00e4 IHANAA jotain uutta vaikka vastuullisempaa ty\u00f6t\u00e4 se on.<\/p>\n<p>Opinnot ovat avanneet huiman paljon ajatuksia siit\u00e4, millaisessa organisaatiossa ty\u00f6skentelen ja ajatuksia my\u00f6s siit\u00e4, mit\u00e4 olisi syyt\u00e4 kehitt\u00e4\u00e4. Ns. lihaa luiden ymp\u00e4rille opintojen kautta vaikka opintopisteit\u00e4 ei ole paljon kertynyt, mutta oivaltamisia on tapahtunut hurjasti.<\/p>\n<p>Huomaan, ett\u00e4 monesti ajatuksissa on mit\u00e4 min\u00e4 haluan tehd\u00e4 vuoden p\u00e4\u00e4st\u00e4 ent\u00e4p\u00e4 viiden vuoden p\u00e4\u00e4st\u00e4, onko kenties nykyisess\u00e4 organisaatiossa mahdollisuus edet\u00e4? Vaikka hurjan paljon arvostan sihteerin ty\u00f6t\u00e4 ja kuinka keskeinen asema sihteerill\u00e4 on johtajan oikeana k\u00e4ten\u00e4, kuinka t\u00e4rke\u00e4\u00e4 ty\u00f6t\u00e4 sihteeri tekee. Se, ett\u00e4 haluan edet\u00e4 urallani ei tarkoita ett\u00e4 sihteerin ty\u00f6 olisi v\u00e4h\u00e4p\u00e4t\u00f6isemp\u00e4\u00e4. Valitettavan usein sihteerin ty\u00f6t\u00e4 ei arvosteta tarpeeksi ja isoissa organisaatioissa t\u00e4m\u00e4 hahmo j\u00e4\u00e4 helposti muiden jalkoihin, vaikka olisikin keskeinen hahmo.<\/p>\n<p>Samalla tapaa arvostan esimerkiksi hoitajan ty\u00f6t\u00e4, kuka meid\u00e4n vanhukset ja sairaat hoitaa jos meill\u00e4 ei olisi hyvi\u00e4 hoitajia. Siivoojan ty\u00f6 on yksi n\u00e4ist\u00e4 my\u00f6s, miss\u00e4 me el\u00e4isimme jos ty\u00f6paikoillamme ei olisi n\u00e4it\u00e4 t\u00e4rkeit\u00e4 arjen enkeleit\u00e4 jotka pit\u00e4\u00e4 paikat puhtaana tai muut ammatit, jotka ovat meille apuna arjessa. Tekev\u00e4t ty\u00f6t\u00e4\u00e4n, mutta hymyss\u00e4 suin. Kaikkia meit\u00e4 tarvitaan, yhteiskunnalle jokainen ammattikunta on t\u00e4rke\u00e4 py\u00f6ri\u00e4kseen. Arvostetaan toisiamme titteleist\u00e4 huolimatta!<\/p>\n<p>Olipas taas pohdintaa, yksi johti toiseen ja siit\u00e4 sitten kolmanteen.<\/p>\n<p>Nyt alankin kirjoittamaan iltaa vasten esseet\u00e4 markkinoinnin kilpailukeinoista ja huomenna on suullisen asiantuntijateht\u00e4v\u00e4n esitys.<\/p>\n<p>Btw. mulla on paras ryhm\u00e4 ever, joiden kanssa on ilo ty\u00f6skennell\u00e4 ja tehd\u00e4 kouluhommia !! Kiitos Katri ja Janni \ud83d\ude42<\/p>\n<p>&nbsp;<\/p>\n<p>&nbsp;<\/p>\n<p>1.10.2019<\/p>\n<p>Ensimm\u00e4inen reilu kuukausi opinnoissa, viel\u00e4 tuntuu ihan hyv\u00e4lt\u00e4. Teht\u00e4vi\u00e4 on paljon , mutta viel\u00e4 pysyt\u00e4\u00e4n aikataulussa. Eik\u00e4 edes kahden viikon flunssa (keuhkokuume) vienyt aikataulua retuper\u00e4lleen.<\/p>\n<p>Tulevaisuutta olen jo pohtinut, ja miettinyt pitk\u00e4lti muutosta ty\u00f6el\u00e4m\u00e4ss\u00e4ni. Sihteerin\u00a0 teht\u00e4vi\u00e4 olen tehnyt vuosia ja ne hommat melkein hoituu silm\u00e4t kiinni. Nykyiseen teht\u00e4v\u00e4\u00e4n toivoisin kehitt\u00e4mist\u00e4 ja haastetta, ja vastuuta enemm\u00e4n jotta voisin kynteni n\u00e4ytt\u00e4\u00e4.<\/p>\n<p>Kehitt\u00e4misty\u00f6 ja pieni kipin\u00e4 pit\u00e4\u00e4 virke\u00e4n\u00e4 ja n\u00e4m\u00e4 opinnot ovat tuoneet laajempaa k\u00e4sityst\u00e4 kokonaisuudessaan siit\u00e4 mit\u00e4 voisin ty\u00f6ss\u00e4ni tehd\u00e4 ja osaksi my\u00f6s opintoihin liittyv\u00e4 HOPS-keskustelu her\u00e4tteli huomaamaan mit\u00e4 kaikkea osaan. Tuli ihan WAU-fiilis, enp\u00e4 ollut ajatellutkaan ett\u00e4 oikeesti m\u00e4 olen aika hyv\u00e4! Joten n\u00e4ill\u00e4 fiiliksill\u00e4 eteenp\u00e4in ja kehitt\u00e4m\u00e4\u00e4n lis\u00e4\u00e4 opintojen my\u00f6t\u00e4 ja siit\u00e4 sitten miettim\u00e4\u00e4n mihin sit\u00e4 tulevaisuudessa enn\u00e4tt\u00e4\u00e4!<\/p>\n","protected":false},"excerpt":{"rendered":"<p>6.12.2021 Itsen\u00e4isyysp\u00e4iv\u00e4 Vihdoin sain aikaisekis tehd\u00e4 n\u00e4ist\u00e4 sivuista oman n\u00e4k\u00f6iseni. Opintojen aikana aloitin ja tein sivut, mutta kiireilt\u00e4 ne sitten j\u00e4iv\u00e4t. Suoritin Tradenomi tutkintoni Lapin ammattikorkeakoulussa kahdessa vuodessa 2 kuukaudessa ja valmistuin 22.10.2021. T\u00e4m\u00e4 kertoo siit\u00e4 ett\u00e4 kiireit\u00e4 piti. Samanaikaisesti aloitin elokuulla 2020 uudessa ty\u00f6ss\u00e4ni suunnittelijana ja loppuvuodesta 2020 aloin ty\u00f6st\u00e4m\u00e4\u00e4n opinn\u00e4ytety\u00f6t\u00e4ni ja siin\u00e4 sitten &hellip; <\/p>\n<p class=\"link-more\"><a href=\"https:\/\/blogi.eoppimispalvelut.fi\/kmailand\/pohtiva-blogi\/\" class=\"more-link\">Jatka lukemista<span class=\"screen-reader-text\"> &#8220;Pohtiva Blogi&#8221;<\/span><\/a><\/p>\n","protected":false},"author":3796,"featured_media":0,"parent":0,"menu_order":0,"comment_status":"closed","ping_status":"closed","template":"","meta":{"footnotes":""},"class_list":["post-35","page","type-page","status-publish","hentry"],"_links":{"self":[{"href":"https:\/\/blogi.eoppimispalvelut.fi\/kmailand\/wp-json\/wp\/v2\/pages\/35","targetHints":{"allow":["GET"]}}],"collection":[{"href":"https:\/\/blogi.eoppimispalvelut.fi\/kmailand\/wp-json\/wp\/v2\/pages"}],"about":[{"href":"https:\/\/blogi.eoppimispalvelut.fi\/kmailand\/wp-json\/wp\/v2\/types\/page"}],"author":[{"embeddable":true,"href":"https:\/\/blogi.eoppimispalvelut.fi\/kmailand\/wp-json\/wp\/v2\/users\/3796"}],"replies":[{"embeddable":true,"href":"https:\/\/blogi.eoppimispalvelut.fi\/kmailand\/wp-json\/wp\/v2\/comments?post=35"}],"version-history":[{"count":15,"href":"https:\/\/blogi.eoppimispalvelut.fi\/kmailand\/wp-json\/wp\/v2\/pages\/35\/revisions"}],"predecessor-version":[{"id":234,"href":"https:\/\/blogi.eoppimispalvelut.fi\/kmailand\/wp-json\/wp\/v2\/pages\/35\/revisions\/234"}],"wp:attachment":[{"href":"https:\/\/blogi.eoppimispalvelut.fi\/kmailand\/wp-json\/wp\/v2\/media?parent=35"}],"curies":[{"name":"wp","href":"https:\/\/api.w.org\/{rel}","templated":true}]}}