{"id":43,"date":"2019-09-15T22:37:19","date_gmt":"2019-09-15T19:37:19","guid":{"rendered":"https:\/\/blogi.eoppimispalvelut.fi\/kmailand\/?page_id=43"},"modified":"2021-12-06T15:01:32","modified_gmt":"2021-12-06T13:01:32","slug":"cv","status":"publish","type":"page","link":"https:\/\/blogi.eoppimispalvelut.fi\/kmailand\/cv\/","title":{"rendered":"CV"},"content":{"rendered":"<h1><strong><img loading=\"lazy\" decoding=\"async\" class=\"wp-image-78 alignnone\" src=\"https:\/\/blogi.eoppimispalvelut.fi\/kmailand\/files\/2019\/09\/58462707_10156159379596099_6630241422580645888_n-300x298.jpg\" alt=\"\" width=\"226\" height=\"224\" srcset=\"https:\/\/blogi.eoppimispalvelut.fi\/kmailand\/files\/2019\/09\/58462707_10156159379596099_6630241422580645888_n-300x298.jpg 300w, https:\/\/blogi.eoppimispalvelut.fi\/kmailand\/files\/2019\/09\/58462707_10156159379596099_6630241422580645888_n-150x150.jpg 150w, https:\/\/blogi.eoppimispalvelut.fi\/kmailand\/files\/2019\/09\/58462707_10156159379596099_6630241422580645888_n-768x762.jpg 768w, https:\/\/blogi.eoppimispalvelut.fi\/kmailand\/files\/2019\/09\/58462707_10156159379596099_6630241422580645888_n-100x100.jpg 100w, https:\/\/blogi.eoppimispalvelut.fi\/kmailand\/files\/2019\/09\/58462707_10156159379596099_6630241422580645888_n.jpg 960w\" sizes=\"auto, (max-width: 226px) 100vw, 226px\" \/>Ty\u00f6kokemus <\/strong><\/h1>\n<h3>Suunnittelija, Metropolia Ammattikorkeakoulu, T\u00e4ydennyskoulutus- ja yrityspalvelut 8\/2020 &#8211;<\/h3>\n<p>*\u00a0 Teht\u00e4viini kuuluu sosiaali- ja terveysalan sek\u00e4 kulttuurialojen t\u00e4ydennyskoulutukset sek\u00e4 yrityskoulutukset. Suunnittelen ja r\u00e4\u00e4t\u00e4l\u00f6in yhdess\u00e4 substanssiosaajan kanssa koulutuksia yritysten tarpeisiin. Ty\u00f6 sis\u00e4lt\u00e4\u00e4 neuvottelut yrityksen kanssa, hinnoittelun, myynnin, sopimukset sek\u00e4 markkinoinnin.<\/p>\n<p>* Toimin my\u00f6s yhteyshenkil\u00f6n\u00e4 toimitilavuokrauksissa erityisopetustiloissa, joissa asiantuntija mukana.\u00a0 Vuokraajina toimivat t\u00e4ll\u00f6in mm. tuotantoyhti\u00f6t, kuvausj\u00e4rjestyfirmat, jotka etsiv\u00e4t kuvauspaikkoja elokuvan tekemiseen. Ty\u00f6teht\u00e4viini toimitilavuokrauksissa kuuluu j\u00e4rjest\u00e4\u00e4 kuvauksien ajaksi aulapalveluiden henkil\u00f6t, huoltoyhti\u00f6n edustaja sek\u00e4 erityistilojen substanssiosaaja. Suunnittelen aikataulun yhdess\u00e4 tuotannon kanssa p\u00e4iville sek\u00e4 hoidan sopimus- ja laskutusasiat.<\/p>\n<p>* Ty\u00f6ss\u00e4ni olennaista on k\u00e4ytt\u00e4\u00e4<\/p>\n<p>MS Officen ohjelmista powerpoint, excel, word ym.<\/p>\n<p>Adoben ohjelmat ovat k\u00e4yt\u00f6ss\u00e4<\/p>\n<p>CRM asiakkuudenhallintaj\u00e4rjestelm\u00e4<\/p>\n<p>Drupal &#8211; ty\u00f6kalu internetsivujen hallintaan<\/p>\n<p>Lyyti<\/p>\n<p>ja monia muita ohjelmistoja.<\/p>\n<h2>Johdon sihteeri Metropolia Ammattikorkeakoulu 2008 &#8211;<\/h2>\n<p>* TKI-johtajan ja jatkuvan oppimisen johtajan sihteerin\u00e4 toimiminen<br \/>\n* Yhteisty\u00f6kumppaniyhteydenpidot<br \/>\n* Matkojen ja tapahtumien j\u00e4rjestelyt<br \/>\n* Lausuntojen, sopimusten, hankeasioiden loppuvalmistelut<br \/>\n* Internet ja intrasivujen p\u00e4ivitys\/ ideointi<br \/>\n* HR-asiat<br \/>\n* Tietotekninen l\u00e4hituki<br \/>\n* Tiedotteiden laatiminen ja julkaisu<br \/>\n* SoMe-markkinointi<br \/>\n* Ohjelmistojen k\u00e4ytt\u00f6: Office365, Adobe ohjelmat (photoshop, illustrator, DC) outlook, worpress, Dynasty<\/p>\n<h2>Johdon sihteeri Helsingin ammattikorkeakoulu Stadia 1999- 2008<\/h2>\n<p>* Toimitusjohtajan sihteerin teht\u00e4v\u00e4t<br \/>\n* Metropolia Ammattikorkeakoulun aloittaessa toimintansa vuosina 2007-2008 kokonaisvastuu<br \/>\n* Rehtorin ja vararehtorin sihteeri vuosina 2005-2007<br \/>\n* Johdon sihteeri, sosiaali- ja terveysalan toimiala 1999-2005<\/p>\n<h2>Toimistosihteeri, taloussihteeri Helsingin kaupunki, Kaupunginkanslia Lainopillinen osasto 1997-1999<\/h2>\n<p>* Lainopillisen osaston sihteeri, taloussihteeri<br \/>\n* Lainopillisen osaston kirjaamon yll\u00e4pito<br \/>\n* kaupungin lakimiesten sihteeri<br \/>\n* taloussihteerin teht\u00e4v\u00e4t<\/p>\n<h2>Toimistosihteeri Hgin kaupunki, sosiaalivirasto 1990- 1997<\/h2>\n<p>* Lasten sijaishuollon toimistosihteerin teht\u00e4v\u00e4t<br \/>\n* taloussihteerin teht\u00e4v\u00e4t<\/p>\n<h1><strong>Koulutus<\/strong><\/h1>\n<p>Tradenomi (AMK) Liiketalous Suuntautuminen: Johtaminen kansainv\u00e4listyv\u00e4ss\u00e4\u00a0 liiketoimintaymp\u00e4rist\u00f6ss\u00e4 Lapin Ammattikorkeakoulu 2021<\/p>\n<p>Merkonomi Liiketalouden perustutkinto, asiakaspalvelun ja myynnin osaamisala Edupoli 2018<\/p>\n<p>Tuotekehitysty\u00f6n erikoisammattitutkinto Koulutuskeskus Salpaus 2017<\/p>\n<p>Sihteerin ammattitutkinto Markkinointi-instituutti 2008<\/p>\n<p>L\u00e4hihoitaja, sosiaali- ja terveysalan perustutkinto Helsingin Diakoniaopisto 2003<\/p>\n<h1><strong>Lis\u00e4- ja t\u00e4ydennyskoulutuksia <\/strong><\/h1>\n<p>Riskien arviointi ja Atex-r\u00e4j\u00e4hdysvaaralliset tilat &#8211; koulutus, Metropolia Amk 2014<br \/>\nMetropolia Akatemia, Metropolia Amk 2011<br \/>\nAlkusammutuskoulutus, Helsingin kaupunki Pelastuslaitos 2010<br \/>\nHenkil\u00f6turvallisuuskoulutus, Metropolia Amk 2010<br \/>\nTurvallisuus- ja suojelujohdon peruskurssi, Hgin Pelastusliitto 2009<\/p>\n<h1><strong>Muut luottamusteht\u00e4v\u00e4t <\/strong><\/h1>\n<p>Turvallisuusvastaava, Metropolia Ammattikorkeakoulu 2005 &#8211; 2016<br \/>\nTurvallisuusvastaava vastaa turvallisuustiimist\u00e4 omalla alueellaan.<\/p>\n<h1><strong>Kielitaito <\/strong><\/h1>\n<p>Suomi &#8211; \u00e4idinkieli<br \/>\nEnglanti &#8211; hyv\u00e4<br \/>\nRuotsi &#8211; tyydytt\u00e4v\u00e4<\/p>\n<h1><strong>Muuta minusta <\/strong><\/h1>\n<p>Iloinen, sosiaalinen, asiakaspalveluhenkinen, tarkka. Nopea oppimaan sek\u00e4 helposti innostuva uuden kehitt\u00e4j\u00e4. \u201dUuden oppiminen ei ole koskaan turhaa\u201d<\/p>\n<h2><strong>Yhteystiedot<\/strong><\/h2>\n<p>Kati Mailander Louhikkotie 20 b A 87, 00770 Helsinki<\/p>\n<p>Ja palautetta saa laittaa sivuistani ja olla yhteyksiss\u00e4 muutoinkin: katienberg@gmail.com<\/p>\n","protected":false},"excerpt":{"rendered":"<p>Ty\u00f6kokemus Suunnittelija, Metropolia Ammattikorkeakoulu, T\u00e4ydennyskoulutus- ja yrityspalvelut 8\/2020 &#8211; *\u00a0 Teht\u00e4viini kuuluu sosiaali- ja terveysalan sek\u00e4 kulttuurialojen t\u00e4ydennyskoulutukset sek\u00e4 yrityskoulutukset. Suunnittelen ja r\u00e4\u00e4t\u00e4l\u00f6in yhdess\u00e4 substanssiosaajan kanssa koulutuksia yritysten tarpeisiin. Ty\u00f6 sis\u00e4lt\u00e4\u00e4 neuvottelut yrityksen kanssa, hinnoittelun, myynnin, sopimukset sek\u00e4 markkinoinnin. * Toimin my\u00f6s yhteyshenkil\u00f6n\u00e4 toimitilavuokrauksissa erityisopetustiloissa, joissa asiantuntija mukana.\u00a0 Vuokraajina toimivat t\u00e4ll\u00f6in mm. tuotantoyhti\u00f6t, kuvausj\u00e4rjestyfirmat, jotka &hellip; <\/p>\n<p class=\"link-more\"><a href=\"https:\/\/blogi.eoppimispalvelut.fi\/kmailand\/cv\/\" class=\"more-link\">Jatka lukemista<span class=\"screen-reader-text\"> &#8220;CV&#8221;<\/span><\/a><\/p>\n","protected":false},"author":3796,"featured_media":0,"parent":0,"menu_order":0,"comment_status":"closed","ping_status":"closed","template":"","meta":{"footnotes":""},"class_list":["post-43","page","type-page","status-publish","hentry"],"_links":{"self":[{"href":"https:\/\/blogi.eoppimispalvelut.fi\/kmailand\/wp-json\/wp\/v2\/pages\/43","targetHints":{"allow":["GET"]}}],"collection":[{"href":"https:\/\/blogi.eoppimispalvelut.fi\/kmailand\/wp-json\/wp\/v2\/pages"}],"about":[{"href":"https:\/\/blogi.eoppimispalvelut.fi\/kmailand\/wp-json\/wp\/v2\/types\/page"}],"author":[{"embeddable":true,"href":"https:\/\/blogi.eoppimispalvelut.fi\/kmailand\/wp-json\/wp\/v2\/users\/3796"}],"replies":[{"embeddable":true,"href":"https:\/\/blogi.eoppimispalvelut.fi\/kmailand\/wp-json\/wp\/v2\/comments?post=43"}],"version-history":[{"count":14,"href":"https:\/\/blogi.eoppimispalvelut.fi\/kmailand\/wp-json\/wp\/v2\/pages\/43\/revisions"}],"predecessor-version":[{"id":232,"href":"https:\/\/blogi.eoppimispalvelut.fi\/kmailand\/wp-json\/wp\/v2\/pages\/43\/revisions\/232"}],"wp:attachment":[{"href":"https:\/\/blogi.eoppimispalvelut.fi\/kmailand\/wp-json\/wp\/v2\/media?parent=43"}],"curies":[{"name":"wp","href":"https:\/\/api.w.org\/{rel}","templated":true}]}}