{"id":45,"date":"2019-09-15T22:37:19","date_gmt":"2019-09-15T19:37:19","guid":{"rendered":"https:\/\/blogi.eoppimispalvelut.fi\/kmailand\/?page_id=45"},"modified":"2021-12-06T14:44:19","modified_gmt":"2021-12-06T12:44:19","slug":"harrastukseni","status":"publish","type":"page","link":"https:\/\/blogi.eoppimispalvelut.fi\/kmailand\/harrastukseni\/","title":{"rendered":"Harrastukseni"},"content":{"rendered":"<h1><strong>Harrastukseni<\/strong><\/h1>\n<p>Harrastuksiini kuuluu<\/p>\n<p>ulkoilu koiran kanssa, oli kes\u00e4 tai talvi. Ulkoiluvarusteet kunnossa niin ei haittaa s\u00e4\u00e4vaihtelut.<\/p>\n<p>Opiskelu, jatkuva oppiminen ja tiedon jano<\/p>\n<p>Luen mielell\u00e4ni, ja kiinnostavia aiheita on mm. johtaminen, artikkelit ty\u00f6hyvinvoinnista tai ty\u00f6el\u00e4m\u00e4st\u00e4 yleens\u00e4, itsens\u00e4 johtaminen, hyvinvointi ja terveys<\/p>\n<p>Valokuvaus, pienimuotoinen (kiinnostaa l\u00e4hinn\u00e4 hyl\u00e4tyt talot ja tehtaat, joissa n\u00e4kyy historia ja eletyn el\u00e4m\u00e4n j\u00e4lki).<\/p>\n<p><img loading=\"lazy\" decoding=\"async\" class=\"alignnone wp-image-14\" src=\"https:\/\/blogi.eoppimispalvelut.fi\/kmailand\/files\/2019\/09\/Stacy-225x300.jpg\" alt=\"\" width=\"147\" height=\"196\" srcset=\"https:\/\/blogi.eoppimispalvelut.fi\/kmailand\/files\/2019\/09\/Stacy-225x300.jpg 225w, https:\/\/blogi.eoppimispalvelut.fi\/kmailand\/files\/2019\/09\/Stacy.jpg 720w\" sizes=\"auto, (max-width: 147px) 100vw, 147px\" \/><img loading=\"lazy\" decoding=\"async\" class=\"wp-image-84 alignright\" src=\"https:\/\/blogi.eoppimispalvelut.fi\/kmailand\/files\/2019\/09\/64991150_10156294213056099_96007693185056768_n-300x169.jpg\" alt=\"\" width=\"234\" height=\"132\" srcset=\"https:\/\/blogi.eoppimispalvelut.fi\/kmailand\/files\/2019\/09\/64991150_10156294213056099_96007693185056768_n-300x169.jpg 300w, https:\/\/blogi.eoppimispalvelut.fi\/kmailand\/files\/2019\/09\/64991150_10156294213056099_96007693185056768_n-768x434.jpg 768w, https:\/\/blogi.eoppimispalvelut.fi\/kmailand\/files\/2019\/09\/64991150_10156294213056099_96007693185056768_n.jpg 960w\" sizes=\"auto, (max-width: 234px) 100vw, 234px\" \/><\/p>\n","protected":false},"excerpt":{"rendered":"<p>Harrastukseni Harrastuksiini kuuluu ulkoilu koiran kanssa, oli kes\u00e4 tai talvi. Ulkoiluvarusteet kunnossa niin ei haittaa s\u00e4\u00e4vaihtelut. Opiskelu, jatkuva oppiminen ja tiedon jano Luen mielell\u00e4ni, ja kiinnostavia aiheita on mm. johtaminen, artikkelit ty\u00f6hyvinvoinnista tai ty\u00f6el\u00e4m\u00e4st\u00e4 yleens\u00e4, itsens\u00e4 johtaminen, hyvinvointi ja terveys Valokuvaus, pienimuotoinen (kiinnostaa l\u00e4hinn\u00e4 hyl\u00e4tyt talot ja tehtaat, joissa n\u00e4kyy historia ja eletyn el\u00e4m\u00e4n j\u00e4lki).<\/p>\n","protected":false},"author":3796,"featured_media":0,"parent":0,"menu_order":0,"comment_status":"closed","ping_status":"closed","template":"","meta":{"footnotes":""},"class_list":["post-45","page","type-page","status-publish","hentry"],"_links":{"self":[{"href":"https:\/\/blogi.eoppimispalvelut.fi\/kmailand\/wp-json\/wp\/v2\/pages\/45","targetHints":{"allow":["GET"]}}],"collection":[{"href":"https:\/\/blogi.eoppimispalvelut.fi\/kmailand\/wp-json\/wp\/v2\/pages"}],"about":[{"href":"https:\/\/blogi.eoppimispalvelut.fi\/kmailand\/wp-json\/wp\/v2\/types\/page"}],"author":[{"embeddable":true,"href":"https:\/\/blogi.eoppimispalvelut.fi\/kmailand\/wp-json\/wp\/v2\/users\/3796"}],"replies":[{"embeddable":true,"href":"https:\/\/blogi.eoppimispalvelut.fi\/kmailand\/wp-json\/wp\/v2\/comments?post=45"}],"version-history":[{"count":6,"href":"https:\/\/blogi.eoppimispalvelut.fi\/kmailand\/wp-json\/wp\/v2\/pages\/45\/revisions"}],"predecessor-version":[{"id":230,"href":"https:\/\/blogi.eoppimispalvelut.fi\/kmailand\/wp-json\/wp\/v2\/pages\/45\/revisions\/230"}],"wp:attachment":[{"href":"https:\/\/blogi.eoppimispalvelut.fi\/kmailand\/wp-json\/wp\/v2\/media?parent=45"}],"curies":[{"name":"wp","href":"https:\/\/api.w.org\/{rel}","templated":true}]}}