{"id":175,"date":"2020-12-01T14:24:38","date_gmt":"2020-12-01T12:24:38","guid":{"rendered":"https:\/\/blogi.eoppimispalvelut.fi\/kokkitulitaloon\/?page_id=175"},"modified":"2020-12-01T14:24:38","modified_gmt":"2020-12-01T12:24:38","slug":"voit-ottaa-meihin-yhteytta-tasta","status":"publish","type":"page","link":"https:\/\/blogi.eoppimispalvelut.fi\/kokkitulitaloon\/voit-ottaa-meihin-yhteytta-tasta\/","title":{"rendered":"Voit ottaa meihin yhteytt\u00e4 t\u00e4st\u00e4!"},"content":{"rendered":"\n<div class=\"wpcf7 no-js\" id=\"wpcf7-f109-o1\" lang=\"fi\" dir=\"ltr\" data-wpcf7-id=\"109\">\n<div class=\"screen-reader-response\"><p role=\"status\" aria-live=\"polite\" aria-atomic=\"true\"><\/p> <ul><\/ul><\/div>\n<form action=\"\/kokkitulitaloon\/wp-json\/wp\/v2\/pages\/175#wpcf7-f109-o1\" method=\"post\" class=\"wpcf7-form init\" aria-label=\"Contact form\" novalidate=\"novalidate\" data-status=\"init\">\n<fieldset class=\"hidden-fields-container\"><input type=\"hidden\" name=\"_wpcf7\" value=\"109\" \/><input type=\"hidden\" name=\"_wpcf7_version\" value=\"6.1.5\" \/><input type=\"hidden\" name=\"_wpcf7_locale\" value=\"fi\" \/><input type=\"hidden\" name=\"_wpcf7_unit_tag\" value=\"wpcf7-f109-o1\" \/><input type=\"hidden\" name=\"_wpcf7_container_post\" value=\"0\" \/><input type=\"hidden\" name=\"_wpcf7_posted_data_hash\" value=\"\" \/>\n<\/fieldset>\n<p><label> Antaisitko nimesi yhteydenottoa varten?<br \/>\n<span class=\"wpcf7-form-control-wrap\" data-name=\"Nimesi\"><input size=\"40\" maxlength=\"400\" class=\"wpcf7-form-control wpcf7-text wpcf7-validates-as-required\" aria-required=\"true\" aria-invalid=\"false\" value=\"\" type=\"text\" name=\"Nimesi\" \/><\/span> <\/label>\n<\/p>\n<p><label> Tarvitsisimme my\u00f6s s\u00e4hk\u00f6postiosoitteesi, kirjoittaisitko sen alle?<br \/>\n<span class=\"wpcf7-form-control-wrap\" data-name=\"email\"><input size=\"40\" maxlength=\"400\" class=\"wpcf7-form-control wpcf7-text wpcf7-validates-as-required\" aria-required=\"true\" aria-invalid=\"false\" value=\"\" type=\"text\" name=\"email\" \/><\/span> <\/label>\n<\/p>\n<p><label> Aihe<br \/>\n<span class=\"wpcf7-form-control-wrap\" data-name=\"Aihe\"><input size=\"40\" maxlength=\"400\" class=\"wpcf7-form-control wpcf7-text wpcf7-validates-as-required\" aria-required=\"true\" aria-invalid=\"false\" value=\"\" type=\"text\" name=\"Aihe\" \/><\/span> <\/label>\n<\/p>\n<p><label> Viestisi<br \/>\n<span class=\"wpcf7-form-control-wrap\" data-name=\"viestisi\"><textarea cols=\"40\" rows=\"10\" maxlength=\"2000\" class=\"wpcf7-form-control wpcf7-textarea\" aria-invalid=\"false\" name=\"viestisi\"><\/textarea><\/span> <\/label>\n<\/p>\n<p><input class=\"wpcf7-form-control wpcf7-submit has-spinner\" type=\"submit\" value=\"L\u00e4het\u00e4\" \/>\n<\/p><p style=\"display: none !important;\" class=\"akismet-fields-container\" data-prefix=\"_wpcf7_ak_\"><label>&#916;<textarea name=\"_wpcf7_ak_hp_textarea\" cols=\"45\" rows=\"8\" maxlength=\"100\"><\/textarea><\/label><input type=\"hidden\" id=\"ak_js_1\" name=\"_wpcf7_ak_js\" value=\"54\"\/><script>document.getElementById( \"ak_js_1\" ).setAttribute( \"value\", ( new Date() ).getTime() );<\/script><\/p><div class=\"wpcf7-response-output\" aria-hidden=\"true\"><\/div>\n<\/form>\n<\/div>\n\n","protected":false},"excerpt":{"rendered":"","protected":false},"author":4493,"featured_media":0,"parent":0,"menu_order":0,"comment_status":"closed","ping_status":"closed","template":"","meta":{"footnotes":""},"class_list":["post-175","page","type-page","status-publish","hentry"],"yoast_head":"<!-- This site is optimized with the Yoast SEO plugin v27.1.1 - https:\/\/yoast.com\/product\/yoast-seo-wordpress\/ -->\n<title>Voit ottaa meihin yhteytt\u00e4 t\u00e4st\u00e4! - Kokki tuli taloon<\/title>\n<meta name=\"robots\" content=\"index, follow, max-snippet:-1, max-image-preview:large, max-video-preview:-1\" \/>\n<link rel=\"canonical\" href=\"https:\/\/blogi.eoppimispalvelut.fi\/kokkitulitaloon\/voit-ottaa-meihin-yhteytta-tasta\/\" \/>\n<meta property=\"og:locale\" content=\"fi_FI\" \/>\n<meta property=\"og:type\" content=\"article\" \/>\n<meta property=\"og:title\" content=\"Voit ottaa meihin yhteytt\u00e4 t\u00e4st\u00e4! - Kokki tuli taloon\" \/>\n<meta property=\"og:url\" content=\"https:\/\/blogi.eoppimispalvelut.fi\/kokkitulitaloon\/voit-ottaa-meihin-yhteytta-tasta\/\" \/>\n<meta property=\"og:site_name\" content=\"Kokki tuli taloon\" \/>\n<meta name=\"twitter:card\" content=\"summary_large_image\" \/>\n<script type=\"application\/ld+json\" class=\"yoast-schema-graph\">{\"@context\":\"https:\/\/schema.org\",\"@graph\":[{\"@type\":\"WebPage\",\"@id\":\"https:\/\/blogi.eoppimispalvelut.fi\/kokkitulitaloon\/voit-ottaa-meihin-yhteytta-tasta\/\",\"url\":\"https:\/\/blogi.eoppimispalvelut.fi\/kokkitulitaloon\/voit-ottaa-meihin-yhteytta-tasta\/\",\"name\":\"Voit ottaa meihin yhteytt\u00e4 t\u00e4st\u00e4! - Kokki tuli taloon\",\"isPartOf\":{\"@id\":\"https:\/\/blogi.eoppimispalvelut.fi\/kokkitulitaloon\/#website\"},\"datePublished\":\"2020-12-01T12:24:38+00:00\",\"breadcrumb\":{\"@id\":\"https:\/\/blogi.eoppimispalvelut.fi\/kokkitulitaloon\/voit-ottaa-meihin-yhteytta-tasta\/#breadcrumb\"},\"inLanguage\":\"fi\",\"potentialAction\":[{\"@type\":\"ReadAction\",\"target\":[\"https:\/\/blogi.eoppimispalvelut.fi\/kokkitulitaloon\/voit-ottaa-meihin-yhteytta-tasta\/\"]}]},{\"@type\":\"BreadcrumbList\",\"@id\":\"https:\/\/blogi.eoppimispalvelut.fi\/kokkitulitaloon\/voit-ottaa-meihin-yhteytta-tasta\/#breadcrumb\",\"itemListElement\":[{\"@type\":\"ListItem\",\"position\":1,\"name\":\"Home\",\"item\":\"https:\/\/blogi.eoppimispalvelut.fi\/kokkitulitaloon\/\"},{\"@type\":\"ListItem\",\"position\":2,\"name\":\"Voit ottaa meihin yhteytt\u00e4 t\u00e4st\u00e4!\"}]},{\"@type\":\"WebSite\",\"@id\":\"https:\/\/blogi.eoppimispalvelut.fi\/kokkitulitaloon\/#website\",\"url\":\"https:\/\/blogi.eoppimispalvelut.fi\/kokkitulitaloon\/\",\"name\":\"Kokki tuli taloon\",\"description\":\"Suomen paras kotiruokapalvelu juuri sinulle\",\"publisher\":{\"@id\":\"https:\/\/blogi.eoppimispalvelut.fi\/kokkitulitaloon\/#organization\"},\"potentialAction\":[{\"@type\":\"SearchAction\",\"target\":{\"@type\":\"EntryPoint\",\"urlTemplate\":\"https:\/\/blogi.eoppimispalvelut.fi\/kokkitulitaloon\/?s={search_term_string}\"},\"query-input\":{\"@type\":\"PropertyValueSpecification\",\"valueRequired\":true,\"valueName\":\"search_term_string\"}}],\"inLanguage\":\"fi\"},{\"@type\":\"Organization\",\"@id\":\"https:\/\/blogi.eoppimispalvelut.fi\/kokkitulitaloon\/#organization\",\"name\":\"Kokki tuli taloon\",\"url\":\"https:\/\/blogi.eoppimispalvelut.fi\/kokkitulitaloon\/\",\"logo\":{\"@type\":\"ImageObject\",\"inLanguage\":\"fi\",\"@id\":\"https:\/\/blogi.eoppimispalvelut.fi\/kokkitulitaloon\/#\/schema\/logo\/image\/\",\"url\":\"https:\/\/blogi.eoppimispalvelut.fi\/kokkitulitaloon\/files\/2020\/12\/cropped-logo-8.png\",\"contentUrl\":\"https:\/\/blogi.eoppimispalvelut.fi\/kokkitulitaloon\/files\/2020\/12\/cropped-logo-8.png\",\"width\":629,\"height\":245,\"caption\":\"Kokki tuli taloon\"},\"image\":{\"@id\":\"https:\/\/blogi.eoppimispalvelut.fi\/kokkitulitaloon\/#\/schema\/logo\/image\/\"}}]}<\/script>\n<!-- \/ Yoast SEO plugin. -->","yoast_head_json":{"title":"Voit ottaa meihin yhteytt\u00e4 t\u00e4st\u00e4! - Kokki tuli taloon","robots":{"index":"index","follow":"follow","max-snippet":"max-snippet:-1","max-image-preview":"max-image-preview:large","max-video-preview":"max-video-preview:-1"},"canonical":"https:\/\/blogi.eoppimispalvelut.fi\/kokkitulitaloon\/voit-ottaa-meihin-yhteytta-tasta\/","og_locale":"fi_FI","og_type":"article","og_title":"Voit ottaa meihin yhteytt\u00e4 t\u00e4st\u00e4! - Kokki tuli taloon","og_url":"https:\/\/blogi.eoppimispalvelut.fi\/kokkitulitaloon\/voit-ottaa-meihin-yhteytta-tasta\/","og_site_name":"Kokki tuli taloon","twitter_card":"summary_large_image","schema":{"@context":"https:\/\/schema.org","@graph":[{"@type":"WebPage","@id":"https:\/\/blogi.eoppimispalvelut.fi\/kokkitulitaloon\/voit-ottaa-meihin-yhteytta-tasta\/","url":"https:\/\/blogi.eoppimispalvelut.fi\/kokkitulitaloon\/voit-ottaa-meihin-yhteytta-tasta\/","name":"Voit ottaa meihin yhteytt\u00e4 t\u00e4st\u00e4! - Kokki tuli taloon","isPartOf":{"@id":"https:\/\/blogi.eoppimispalvelut.fi\/kokkitulitaloon\/#website"},"datePublished":"2020-12-01T12:24:38+00:00","breadcrumb":{"@id":"https:\/\/blogi.eoppimispalvelut.fi\/kokkitulitaloon\/voit-ottaa-meihin-yhteytta-tasta\/#breadcrumb"},"inLanguage":"fi","potentialAction":[{"@type":"ReadAction","target":["https:\/\/blogi.eoppimispalvelut.fi\/kokkitulitaloon\/voit-ottaa-meihin-yhteytta-tasta\/"]}]},{"@type":"BreadcrumbList","@id":"https:\/\/blogi.eoppimispalvelut.fi\/kokkitulitaloon\/voit-ottaa-meihin-yhteytta-tasta\/#breadcrumb","itemListElement":[{"@type":"ListItem","position":1,"name":"Home","item":"https:\/\/blogi.eoppimispalvelut.fi\/kokkitulitaloon\/"},{"@type":"ListItem","position":2,"name":"Voit ottaa meihin yhteytt\u00e4 t\u00e4st\u00e4!"}]},{"@type":"WebSite","@id":"https:\/\/blogi.eoppimispalvelut.fi\/kokkitulitaloon\/#website","url":"https:\/\/blogi.eoppimispalvelut.fi\/kokkitulitaloon\/","name":"Kokki tuli taloon","description":"Suomen paras kotiruokapalvelu juuri sinulle","publisher":{"@id":"https:\/\/blogi.eoppimispalvelut.fi\/kokkitulitaloon\/#organization"},"potentialAction":[{"@type":"SearchAction","target":{"@type":"EntryPoint","urlTemplate":"https:\/\/blogi.eoppimispalvelut.fi\/kokkitulitaloon\/?s={search_term_string}"},"query-input":{"@type":"PropertyValueSpecification","valueRequired":true,"valueName":"search_term_string"}}],"inLanguage":"fi"},{"@type":"Organization","@id":"https:\/\/blogi.eoppimispalvelut.fi\/kokkitulitaloon\/#organization","name":"Kokki tuli taloon","url":"https:\/\/blogi.eoppimispalvelut.fi\/kokkitulitaloon\/","logo":{"@type":"ImageObject","inLanguage":"fi","@id":"https:\/\/blogi.eoppimispalvelut.fi\/kokkitulitaloon\/#\/schema\/logo\/image\/","url":"https:\/\/blogi.eoppimispalvelut.fi\/kokkitulitaloon\/files\/2020\/12\/cropped-logo-8.png","contentUrl":"https:\/\/blogi.eoppimispalvelut.fi\/kokkitulitaloon\/files\/2020\/12\/cropped-logo-8.png","width":629,"height":245,"caption":"Kokki tuli taloon"},"image":{"@id":"https:\/\/blogi.eoppimispalvelut.fi\/kokkitulitaloon\/#\/schema\/logo\/image\/"}}]}},"_links":{"self":[{"href":"https:\/\/blogi.eoppimispalvelut.fi\/kokkitulitaloon\/wp-json\/wp\/v2\/pages\/175","targetHints":{"allow":["GET"]}}],"collection":[{"href":"https:\/\/blogi.eoppimispalvelut.fi\/kokkitulitaloon\/wp-json\/wp\/v2\/pages"}],"about":[{"href":"https:\/\/blogi.eoppimispalvelut.fi\/kokkitulitaloon\/wp-json\/wp\/v2\/types\/page"}],"author":[{"embeddable":true,"href":"https:\/\/blogi.eoppimispalvelut.fi\/kokkitulitaloon\/wp-json\/wp\/v2\/users\/4493"}],"replies":[{"embeddable":true,"href":"https:\/\/blogi.eoppimispalvelut.fi\/kokkitulitaloon\/wp-json\/wp\/v2\/comments?post=175"}],"version-history":[{"count":1,"href":"https:\/\/blogi.eoppimispalvelut.fi\/kokkitulitaloon\/wp-json\/wp\/v2\/pages\/175\/revisions"}],"predecessor-version":[{"id":177,"href":"https:\/\/blogi.eoppimispalvelut.fi\/kokkitulitaloon\/wp-json\/wp\/v2\/pages\/175\/revisions\/177"}],"wp:attachment":[{"href":"https:\/\/blogi.eoppimispalvelut.fi\/kokkitulitaloon\/wp-json\/wp\/v2\/media?parent=175"}],"curies":[{"name":"wp","href":"https:\/\/api.w.org\/{rel}","templated":true}]}}