{"id":2,"date":"2020-11-16T15:17:46","date_gmt":"2020-11-16T13:17:46","guid":{"rendered":"https:\/\/blogi.eoppimispalvelut.fi\/kokkitulitaloon\/?page_id=2"},"modified":"2020-12-03T15:17:06","modified_gmt":"2020-12-03T13:17:06","slug":"esimerkkisivu","status":"publish","type":"page","link":"https:\/\/blogi.eoppimispalvelut.fi\/kokkitulitaloon\/","title":{"rendered":"Etusivu"},"content":{"rendered":"\r\n<p>Tervetuloa sivustollemme!<\/p>\r\n<p>Ja onnittelut, olet l\u00e4hell\u00e4 yht\u00e4 el\u00e4m\u00e4si t\u00e4rkeint\u00e4 p\u00e4\u00e4t\u00f6st\u00e4. Sivustolta voit nimitt\u00e4in helposti l\u00f6yt\u00e4\u00e4 onnistumisen avaimet pieniin tai isompiin juhliin kotiisi tai m\u00f6kille, ihanan yll\u00e4tyksen Mummolle tai avun arjen kiireisiin &#8211; aina on mukava palata t\u00f6ist\u00e4 kotiin valmiiseen ruokap\u00f6yt\u00e4\u00e4n!\u00a0<\/p>\r\n<p><img loading=\"lazy\" decoding=\"async\" class=\"alignnone size-medium wp-image-66\" src=\"https:\/\/blogi.eoppimispalvelut.fi\/kokkitulitaloon\/files\/2020\/11\/signal-2020-10-11-210128-225x300.jpeg\" alt=\"\" width=\"225\" height=\"300\" srcset=\"https:\/\/blogi.eoppimispalvelut.fi\/kokkitulitaloon\/files\/2020\/11\/signal-2020-10-11-210128-225x300.jpeg 225w, https:\/\/blogi.eoppimispalvelut.fi\/kokkitulitaloon\/files\/2020\/11\/signal-2020-10-11-210128-767x1024.jpeg 767w, https:\/\/blogi.eoppimispalvelut.fi\/kokkitulitaloon\/files\/2020\/11\/signal-2020-10-11-210128-768x1025.jpeg 768w, https:\/\/blogi.eoppimispalvelut.fi\/kokkitulitaloon\/files\/2020\/11\/signal-2020-10-11-210128-1151x1536.jpeg 1151w, https:\/\/blogi.eoppimispalvelut.fi\/kokkitulitaloon\/files\/2020\/11\/signal-2020-10-11-210128-1535x2048.jpeg 1535w, https:\/\/blogi.eoppimispalvelut.fi\/kokkitulitaloon\/files\/2020\/11\/signal-2020-10-11-210128-scaled.jpeg 1918w\" sizes=\"auto, (max-width: 225px) 100vw, 225px\" \/><\/p>\r\n<p>Yrityksemme tuottaa palveluel\u00e4myksi\u00e4 ja unohtumattomia makunautintoja. Tarjoamme sinulle vaihtoehdon noutoruoka- ja kotiinkuljetuspalvelulle kotiin saapuvan huippukokin muodossa!<\/p>\r\n","protected":false},"excerpt":{"rendered":"<p>Tervetuloa sivustollemme! Ja onnittelut, olet l\u00e4hell\u00e4 yht\u00e4 el\u00e4m\u00e4si t\u00e4rkeint\u00e4 p\u00e4\u00e4t\u00f6st\u00e4. Sivustolta voit nimitt\u00e4in helposti l\u00f6yt\u00e4\u00e4 onnistumisen avaimet pieniin tai isompiin juhliin kotiisi tai m\u00f6kille, ihanan yll\u00e4tyksen Mummolle tai avun arjen kiireisiin &#8211; aina on mukava palata t\u00f6ist\u00e4 kotiin valmiiseen ruokap\u00f6yt\u00e4\u00e4n!\u00a0 Yrityksemme tuottaa palveluel\u00e4myksi\u00e4 ja unohtumattomia makunautintoja. Tarjoamme sinulle vaihtoehdon noutoruoka- ja kotiinkuljetuspalvelulle kotiin saapuvan huippukokin [&hellip;]<\/p>\n","protected":false},"author":4493,"featured_media":0,"parent":0,"menu_order":0,"comment_status":"closed","ping_status":"open","template":"","meta":{"footnotes":""},"class_list":["post-2","page","type-page","status-publish","hentry"],"yoast_head":"<!-- This site is optimized with the Yoast SEO plugin v27.1.1 - https:\/\/yoast.com\/product\/yoast-seo-wordpress\/ -->\n<title>Etusivu - Kokki tuli taloon<\/title>\n<meta name=\"robots\" content=\"index, follow, max-snippet:-1, max-image-preview:large, max-video-preview:-1\" \/>\n<link rel=\"canonical\" href=\"https:\/\/blogi.eoppimispalvelut.fi\/kokkitulitaloon\/\" \/>\n<meta property=\"og:locale\" content=\"fi_FI\" \/>\n<meta property=\"og:type\" content=\"article\" \/>\n<meta property=\"og:title\" content=\"Etusivu - Kokki tuli taloon\" \/>\n<meta property=\"og:description\" content=\"Tervetuloa sivustollemme! Ja onnittelut, olet l\u00e4hell\u00e4 yht\u00e4 el\u00e4m\u00e4si t\u00e4rkeint\u00e4 p\u00e4\u00e4t\u00f6st\u00e4. Sivustolta voit nimitt\u00e4in helposti l\u00f6yt\u00e4\u00e4 onnistumisen avaimet pieniin tai isompiin juhliin kotiisi tai m\u00f6kille, ihanan yll\u00e4tyksen Mummolle tai avun arjen kiireisiin &#8211; aina on mukava palata t\u00f6ist\u00e4 kotiin valmiiseen ruokap\u00f6yt\u00e4\u00e4n!\u00a0 Yrityksemme tuottaa palveluel\u00e4myksi\u00e4 ja unohtumattomia makunautintoja. Tarjoamme sinulle vaihtoehdon noutoruoka- ja kotiinkuljetuspalvelulle kotiin saapuvan huippukokin [&hellip;]\" \/>\n<meta property=\"og:url\" content=\"https:\/\/blogi.eoppimispalvelut.fi\/kokkitulitaloon\/\" \/>\n<meta property=\"og:site_name\" content=\"Kokki tuli taloon\" \/>\n<meta property=\"article:modified_time\" content=\"2020-12-03T13:17:06+00:00\" \/>\n<meta property=\"og:image\" content=\"https:\/\/blogi.eoppimispalvelut.fi\/kokkitulitaloon\/files\/2020\/11\/signal-2020-10-11-210128-225x300.jpeg\" \/>\n<meta name=\"twitter:card\" content=\"summary_large_image\" \/>\n<script type=\"application\/ld+json\" class=\"yoast-schema-graph\">{\"@context\":\"https:\/\/schema.org\",\"@graph\":[{\"@type\":\"WebPage\",\"@id\":\"https:\/\/blogi.eoppimispalvelut.fi\/kokkitulitaloon\/\",\"url\":\"https:\/\/blogi.eoppimispalvelut.fi\/kokkitulitaloon\/\",\"name\":\"Etusivu - Kokki tuli taloon\",\"isPartOf\":{\"@id\":\"https:\/\/blogi.eoppimispalvelut.fi\/kokkitulitaloon\/#website\"},\"primaryImageOfPage\":{\"@id\":\"https:\/\/blogi.eoppimispalvelut.fi\/kokkitulitaloon\/#primaryimage\"},\"image\":{\"@id\":\"https:\/\/blogi.eoppimispalvelut.fi\/kokkitulitaloon\/#primaryimage\"},\"thumbnailUrl\":\"https:\/\/blogi.eoppimispalvelut.fi\/kokkitulitaloon\/files\/2020\/11\/signal-2020-10-11-210128-225x300.jpeg\",\"datePublished\":\"2020-11-16T13:17:46+00:00\",\"dateModified\":\"2020-12-03T13:17:06+00:00\",\"breadcrumb\":{\"@id\":\"https:\/\/blogi.eoppimispalvelut.fi\/kokkitulitaloon\/#breadcrumb\"},\"inLanguage\":\"fi\",\"potentialAction\":[{\"@type\":\"ReadAction\",\"target\":[\"https:\/\/blogi.eoppimispalvelut.fi\/kokkitulitaloon\/\"]}]},{\"@type\":\"ImageObject\",\"inLanguage\":\"fi\",\"@id\":\"https:\/\/blogi.eoppimispalvelut.fi\/kokkitulitaloon\/#primaryimage\",\"url\":\"https:\/\/blogi.eoppimispalvelut.fi\/kokkitulitaloon\/files\/2020\/11\/signal-2020-10-11-210128-225x300.jpeg\",\"contentUrl\":\"https:\/\/blogi.eoppimispalvelut.fi\/kokkitulitaloon\/files\/2020\/11\/signal-2020-10-11-210128-225x300.jpeg\"},{\"@type\":\"BreadcrumbList\",\"@id\":\"https:\/\/blogi.eoppimispalvelut.fi\/kokkitulitaloon\/#breadcrumb\",\"itemListElement\":[{\"@type\":\"ListItem\",\"position\":1,\"name\":\"Home\",\"item\":\"https:\/\/blogi.eoppimispalvelut.fi\/kokkitulitaloon\/\"},{\"@type\":\"ListItem\",\"position\":2,\"name\":\"Etusivu\"}]},{\"@type\":\"WebSite\",\"@id\":\"https:\/\/blogi.eoppimispalvelut.fi\/kokkitulitaloon\/#website\",\"url\":\"https:\/\/blogi.eoppimispalvelut.fi\/kokkitulitaloon\/\",\"name\":\"Kokki tuli taloon\",\"description\":\"Suomen paras kotiruokapalvelu juuri sinulle\",\"publisher\":{\"@id\":\"https:\/\/blogi.eoppimispalvelut.fi\/kokkitulitaloon\/#organization\"},\"potentialAction\":[{\"@type\":\"SearchAction\",\"target\":{\"@type\":\"EntryPoint\",\"urlTemplate\":\"https:\/\/blogi.eoppimispalvelut.fi\/kokkitulitaloon\/?s={search_term_string}\"},\"query-input\":{\"@type\":\"PropertyValueSpecification\",\"valueRequired\":true,\"valueName\":\"search_term_string\"}}],\"inLanguage\":\"fi\"},{\"@type\":\"Organization\",\"@id\":\"https:\/\/blogi.eoppimispalvelut.fi\/kokkitulitaloon\/#organization\",\"name\":\"Kokki tuli taloon\",\"url\":\"https:\/\/blogi.eoppimispalvelut.fi\/kokkitulitaloon\/\",\"logo\":{\"@type\":\"ImageObject\",\"inLanguage\":\"fi\",\"@id\":\"https:\/\/blogi.eoppimispalvelut.fi\/kokkitulitaloon\/#\/schema\/logo\/image\/\",\"url\":\"https:\/\/blogi.eoppimispalvelut.fi\/kokkitulitaloon\/files\/2020\/12\/cropped-logo-8.png\",\"contentUrl\":\"https:\/\/blogi.eoppimispalvelut.fi\/kokkitulitaloon\/files\/2020\/12\/cropped-logo-8.png\",\"width\":629,\"height\":245,\"caption\":\"Kokki tuli taloon\"},\"image\":{\"@id\":\"https:\/\/blogi.eoppimispalvelut.fi\/kokkitulitaloon\/#\/schema\/logo\/image\/\"}}]}<\/script>\n<!-- \/ Yoast SEO plugin. -->","yoast_head_json":{"title":"Etusivu - Kokki tuli taloon","robots":{"index":"index","follow":"follow","max-snippet":"max-snippet:-1","max-image-preview":"max-image-preview:large","max-video-preview":"max-video-preview:-1"},"canonical":"https:\/\/blogi.eoppimispalvelut.fi\/kokkitulitaloon\/","og_locale":"fi_FI","og_type":"article","og_title":"Etusivu - Kokki tuli taloon","og_description":"Tervetuloa sivustollemme! Ja onnittelut, olet l\u00e4hell\u00e4 yht\u00e4 el\u00e4m\u00e4si t\u00e4rkeint\u00e4 p\u00e4\u00e4t\u00f6st\u00e4. Sivustolta voit nimitt\u00e4in helposti l\u00f6yt\u00e4\u00e4 onnistumisen avaimet pieniin tai isompiin juhliin kotiisi tai m\u00f6kille, ihanan yll\u00e4tyksen Mummolle tai avun arjen kiireisiin &#8211; aina on mukava palata t\u00f6ist\u00e4 kotiin valmiiseen ruokap\u00f6yt\u00e4\u00e4n!\u00a0 Yrityksemme tuottaa palveluel\u00e4myksi\u00e4 ja unohtumattomia makunautintoja. Tarjoamme sinulle vaihtoehdon noutoruoka- ja kotiinkuljetuspalvelulle kotiin saapuvan huippukokin [&hellip;]","og_url":"https:\/\/blogi.eoppimispalvelut.fi\/kokkitulitaloon\/","og_site_name":"Kokki tuli taloon","article_modified_time":"2020-12-03T13:17:06+00:00","og_image":[{"url":"https:\/\/blogi.eoppimispalvelut.fi\/kokkitulitaloon\/files\/2020\/11\/signal-2020-10-11-210128-225x300.jpeg","type":"","width":"","height":""}],"twitter_card":"summary_large_image","schema":{"@context":"https:\/\/schema.org","@graph":[{"@type":"WebPage","@id":"https:\/\/blogi.eoppimispalvelut.fi\/kokkitulitaloon\/","url":"https:\/\/blogi.eoppimispalvelut.fi\/kokkitulitaloon\/","name":"Etusivu - Kokki tuli taloon","isPartOf":{"@id":"https:\/\/blogi.eoppimispalvelut.fi\/kokkitulitaloon\/#website"},"primaryImageOfPage":{"@id":"https:\/\/blogi.eoppimispalvelut.fi\/kokkitulitaloon\/#primaryimage"},"image":{"@id":"https:\/\/blogi.eoppimispalvelut.fi\/kokkitulitaloon\/#primaryimage"},"thumbnailUrl":"https:\/\/blogi.eoppimispalvelut.fi\/kokkitulitaloon\/files\/2020\/11\/signal-2020-10-11-210128-225x300.jpeg","datePublished":"2020-11-16T13:17:46+00:00","dateModified":"2020-12-03T13:17:06+00:00","breadcrumb":{"@id":"https:\/\/blogi.eoppimispalvelut.fi\/kokkitulitaloon\/#breadcrumb"},"inLanguage":"fi","potentialAction":[{"@type":"ReadAction","target":["https:\/\/blogi.eoppimispalvelut.fi\/kokkitulitaloon\/"]}]},{"@type":"ImageObject","inLanguage":"fi","@id":"https:\/\/blogi.eoppimispalvelut.fi\/kokkitulitaloon\/#primaryimage","url":"https:\/\/blogi.eoppimispalvelut.fi\/kokkitulitaloon\/files\/2020\/11\/signal-2020-10-11-210128-225x300.jpeg","contentUrl":"https:\/\/blogi.eoppimispalvelut.fi\/kokkitulitaloon\/files\/2020\/11\/signal-2020-10-11-210128-225x300.jpeg"},{"@type":"BreadcrumbList","@id":"https:\/\/blogi.eoppimispalvelut.fi\/kokkitulitaloon\/#breadcrumb","itemListElement":[{"@type":"ListItem","position":1,"name":"Home","item":"https:\/\/blogi.eoppimispalvelut.fi\/kokkitulitaloon\/"},{"@type":"ListItem","position":2,"name":"Etusivu"}]},{"@type":"WebSite","@id":"https:\/\/blogi.eoppimispalvelut.fi\/kokkitulitaloon\/#website","url":"https:\/\/blogi.eoppimispalvelut.fi\/kokkitulitaloon\/","name":"Kokki tuli taloon","description":"Suomen paras kotiruokapalvelu juuri sinulle","publisher":{"@id":"https:\/\/blogi.eoppimispalvelut.fi\/kokkitulitaloon\/#organization"},"potentialAction":[{"@type":"SearchAction","target":{"@type":"EntryPoint","urlTemplate":"https:\/\/blogi.eoppimispalvelut.fi\/kokkitulitaloon\/?s={search_term_string}"},"query-input":{"@type":"PropertyValueSpecification","valueRequired":true,"valueName":"search_term_string"}}],"inLanguage":"fi"},{"@type":"Organization","@id":"https:\/\/blogi.eoppimispalvelut.fi\/kokkitulitaloon\/#organization","name":"Kokki tuli taloon","url":"https:\/\/blogi.eoppimispalvelut.fi\/kokkitulitaloon\/","logo":{"@type":"ImageObject","inLanguage":"fi","@id":"https:\/\/blogi.eoppimispalvelut.fi\/kokkitulitaloon\/#\/schema\/logo\/image\/","url":"https:\/\/blogi.eoppimispalvelut.fi\/kokkitulitaloon\/files\/2020\/12\/cropped-logo-8.png","contentUrl":"https:\/\/blogi.eoppimispalvelut.fi\/kokkitulitaloon\/files\/2020\/12\/cropped-logo-8.png","width":629,"height":245,"caption":"Kokki tuli taloon"},"image":{"@id":"https:\/\/blogi.eoppimispalvelut.fi\/kokkitulitaloon\/#\/schema\/logo\/image\/"}}]}},"_links":{"self":[{"href":"https:\/\/blogi.eoppimispalvelut.fi\/kokkitulitaloon\/wp-json\/wp\/v2\/pages\/2","targetHints":{"allow":["GET"]}}],"collection":[{"href":"https:\/\/blogi.eoppimispalvelut.fi\/kokkitulitaloon\/wp-json\/wp\/v2\/pages"}],"about":[{"href":"https:\/\/blogi.eoppimispalvelut.fi\/kokkitulitaloon\/wp-json\/wp\/v2\/types\/page"}],"author":[{"embeddable":true,"href":"https:\/\/blogi.eoppimispalvelut.fi\/kokkitulitaloon\/wp-json\/wp\/v2\/users\/4493"}],"replies":[{"embeddable":true,"href":"https:\/\/blogi.eoppimispalvelut.fi\/kokkitulitaloon\/wp-json\/wp\/v2\/comments?post=2"}],"version-history":[{"count":9,"href":"https:\/\/blogi.eoppimispalvelut.fi\/kokkitulitaloon\/wp-json\/wp\/v2\/pages\/2\/revisions"}],"predecessor-version":[{"id":231,"href":"https:\/\/blogi.eoppimispalvelut.fi\/kokkitulitaloon\/wp-json\/wp\/v2\/pages\/2\/revisions\/231"}],"wp:attachment":[{"href":"https:\/\/blogi.eoppimispalvelut.fi\/kokkitulitaloon\/wp-json\/wp\/v2\/media?parent=2"}],"curies":[{"name":"wp","href":"https:\/\/api.w.org\/{rel}","templated":true}]}}