{"id":96,"date":"2020-11-17T18:32:55","date_gmt":"2020-11-17T16:32:55","guid":{"rendered":"https:\/\/blogi.eoppimispalvelut.fi\/kokkitulitaloon\/?page_id=96"},"modified":"2020-11-17T18:57:51","modified_gmt":"2020-11-17T16:57:51","slug":"mita-tanaan-syotaisiin","status":"publish","type":"page","link":"https:\/\/blogi.eoppimispalvelut.fi\/kokkitulitaloon\/mita-tanaan-syotaisiin\/","title":{"rendered":"Mit\u00e4 t\u00e4n\u00e4\u00e4n sy\u00f6t\u00e4isiin?"},"content":{"rendered":"<p style=\"text-align: center\">T\u00e4ss\u00e4 muutamia valmiita annoksia keitti\u00f6iden Picassoilta, Van Gogheilta ja muilta mestareilta:<\/p>\n<p style=\"text-align: center\"><img loading=\"lazy\" decoding=\"async\" class=\"alignnone wp-image-16\" src=\"https:\/\/blogi.eoppimispalvelut.fi\/kokkitulitaloon\/files\/2020\/11\/signal-2020-10-18-142508-300x225.jpeg\" alt=\"\" width=\"355\" height=\"266\" srcset=\"https:\/\/blogi.eoppimispalvelut.fi\/kokkitulitaloon\/files\/2020\/11\/signal-2020-10-18-142508-300x225.jpeg 300w, https:\/\/blogi.eoppimispalvelut.fi\/kokkitulitaloon\/files\/2020\/11\/signal-2020-10-18-142508-1024x768.jpeg 1024w, https:\/\/blogi.eoppimispalvelut.fi\/kokkitulitaloon\/files\/2020\/11\/signal-2020-10-18-142508-768x576.jpeg 768w, https:\/\/blogi.eoppimispalvelut.fi\/kokkitulitaloon\/files\/2020\/11\/signal-2020-10-18-142508-1536x1152.jpeg 1536w, https:\/\/blogi.eoppimispalvelut.fi\/kokkitulitaloon\/files\/2020\/11\/signal-2020-10-18-142508.jpeg 1600w\" sizes=\"auto, (max-width: 355px) 100vw, 355px\" \/><\/p>\n<p style=\"text-align: center\">Peuran fil\u00e9 yrttivoilla, paistetut perunat ja coleslaw<\/p>\n<p style=\"text-align: center\"><img loading=\"lazy\" decoding=\"async\" class=\"alignnone wp-image-11\" src=\"https:\/\/blogi.eoppimispalvelut.fi\/kokkitulitaloon\/files\/2020\/11\/signal-2020-10-18-141814_003-300x225.jpeg\" alt=\"\" width=\"355\" height=\"266\" srcset=\"https:\/\/blogi.eoppimispalvelut.fi\/kokkitulitaloon\/files\/2020\/11\/signal-2020-10-18-141814_003-300x225.jpeg 300w, https:\/\/blogi.eoppimispalvelut.fi\/kokkitulitaloon\/files\/2020\/11\/signal-2020-10-18-141814_003-1024x768.jpeg 1024w, https:\/\/blogi.eoppimispalvelut.fi\/kokkitulitaloon\/files\/2020\/11\/signal-2020-10-18-141814_003-768x576.jpeg 768w, https:\/\/blogi.eoppimispalvelut.fi\/kokkitulitaloon\/files\/2020\/11\/signal-2020-10-18-141814_003-1536x1153.jpeg 1536w, https:\/\/blogi.eoppimispalvelut.fi\/kokkitulitaloon\/files\/2020\/11\/signal-2020-10-18-141814_003-2048x1537.jpeg 2048w\" sizes=\"auto, (max-width: 355px) 100vw, 355px\" \/><\/p>\n<p style=\"text-align: center\">Teriyaki-kana tuoreilla vihanneksilla<\/p>\n<p style=\"text-align: center\"><img loading=\"lazy\" decoding=\"async\" class=\"alignnone wp-image-12\" src=\"https:\/\/blogi.eoppimispalvelut.fi\/kokkitulitaloon\/files\/2020\/11\/signal-2020-10-18-141814_004-300x225.jpeg\" alt=\"\" width=\"355\" height=\"267\" srcset=\"https:\/\/blogi.eoppimispalvelut.fi\/kokkitulitaloon\/files\/2020\/11\/signal-2020-10-18-141814_004-300x225.jpeg 300w, https:\/\/blogi.eoppimispalvelut.fi\/kokkitulitaloon\/files\/2020\/11\/signal-2020-10-18-141814_004-1024x768.jpeg 1024w, https:\/\/blogi.eoppimispalvelut.fi\/kokkitulitaloon\/files\/2020\/11\/signal-2020-10-18-141814_004-768x576.jpeg 768w, https:\/\/blogi.eoppimispalvelut.fi\/kokkitulitaloon\/files\/2020\/11\/signal-2020-10-18-141814_004-1536x1152.jpeg 1536w, https:\/\/blogi.eoppimispalvelut.fi\/kokkitulitaloon\/files\/2020\/11\/signal-2020-10-18-141814_004-2048x1536.jpeg 2048w\" sizes=\"auto, (max-width: 355px) 100vw, 355px\" \/><\/p>\n<p style=\"text-align: center\">Katkarapusalaatti<\/p>\n<p style=\"text-align: center\"><img loading=\"lazy\" decoding=\"async\" class=\"alignnone  wp-image-35\" src=\"https:\/\/blogi.eoppimispalvelut.fi\/kokkitulitaloon\/files\/2020\/11\/signal-2020-10-18-145625_012-300x300.jpeg\" alt=\"\" width=\"355\" height=\"355\" srcset=\"https:\/\/blogi.eoppimispalvelut.fi\/kokkitulitaloon\/files\/2020\/11\/signal-2020-10-18-145625_012-300x300.jpeg 300w, https:\/\/blogi.eoppimispalvelut.fi\/kokkitulitaloon\/files\/2020\/11\/signal-2020-10-18-145625_012-1024x1024.jpeg 1024w, https:\/\/blogi.eoppimispalvelut.fi\/kokkitulitaloon\/files\/2020\/11\/signal-2020-10-18-145625_012-150x150.jpeg 150w, https:\/\/blogi.eoppimispalvelut.fi\/kokkitulitaloon\/files\/2020\/11\/signal-2020-10-18-145625_012-768x768.jpeg 768w, https:\/\/blogi.eoppimispalvelut.fi\/kokkitulitaloon\/files\/2020\/11\/signal-2020-10-18-145625_012-1536x1536.jpeg 1536w, https:\/\/blogi.eoppimispalvelut.fi\/kokkitulitaloon\/files\/2020\/11\/signal-2020-10-18-145625_012-2048x2048.jpeg 2048w\" sizes=\"auto, (max-width: 355px) 100vw, 355px\" \/><\/p>\n<p style=\"text-align: center\">Padallinen punaisella curryll\u00e4, korianterilla ja paprikalla maustettua kanakeittoa<\/p>\n<p style=\"text-align: center\"><img loading=\"lazy\" decoding=\"async\" class=\"alignnone  wp-image-10\" src=\"https:\/\/blogi.eoppimispalvelut.fi\/kokkitulitaloon\/files\/2020\/11\/signal-2020-10-18-141814_002-300x300.jpeg\" alt=\"\" width=\"355\" height=\"355\" srcset=\"https:\/\/blogi.eoppimispalvelut.fi\/kokkitulitaloon\/files\/2020\/11\/signal-2020-10-18-141814_002-300x300.jpeg 300w, https:\/\/blogi.eoppimispalvelut.fi\/kokkitulitaloon\/files\/2020\/11\/signal-2020-10-18-141814_002-1024x1024.jpeg 1024w, https:\/\/blogi.eoppimispalvelut.fi\/kokkitulitaloon\/files\/2020\/11\/signal-2020-10-18-141814_002-150x150.jpeg 150w, https:\/\/blogi.eoppimispalvelut.fi\/kokkitulitaloon\/files\/2020\/11\/signal-2020-10-18-141814_002-768x768.jpeg 768w, https:\/\/blogi.eoppimispalvelut.fi\/kokkitulitaloon\/files\/2020\/11\/signal-2020-10-18-141814_002-1536x1536.jpeg 1536w, https:\/\/blogi.eoppimispalvelut.fi\/kokkitulitaloon\/files\/2020\/11\/signal-2020-10-18-141814_002-2048x2048.jpeg 2048w\" sizes=\"auto, (max-width: 355px) 100vw, 355px\" \/><\/p>\n<p style=\"text-align: center\">Hoisin-kanaa, vihanneksia ja basmatiriisi\u00e4<\/p>\n<p>&nbsp;<\/p>\n<p style=\"text-align: center\"><img loading=\"lazy\" decoding=\"async\" class=\"alignnone  wp-image-31\" src=\"https:\/\/blogi.eoppimispalvelut.fi\/kokkitulitaloon\/files\/2020\/11\/signal-2020-10-18-145625_008-300x225.jpeg\" alt=\"\" width=\"355\" height=\"266\" srcset=\"https:\/\/blogi.eoppimispalvelut.fi\/kokkitulitaloon\/files\/2020\/11\/signal-2020-10-18-145625_008-300x225.jpeg 300w, https:\/\/blogi.eoppimispalvelut.fi\/kokkitulitaloon\/files\/2020\/11\/signal-2020-10-18-145625_008-1024x768.jpeg 1024w, https:\/\/blogi.eoppimispalvelut.fi\/kokkitulitaloon\/files\/2020\/11\/signal-2020-10-18-145625_008-768x576.jpeg 768w, https:\/\/blogi.eoppimispalvelut.fi\/kokkitulitaloon\/files\/2020\/11\/signal-2020-10-18-145625_008-1536x1152.jpeg 1536w, https:\/\/blogi.eoppimispalvelut.fi\/kokkitulitaloon\/files\/2020\/11\/signal-2020-10-18-145625_008-2048x1536.jpeg 2048w\" sizes=\"auto, (max-width: 355px) 100vw, 355px\" \/><\/p>\n<p style=\"text-align: center\">Friteerattua ankkaa Panang-currykastikkeella<\/p>\n<p>&nbsp;<\/p>\n<p><img loading=\"lazy\" decoding=\"async\" class=\" wp-image-27 aligncenter\" src=\"https:\/\/blogi.eoppimispalvelut.fi\/kokkitulitaloon\/files\/2020\/11\/signal-2020-10-18-145625_004-300x300.jpeg\" alt=\"\" width=\"355\" height=\"355\" srcset=\"https:\/\/blogi.eoppimispalvelut.fi\/kokkitulitaloon\/files\/2020\/11\/signal-2020-10-18-145625_004-300x300.jpeg 300w, https:\/\/blogi.eoppimispalvelut.fi\/kokkitulitaloon\/files\/2020\/11\/signal-2020-10-18-145625_004-1024x1024.jpeg 1024w, https:\/\/blogi.eoppimispalvelut.fi\/kokkitulitaloon\/files\/2020\/11\/signal-2020-10-18-145625_004-150x150.jpeg 150w, https:\/\/blogi.eoppimispalvelut.fi\/kokkitulitaloon\/files\/2020\/11\/signal-2020-10-18-145625_004-768x768.jpeg 768w, https:\/\/blogi.eoppimispalvelut.fi\/kokkitulitaloon\/files\/2020\/11\/signal-2020-10-18-145625_004-1536x1536.jpeg 1536w, https:\/\/blogi.eoppimispalvelut.fi\/kokkitulitaloon\/files\/2020\/11\/signal-2020-10-18-145625_004-2048x2048.jpeg 2048w\" sizes=\"auto, (max-width: 355px) 100vw, 355px\" \/><\/p>\n<p style=\"text-align: center\">Gluteeniton lasagne<\/p>\n<p>&nbsp;<\/p>\n<p style=\"text-align: center\">Valikoimaamme kuuluvat my\u00f6s eri Aasian maiden ruokakulttuurien helmet. Ruoan mausteisuus ja tulisuus on t\u00e4ysin mitoitettavissa tilaajan tottumusten mukaiseksi.<\/p>\n<p>&nbsp;<\/p>\n<p>&nbsp;<\/p>\n<p style=\"text-align: center\">\n","protected":false},"excerpt":{"rendered":"<p>T\u00e4ss\u00e4 muutamia valmiita annoksia keitti\u00f6iden Picassoilta, Van Gogheilta ja muilta mestareilta: Peuran fil\u00e9 yrttivoilla, paistetut perunat ja coleslaw Teriyaki-kana tuoreilla vihanneksilla Katkarapusalaatti Padallinen punaisella curryll\u00e4, korianterilla ja paprikalla maustettua kanakeittoa Hoisin-kanaa, vihanneksia ja basmatiriisi\u00e4 &nbsp; Friteerattua ankkaa Panang-currykastikkeella &nbsp; Gluteeniton lasagne &nbsp; Valikoimaamme kuuluvat my\u00f6s eri Aasian maiden ruokakulttuurien helmet. Ruoan mausteisuus ja tulisuus on [&hellip;]<\/p>\n","protected":false},"author":4493,"featured_media":0,"parent":0,"menu_order":0,"comment_status":"closed","ping_status":"closed","template":"","meta":{"footnotes":""},"class_list":["post-96","page","type-page","status-publish","hentry"],"yoast_head":"<!-- This site is optimized with the Yoast SEO plugin v27.1.1 - https:\/\/yoast.com\/product\/yoast-seo-wordpress\/ -->\n<title>Mit\u00e4 t\u00e4n\u00e4\u00e4n sy\u00f6d\u00e4\u00e4n<\/title>\n<meta name=\"robots\" content=\"index, follow, max-snippet:-1, max-image-preview:large, max-video-preview:-1\" \/>\n<link rel=\"canonical\" href=\"https:\/\/blogi.eoppimispalvelut.fi\/kokkitulitaloon\/mita-tanaan-syotaisiin\/\" \/>\n<meta property=\"og:locale\" content=\"fi_FI\" \/>\n<meta property=\"og:type\" content=\"article\" \/>\n<meta property=\"og:title\" content=\"Mit\u00e4 t\u00e4n\u00e4\u00e4n sy\u00f6d\u00e4\u00e4n\" \/>\n<meta property=\"og:description\" content=\"T\u00e4ss\u00e4 muutamia valmiita annoksia keitti\u00f6iden Picassoilta, Van Gogheilta ja muilta mestareilta: Peuran fil\u00e9 yrttivoilla, paistetut perunat ja coleslaw Teriyaki-kana tuoreilla vihanneksilla Katkarapusalaatti Padallinen punaisella curryll\u00e4, korianterilla ja paprikalla maustettua kanakeittoa Hoisin-kanaa, vihanneksia ja basmatiriisi\u00e4 &nbsp; Friteerattua ankkaa Panang-currykastikkeella &nbsp; Gluteeniton lasagne &nbsp; Valikoimaamme kuuluvat my\u00f6s eri Aasian maiden ruokakulttuurien helmet. Ruoan mausteisuus ja tulisuus on [&hellip;]\" \/>\n<meta property=\"og:url\" content=\"https:\/\/blogi.eoppimispalvelut.fi\/kokkitulitaloon\/mita-tanaan-syotaisiin\/\" \/>\n<meta property=\"og:site_name\" content=\"Kokki tuli taloon\" \/>\n<meta property=\"article:modified_time\" content=\"2020-11-17T16:57:51+00:00\" \/>\n<meta property=\"og:image\" content=\"https:\/\/blogi.eoppimispalvelut.fi\/kokkitulitaloon\/files\/2020\/11\/signal-2020-10-18-142508-300x225.jpeg\" \/>\n<meta name=\"twitter:card\" content=\"summary_large_image\" \/>\n<script type=\"application\/ld+json\" class=\"yoast-schema-graph\">{\"@context\":\"https:\/\/schema.org\",\"@graph\":[{\"@type\":\"WebPage\",\"@id\":\"https:\/\/blogi.eoppimispalvelut.fi\/kokkitulitaloon\/mita-tanaan-syotaisiin\/\",\"url\":\"https:\/\/blogi.eoppimispalvelut.fi\/kokkitulitaloon\/mita-tanaan-syotaisiin\/\",\"name\":\"Mit\u00e4 t\u00e4n\u00e4\u00e4n sy\u00f6d\u00e4\u00e4n\",\"isPartOf\":{\"@id\":\"https:\/\/blogi.eoppimispalvelut.fi\/kokkitulitaloon\/#website\"},\"primaryImageOfPage\":{\"@id\":\"https:\/\/blogi.eoppimispalvelut.fi\/kokkitulitaloon\/mita-tanaan-syotaisiin\/#primaryimage\"},\"image\":{\"@id\":\"https:\/\/blogi.eoppimispalvelut.fi\/kokkitulitaloon\/mita-tanaan-syotaisiin\/#primaryimage\"},\"thumbnailUrl\":\"https:\/\/blogi.eoppimispalvelut.fi\/kokkitulitaloon\/files\/2020\/11\/signal-2020-10-18-142508-300x225.jpeg\",\"datePublished\":\"2020-11-17T16:32:55+00:00\",\"dateModified\":\"2020-11-17T16:57:51+00:00\",\"breadcrumb\":{\"@id\":\"https:\/\/blogi.eoppimispalvelut.fi\/kokkitulitaloon\/mita-tanaan-syotaisiin\/#breadcrumb\"},\"inLanguage\":\"fi\",\"potentialAction\":[{\"@type\":\"ReadAction\",\"target\":[\"https:\/\/blogi.eoppimispalvelut.fi\/kokkitulitaloon\/mita-tanaan-syotaisiin\/\"]}]},{\"@type\":\"ImageObject\",\"inLanguage\":\"fi\",\"@id\":\"https:\/\/blogi.eoppimispalvelut.fi\/kokkitulitaloon\/mita-tanaan-syotaisiin\/#primaryimage\",\"url\":\"https:\/\/blogi.eoppimispalvelut.fi\/kokkitulitaloon\/files\/2020\/11\/signal-2020-10-18-142508.jpeg\",\"contentUrl\":\"https:\/\/blogi.eoppimispalvelut.fi\/kokkitulitaloon\/files\/2020\/11\/signal-2020-10-18-142508.jpeg\",\"width\":1600,\"height\":1200},{\"@type\":\"BreadcrumbList\",\"@id\":\"https:\/\/blogi.eoppimispalvelut.fi\/kokkitulitaloon\/mita-tanaan-syotaisiin\/#breadcrumb\",\"itemListElement\":[{\"@type\":\"ListItem\",\"position\":1,\"name\":\"Home\",\"item\":\"https:\/\/blogi.eoppimispalvelut.fi\/kokkitulitaloon\/\"},{\"@type\":\"ListItem\",\"position\":2,\"name\":\"Mit\u00e4 t\u00e4n\u00e4\u00e4n sy\u00f6t\u00e4isiin?\"}]},{\"@type\":\"WebSite\",\"@id\":\"https:\/\/blogi.eoppimispalvelut.fi\/kokkitulitaloon\/#website\",\"url\":\"https:\/\/blogi.eoppimispalvelut.fi\/kokkitulitaloon\/\",\"name\":\"Kokki tuli taloon\",\"description\":\"Suomen paras kotiruokapalvelu juuri sinulle\",\"publisher\":{\"@id\":\"https:\/\/blogi.eoppimispalvelut.fi\/kokkitulitaloon\/#organization\"},\"potentialAction\":[{\"@type\":\"SearchAction\",\"target\":{\"@type\":\"EntryPoint\",\"urlTemplate\":\"https:\/\/blogi.eoppimispalvelut.fi\/kokkitulitaloon\/?s={search_term_string}\"},\"query-input\":{\"@type\":\"PropertyValueSpecification\",\"valueRequired\":true,\"valueName\":\"search_term_string\"}}],\"inLanguage\":\"fi\"},{\"@type\":\"Organization\",\"@id\":\"https:\/\/blogi.eoppimispalvelut.fi\/kokkitulitaloon\/#organization\",\"name\":\"Kokki tuli taloon\",\"url\":\"https:\/\/blogi.eoppimispalvelut.fi\/kokkitulitaloon\/\",\"logo\":{\"@type\":\"ImageObject\",\"inLanguage\":\"fi\",\"@id\":\"https:\/\/blogi.eoppimispalvelut.fi\/kokkitulitaloon\/#\/schema\/logo\/image\/\",\"url\":\"https:\/\/blogi.eoppimispalvelut.fi\/kokkitulitaloon\/files\/2020\/12\/cropped-logo-8.png\",\"contentUrl\":\"https:\/\/blogi.eoppimispalvelut.fi\/kokkitulitaloon\/files\/2020\/12\/cropped-logo-8.png\",\"width\":629,\"height\":245,\"caption\":\"Kokki tuli taloon\"},\"image\":{\"@id\":\"https:\/\/blogi.eoppimispalvelut.fi\/kokkitulitaloon\/#\/schema\/logo\/image\/\"}}]}<\/script>\n<!-- \/ Yoast SEO plugin. -->","yoast_head_json":{"title":"Mit\u00e4 t\u00e4n\u00e4\u00e4n sy\u00f6d\u00e4\u00e4n","robots":{"index":"index","follow":"follow","max-snippet":"max-snippet:-1","max-image-preview":"max-image-preview:large","max-video-preview":"max-video-preview:-1"},"canonical":"https:\/\/blogi.eoppimispalvelut.fi\/kokkitulitaloon\/mita-tanaan-syotaisiin\/","og_locale":"fi_FI","og_type":"article","og_title":"Mit\u00e4 t\u00e4n\u00e4\u00e4n sy\u00f6d\u00e4\u00e4n","og_description":"T\u00e4ss\u00e4 muutamia valmiita annoksia keitti\u00f6iden Picassoilta, Van Gogheilta ja muilta mestareilta: Peuran fil\u00e9 yrttivoilla, paistetut perunat ja coleslaw Teriyaki-kana tuoreilla vihanneksilla Katkarapusalaatti Padallinen punaisella curryll\u00e4, korianterilla ja paprikalla maustettua kanakeittoa Hoisin-kanaa, vihanneksia ja basmatiriisi\u00e4 &nbsp; Friteerattua ankkaa Panang-currykastikkeella &nbsp; Gluteeniton lasagne &nbsp; Valikoimaamme kuuluvat my\u00f6s eri Aasian maiden ruokakulttuurien helmet. Ruoan mausteisuus ja tulisuus on [&hellip;]","og_url":"https:\/\/blogi.eoppimispalvelut.fi\/kokkitulitaloon\/mita-tanaan-syotaisiin\/","og_site_name":"Kokki tuli taloon","article_modified_time":"2020-11-17T16:57:51+00:00","og_image":[{"url":"https:\/\/blogi.eoppimispalvelut.fi\/kokkitulitaloon\/files\/2020\/11\/signal-2020-10-18-142508-300x225.jpeg","type":"","width":"","height":""}],"twitter_card":"summary_large_image","schema":{"@context":"https:\/\/schema.org","@graph":[{"@type":"WebPage","@id":"https:\/\/blogi.eoppimispalvelut.fi\/kokkitulitaloon\/mita-tanaan-syotaisiin\/","url":"https:\/\/blogi.eoppimispalvelut.fi\/kokkitulitaloon\/mita-tanaan-syotaisiin\/","name":"Mit\u00e4 t\u00e4n\u00e4\u00e4n sy\u00f6d\u00e4\u00e4n","isPartOf":{"@id":"https:\/\/blogi.eoppimispalvelut.fi\/kokkitulitaloon\/#website"},"primaryImageOfPage":{"@id":"https:\/\/blogi.eoppimispalvelut.fi\/kokkitulitaloon\/mita-tanaan-syotaisiin\/#primaryimage"},"image":{"@id":"https:\/\/blogi.eoppimispalvelut.fi\/kokkitulitaloon\/mita-tanaan-syotaisiin\/#primaryimage"},"thumbnailUrl":"https:\/\/blogi.eoppimispalvelut.fi\/kokkitulitaloon\/files\/2020\/11\/signal-2020-10-18-142508-300x225.jpeg","datePublished":"2020-11-17T16:32:55+00:00","dateModified":"2020-11-17T16:57:51+00:00","breadcrumb":{"@id":"https:\/\/blogi.eoppimispalvelut.fi\/kokkitulitaloon\/mita-tanaan-syotaisiin\/#breadcrumb"},"inLanguage":"fi","potentialAction":[{"@type":"ReadAction","target":["https:\/\/blogi.eoppimispalvelut.fi\/kokkitulitaloon\/mita-tanaan-syotaisiin\/"]}]},{"@type":"ImageObject","inLanguage":"fi","@id":"https:\/\/blogi.eoppimispalvelut.fi\/kokkitulitaloon\/mita-tanaan-syotaisiin\/#primaryimage","url":"https:\/\/blogi.eoppimispalvelut.fi\/kokkitulitaloon\/files\/2020\/11\/signal-2020-10-18-142508.jpeg","contentUrl":"https:\/\/blogi.eoppimispalvelut.fi\/kokkitulitaloon\/files\/2020\/11\/signal-2020-10-18-142508.jpeg","width":1600,"height":1200},{"@type":"BreadcrumbList","@id":"https:\/\/blogi.eoppimispalvelut.fi\/kokkitulitaloon\/mita-tanaan-syotaisiin\/#breadcrumb","itemListElement":[{"@type":"ListItem","position":1,"name":"Home","item":"https:\/\/blogi.eoppimispalvelut.fi\/kokkitulitaloon\/"},{"@type":"ListItem","position":2,"name":"Mit\u00e4 t\u00e4n\u00e4\u00e4n sy\u00f6t\u00e4isiin?"}]},{"@type":"WebSite","@id":"https:\/\/blogi.eoppimispalvelut.fi\/kokkitulitaloon\/#website","url":"https:\/\/blogi.eoppimispalvelut.fi\/kokkitulitaloon\/","name":"Kokki tuli taloon","description":"Suomen paras kotiruokapalvelu juuri sinulle","publisher":{"@id":"https:\/\/blogi.eoppimispalvelut.fi\/kokkitulitaloon\/#organization"},"potentialAction":[{"@type":"SearchAction","target":{"@type":"EntryPoint","urlTemplate":"https:\/\/blogi.eoppimispalvelut.fi\/kokkitulitaloon\/?s={search_term_string}"},"query-input":{"@type":"PropertyValueSpecification","valueRequired":true,"valueName":"search_term_string"}}],"inLanguage":"fi"},{"@type":"Organization","@id":"https:\/\/blogi.eoppimispalvelut.fi\/kokkitulitaloon\/#organization","name":"Kokki tuli taloon","url":"https:\/\/blogi.eoppimispalvelut.fi\/kokkitulitaloon\/","logo":{"@type":"ImageObject","inLanguage":"fi","@id":"https:\/\/blogi.eoppimispalvelut.fi\/kokkitulitaloon\/#\/schema\/logo\/image\/","url":"https:\/\/blogi.eoppimispalvelut.fi\/kokkitulitaloon\/files\/2020\/12\/cropped-logo-8.png","contentUrl":"https:\/\/blogi.eoppimispalvelut.fi\/kokkitulitaloon\/files\/2020\/12\/cropped-logo-8.png","width":629,"height":245,"caption":"Kokki tuli taloon"},"image":{"@id":"https:\/\/blogi.eoppimispalvelut.fi\/kokkitulitaloon\/#\/schema\/logo\/image\/"}}]}},"_links":{"self":[{"href":"https:\/\/blogi.eoppimispalvelut.fi\/kokkitulitaloon\/wp-json\/wp\/v2\/pages\/96","targetHints":{"allow":["GET"]}}],"collection":[{"href":"https:\/\/blogi.eoppimispalvelut.fi\/kokkitulitaloon\/wp-json\/wp\/v2\/pages"}],"about":[{"href":"https:\/\/blogi.eoppimispalvelut.fi\/kokkitulitaloon\/wp-json\/wp\/v2\/types\/page"}],"author":[{"embeddable":true,"href":"https:\/\/blogi.eoppimispalvelut.fi\/kokkitulitaloon\/wp-json\/wp\/v2\/users\/4493"}],"replies":[{"embeddable":true,"href":"https:\/\/blogi.eoppimispalvelut.fi\/kokkitulitaloon\/wp-json\/wp\/v2\/comments?post=96"}],"version-history":[{"count":3,"href":"https:\/\/blogi.eoppimispalvelut.fi\/kokkitulitaloon\/wp-json\/wp\/v2\/pages\/96\/revisions"}],"predecessor-version":[{"id":100,"href":"https:\/\/blogi.eoppimispalvelut.fi\/kokkitulitaloon\/wp-json\/wp\/v2\/pages\/96\/revisions\/100"}],"wp:attachment":[{"href":"https:\/\/blogi.eoppimispalvelut.fi\/kokkitulitaloon\/wp-json\/wp\/v2\/media?parent=96"}],"curies":[{"name":"wp","href":"https:\/\/api.w.org\/{rel}","templated":true}]}}