{"id":102,"date":"2024-01-31T14:27:07","date_gmt":"2024-01-31T12:27:07","guid":{"rendered":"https:\/\/blogi.eoppimispalvelut.fi\/konttorikumppani\/?page_id=102"},"modified":"2024-02-28T14:12:18","modified_gmt":"2024-02-28T12:12:18","slug":"etatyopaketti","status":"publish","type":"page","link":"https:\/\/blogi.eoppimispalvelut.fi\/konttorikumppani\/etatyopaketti\/","title":{"rendered":"Et\u00e4ty\u00f6paketti"},"content":{"rendered":"\n<p class=\"has-text-align-center\"><strong>Et\u00e4ty\u00f6paketti yhdelle.<\/strong><br>Sis\u00e4lt\u00e4\u00e4 s\u00e4hk\u00f6p\u00f6yd\u00e4n ja ty\u00f6tuolin sek\u00e4 valaisimen.<\/p>\n\n\n\n<p class=\"has-text-align-center\"><strong>636,05\u20ac<\/strong><\/p>\n\n\n\n<p class=\"has-text-align-center\"><\/p>\n\n\n\n<p class=\"has-text-align-center\"><strong>Et\u00e4ty\u00f6paketti kahdelle.<\/strong><br>Sis\u00e4lt\u00e4\u00e4 kaksi s\u00e4hk\u00f6p\u00f6yt\u00e4\u00e4 ja ty\u00f6tuolit sek\u00e4 valaisimen,<\/p>\n\n\n\n<p class=\"has-text-align-center\"><strong>1081,90\u20ac<\/strong><\/p>\n","protected":false},"excerpt":{"rendered":"<p>Et\u00e4ty\u00f6paketti yhdelle.Sis\u00e4lt\u00e4\u00e4 s\u00e4hk\u00f6p\u00f6yd\u00e4n ja ty\u00f6tuolin sek\u00e4 valaisimen. 636,05\u20ac Et\u00e4ty\u00f6paketti kahdelle.Sis\u00e4lt\u00e4\u00e4 kaksi s\u00e4hk\u00f6p\u00f6yt\u00e4\u00e4 ja ty\u00f6tuolit sek\u00e4 valaisimen, 1081,90\u20ac<\/p>\n","protected":false},"author":41034,"featured_media":0,"parent":0,"menu_order":0,"comment_status":"closed","ping_status":"closed","template":"","meta":{"footnotes":""},"class_list":["post-102","page","type-page","status-publish","hentry"],"_links":{"self":[{"href":"https:\/\/blogi.eoppimispalvelut.fi\/konttorikumppani\/wp-json\/wp\/v2\/pages\/102","targetHints":{"allow":["GET"]}}],"collection":[{"href":"https:\/\/blogi.eoppimispalvelut.fi\/konttorikumppani\/wp-json\/wp\/v2\/pages"}],"about":[{"href":"https:\/\/blogi.eoppimispalvelut.fi\/konttorikumppani\/wp-json\/wp\/v2\/types\/page"}],"author":[{"embeddable":true,"href":"https:\/\/blogi.eoppimispalvelut.fi\/konttorikumppani\/wp-json\/wp\/v2\/users\/41034"}],"replies":[{"embeddable":true,"href":"https:\/\/blogi.eoppimispalvelut.fi\/konttorikumppani\/wp-json\/wp\/v2\/comments?post=102"}],"version-history":[{"count":4,"href":"https:\/\/blogi.eoppimispalvelut.fi\/konttorikumppani\/wp-json\/wp\/v2\/pages\/102\/revisions"}],"predecessor-version":[{"id":271,"href":"https:\/\/blogi.eoppimispalvelut.fi\/konttorikumppani\/wp-json\/wp\/v2\/pages\/102\/revisions\/271"}],"wp:attachment":[{"href":"https:\/\/blogi.eoppimispalvelut.fi\/konttorikumppani\/wp-json\/wp\/v2\/media?parent=102"}],"curies":[{"name":"wp","href":"https:\/\/api.w.org\/{rel}","templated":true}]}}