{"id":104,"date":"2024-01-31T14:27:07","date_gmt":"2024-01-31T12:27:07","guid":{"rendered":"https:\/\/blogi.eoppimispalvelut.fi\/konttorikumppani\/?page_id=104"},"modified":"2024-03-19T09:18:45","modified_gmt":"2024-03-19T07:18:45","slug":"poydat","status":"publish","type":"page","link":"https:\/\/blogi.eoppimispalvelut.fi\/konttorikumppani\/poydat\/","title":{"rendered":"P\u00f6yd\u00e4t"},"content":{"rendered":"\n<figure class=\"wp-block-image size-full is-resized\"><img loading=\"lazy\" decoding=\"async\" width=\"544\" height=\"544\" src=\"https:\/\/blogi.eoppimispalvelut.fi\/konttorikumppani\/files\/2024\/02\/kokouspoyta.jpeg\" alt=\"\" class=\"wp-image-166\" style=\"width:307px;height:auto\" srcset=\"https:\/\/blogi.eoppimispalvelut.fi\/konttorikumppani\/files\/2024\/02\/kokouspoyta.jpeg 544w, https:\/\/blogi.eoppimispalvelut.fi\/konttorikumppani\/files\/2024\/02\/kokouspoyta-120x120.jpeg 120w, https:\/\/blogi.eoppimispalvelut.fi\/konttorikumppani\/files\/2024\/02\/kokouspoyta-100x100.jpeg 100w\" sizes=\"auto, (max-width: 544px) 100vw, 544px\" \/><figcaption class=\"wp-element-caption\">14-hengen kokousp\u00f6yt\u00e4 <\/figcaption><\/figure>\n\n\n\n<p>Hinta: 1240,00\u20ac sis alv<\/p>\n\n\n\n<figure class=\"wp-block-image size-full is-resized\"><img loading=\"lazy\" decoding=\"async\" width=\"512\" height=\"512\" src=\"https:\/\/blogi.eoppimispalvelut.fi\/konttorikumppani\/files\/2024\/02\/d2ee102d-0219-4e98-98bd-88ff1ecd7c4e.jpg\" alt=\"\" class=\"wp-image-238\" style=\"width:308px;height:auto\" srcset=\"https:\/\/blogi.eoppimispalvelut.fi\/konttorikumppani\/files\/2024\/02\/d2ee102d-0219-4e98-98bd-88ff1ecd7c4e.jpg 512w, https:\/\/blogi.eoppimispalvelut.fi\/konttorikumppani\/files\/2024\/02\/d2ee102d-0219-4e98-98bd-88ff1ecd7c4e-120x120.jpg 120w, https:\/\/blogi.eoppimispalvelut.fi\/konttorikumppani\/files\/2024\/02\/d2ee102d-0219-4e98-98bd-88ff1ecd7c4e-100x100.jpg 100w\" sizes=\"auto, (max-width: 512px) 100vw, 512px\" \/><figcaption class=\"wp-element-caption\">Puinen sohvap\u00f6yt\u00e4 <br><br>Hinta: 59,40\u20ac sis alv<\/figcaption><\/figure>\n\n\n\n<figure class=\"wp-block-image size-full is-resized\"><img loading=\"lazy\" decoding=\"async\" width=\"1280\" height=\"853\" src=\"https:\/\/blogi.eoppimispalvelut.fi\/konttorikumppani\/files\/2024\/02\/workplace-5517744_1280.jpg\" alt=\"\" class=\"wp-image-203\" style=\"width:311px;height:auto\" srcset=\"https:\/\/blogi.eoppimispalvelut.fi\/konttorikumppani\/files\/2024\/02\/workplace-5517744_1280.jpg 1280w, https:\/\/blogi.eoppimispalvelut.fi\/konttorikumppani\/files\/2024\/02\/workplace-5517744_1280-900x600.jpg 900w, https:\/\/blogi.eoppimispalvelut.fi\/konttorikumppani\/files\/2024\/02\/workplace-5517744_1280-768x512.jpg 768w\" sizes=\"auto, (max-width: 1280px) 100vw, 1280px\" \/><figcaption class=\"wp-element-caption\">S\u00e4hk\u00f6p\u00f6yt\u00e4<br><br> Hinta: 372,00\u20ac sis alv<\/figcaption><\/figure>\n\n\n\n<figure class=\"wp-block-image size-full is-resized\"><img loading=\"lazy\" decoding=\"async\" width=\"512\" height=\"512\" src=\"https:\/\/blogi.eoppimispalvelut.fi\/konttorikumppani\/files\/2024\/02\/b5fb259a-291b-418b-ba0a-c9b4db41afb9.jpg\" alt=\"\" class=\"wp-image-233\" style=\"width:314px;height:auto\" srcset=\"https:\/\/blogi.eoppimispalvelut.fi\/konttorikumppani\/files\/2024\/02\/b5fb259a-291b-418b-ba0a-c9b4db41afb9.jpg 512w, https:\/\/blogi.eoppimispalvelut.fi\/konttorikumppani\/files\/2024\/02\/b5fb259a-291b-418b-ba0a-c9b4db41afb9-120x120.jpg 120w, https:\/\/blogi.eoppimispalvelut.fi\/konttorikumppani\/files\/2024\/02\/b5fb259a-291b-418b-ba0a-c9b4db41afb9-100x100.jpg 100w\" sizes=\"auto, (max-width: 512px) 100vw, 512px\" \/><figcaption class=\"wp-element-caption\">Vastaanottotiski kulma<\/figcaption><\/figure>\n\n\n\n<p>Hinta: 533,68\u20ac sis alv<\/p>\n","protected":false},"excerpt":{"rendered":"<p>Hinta: 1240,00\u20ac sis alv Hinta: 533,68\u20ac sis alv<\/p>\n","protected":false},"author":41034,"featured_media":0,"parent":0,"menu_order":0,"comment_status":"closed","ping_status":"closed","template":"","meta":{"footnotes":""},"class_list":["post-104","page","type-page","status-publish","hentry"],"_links":{"self":[{"href":"https:\/\/blogi.eoppimispalvelut.fi\/konttorikumppani\/wp-json\/wp\/v2\/pages\/104","targetHints":{"allow":["GET"]}}],"collection":[{"href":"https:\/\/blogi.eoppimispalvelut.fi\/konttorikumppani\/wp-json\/wp\/v2\/pages"}],"about":[{"href":"https:\/\/blogi.eoppimispalvelut.fi\/konttorikumppani\/wp-json\/wp\/v2\/types\/page"}],"author":[{"embeddable":true,"href":"https:\/\/blogi.eoppimispalvelut.fi\/konttorikumppani\/wp-json\/wp\/v2\/users\/41034"}],"replies":[{"embeddable":true,"href":"https:\/\/blogi.eoppimispalvelut.fi\/konttorikumppani\/wp-json\/wp\/v2\/comments?post=104"}],"version-history":[{"count":11,"href":"https:\/\/blogi.eoppimispalvelut.fi\/konttorikumppani\/wp-json\/wp\/v2\/pages\/104\/revisions"}],"predecessor-version":[{"id":279,"href":"https:\/\/blogi.eoppimispalvelut.fi\/konttorikumppani\/wp-json\/wp\/v2\/pages\/104\/revisions\/279"}],"wp:attachment":[{"href":"https:\/\/blogi.eoppimispalvelut.fi\/konttorikumppani\/wp-json\/wp\/v2\/media?parent=104"}],"curies":[{"name":"wp","href":"https:\/\/api.w.org\/{rel}","templated":true}]}}