{"id":105,"date":"2024-01-31T14:27:07","date_gmt":"2024-01-31T12:27:07","guid":{"rendered":"https:\/\/blogi.eoppimispalvelut.fi\/konttorikumppani\/?page_id=105"},"modified":"2024-03-19T09:36:15","modified_gmt":"2024-03-19T07:36:15","slug":"muut-tuotteet","status":"publish","type":"page","link":"https:\/\/blogi.eoppimispalvelut.fi\/konttorikumppani\/muut-tuotteet\/","title":{"rendered":"Muut tuotteet"},"content":{"rendered":"\n<figure class=\"wp-block-image size-full is-resized\"><img loading=\"lazy\" decoding=\"async\" width=\"435\" height=\"565\" src=\"https:\/\/blogi.eoppimispalvelut.fi\/konttorikumppani\/files\/2024\/02\/valiseina.jpeg\" alt=\"\" class=\"wp-image-171\" style=\"width:287px;height:auto\" \/><figcaption class=\"wp-element-caption\">V\u00e4lisein\u00e4<\/figcaption><\/figure>\n\n\n\n<p>Hinta: 79,99\u20ac sis alv<\/p>\n\n\n\n<figure class=\"wp-block-image size-full is-resized\"><img loading=\"lazy\" decoding=\"async\" width=\"1280\" height=\"1280\" src=\"https:\/\/blogi.eoppimispalvelut.fi\/konttorikumppani\/files\/2024\/02\/appliance-5144884_1280-1.jpg\" alt=\"\" class=\"wp-image-216\" style=\"width:289px;height:auto\" srcset=\"https:\/\/blogi.eoppimispalvelut.fi\/konttorikumppani\/files\/2024\/02\/appliance-5144884_1280-1.jpg 1280w, https:\/\/blogi.eoppimispalvelut.fi\/konttorikumppani\/files\/2024\/02\/appliance-5144884_1280-1-900x900.jpg 900w, https:\/\/blogi.eoppimispalvelut.fi\/konttorikumppani\/files\/2024\/02\/appliance-5144884_1280-1-120x120.jpg 120w, https:\/\/blogi.eoppimispalvelut.fi\/konttorikumppani\/files\/2024\/02\/appliance-5144884_1280-1-768x768.jpg 768w, https:\/\/blogi.eoppimispalvelut.fi\/konttorikumppani\/files\/2024\/02\/appliance-5144884_1280-1-100x100.jpg 100w\" sizes=\"auto, (max-width: 1280px) 100vw, 1280px\" \/><figcaption class=\"wp-element-caption\">Mikroaaltouuni 700w<\/figcaption><\/figure>\n\n\n\n<p>Hinta: 58,99\u20ac sis alv<\/p>\n\n\n\n<figure class=\"wp-block-image is-resized\"><img loading=\"lazy\" decoding=\"async\" width=\"853\" height=\"1280\" src=\"https:\/\/blogi.eoppimispalvelut.fi\/konttorikumppani\/files\/2024\/02\/coffee-machine-232118_1280.jpg\" alt=\"\" class=\"wp-image-178\" style=\"width:291px;height:auto\" srcset=\"https:\/\/blogi.eoppimispalvelut.fi\/konttorikumppani\/files\/2024\/02\/coffee-machine-232118_1280.jpg 853w, https:\/\/blogi.eoppimispalvelut.fi\/konttorikumppani\/files\/2024\/02\/coffee-machine-232118_1280-768x1152.jpg 768w\" sizes=\"auto, (max-width: 853px) 100vw, 853px\" \/><\/figure>\n\n\n\n<p>Kahvinkeitin<\/p>\n\n\n\n<p>Hinta: 123,99\u20ac sis alv<\/p>\n\n\n\n<figure class=\"wp-block-image size-full is-resized\"><img loading=\"lazy\" decoding=\"async\" width=\"603\" height=\"417\" src=\"https:\/\/blogi.eoppimispalvelut.fi\/konttorikumppani\/files\/2024\/02\/Seisoma-alusta.jpg\" alt=\"\" class=\"wp-image-198\" style=\"width:299px;height:auto\" \/><figcaption class=\"wp-element-caption\">Seisoma-alusta <br><br>Hinta: 49,60\u20ac sis alv<\/figcaption><\/figure>\n\n\n\n<figure class=\"wp-block-image size-full is-resized\"><img loading=\"lazy\" decoding=\"async\" width=\"1280\" height=\"873\" src=\"https:\/\/blogi.eoppimispalvelut.fi\/konttorikumppani\/files\/2024\/02\/appliance-1767311_1280.jpg\" alt=\"\" class=\"wp-image-218\" style=\"width:307px;height:auto\" srcset=\"https:\/\/blogi.eoppimispalvelut.fi\/konttorikumppani\/files\/2024\/02\/appliance-1767311_1280.jpg 1280w, https:\/\/blogi.eoppimispalvelut.fi\/konttorikumppani\/files\/2024\/02\/appliance-1767311_1280-900x614.jpg 900w, https:\/\/blogi.eoppimispalvelut.fi\/konttorikumppani\/files\/2024\/02\/appliance-1767311_1280-768x524.jpg 768w\" sizes=\"auto, (max-width: 1280px) 100vw, 1280px\" \/><\/figure>\n\n\n\n<p>J\u00e4\u00e4kaappi<\/p>\n\n\n\n<p>Hinta: 297,99\u20ac sis alv<\/p>\n\n\n\n<figure class=\"wp-block-image size-full is-resized\"><img loading=\"lazy\" decoding=\"async\" width=\"1280\" height=\"1270\" src=\"https:\/\/blogi.eoppimispalvelut.fi\/konttorikumppani\/files\/2024\/02\/vault-154685_1280.png\" alt=\"\" class=\"wp-image-222\" style=\"width:291px;height:auto\" srcset=\"https:\/\/blogi.eoppimispalvelut.fi\/konttorikumppani\/files\/2024\/02\/vault-154685_1280.png 1280w, https:\/\/blogi.eoppimispalvelut.fi\/konttorikumppani\/files\/2024\/02\/vault-154685_1280-900x893.png 900w, https:\/\/blogi.eoppimispalvelut.fi\/konttorikumppani\/files\/2024\/02\/vault-154685_1280-120x120.png 120w, https:\/\/blogi.eoppimispalvelut.fi\/konttorikumppani\/files\/2024\/02\/vault-154685_1280-768x762.png 768w, https:\/\/blogi.eoppimispalvelut.fi\/konttorikumppani\/files\/2024\/02\/vault-154685_1280-100x100.png 100w\" sizes=\"auto, (max-width: 1280px) 100vw, 1280px\" \/><\/figure>\n\n\n\n<p>Kassakaappi<\/p>\n\n\n\n<p>Hinta: 186,00\u20ac sis. alv<\/p>\n\n\n\n<figure class=\"wp-block-image size-full is-resized\"><img loading=\"lazy\" decoding=\"async\" width=\"1024\" height=\"1024\" src=\"https:\/\/blogi.eoppimispalvelut.fi\/konttorikumppani\/files\/2024\/02\/92af7fc5-1e11-492c-99e0-785fd8ef9399-123456789.jpg\" alt=\"\" class=\"wp-image-232\" style=\"width:287px;height:auto\" srcset=\"https:\/\/blogi.eoppimispalvelut.fi\/konttorikumppani\/files\/2024\/02\/92af7fc5-1e11-492c-99e0-785fd8ef9399-123456789.jpg 1024w, https:\/\/blogi.eoppimispalvelut.fi\/konttorikumppani\/files\/2024\/02\/92af7fc5-1e11-492c-99e0-785fd8ef9399-123456789-900x900.jpg 900w, https:\/\/blogi.eoppimispalvelut.fi\/konttorikumppani\/files\/2024\/02\/92af7fc5-1e11-492c-99e0-785fd8ef9399-123456789-120x120.jpg 120w, https:\/\/blogi.eoppimispalvelut.fi\/konttorikumppani\/files\/2024\/02\/92af7fc5-1e11-492c-99e0-785fd8ef9399-123456789-768x768.jpg 768w, https:\/\/blogi.eoppimispalvelut.fi\/konttorikumppani\/files\/2024\/02\/92af7fc5-1e11-492c-99e0-785fd8ef9399-123456789-100x100.jpg 100w\" sizes=\"auto, (max-width: 1024px) 100vw, 1024px\" \/><\/figure>\n\n\n\n<p>Kahden hengen \u00e4\u00e4nieristetty neuvottelutila<\/p>\n\n\n\n<p>Hinta: 7277,25\u20ac sis alv<\/p>\n\n\n\n<figure class=\"wp-block-image size-full is-resized\"><img loading=\"lazy\" decoding=\"async\" width=\"1024\" height=\"1024\" src=\"https:\/\/blogi.eoppimispalvelut.fi\/konttorikumppani\/files\/2024\/02\/4d448966-df1e-4005-820f-f4f8763149f0-123456789.jpg\" alt=\"\" class=\"wp-image-245\" style=\"width:280px;height:auto\" srcset=\"https:\/\/blogi.eoppimispalvelut.fi\/konttorikumppani\/files\/2024\/02\/4d448966-df1e-4005-820f-f4f8763149f0-123456789.jpg 1024w, https:\/\/blogi.eoppimispalvelut.fi\/konttorikumppani\/files\/2024\/02\/4d448966-df1e-4005-820f-f4f8763149f0-123456789-900x900.jpg 900w, https:\/\/blogi.eoppimispalvelut.fi\/konttorikumppani\/files\/2024\/02\/4d448966-df1e-4005-820f-f4f8763149f0-123456789-120x120.jpg 120w, https:\/\/blogi.eoppimispalvelut.fi\/konttorikumppani\/files\/2024\/02\/4d448966-df1e-4005-820f-f4f8763149f0-123456789-768x768.jpg 768w, https:\/\/blogi.eoppimispalvelut.fi\/konttorikumppani\/files\/2024\/02\/4d448966-df1e-4005-820f-f4f8763149f0-123456789-100x100.jpg 100w\" sizes=\"auto, (max-width: 1024px) 100vw, 1024px\" \/><\/figure>\n\n\n\n<p>Puhelinkoppi + korkeuss\u00e4\u00e4dett\u00e4v\u00e4p\u00f6yt\u00e4<\/p>\n\n\n\n<p>Hinta: 5447,30\u20ac sis alv<\/p>\n\n\n\n<figure class=\"wp-block-image size-full is-resized\"><img loading=\"lazy\" decoding=\"async\" width=\"527\" height=\"1280\" src=\"https:\/\/blogi.eoppimispalvelut.fi\/konttorikumppani\/files\/2024\/02\/floor-lamp-2950389_1280.png\" alt=\"\" class=\"wp-image-261\" style=\"width:135px;height:auto\" \/><figcaption class=\"wp-element-caption\">Jalkavalaisin<\/figcaption><\/figure>\n\n\n\n<p>Hinta: 198,4\u20ac sis alv<\/p>\n","protected":false},"excerpt":{"rendered":"<p>Hinta: 79,99\u20ac sis alv Hinta: 58,99\u20ac sis alv Kahvinkeitin Hinta: 123,99\u20ac sis alv J\u00e4\u00e4kaappi Hinta: 297,99\u20ac sis alv Kassakaappi Hinta: 186,00\u20ac sis. alv Kahden hengen \u00e4\u00e4nieristetty neuvottelutila Hinta: 7277,25\u20ac sis alv Puhelinkoppi + korkeuss\u00e4\u00e4dett\u00e4v\u00e4p\u00f6yt\u00e4 Hinta: 5447,30\u20ac sis alv Hinta: 198,4\u20ac sis alv<\/p>\n","protected":false},"author":41034,"featured_media":0,"parent":0,"menu_order":0,"comment_status":"closed","ping_status":"closed","template":"","meta":{"footnotes":""},"class_list":["post-105","page","type-page","status-publish","hentry"],"_links":{"self":[{"href":"https:\/\/blogi.eoppimispalvelut.fi\/konttorikumppani\/wp-json\/wp\/v2\/pages\/105","targetHints":{"allow":["GET"]}}],"collection":[{"href":"https:\/\/blogi.eoppimispalvelut.fi\/konttorikumppani\/wp-json\/wp\/v2\/pages"}],"about":[{"href":"https:\/\/blogi.eoppimispalvelut.fi\/konttorikumppani\/wp-json\/wp\/v2\/types\/page"}],"author":[{"embeddable":true,"href":"https:\/\/blogi.eoppimispalvelut.fi\/konttorikumppani\/wp-json\/wp\/v2\/users\/41034"}],"replies":[{"embeddable":true,"href":"https:\/\/blogi.eoppimispalvelut.fi\/konttorikumppani\/wp-json\/wp\/v2\/comments?post=105"}],"version-history":[{"count":20,"href":"https:\/\/blogi.eoppimispalvelut.fi\/konttorikumppani\/wp-json\/wp\/v2\/pages\/105\/revisions"}],"predecessor-version":[{"id":283,"href":"https:\/\/blogi.eoppimispalvelut.fi\/konttorikumppani\/wp-json\/wp\/v2\/pages\/105\/revisions\/283"}],"wp:attachment":[{"href":"https:\/\/blogi.eoppimispalvelut.fi\/konttorikumppani\/wp-json\/wp\/v2\/media?parent=105"}],"curies":[{"name":"wp","href":"https:\/\/api.w.org\/{rel}","templated":true}]}}