{"id":151,"date":"2024-02-07T11:12:28","date_gmt":"2024-02-07T09:12:28","guid":{"rendered":"https:\/\/blogi.eoppimispalvelut.fi\/konttorikumppani\/?page_id=151"},"modified":"2024-02-28T14:04:15","modified_gmt":"2024-02-28T12:04:15","slug":"homepage","status":"publish","type":"page","link":"https:\/\/blogi.eoppimispalvelut.fi\/konttorikumppani\/","title":{"rendered":"KonttoriKumppani"},"content":{"rendered":"\n<p>Tervetuloa KonttoriKumppanin verkkosivuille!<\/p>\n\n\n\n<p>Olemme iloisia saadessamme toivottaa sinut tervetulleeksi tutustumaan ainutlaatuisiin toimistotarvikkeisiimme, jotka on suunniteltu Suomen Lapin kauniissa ymp\u00e4rist\u00f6ss\u00e4. KonttoriKumppani tarjoaa enemm\u00e4n kuin pelk\u00e4st\u00e4\u00e4n laadukkaita toimistotarvikkeita \u2013 tarjoamme kokemuksen, joka yhdist\u00e4\u00e4 perinteen, luovuuden ja innovaation.<\/p>\n\n\n\n<p>Miksi valita meid\u00e4t:<\/p>\n\n\n\n<ol class=\"wp-block-list\">\n<li><strong>Lapin Lumoa Konttoriisi:<\/strong> Inspiraatiomme ammennamme Lapin upeasta luonnosta, ja se n\u00e4kyy tuotteidemme ainutlaatuisessa muotoilussa. Jokainen toimistotarvike on suunniteltu tuomaan ripaus pohjoista tunnelmaa ty\u00f6ymp\u00e4rist\u00f6\u00f6si.<\/li>\n\n\n\n<li><strong>Palvelemme Sinua Parhaamme Mukaan:<\/strong> Asiakastyytyv\u00e4isyys on meille kunnia-asia. Panostamme yst\u00e4v\u00e4lliseen ja asiantuntevaan asiakaspalveluun varmistaaksemme, ett\u00e4 l\u00f6yd\u00e4t juuri tarpeisiisi sopivat ratkaisut.<\/li>\n\n\n\n<li><strong>Ymp\u00e4rist\u00f6yst\u00e4v\u00e4llinen Valinta:<\/strong> Olemme sitoutuneet kest\u00e4v\u00e4\u00e4n kehitykseen valitsemalla paikallisia materiaaleja ja kest\u00e4vi\u00e4 valmistusmenetelmi\u00e4. Haluamme olla osa ymp\u00e4rist\u00f6yst\u00e4v\u00e4llist\u00e4 valintaa toimistotarvikkeissasi.<\/li>\n\n\n\n<li><strong>Jatkuva Uudistuminen:<\/strong> Seuraamme tiiviisti muotoilutrendej\u00e4 ja teknologian kehityst\u00e4 varmistaaksemme, ett\u00e4 tarjoamme asiakkaillemme aina tuoreimpia ja innovatiivisimpia ratkaisuja.<\/li>\n<\/ol>\n\n\n\n<p>Kutsutaan yhdess\u00e4 tekem\u00e4\u00e4n ty\u00f6ymp\u00e4rist\u00f6st\u00e4si inspiroivampi ja toimivampi paikka! Tutustu verkkosivuihimme ja l\u00f6yd\u00e4 laadukkaat toimistotarvikkeet, jotka tekev\u00e4t arjestasi helpompaa ja miellytt\u00e4v\u00e4mp\u00e4\u00e4.<\/p>\n\n\n\n<p>Jos sinulla her\u00e4\u00e4 kysymyksi\u00e4 tai haluat lis\u00e4tietoja, \u00e4l\u00e4 ep\u00e4r\u00f6i ottaa meihin yhteytt\u00e4. Kiitos, kun valitset KonttoriKumppanin \u2013 yhdess\u00e4 luomme toimistotilaa, jossa viihdyt\u00e4\u00e4n!<\/p>\n\n\n\n<p>L\u00e4mpim\u00e4sti tervetuloa!<\/p>\n\n\n\n<p>*<\/p>\n\n\n\n<p>*<\/p>\n\n\n\n<p>*<\/p>\n\n\n\n<p>Teksti luotu yhteisty\u00f6ss\u00e4 OpenAI:n kanssa.<\/p>\n\n\n\n<p><\/p>\n","protected":false},"excerpt":{"rendered":"<p>Tervetuloa KonttoriKumppanin verkkosivuille! Olemme iloisia saadessamme toivottaa sinut tervetulleeksi tutustumaan ainutlaatuisiin toimistotarvikkeisiimme, jotka on suunniteltu Suomen Lapin kauniissa ymp\u00e4rist\u00f6ss\u00e4. KonttoriKumppani tarjoaa enemm\u00e4n kuin pelk\u00e4st\u00e4\u00e4n laadukkaita toimistotarvikkeita \u2013 tarjoamme kokemuksen, joka yhdist\u00e4\u00e4 perinteen, luovuuden ja innovaation. Miksi valita meid\u00e4t: Kutsutaan yhdess\u00e4 tekem\u00e4\u00e4n ty\u00f6ymp\u00e4rist\u00f6st\u00e4si inspiroivampi ja toimivampi paikka! Tutustu verkkosivuihimme ja l\u00f6yd\u00e4 laadukkaat toimistotarvikkeet, jotka tekev\u00e4t arjestasi&#8230;<\/p>\n","protected":false},"author":42945,"featured_media":20,"parent":0,"menu_order":0,"comment_status":"closed","ping_status":"closed","template":"","meta":{"footnotes":""},"class_list":["post-151","page","type-page","status-publish","has-post-thumbnail","hentry"],"_links":{"self":[{"href":"https:\/\/blogi.eoppimispalvelut.fi\/konttorikumppani\/wp-json\/wp\/v2\/pages\/151","targetHints":{"allow":["GET"]}}],"collection":[{"href":"https:\/\/blogi.eoppimispalvelut.fi\/konttorikumppani\/wp-json\/wp\/v2\/pages"}],"about":[{"href":"https:\/\/blogi.eoppimispalvelut.fi\/konttorikumppani\/wp-json\/wp\/v2\/types\/page"}],"author":[{"embeddable":true,"href":"https:\/\/blogi.eoppimispalvelut.fi\/konttorikumppani\/wp-json\/wp\/v2\/users\/42945"}],"replies":[{"embeddable":true,"href":"https:\/\/blogi.eoppimispalvelut.fi\/konttorikumppani\/wp-json\/wp\/v2\/comments?post=151"}],"version-history":[{"count":5,"href":"https:\/\/blogi.eoppimispalvelut.fi\/konttorikumppani\/wp-json\/wp\/v2\/pages\/151\/revisions"}],"predecessor-version":[{"id":270,"href":"https:\/\/blogi.eoppimispalvelut.fi\/konttorikumppani\/wp-json\/wp\/v2\/pages\/151\/revisions\/270"}],"wp:featuredmedia":[{"embeddable":true,"href":"https:\/\/blogi.eoppimispalvelut.fi\/konttorikumppani\/wp-json\/wp\/v2\/media\/20"}],"wp:attachment":[{"href":"https:\/\/blogi.eoppimispalvelut.fi\/konttorikumppani\/wp-json\/wp\/v2\/media?parent=151"}],"curies":[{"name":"wp","href":"https:\/\/api.w.org\/{rel}","templated":true}]}}