{"id":237,"date":"2024-02-28T13:25:00","date_gmt":"2024-02-28T11:25:00","guid":{"rendered":"https:\/\/blogi.eoppimispalvelut.fi\/konttorikumppani\/?page_id=237"},"modified":"2024-02-28T14:14:14","modified_gmt":"2024-02-28T12:14:14","slug":"sisustussuunnittelu","status":"publish","type":"page","link":"https:\/\/blogi.eoppimispalvelut.fi\/konttorikumppani\/sisustussuunnittelu\/","title":{"rendered":"Sisustussuunnittelu"},"content":{"rendered":"\n<p class=\"has-text-align-center has-medium-font-size\">Tarjoamme sisustussuunnittelua tarpeidesi mukaan.<\/p>\n\n\n\n<p class=\"has-text-align-center has-medium-font-size\">Tehokasty\u00f6piste ja mukava taukopaikka houkuttelevat ty\u00f6ntekij\u00f6it\u00e4 toimistolle.<br>Tietenkin suunnittelemme my\u00f6s n\u00e4pp\u00e4ri\u00e4 kotitoimistoja ja pieni\u00e4 et\u00e4ty\u00f6pisteit\u00e4.<\/p>\n\n\n\n<p class=\"has-text-align-center has-medium-font-size\">Ota yhteytt\u00e4 niin kerromme lis\u00e4\u00e4.<\/p>\n\n\n<div class=\"wp-block-image\">\n<figure class=\"aligncenter size-full is-resized\"><img loading=\"lazy\" decoding=\"async\" width=\"1280\" height=\"720\" src=\"https:\/\/blogi.eoppimispalvelut.fi\/konttorikumppani\/files\/2024\/02\/home-office-2804083_1280.jpg\" alt=\"\" class=\"wp-image-254\" style=\"width:682px;height:auto\" srcset=\"https:\/\/blogi.eoppimispalvelut.fi\/konttorikumppani\/files\/2024\/02\/home-office-2804083_1280.jpg 1280w, https:\/\/blogi.eoppimispalvelut.fi\/konttorikumppani\/files\/2024\/02\/home-office-2804083_1280-900x506.jpg 900w, https:\/\/blogi.eoppimispalvelut.fi\/konttorikumppani\/files\/2024\/02\/home-office-2804083_1280-768x432.jpg 768w\" sizes=\"auto, (max-width: 1280px) 100vw, 1280px\" \/><\/figure>\n<\/div>","protected":false},"excerpt":{"rendered":"<p>Tarjoamme sisustussuunnittelua tarpeidesi mukaan. Tehokasty\u00f6piste ja mukava taukopaikka houkuttelevat ty\u00f6ntekij\u00f6it\u00e4 toimistolle.Tietenkin suunnittelemme my\u00f6s n\u00e4pp\u00e4ri\u00e4 kotitoimistoja ja pieni\u00e4 et\u00e4ty\u00f6pisteit\u00e4. Ota yhteytt\u00e4 niin kerromme lis\u00e4\u00e4.<\/p>\n","protected":false},"author":41034,"featured_media":0,"parent":0,"menu_order":0,"comment_status":"closed","ping_status":"closed","template":"","meta":{"footnotes":""},"class_list":["post-237","page","type-page","status-publish","hentry"],"_links":{"self":[{"href":"https:\/\/blogi.eoppimispalvelut.fi\/konttorikumppani\/wp-json\/wp\/v2\/pages\/237","targetHints":{"allow":["GET"]}}],"collection":[{"href":"https:\/\/blogi.eoppimispalvelut.fi\/konttorikumppani\/wp-json\/wp\/v2\/pages"}],"about":[{"href":"https:\/\/blogi.eoppimispalvelut.fi\/konttorikumppani\/wp-json\/wp\/v2\/types\/page"}],"author":[{"embeddable":true,"href":"https:\/\/blogi.eoppimispalvelut.fi\/konttorikumppani\/wp-json\/wp\/v2\/users\/41034"}],"replies":[{"embeddable":true,"href":"https:\/\/blogi.eoppimispalvelut.fi\/konttorikumppani\/wp-json\/wp\/v2\/comments?post=237"}],"version-history":[{"count":7,"href":"https:\/\/blogi.eoppimispalvelut.fi\/konttorikumppani\/wp-json\/wp\/v2\/pages\/237\/revisions"}],"predecessor-version":[{"id":272,"href":"https:\/\/blogi.eoppimispalvelut.fi\/konttorikumppani\/wp-json\/wp\/v2\/pages\/237\/revisions\/272"}],"wp:attachment":[{"href":"https:\/\/blogi.eoppimispalvelut.fi\/konttorikumppani\/wp-json\/wp\/v2\/media?parent=237"}],"curies":[{"name":"wp","href":"https:\/\/api.w.org\/{rel}","templated":true}]}}