{"id":31,"date":"2024-01-31T13:36:37","date_gmt":"2024-01-31T11:36:37","guid":{"rendered":"https:\/\/blogi.eoppimispalvelut.fi\/konttorikumppani\/?page_id=31"},"modified":"2024-02-07T09:35:13","modified_gmt":"2024-02-07T07:35:13","slug":"vastuullisuus","status":"publish","type":"page","link":"https:\/\/blogi.eoppimispalvelut.fi\/konttorikumppani\/vastuullisuus\/","title":{"rendered":"Vastuullisuus"},"content":{"rendered":"\n<p>Tervetuloa tutustumaan yrityksemme vastuullisuuteen! Olemme ylpeit\u00e4 siit\u00e4, ett\u00e4 vastuullisuus on keskeinen osa toimintaamme. Se on voimakas ohjenuoramme kaikessa, mit\u00e4 teemme. Alla olevassa tekstiss\u00e4 kerromme, miten sitoudumme vastuulliseen liiketoimintaan ja mit\u00e4 toimia toteutamme p\u00e4ivitt\u00e4isess\u00e4 toiminnassamme.<\/p>\n\n\n\n<p><strong>Yrityksemme Vastuullisuus:<\/strong><\/p>\n\n\n\n<p><em>1. Eettiset Arvot:<\/em> Olemme sitoutuneet eettisiin liiketoimintak\u00e4yt\u00e4nt\u00f6ihin kaikilla tasoilla. T\u00e4m\u00e4 tarkoittaa, ett\u00e4 kunnioitamme kaikkia sidosryhmi\u00e4mme, sis\u00e4isi\u00e4 ja ulkoisia, ja pyrimme aina toimimaan rehellisesti, l\u00e4pin\u00e4kyv\u00e4sti ja oikeudenmukaisesti.<\/p>\n\n\n\n<p><em>2. Ymp\u00e4rist\u00f6yst\u00e4v\u00e4llisyys:<\/em> Pyrimme v\u00e4hent\u00e4m\u00e4\u00e4n ymp\u00e4rist\u00f6vaikutuksiamme kaikin mahdollisin tavoin. K\u00e4yt\u00e4mme kest\u00e4vi\u00e4 ja uusiutuvia resursseja, seuraamme energiankulutustamme tarkasti ja osallistumme aktiivisesti p\u00e4\u00e4st\u00f6jen v\u00e4hent\u00e4miseen. Tuotteidemme elinkaaren hallinta on meille t\u00e4rke\u00e4\u00e4, ja teemme jatkuvaa ty\u00f6t\u00e4 kest\u00e4vien pakkausratkaisujen parissa.<\/p>\n\n\n\n<p><em>3. Sosiaalinen Vastuu:<\/em> Panostamme henkil\u00f6st\u00f6mme hyvinvointiin ja kehitykseen. Tarjoamme turvallisen, inklusiivisen ty\u00f6ymp\u00e4rist\u00f6n ja kunnioitamme kaikenlaisia taustoja ja n\u00e4kemyksi\u00e4. Osallistumme my\u00f6s aktiivisesti paikallisiin yhteis\u00f6ihin ja tuemme erilaisia sosiaalisia hankkeita ja hyv\u00e4ntekev\u00e4isyytt\u00e4.<\/p>\n\n\n\n<p><em>4. Laatu ja Turvallisuus:<\/em> Laadukkaat tuotteet ja palvelut ovat meille ensiarvoisen t\u00e4rkeit\u00e4. Takaamme tuotteidemme korkean laadun ja noudatamme tiukkoja turvallisuusstandardeja. Asiakastyytyv\u00e4isyys ja turvallisuus ovat keski\u00f6ss\u00e4 kaikessa toiminnassamme.<\/p>\n\n\n\n<p><em>5. Avoin Viestint\u00e4:<\/em> Pid\u00e4mme sidosryhm\u00e4mme ajan tasalla toimintamme vastuullisuudesta avoimen viestinn\u00e4n kautta. Raportoimme s\u00e4\u00e4nn\u00f6llisesti edistymisest\u00e4mme ja olemme avoimia vastaanottamaan palautetta, jotta voimme jatkuvasti parantaa toimintaamme.<\/p>\n\n\n\n<p>Liittyen yrityksemme vastuullisuuteen, haluamme olla edell\u00e4k\u00e4vij\u00e4 ja toimia positiivisena esimerkkin\u00e4 muille. Pyrimme jatkuvasti kehitt\u00e4m\u00e4\u00e4n k\u00e4yt\u00e4nt\u00f6j\u00e4mme ja etsim\u00e4\u00e4n uusia tapoja vaikuttaa my\u00f6nteisesti maailmaan ymp\u00e4rill\u00e4mme. Kiitos, ett\u00e4 olet mukana tukemassa vastuullista liiketoimintaamme!<\/p>\n\n\n\n<p>*<\/p>\n\n\n\n<p>*<\/p>\n\n\n\n<p>*<\/p>\n\n\n\n<p class=\"has-small-font-size\">Teksti luotu yhteisty\u00f6ss\u00e4 OpenAI:n kanssa.<\/p>\n","protected":false},"excerpt":{"rendered":"<p>Tervetuloa tutustumaan yrityksemme vastuullisuuteen! Olemme ylpeit\u00e4 siit\u00e4, ett\u00e4 vastuullisuus on keskeinen osa toimintaamme. Se on voimakas ohjenuoramme kaikessa, mit\u00e4 teemme. Alla olevassa tekstiss\u00e4 kerromme, miten sitoudumme vastuulliseen liiketoimintaan ja mit\u00e4 toimia toteutamme p\u00e4ivitt\u00e4isess\u00e4 toiminnassamme. Yrityksemme Vastuullisuus: 1. Eettiset Arvot: Olemme sitoutuneet eettisiin liiketoimintak\u00e4yt\u00e4nt\u00f6ihin kaikilla tasoilla. T\u00e4m\u00e4 tarkoittaa, ett\u00e4 kunnioitamme kaikkia sidosryhmi\u00e4mme, sis\u00e4isi\u00e4 ja ulkoisia, ja&#8230;<\/p>\n","protected":false},"author":42945,"featured_media":87,"parent":0,"menu_order":0,"comment_status":"closed","ping_status":"closed","template":"","meta":{"footnotes":""},"class_list":["post-31","page","type-page","status-publish","has-post-thumbnail","hentry"],"_links":{"self":[{"href":"https:\/\/blogi.eoppimispalvelut.fi\/konttorikumppani\/wp-json\/wp\/v2\/pages\/31","targetHints":{"allow":["GET"]}}],"collection":[{"href":"https:\/\/blogi.eoppimispalvelut.fi\/konttorikumppani\/wp-json\/wp\/v2\/pages"}],"about":[{"href":"https:\/\/blogi.eoppimispalvelut.fi\/konttorikumppani\/wp-json\/wp\/v2\/types\/page"}],"author":[{"embeddable":true,"href":"https:\/\/blogi.eoppimispalvelut.fi\/konttorikumppani\/wp-json\/wp\/v2\/users\/42945"}],"replies":[{"embeddable":true,"href":"https:\/\/blogi.eoppimispalvelut.fi\/konttorikumppani\/wp-json\/wp\/v2\/comments?post=31"}],"version-history":[{"count":6,"href":"https:\/\/blogi.eoppimispalvelut.fi\/konttorikumppani\/wp-json\/wp\/v2\/pages\/31\/revisions"}],"predecessor-version":[{"id":133,"href":"https:\/\/blogi.eoppimispalvelut.fi\/konttorikumppani\/wp-json\/wp\/v2\/pages\/31\/revisions\/133"}],"wp:featuredmedia":[{"embeddable":true,"href":"https:\/\/blogi.eoppimispalvelut.fi\/konttorikumppani\/wp-json\/wp\/v2\/media\/87"}],"wp:attachment":[{"href":"https:\/\/blogi.eoppimispalvelut.fi\/konttorikumppani\/wp-json\/wp\/v2\/media?parent=31"}],"curies":[{"name":"wp","href":"https:\/\/api.w.org\/{rel}","templated":true}]}}