{"id":1160,"date":"2022-07-06T11:47:31","date_gmt":"2022-07-06T08:47:31","guid":{"rendered":"https:\/\/blogi.eoppimispalvelut.fi\/kvprojektiosaaminen\/?page_id=1160"},"modified":"2022-07-06T12:09:50","modified_gmt":"2022-07-06T09:09:50","slug":"mentorointitapaaminen-21-2-2022","status":"publish","type":"page","link":"https:\/\/blogi.eoppimispalvelut.fi\/kvprojektiosaaminen\/mentorointitapaaminen-21-2-2022\/","title":{"rendered":"Mentorointitapaaminen 21.2.2022, Interreg"},"content":{"rendered":"\n<div class=\"wp-block-group\"><div class=\"wp-block-group__inner-container is-layout-flow wp-block-group-is-layout-flow\">\n<div class=\"wp-block-group\"><div class=\"wp-block-group__inner-container is-layout-flow wp-block-group-is-layout-flow\">\n<ul class=\"wp-block-list\"><li>Viime tapaamisen satoa \u2013vertaistukea vai mentorointia?<\/li><li>Puheenvuorot: teemana Interreg<ul><li>Janne N\u00e4kk\u00e4l\u00e4j\u00e4rvi, Saamelaisalueen koulutuskeskus<\/li><li>Petri Muje, Lapin AMK<\/li><li>Nina Forsell, Finnish Lapland Tourist Boardry(LME)<\/li><li>Eila Sepp\u00e4nen, Lapin AMK<\/li><\/ul><\/li><li>LinkedIn \u2013ryhm\u00e4<\/li><li>Seuraavat sovitut tapaamiset: teemoina kokemukset kv-hankkeista ja hankehauista<\/li><\/ul>\n<\/div><\/div>\n<\/div><\/div>\n\n\n\n<div data-wp-interactive=\"core\/file\" class=\"wp-block-file\"><object data-wp-bind--hidden=\"!state.hasPdfPreview\" hidden class=\"wp-block-file__embed\" data=\"https:\/\/blogi.eoppimispalvelut.fi\/kvprojektiosaaminen\/files\/2022\/07\/21.2.2022-Mentorointi-1.pdf\" type=\"application\/pdf\" style=\"width:100%;height:600px\" aria-label=\"Embed of Embed of 21.2.2022-Mentorointi-1..\"><\/object><a id=\"wp-block-file--media-cc4774e9-7cb9-42e9-9546-2df4ed85ce72\" href=\"https:\/\/blogi.eoppimispalvelut.fi\/kvprojektiosaaminen\/files\/2022\/07\/21.2.2022-Mentorointi-1.pdf\">21.2.2022-Mentorointi-1<\/a><a href=\"https:\/\/blogi.eoppimispalvelut.fi\/kvprojektiosaaminen\/files\/2022\/07\/21.2.2022-Mentorointi-1.pdf\" class=\"wp-block-file__button\" download aria-describedby=\"wp-block-file--media-cc4774e9-7cb9-42e9-9546-2df4ed85ce72\">Download<\/a><\/div>\n\n\n\n<div data-wp-interactive=\"core\/file\" class=\"wp-block-file\"><object data-wp-bind--hidden=\"!state.hasPdfPreview\" hidden class=\"wp-block-file__embed\" data=\"https:\/\/blogi.eoppimispalvelut.fi\/kvprojektiosaaminen\/files\/2022\/07\/Puheenvuoro-Janne-Nakkalajarvi.pdf\" type=\"application\/pdf\" style=\"width:100%;height:600px\" aria-label=\"Embed of Embed of Puheenvuoro-Janne-Nakkalajarvi..\"><\/object><a id=\"wp-block-file--media-fdaff582-d553-4fec-83ad-2f7b0596bde0\" href=\"https:\/\/blogi.eoppimispalvelut.fi\/kvprojektiosaaminen\/files\/2022\/07\/Puheenvuoro-Janne-Nakkalajarvi.pdf\">Puheenvuoro-Janne-Nakkalajarvi<\/a><a href=\"https:\/\/blogi.eoppimispalvelut.fi\/kvprojektiosaaminen\/files\/2022\/07\/Puheenvuoro-Janne-Nakkalajarvi.pdf\" class=\"wp-block-file__button\" download aria-describedby=\"wp-block-file--media-fdaff582-d553-4fec-83ad-2f7b0596bde0\">Download<\/a><\/div>\n\n\n\n<div data-wp-interactive=\"core\/file\" class=\"wp-block-file\"><object data-wp-bind--hidden=\"!state.hasPdfPreview\" hidden class=\"wp-block-file__embed\" data=\"https:\/\/blogi.eoppimispalvelut.fi\/kvprojektiosaaminen\/files\/2022\/07\/Marjamasiina_Esittely_210222_KATOS-1.pdf\" type=\"application\/pdf\" style=\"width:100%;height:600px\" aria-label=\"Embed of Embed of Marjamasiina_Esittely_210222_KATOS-1..\"><\/object><a id=\"wp-block-file--media-68cb1429-804b-4c9f-9558-12d0194af712\" href=\"https:\/\/blogi.eoppimispalvelut.fi\/kvprojektiosaaminen\/files\/2022\/07\/Marjamasiina_Esittely_210222_KATOS-1.pdf\">Marjamasiina_Esittely_210222_KATOS-1<\/a><a href=\"https:\/\/blogi.eoppimispalvelut.fi\/kvprojektiosaaminen\/files\/2022\/07\/Marjamasiina_Esittely_210222_KATOS-1.pdf\" class=\"wp-block-file__button\" download aria-describedby=\"wp-block-file--media-68cb1429-804b-4c9f-9558-12d0194af712\">Download<\/a><\/div>\n\n\n\n<div data-wp-interactive=\"core\/file\" class=\"wp-block-file\"><object data-wp-bind--hidden=\"!state.hasPdfPreview\" hidden class=\"wp-block-file__embed\" data=\"https:\/\/blogi.eoppimispalvelut.fi\/kvprojektiosaaminen\/files\/2022\/07\/VAE-II-Nina-Forsell-KATOS.pdf\" type=\"application\/pdf\" style=\"width:100%;height:600px\" aria-label=\"Embed of Embed of VAE-II-Nina-Forsell-KATOS..\"><\/object><a id=\"wp-block-file--media-756c4e2e-1121-4824-89bb-f0993d7ca6f0\" href=\"https:\/\/blogi.eoppimispalvelut.fi\/kvprojektiosaaminen\/files\/2022\/07\/VAE-II-Nina-Forsell-KATOS.pdf\">VAE-II-Nina-Forsell-KATOS<\/a><a href=\"https:\/\/blogi.eoppimispalvelut.fi\/kvprojektiosaaminen\/files\/2022\/07\/VAE-II-Nina-Forsell-KATOS.pdf\" class=\"wp-block-file__button\" download aria-describedby=\"wp-block-file--media-756c4e2e-1121-4824-89bb-f0993d7ca6f0\">Download<\/a><\/div>\n\n\n\n<p><\/p>\n\n\n\n<p><\/p>\n","protected":false},"excerpt":{"rendered":"<p>Viime tapaamisen satoa \u2013vertaistukea vai mentorointia? Puheenvuorot: teemana Interreg Janne N\u00e4kk\u00e4l\u00e4j\u00e4rvi, Saamelaisalueen koulutuskeskus Petri Muje, Lapin AMK Nina Forsell, Finnish Lapland Tourist Boardry(LME) Eila Sepp\u00e4nen, Lapin AMK LinkedIn \u2013ryhm\u00e4 Seuraavat [&hellip;]<\/p>\n","protected":false},"author":6208,"featured_media":0,"parent":0,"menu_order":0,"comment_status":"closed","ping_status":"closed","template":"","meta":{"footnotes":""},"class_list":["post-1160","page","type-page","status-publish","hentry"],"_links":{"self":[{"href":"https:\/\/blogi.eoppimispalvelut.fi\/kvprojektiosaaminen\/wp-json\/wp\/v2\/pages\/1160","targetHints":{"allow":["GET"]}}],"collection":[{"href":"https:\/\/blogi.eoppimispalvelut.fi\/kvprojektiosaaminen\/wp-json\/wp\/v2\/pages"}],"about":[{"href":"https:\/\/blogi.eoppimispalvelut.fi\/kvprojektiosaaminen\/wp-json\/wp\/v2\/types\/page"}],"author":[{"embeddable":true,"href":"https:\/\/blogi.eoppimispalvelut.fi\/kvprojektiosaaminen\/wp-json\/wp\/v2\/users\/6208"}],"replies":[{"embeddable":true,"href":"https:\/\/blogi.eoppimispalvelut.fi\/kvprojektiosaaminen\/wp-json\/wp\/v2\/comments?post=1160"}],"version-history":[{"count":5,"href":"https:\/\/blogi.eoppimispalvelut.fi\/kvprojektiosaaminen\/wp-json\/wp\/v2\/pages\/1160\/revisions"}],"predecessor-version":[{"id":1188,"href":"https:\/\/blogi.eoppimispalvelut.fi\/kvprojektiosaaminen\/wp-json\/wp\/v2\/pages\/1160\/revisions\/1188"}],"wp:attachment":[{"href":"https:\/\/blogi.eoppimispalvelut.fi\/kvprojektiosaaminen\/wp-json\/wp\/v2\/media?parent=1160"}],"curies":[{"name":"wp","href":"https:\/\/api.w.org\/{rel}","templated":true}]}}