{"id":1180,"date":"2022-07-06T12:08:30","date_gmt":"2022-07-06T09:08:30","guid":{"rendered":"https:\/\/blogi.eoppimispalvelut.fi\/kvprojektiosaaminen\/?page_id=1180"},"modified":"2022-07-06T12:10:07","modified_gmt":"2022-07-06T09:10:07","slug":"mentorointitapaaminen-29-4-horisontti-eurooppa","status":"publish","type":"page","link":"https:\/\/blogi.eoppimispalvelut.fi\/kvprojektiosaaminen\/mentorointitapaaminen-29-4-horisontti-eurooppa\/","title":{"rendered":"Mentorointitapaaminen 29.4.2022, Horisontti Eurooppa"},"content":{"rendered":"\n<ul class=\"wp-block-list\"><li>12.00 Tervetuloa, p\u00e4iv\u00e4n ohjelma. Eeva Helameri, Lapin AMK\u200b<\/li><li>12.05 Ajankohtaista Horisontti Eurooppa \u2013ohjelmasta. Jaana&nbsp;Lehtim\u00e4ki, johtava tiedeasiantuntija, MMT (Senior Science&nbsp;Adviser,&nbsp;Dr)&nbsp;Suomen&nbsp;Akatemia, NCP&nbsp;klusteri&nbsp;6\u200b<\/li><li>12.35 Horisonttikokemuksia. Hannu Panttila, geologi, GTK\u200b<\/li><li>12.50&nbsp;Kokemuksia&nbsp;Innosup&nbsp;-hankkeista. Tytti Ahoranta,&nbsp;projektip\u00e4\u00e4llikk\u00f6, Digipolis\u200b<\/li><li>13.05&nbsp;Horizon-hankkeen suunnittelusta. Satu Pesola, johtaja, LUC TKI&nbsp;\u200b<\/li><li>13.25&nbsp;Seuraavia toimenpiteit\u00e4. Eeva Helameri, Lapin AMK<\/li><\/ul>\n\n\n\n<div data-wp-interactive=\"core\/file\" class=\"wp-block-file\"><object data-wp-bind--hidden=\"!state.hasPdfPreview\" hidden class=\"wp-block-file__embed\" data=\"https:\/\/blogi.eoppimispalvelut.fi\/kvprojektiosaaminen\/files\/2022\/07\/29.4.2022-Mentorointi.pdf\" type=\"application\/pdf\" style=\"width:100%;height:600px\" aria-label=\"Embed of Embed of 29.4.2022-Mentorointi..\"><\/object><a id=\"wp-block-file--media-8b438732-6627-4548-8bb3-db7858e22d7a\" href=\"https:\/\/blogi.eoppimispalvelut.fi\/kvprojektiosaaminen\/files\/2022\/07\/29.4.2022-Mentorointi.pdf\">29.4.2022-Mentorointi<\/a><a href=\"https:\/\/blogi.eoppimispalvelut.fi\/kvprojektiosaaminen\/files\/2022\/07\/29.4.2022-Mentorointi.pdf\" class=\"wp-block-file__button\" download aria-describedby=\"wp-block-file--media-8b438732-6627-4548-8bb3-db7858e22d7a\">Download<\/a><\/div>\n\n\n\n<div data-wp-interactive=\"core\/file\" class=\"wp-block-file\"><object data-wp-bind--hidden=\"!state.hasPdfPreview\" hidden class=\"wp-block-file__embed\" data=\"https:\/\/blogi.eoppimispalvelut.fi\/kvprojektiosaaminen\/files\/2022\/07\/Ajankohtaista-Horisontti-Eurooppa_JLehtimaki_29042022_jaettava.pdf\" type=\"application\/pdf\" style=\"width:100%;height:600px\" aria-label=\"Embed of Embed of Ajankohtaista-Horisontti-Eurooppa_JLehtimaki_29042022_jaettava..\"><\/object><a id=\"wp-block-file--media-b5654099-ebec-4e26-a6bf-76869b7e3823\" href=\"https:\/\/blogi.eoppimispalvelut.fi\/kvprojektiosaaminen\/files\/2022\/07\/Ajankohtaista-Horisontti-Eurooppa_JLehtimaki_29042022_jaettava.pdf\">Ajankohtaista-Horisontti-Eurooppa_JLehtimaki_29042022_jaettava<\/a><a href=\"https:\/\/blogi.eoppimispalvelut.fi\/kvprojektiosaaminen\/files\/2022\/07\/Ajankohtaista-Horisontti-Eurooppa_JLehtimaki_29042022_jaettava.pdf\" class=\"wp-block-file__button\" download aria-describedby=\"wp-block-file--media-b5654099-ebec-4e26-a6bf-76869b7e3823\">Download<\/a><\/div>\n\n\n\n<div data-wp-interactive=\"core\/file\" class=\"wp-block-file\"><object data-wp-bind--hidden=\"!state.hasPdfPreview\" hidden class=\"wp-block-file__embed\" data=\"https:\/\/blogi.eoppimispalvelut.fi\/kvprojektiosaaminen\/files\/2022\/07\/Kokemuksia-Innosup-\u2013hankkeista_ta_final.pdf\" type=\"application\/pdf\" style=\"width:100%;height:600px\" aria-label=\"Embed of Embed of Kokemuksia-Innosup-\u2013hankkeista_ta_final..\"><\/object><a id=\"wp-block-file--media-b358cac1-c778-4120-adcd-c6784c6a5c1b\" href=\"https:\/\/blogi.eoppimispalvelut.fi\/kvprojektiosaaminen\/files\/2022\/07\/Kokemuksia-Innosup-\u2013hankkeista_ta_final.pdf\">Kokemuksia-Innosup-\u2013hankkeista_ta_final<\/a><a href=\"https:\/\/blogi.eoppimispalvelut.fi\/kvprojektiosaaminen\/files\/2022\/07\/Kokemuksia-Innosup-\u2013hankkeista_ta_final.pdf\" class=\"wp-block-file__button\" download aria-describedby=\"wp-block-file--media-b358cac1-c778-4120-adcd-c6784c6a5c1b\">Download<\/a><\/div>\n\n\n\n<div data-wp-interactive=\"core\/file\" class=\"wp-block-file\"><object data-wp-bind--hidden=\"!state.hasPdfPreview\" hidden class=\"wp-block-file__embed\" data=\"https:\/\/blogi.eoppimispalvelut.fi\/kvprojektiosaaminen\/files\/2022\/07\/Developing-Horizon-proposal_29.4.2022.pdf\" type=\"application\/pdf\" style=\"width:100%;height:600px\" aria-label=\"Embed of Embed of Developing-Horizon-proposal_29.4.2022..\"><\/object><a id=\"wp-block-file--media-245d415a-31fe-4e46-9ffe-7ab1f2cf69bd\" href=\"https:\/\/blogi.eoppimispalvelut.fi\/kvprojektiosaaminen\/files\/2022\/07\/Developing-Horizon-proposal_29.4.2022.pdf\">Developing-Horizon-proposal_29.4.2022<\/a><a href=\"https:\/\/blogi.eoppimispalvelut.fi\/kvprojektiosaaminen\/files\/2022\/07\/Developing-Horizon-proposal_29.4.2022.pdf\" class=\"wp-block-file__button\" download aria-describedby=\"wp-block-file--media-245d415a-31fe-4e46-9ffe-7ab1f2cf69bd\">Download<\/a><\/div>\n","protected":false},"excerpt":{"rendered":"<p>12.00 Tervetuloa, p\u00e4iv\u00e4n ohjelma. Eeva Helameri, Lapin AMK\u200b 12.05 Ajankohtaista Horisontti Eurooppa \u2013ohjelmasta. Jaana&nbsp;Lehtim\u00e4ki, johtava tiedeasiantuntija, MMT (Senior Science&nbsp;Adviser,&nbsp;Dr)&nbsp;Suomen&nbsp;Akatemia, NCP&nbsp;klusteri&nbsp;6\u200b 12.35 Horisonttikokemuksia. Hannu Panttila, geologi, GTK\u200b 12.50&nbsp;Kokemuksia&nbsp;Innosup&nbsp;-hankkeista. Tytti Ahoranta,&nbsp;projektip\u00e4\u00e4llikk\u00f6, Digipolis\u200b [&hellip;]<\/p>\n","protected":false},"author":6208,"featured_media":0,"parent":0,"menu_order":0,"comment_status":"closed","ping_status":"closed","template":"","meta":{"footnotes":""},"class_list":["post-1180","page","type-page","status-publish","hentry"],"_links":{"self":[{"href":"https:\/\/blogi.eoppimispalvelut.fi\/kvprojektiosaaminen\/wp-json\/wp\/v2\/pages\/1180","targetHints":{"allow":["GET"]}}],"collection":[{"href":"https:\/\/blogi.eoppimispalvelut.fi\/kvprojektiosaaminen\/wp-json\/wp\/v2\/pages"}],"about":[{"href":"https:\/\/blogi.eoppimispalvelut.fi\/kvprojektiosaaminen\/wp-json\/wp\/v2\/types\/page"}],"author":[{"embeddable":true,"href":"https:\/\/blogi.eoppimispalvelut.fi\/kvprojektiosaaminen\/wp-json\/wp\/v2\/users\/6208"}],"replies":[{"embeddable":true,"href":"https:\/\/blogi.eoppimispalvelut.fi\/kvprojektiosaaminen\/wp-json\/wp\/v2\/comments?post=1180"}],"version-history":[{"count":2,"href":"https:\/\/blogi.eoppimispalvelut.fi\/kvprojektiosaaminen\/wp-json\/wp\/v2\/pages\/1180\/revisions"}],"predecessor-version":[{"id":1189,"href":"https:\/\/blogi.eoppimispalvelut.fi\/kvprojektiosaaminen\/wp-json\/wp\/v2\/pages\/1180\/revisions\/1189"}],"wp:attachment":[{"href":"https:\/\/blogi.eoppimispalvelut.fi\/kvprojektiosaaminen\/wp-json\/wp\/v2\/media?parent=1180"}],"curies":[{"name":"wp","href":"https:\/\/api.w.org\/{rel}","templated":true}]}}