{"id":1190,"date":"2022-07-06T12:14:27","date_gmt":"2022-07-06T09:14:27","guid":{"rendered":"https:\/\/blogi.eoppimispalvelut.fi\/kvprojektiosaaminen\/?page_id=1190"},"modified":"2022-07-06T12:14:28","modified_gmt":"2022-07-06T09:14:28","slug":"mentorointitapaaminen-25-5-2022-npa","status":"publish","type":"page","link":"https:\/\/blogi.eoppimispalvelut.fi\/kvprojektiosaaminen\/mentorointitapaaminen-25-5-2022-npa\/","title":{"rendered":"Mentorointitapaaminen 25.5.2022, NPA"},"content":{"rendered":"\n<ul class=\"wp-block-list\"><li>Tervetuloa, p\u00e4iv\u00e4n ohjelma. Eeva Helameri, Lapin AMK\u200b<\/li><li>Ajankohtaista NPA-rahoituksesta. Paula Mikkola, Lapin liitto\u200b<\/li><li>Hylsyst\u00e4 rahoitettuun hankkeeseen \u2013 yhden tekij\u00e4n taival NPA-hankemaailman kiemuroissa. Outi Kugapi, Lapin yliopisto\u200b<\/li><li>It\u00e4-Lapin tuoreita NPA-kokemuksia. Vilma Ohrank\u00e4mmen, It\u00e4-Lapin&nbsp;kuntayhtym\u00e4\u200b<\/li><li>Digiwild&nbsp;\u2013 bridging NPA -projekti.&nbsp;Petri Muje, Lapin AMK\u200b<\/li><li>Seuraavat tapaamiset. Eeva Helameri, Lapin AMK\u200b<\/li><\/ul>\n\n\n\n<div data-wp-interactive=\"core\/file\" class=\"wp-block-file\"><object data-wp-bind--hidden=\"!state.hasPdfPreview\" hidden class=\"wp-block-file__embed\" data=\"https:\/\/blogi.eoppimispalvelut.fi\/kvprojektiosaaminen\/files\/2022\/07\/25.5.2022-Mentorointi.pdf\" type=\"application\/pdf\" style=\"width:100%;height:600px\" aria-label=\"Embed of Embed of 25.5.2022-Mentorointi..\"><\/object><a id=\"wp-block-file--media-40e39032-4fb7-47ff-a765-e836fdfbc1a7\" href=\"https:\/\/blogi.eoppimispalvelut.fi\/kvprojektiosaaminen\/files\/2022\/07\/25.5.2022-Mentorointi.pdf\">25.5.2022-Mentorointi<\/a><a href=\"https:\/\/blogi.eoppimispalvelut.fi\/kvprojektiosaaminen\/files\/2022\/07\/25.5.2022-Mentorointi.pdf\" class=\"wp-block-file__button\" download aria-describedby=\"wp-block-file--media-40e39032-4fb7-47ff-a765-e836fdfbc1a7\">Download<\/a><\/div>\n\n\n\n<div data-wp-interactive=\"core\/file\" class=\"wp-block-file\"><object data-wp-bind--hidden=\"!state.hasPdfPreview\" hidden class=\"wp-block-file__embed\" data=\"https:\/\/blogi.eoppimispalvelut.fi\/kvprojektiosaaminen\/files\/2022\/07\/KATOS-mentorointiverkosto-25.5.22-Paula-Mikkola.pdf\" type=\"application\/pdf\" style=\"width:100%;height:600px\" aria-label=\"Embed of Embed of KATOS-mentorointiverkosto-25.5.22-Paula-Mikkola..\"><\/object><a id=\"wp-block-file--media-9883c72f-0478-4dab-a8f4-83ffcf89638c\" href=\"https:\/\/blogi.eoppimispalvelut.fi\/kvprojektiosaaminen\/files\/2022\/07\/KATOS-mentorointiverkosto-25.5.22-Paula-Mikkola.pdf\">KATOS-mentorointiverkosto-25.5.22-Paula-Mikkola<\/a><a href=\"https:\/\/blogi.eoppimispalvelut.fi\/kvprojektiosaaminen\/files\/2022\/07\/KATOS-mentorointiverkosto-25.5.22-Paula-Mikkola.pdf\" class=\"wp-block-file__button\" download aria-describedby=\"wp-block-file--media-9883c72f-0478-4dab-a8f4-83ffcf89638c\">Download<\/a><\/div>\n\n\n\n<div data-wp-interactive=\"core\/file\" class=\"wp-block-file\"><object data-wp-bind--hidden=\"!state.hasPdfPreview\" hidden class=\"wp-block-file__embed\" data=\"https:\/\/blogi.eoppimispalvelut.fi\/kvprojektiosaaminen\/files\/2022\/07\/NPA-mentorointi-Kugapi-25.5.-1.pdf\" type=\"application\/pdf\" style=\"width:100%;height:600px\" aria-label=\"Embed of Embed of NPA-mentorointi-Kugapi-25.5.-1..\"><\/object><a id=\"wp-block-file--media-1e2cbeb9-96dc-4819-93f7-e8b6963272aa\" href=\"https:\/\/blogi.eoppimispalvelut.fi\/kvprojektiosaaminen\/files\/2022\/07\/NPA-mentorointi-Kugapi-25.5.-1.pdf\">NPA-mentorointi-Kugapi-25.5.-1<\/a><a href=\"https:\/\/blogi.eoppimispalvelut.fi\/kvprojektiosaaminen\/files\/2022\/07\/NPA-mentorointi-Kugapi-25.5.-1.pdf\" class=\"wp-block-file__button\" download aria-describedby=\"wp-block-file--media-1e2cbeb9-96dc-4819-93f7-e8b6963272aa\">Download<\/a><\/div>\n\n\n\n<div data-wp-interactive=\"core\/file\" class=\"wp-block-file\"><object data-wp-bind--hidden=\"!state.hasPdfPreview\" hidden class=\"wp-block-file__embed\" data=\"https:\/\/blogi.eoppimispalvelut.fi\/kvprojektiosaaminen\/files\/2022\/07\/DigiWild-NPA.pdf\" type=\"application\/pdf\" style=\"width:100%;height:600px\" aria-label=\"Embed of Embed of DigiWild-NPA..\"><\/object><a id=\"wp-block-file--media-8fd52fca-ee4a-45e3-8bbe-c2bf801b9dad\" href=\"https:\/\/blogi.eoppimispalvelut.fi\/kvprojektiosaaminen\/files\/2022\/07\/DigiWild-NPA.pdf\">DigiWild-NPA<\/a><a href=\"https:\/\/blogi.eoppimispalvelut.fi\/kvprojektiosaaminen\/files\/2022\/07\/DigiWild-NPA.pdf\" class=\"wp-block-file__button\" download aria-describedby=\"wp-block-file--media-8fd52fca-ee4a-45e3-8bbe-c2bf801b9dad\">Download<\/a><\/div>\n","protected":false},"excerpt":{"rendered":"<p>Tervetuloa, p\u00e4iv\u00e4n ohjelma. Eeva Helameri, Lapin AMK\u200b Ajankohtaista NPA-rahoituksesta. Paula Mikkola, Lapin liitto\u200b Hylsyst\u00e4 rahoitettuun hankkeeseen \u2013 yhden tekij\u00e4n taival NPA-hankemaailman kiemuroissa. Outi Kugapi, Lapin yliopisto\u200b It\u00e4-Lapin tuoreita NPA-kokemuksia. Vilma [&hellip;]<\/p>\n","protected":false},"author":6208,"featured_media":0,"parent":0,"menu_order":0,"comment_status":"closed","ping_status":"closed","template":"","meta":{"footnotes":""},"class_list":["post-1190","page","type-page","status-publish","hentry"],"_links":{"self":[{"href":"https:\/\/blogi.eoppimispalvelut.fi\/kvprojektiosaaminen\/wp-json\/wp\/v2\/pages\/1190","targetHints":{"allow":["GET"]}}],"collection":[{"href":"https:\/\/blogi.eoppimispalvelut.fi\/kvprojektiosaaminen\/wp-json\/wp\/v2\/pages"}],"about":[{"href":"https:\/\/blogi.eoppimispalvelut.fi\/kvprojektiosaaminen\/wp-json\/wp\/v2\/types\/page"}],"author":[{"embeddable":true,"href":"https:\/\/blogi.eoppimispalvelut.fi\/kvprojektiosaaminen\/wp-json\/wp\/v2\/users\/6208"}],"replies":[{"embeddable":true,"href":"https:\/\/blogi.eoppimispalvelut.fi\/kvprojektiosaaminen\/wp-json\/wp\/v2\/comments?post=1190"}],"version-history":[{"count":2,"href":"https:\/\/blogi.eoppimispalvelut.fi\/kvprojektiosaaminen\/wp-json\/wp\/v2\/pages\/1190\/revisions"}],"predecessor-version":[{"id":1198,"href":"https:\/\/blogi.eoppimispalvelut.fi\/kvprojektiosaaminen\/wp-json\/wp\/v2\/pages\/1190\/revisions\/1198"}],"wp:attachment":[{"href":"https:\/\/blogi.eoppimispalvelut.fi\/kvprojektiosaaminen\/wp-json\/wp\/v2\/media?parent=1190"}],"curies":[{"name":"wp","href":"https:\/\/api.w.org\/{rel}","templated":true}]}}