{"id":1263,"date":"2022-11-15T15:33:14","date_gmt":"2022-11-15T13:33:14","guid":{"rendered":"https:\/\/blogi.eoppimispalvelut.fi\/kvprojektiosaaminen\/?page_id=1263"},"modified":"2022-12-07T09:59:08","modified_gmt":"2022-12-07T07:59:08","slug":"handbook","status":"publish","type":"page","link":"https:\/\/blogi.eoppimispalvelut.fi\/kvprojektiosaaminen\/handbook\/","title":{"rendered":"Handbook"},"content":{"rendered":"\n<p class=\"has-black-color has-text-color\">EU Project Planning and Management Handbook julkaistiin 17.11.2022 Nordic Matchmaking -tapahtumassa Rovaniemell\u00e4. K\u00e4sikirja on englanninkielinen. <\/p>\n\n\n\n<p><a href=\"https:\/\/issuu.com\/lapinamk\/docs\/d_13_2022_handbook\">EU Project Planning and Management Handbook by Lapin AMK &#8211; Issuu<\/a><\/p>\n\n\n<div class=\"wp-block-image\">\n<figure class=\"alignleft size-large is-resized\"><a href=\"https:\/\/www.lapinamk.fi\/loader.aspx?id=e10c65d0-8165-4fb3-b262-d7d91ff32dbb\"><img loading=\"lazy\" decoding=\"async\" src=\"https:\/\/blogi.eoppimispalvelut.fi\/kvprojektiosaaminen\/files\/2022\/11\/Handbook-cover-1280x907.jpg\" alt=\"\" class=\"wp-image-1276\" width=\"590\" height=\"418\" srcset=\"https:\/\/blogi.eoppimispalvelut.fi\/kvprojektiosaaminen\/files\/2022\/11\/Handbook-cover-1280x907.jpg 1280w, https:\/\/blogi.eoppimispalvelut.fi\/kvprojektiosaaminen\/files\/2022\/11\/Handbook-cover-600x425.jpg 600w, https:\/\/blogi.eoppimispalvelut.fi\/kvprojektiosaaminen\/files\/2022\/11\/Handbook-cover-768x544.jpg 768w, https:\/\/blogi.eoppimispalvelut.fi\/kvprojektiosaaminen\/files\/2022\/11\/Handbook-cover.jpg 1461w\" sizes=\"auto, (max-width: 590px) 100vw, 590px\" \/><\/a><\/figure>\n<\/div>\n\n\n<p><\/p>\n\n\n\n<p>K\u00e4sikirja auttaa suunnittelemaan ja hallinnoimaan EU-rahoitteisia projekteja. K\u00e4sikirja kuvaa koko projektisyklin askel askeleelta: ideointivaiheesta projektisuunnitelman ja -hakemuksen kirjoittamiseen, projektin toteuttamiseen ja lopuksi sen arviointiin. <\/p>\n\n\n\n<p>K\u00e4sikirja tehtiin osana KATOS-hanketta. Hankkeessa toteutetun pilottikoulutuksen opiskelijat ja heid\u00e4n ideansa, ajatuksensa ja antamansa palaute olivat t\u00e4rke\u00e4ss\u00e4 roolissa k\u00e4sikirjaa koostettaessa. <\/p>\n\n\n\n<p><\/p>\n","protected":false},"excerpt":{"rendered":"<p>EU Project Planning and Management Handbook julkaistiin 17.11.2022 Nordic Matchmaking -tapahtumassa Rovaniemell\u00e4. K\u00e4sikirja on englanninkielinen. EU Project Planning and Management Handbook by Lapin AMK &#8211; Issuu K\u00e4sikirja auttaa suunnittelemaan ja [&hellip;]<\/p>\n","protected":false},"author":1328,"featured_media":0,"parent":0,"menu_order":0,"comment_status":"closed","ping_status":"closed","template":"","meta":{"footnotes":""},"class_list":["post-1263","page","type-page","status-publish","hentry"],"_links":{"self":[{"href":"https:\/\/blogi.eoppimispalvelut.fi\/kvprojektiosaaminen\/wp-json\/wp\/v2\/pages\/1263","targetHints":{"allow":["GET"]}}],"collection":[{"href":"https:\/\/blogi.eoppimispalvelut.fi\/kvprojektiosaaminen\/wp-json\/wp\/v2\/pages"}],"about":[{"href":"https:\/\/blogi.eoppimispalvelut.fi\/kvprojektiosaaminen\/wp-json\/wp\/v2\/types\/page"}],"author":[{"embeddable":true,"href":"https:\/\/blogi.eoppimispalvelut.fi\/kvprojektiosaaminen\/wp-json\/wp\/v2\/users\/1328"}],"replies":[{"embeddable":true,"href":"https:\/\/blogi.eoppimispalvelut.fi\/kvprojektiosaaminen\/wp-json\/wp\/v2\/comments?post=1263"}],"version-history":[{"count":11,"href":"https:\/\/blogi.eoppimispalvelut.fi\/kvprojektiosaaminen\/wp-json\/wp\/v2\/pages\/1263\/revisions"}],"predecessor-version":[{"id":1354,"href":"https:\/\/blogi.eoppimispalvelut.fi\/kvprojektiosaaminen\/wp-json\/wp\/v2\/pages\/1263\/revisions\/1354"}],"wp:attachment":[{"href":"https:\/\/blogi.eoppimispalvelut.fi\/kvprojektiosaaminen\/wp-json\/wp\/v2\/media?parent=1263"}],"curies":[{"name":"wp","href":"https:\/\/api.w.org\/{rel}","templated":true}]}}