{"id":2,"date":"2020-09-02T22:31:14","date_gmt":"2020-09-02T19:31:14","guid":{"rendered":"https:\/\/blogi.eoppimispalvelut.fi\/kvprojektiosaaminen\/?page_id=2"},"modified":"2022-12-07T10:11:31","modified_gmt":"2022-12-07T08:11:31","slug":"esimerkkisivu","status":"publish","type":"page","link":"https:\/\/blogi.eoppimispalvelut.fi\/kvprojektiosaaminen\/","title":{"rendered":"Kansainv\u00e4lisen TKI-osaamisen kehitt\u00e4minen Lapissa \u2013 KATOS"},"content":{"rendered":"\n<p>KATOS-hankkeen kehitt\u00e4mistavoitteena oli Lapin ja sen yritysten sek\u00e4 muiden toimijoiden kilpailukyvyn ja elinvoiman lis\u00e4\u00e4minen erityisesti kasvu- ja rakennemuutosaloilla. Tavoitteen saavuttaminen edellytti kansainv\u00e4lisen tutkimus-, kehitys- ja innovaatiotoiminnan (TKI) osaamisen kehitt\u00e4mist\u00e4 ja hy\u00f6dynt\u00e4mist\u00e4 yhteisty\u00f6ss\u00e4 korkeakoulujen, tutkimuslaitosten ja alueen muiden toimijoiden kesken.&nbsp;<\/p>\n\n\n\n<p><strong>KATOS-hankkeen tuloksia:<\/strong><\/p>\n\n\n\n<ol class=\"wp-block-list\">\n<li>Lapin kansainv\u00e4lisen hanketoiminnan osaamisportfolio ja toimijakuvaus, joissa kuvataan organisaatioiden osaaminen, kv-hanketoimintakokemus yleisell\u00e4 tasolla, kv-hanketoiminnan osaamisalueet sek\u00e4 osaamisen tasot. <a href=\"https:\/\/blogi.eoppimispalvelut.fi\/kvprojektiosaaminen\/osaamisportfolio\/toimijakuvaus\/\">TKI-toimijakuvaus<\/a><\/li>\n\n\n\n<li>Kv-hankeosaamisen koulutuskokonaisuus 15 opintopistett\u00e4 (5 perusopinnot + 10 syvent\u00e4v\u00e4t opinnot). Koulutuskokonaisuus pilotoitiin ja se j\u00e4i pysyv\u00e4ksi koulutustarjonnaksi Lapin AMK:iin ja Lapin yliopistoon. <\/li>\n\n\n\n<li>Kv-hanketoiminnan mentorointiverkosto (pilottikoulutukseen osallistuneet sek\u00e4 muut alueen kv-hanketoiminnan erityisasiantuntijat).<\/li>\n\n\n\n<li>Kunta- ja aluekohtaiset ty\u00f6pajat ja webinaarit.&nbsp;&nbsp;<\/li>\n\n\n\n<li>Brokerage-, matchmaking- ja infotilaisuudet sek\u00e4 opinto- ja benchmarking-matkat.<\/li>\n\n\n\n<li>Malli ja k\u00e4yt\u00e4nteet alueen kansainv\u00e4liselle TKI-yhteisty\u00f6lle.<\/li>\n<\/ol>\n\n\n\n<p>KATOS oli kolmivuotinen (2020\u20132022) hanke, jonka toteuttajat olivat Lapin AMK ja Lapin yliopisto. Hankkeen kokonaisbudjetti oli 491 350 \u20ac, josta ESR- ja valtion rahoitus oli 393 080 \u20ac.&nbsp;<\/p>\n\n\n\n<p><strong>Yhteystiedot:<\/strong><br>Lapin AMK: Eija Raasakka, projektip\u00e4\u00e4llikk\u00f6, eija.raasakka(at)lapinamk.fi, p. 040 7098160<br>Lapin yliopisto: Katri Kuusela, koulutusp\u00e4\u00e4llikk\u00f6, katri.kuusela(at)ulapland.fi, p. 040 5161054<\/p>\n\n\n<div class=\"wp-block-image\">\n<figure class=\"alignleft\"><a href=\"https:\/\/arcticsmartness.fi\/\"><img loading=\"lazy\" decoding=\"async\" width=\"110\" height=\"110\" src=\"https:\/\/blogi.eoppimispalvelut.fi\/kvprojektiosaaminen\/files\/2021\/07\/Arctic-Smartness-musta-aariviiva-110x110.png\" alt=\"\" class=\"wp-image-679\" srcset=\"https:\/\/blogi.eoppimispalvelut.fi\/kvprojektiosaaminen\/files\/2021\/07\/Arctic-Smartness-musta-aariviiva-110x110.png 110w, https:\/\/blogi.eoppimispalvelut.fi\/kvprojektiosaaminen\/files\/2021\/07\/Arctic-Smartness-musta-aariviiva-600x600.png 600w, https:\/\/blogi.eoppimispalvelut.fi\/kvprojektiosaaminen\/files\/2021\/07\/Arctic-Smartness-musta-aariviiva-768x768.png 768w, https:\/\/blogi.eoppimispalvelut.fi\/kvprojektiosaaminen\/files\/2021\/07\/Arctic-Smartness-musta-aariviiva-50x50.png 50w, https:\/\/blogi.eoppimispalvelut.fi\/kvprojektiosaaminen\/files\/2021\/07\/Arctic-Smartness-musta-aariviiva-80x80.png 80w, https:\/\/blogi.eoppimispalvelut.fi\/kvprojektiosaaminen\/files\/2021\/07\/Arctic-Smartness-musta-aariviiva.png 793w\" sizes=\"auto, (max-width: 110px) 100vw, 110px\" \/><\/a><\/figure>\n<\/div>\n\n\n<p>KATOS oli yksi Arctic Smartness -hankkeista, jotka toimivat aluekehityksen ytimess\u00e4 toteuttaen \u00e4lykk\u00e4\u00e4n erikoistumisen kehitt\u00e4mist\u00e4 Lapissa. Lis\u00e4tietoa Arctic Smartness -sivustolla: <a href=\"https:\/\/arcticsmartness.fi\/\">Arctic Smartness.fi \u2013 \u00c4lyk\u00e4st\u00e4 erikoistumista Lapissa<\/a><\/p>\n","protected":false},"excerpt":{"rendered":"<p>KATOS-hankkeen kehitt\u00e4mistavoitteena oli Lapin ja sen yritysten sek\u00e4 muiden toimijoiden kilpailukyvyn ja elinvoiman lis\u00e4\u00e4minen erityisesti kasvu- ja rakennemuutosaloilla. Tavoitteen saavuttaminen edellytti kansainv\u00e4lisen tutkimus-, kehitys- ja innovaatiotoiminnan (TKI) osaamisen kehitt\u00e4mist\u00e4 ja [&hellip;]<\/p>\n","protected":false},"author":31,"featured_media":0,"parent":0,"menu_order":0,"comment_status":"closed","ping_status":"closed","template":"","meta":{"footnotes":""},"class_list":["post-2","page","type-page","status-publish","hentry"],"_links":{"self":[{"href":"https:\/\/blogi.eoppimispalvelut.fi\/kvprojektiosaaminen\/wp-json\/wp\/v2\/pages\/2","targetHints":{"allow":["GET"]}}],"collection":[{"href":"https:\/\/blogi.eoppimispalvelut.fi\/kvprojektiosaaminen\/wp-json\/wp\/v2\/pages"}],"about":[{"href":"https:\/\/blogi.eoppimispalvelut.fi\/kvprojektiosaaminen\/wp-json\/wp\/v2\/types\/page"}],"author":[{"embeddable":true,"href":"https:\/\/blogi.eoppimispalvelut.fi\/kvprojektiosaaminen\/wp-json\/wp\/v2\/users\/31"}],"replies":[{"embeddable":true,"href":"https:\/\/blogi.eoppimispalvelut.fi\/kvprojektiosaaminen\/wp-json\/wp\/v2\/comments?post=2"}],"version-history":[{"count":54,"href":"https:\/\/blogi.eoppimispalvelut.fi\/kvprojektiosaaminen\/wp-json\/wp\/v2\/pages\/2\/revisions"}],"predecessor-version":[{"id":1370,"href":"https:\/\/blogi.eoppimispalvelut.fi\/kvprojektiosaaminen\/wp-json\/wp\/v2\/pages\/2\/revisions\/1370"}],"wp:attachment":[{"href":"https:\/\/blogi.eoppimispalvelut.fi\/kvprojektiosaaminen\/wp-json\/wp\/v2\/media?parent=2"}],"curies":[{"name":"wp","href":"https:\/\/api.w.org\/{rel}","templated":true}]}}