{"id":255,"date":"2020-10-06T08:20:18","date_gmt":"2020-10-06T05:20:18","guid":{"rendered":"https:\/\/blogi.eoppimispalvelut.fi\/kvprojektiosaaminen\/?page_id=255"},"modified":"2022-12-07T10:39:22","modified_gmt":"2022-12-07T08:39:22","slug":"ohjausryhma","status":"publish","type":"page","link":"https:\/\/blogi.eoppimispalvelut.fi\/kvprojektiosaaminen\/ohjausryhma\/","title":{"rendered":"Ohjausryhm\u00e4"},"content":{"rendered":"<p>Ohjausryhm\u00e4n varsinaiset j\u00e4senet olivat:<\/p>\n<p>1. Heikka Kimmo, Digipolis;<br \/>\n2. Hyry-Honka Outi, Lapin AMK (pj.), 1.1.2022 l\u00e4htien Marika Kunnari, Lapin AMK (pj)<br \/>\n3. Kontiokoski P\u00e4ivi, REDU<br \/>\n4. Koskela Jaana, Lapin liitto; 1.1.2022 l\u00e4htien Kaarina M\u00e4cklin, Lapin liitto<br \/>\n5. Koski Antti, Lapin yliopisto<br \/>\n6. Kyl\u00e4-Kaila Kaisa, Muonion kunta<br \/>\n7. Lustila Risto, Business Finland<br \/>\n8. M\u00e4kitalo Kari, LUKE<br \/>\n9. Ronkainen Tiina, Lapin kauppakamari<br \/>\n10. Saariniemi Jarmo, Lappia<br \/>\n11. Vallivaara Johannes, ProAgria<\/p>\n<p>Ohjausryhm\u00e4n rahoittajan edustajana oli rahoitusasiantuntija Paula Alho, ELY-keskus. Ohjausryhm\u00e4n sihteerin\u00e4 toimi projektip\u00e4\u00e4llikk\u00f6 Eija Raasakka.<\/p>\n<p>Ohjausryhm\u00e4n vakituisia asiantuntijaj\u00e4seni\u00e4 olivat Lapin korkeakoulukonsernin (LUC) TKI-yksik\u00f6n palvelup\u00e4\u00e4llikk\u00f6 Riitta Alaj\u00e4rvi-Kauppi sek\u00e4 muiden Lapin kv-toimintaa kehitt\u00e4vien Arctic Smartness -hankkeiden p\u00e4\u00e4llik\u00f6t Eeva Erkinjuntti (<span class=\"aCOpRe\">\u00c4lyk\u00e4s ja kansainv\u00e4listyv\u00e4 Lappi)<\/span>, Milla Hirvaskari (Arctic Smart Growth) ja Paula Kassinen (Arctic Smartness RDI Excellence).<\/p>\n","protected":false},"excerpt":{"rendered":"<p>Ohjausryhm\u00e4n varsinaiset j\u00e4senet olivat: 1. Heikka Kimmo, Digipolis; 2. Hyry-Honka Outi, Lapin AMK (pj.), 1.1.2022 l\u00e4htien Marika Kunnari, Lapin AMK (pj) 3. Kontiokoski P\u00e4ivi, REDU 4. Koskela Jaana, Lapin liitto; [&hellip;]<\/p>\n","protected":false},"author":1613,"featured_media":0,"parent":0,"menu_order":0,"comment_status":"closed","ping_status":"closed","template":"","meta":{"footnotes":""},"class_list":["post-255","page","type-page","status-publish","hentry"],"_links":{"self":[{"href":"https:\/\/blogi.eoppimispalvelut.fi\/kvprojektiosaaminen\/wp-json\/wp\/v2\/pages\/255","targetHints":{"allow":["GET"]}}],"collection":[{"href":"https:\/\/blogi.eoppimispalvelut.fi\/kvprojektiosaaminen\/wp-json\/wp\/v2\/pages"}],"about":[{"href":"https:\/\/blogi.eoppimispalvelut.fi\/kvprojektiosaaminen\/wp-json\/wp\/v2\/types\/page"}],"author":[{"embeddable":true,"href":"https:\/\/blogi.eoppimispalvelut.fi\/kvprojektiosaaminen\/wp-json\/wp\/v2\/users\/1613"}],"replies":[{"embeddable":true,"href":"https:\/\/blogi.eoppimispalvelut.fi\/kvprojektiosaaminen\/wp-json\/wp\/v2\/comments?post=255"}],"version-history":[{"count":21,"href":"https:\/\/blogi.eoppimispalvelut.fi\/kvprojektiosaaminen\/wp-json\/wp\/v2\/pages\/255\/revisions"}],"predecessor-version":[{"id":1389,"href":"https:\/\/blogi.eoppimispalvelut.fi\/kvprojektiosaaminen\/wp-json\/wp\/v2\/pages\/255\/revisions\/1389"}],"wp:attachment":[{"href":"https:\/\/blogi.eoppimispalvelut.fi\/kvprojektiosaaminen\/wp-json\/wp\/v2\/media?parent=255"}],"curies":[{"name":"wp","href":"https:\/\/api.w.org\/{rel}","templated":true}]}}