{"id":258,"date":"2020-10-06T08:20:44","date_gmt":"2020-10-06T05:20:44","guid":{"rendered":"https:\/\/blogi.eoppimispalvelut.fi\/kvprojektiosaaminen\/?page_id=258"},"modified":"2022-12-07T10:49:53","modified_gmt":"2022-12-07T08:49:53","slug":"matkat","status":"publish","type":"page","link":"https:\/\/blogi.eoppimispalvelut.fi\/kvprojektiosaaminen\/matkat\/","title":{"rendered":"Verkostoituminen"},"content":{"rendered":"<p>Verkostoitumisen tavoitteena oli toimijoiden yhteisty\u00f6n tiivist\u00e4minen, kv-kumppanuuksien vahvistaminen ja klusteritoiminnan edist\u00e4minen etenkin kasvu- ja rakennemuutosaloilla.<\/p>\n<p>KATOS-hanke j\u00e4rjesti yhteisty\u00f6ss\u00e4 Interreg Aurora ja Interreg Northern Periphery and Arctic -rahoitusohjelmien kanssa my\u00f6s oman matchmaking -tapahtuman Rovaniemell\u00e4 16. &#8211; 17.11.2022.<\/p>\n<p>Covid-19 tilanteesta johtuen opinto- ja benchmarkmatkat toteutuivat ainoastaan vuonna 2022.<\/p>\n","protected":false},"excerpt":{"rendered":"<p>Verkostoitumisen tavoitteena oli toimijoiden yhteisty\u00f6n tiivist\u00e4minen, kv-kumppanuuksien vahvistaminen ja klusteritoiminnan edist\u00e4minen etenkin kasvu- ja rakennemuutosaloilla. KATOS-hanke j\u00e4rjesti yhteisty\u00f6ss\u00e4 Interreg Aurora ja Interreg Northern Periphery and Arctic -rahoitusohjelmien kanssa my\u00f6s oman [&hellip;]<\/p>\n","protected":false},"author":1613,"featured_media":0,"parent":0,"menu_order":0,"comment_status":"closed","ping_status":"closed","template":"","meta":{"footnotes":""},"class_list":["post-258","page","type-page","status-publish","hentry"],"_links":{"self":[{"href":"https:\/\/blogi.eoppimispalvelut.fi\/kvprojektiosaaminen\/wp-json\/wp\/v2\/pages\/258","targetHints":{"allow":["GET"]}}],"collection":[{"href":"https:\/\/blogi.eoppimispalvelut.fi\/kvprojektiosaaminen\/wp-json\/wp\/v2\/pages"}],"about":[{"href":"https:\/\/blogi.eoppimispalvelut.fi\/kvprojektiosaaminen\/wp-json\/wp\/v2\/types\/page"}],"author":[{"embeddable":true,"href":"https:\/\/blogi.eoppimispalvelut.fi\/kvprojektiosaaminen\/wp-json\/wp\/v2\/users\/1613"}],"replies":[{"embeddable":true,"href":"https:\/\/blogi.eoppimispalvelut.fi\/kvprojektiosaaminen\/wp-json\/wp\/v2\/comments?post=258"}],"version-history":[{"count":7,"href":"https:\/\/blogi.eoppimispalvelut.fi\/kvprojektiosaaminen\/wp-json\/wp\/v2\/pages\/258\/revisions"}],"predecessor-version":[{"id":1395,"href":"https:\/\/blogi.eoppimispalvelut.fi\/kvprojektiosaaminen\/wp-json\/wp\/v2\/pages\/258\/revisions\/1395"}],"wp:attachment":[{"href":"https:\/\/blogi.eoppimispalvelut.fi\/kvprojektiosaaminen\/wp-json\/wp\/v2\/media?parent=258"}],"curies":[{"name":"wp","href":"https:\/\/api.w.org\/{rel}","templated":true}]}}