{"id":285,"date":"2020-10-06T08:26:27","date_gmt":"2020-10-06T05:26:27","guid":{"rendered":"https:\/\/blogi.eoppimispalvelut.fi\/kvprojektiosaaminen\/?page_id=285"},"modified":"2021-01-07T12:48:33","modified_gmt":"2021-01-07T10:48:33","slug":"osaamiskysely","status":"publish","type":"page","link":"https:\/\/blogi.eoppimispalvelut.fi\/kvprojektiosaaminen\/osaamiskysely\/","title":{"rendered":"Osaamiskysely"},"content":{"rendered":"<p>Tietoja on ker\u00e4tty osaamiskyselyll\u00e4, joka l\u00e4hetettiin toukokuussa 2020 laajalle kohderyhm\u00e4lle Lappiin. Vastauksia saatiin 96 kpl oppilaitoksilta, korkeakouluilta, tutkimuslaitoksilta, kehitt\u00e4misorganisaatioilta, kunnilta, viranomaisilta, rahoittajilta, kuntaliitoilta, sairaanhoitopiirilt\u00e4 ja yrityksilt\u00e4.<\/p>\n<p><a href=\"https:\/\/blogi.eoppimispalvelut.fi\/kvprojektiosaaminen\/files\/2021\/01\/KATOS-osaamis-ja-tarvekyselyn-tulokset.pdf\">Osaamiskyselyn tuloksia<\/a><\/p>\n<p>&nbsp;<\/p>\n","protected":false},"excerpt":{"rendered":"<p>Tietoja on ker\u00e4tty osaamiskyselyll\u00e4, joka l\u00e4hetettiin toukokuussa 2020 laajalle kohderyhm\u00e4lle Lappiin. Vastauksia saatiin 96 kpl oppilaitoksilta, korkeakouluilta, tutkimuslaitoksilta, kehitt\u00e4misorganisaatioilta, kunnilta, viranomaisilta, rahoittajilta, kuntaliitoilta, sairaanhoitopiirilt\u00e4 ja yrityksilt\u00e4. Osaamiskyselyn tuloksia &nbsp;<\/p>\n","protected":false},"author":1613,"featured_media":0,"parent":0,"menu_order":0,"comment_status":"closed","ping_status":"closed","template":"","meta":{"footnotes":""},"class_list":["post-285","page","type-page","status-publish","hentry"],"_links":{"self":[{"href":"https:\/\/blogi.eoppimispalvelut.fi\/kvprojektiosaaminen\/wp-json\/wp\/v2\/pages\/285","targetHints":{"allow":["GET"]}}],"collection":[{"href":"https:\/\/blogi.eoppimispalvelut.fi\/kvprojektiosaaminen\/wp-json\/wp\/v2\/pages"}],"about":[{"href":"https:\/\/blogi.eoppimispalvelut.fi\/kvprojektiosaaminen\/wp-json\/wp\/v2\/types\/page"}],"author":[{"embeddable":true,"href":"https:\/\/blogi.eoppimispalvelut.fi\/kvprojektiosaaminen\/wp-json\/wp\/v2\/users\/1613"}],"replies":[{"embeddable":true,"href":"https:\/\/blogi.eoppimispalvelut.fi\/kvprojektiosaaminen\/wp-json\/wp\/v2\/comments?post=285"}],"version-history":[{"count":8,"href":"https:\/\/blogi.eoppimispalvelut.fi\/kvprojektiosaaminen\/wp-json\/wp\/v2\/pages\/285\/revisions"}],"predecessor-version":[{"id":491,"href":"https:\/\/blogi.eoppimispalvelut.fi\/kvprojektiosaaminen\/wp-json\/wp\/v2\/pages\/285\/revisions\/491"}],"wp:attachment":[{"href":"https:\/\/blogi.eoppimispalvelut.fi\/kvprojektiosaaminen\/wp-json\/wp\/v2\/media?parent=285"}],"curies":[{"name":"wp","href":"https:\/\/api.w.org\/{rel}","templated":true}]}}