{"id":288,"date":"2020-10-06T08:26:57","date_gmt":"2020-10-06T05:26:57","guid":{"rendered":"https:\/\/blogi.eoppimispalvelut.fi\/kvprojektiosaaminen\/?page_id=288"},"modified":"2021-09-06T07:11:20","modified_gmt":"2021-09-06T04:11:20","slug":"osaamisportfolio","status":"publish","type":"page","link":"https:\/\/blogi.eoppimispalvelut.fi\/kvprojektiosaaminen\/osaamisportfolio\/","title":{"rendered":"Osaamisportfolio ja toimijakuvaus"},"content":{"rendered":"<p>Lapin kansainv\u00e4lisen TKI-osaamisen osaamisportfoliossa (toimijakuvauksessa) kuvataan organisaatioiden TKI-hankeosaamisen erityiset vahvuudet sek\u00e4 oleelliset lis\u00e4tietolinkit ja yhteystiedot.<\/p>\n<p>Tietoja on ker\u00e4tty mm. <a href=\"https:\/\/blogi.eoppimispalvelut.fi\/kvprojektiosaaminen\/osaamiskysely\/\">osaamiskyselyll\u00e4<\/a>, joka l\u00e4hetettiin toukokuussa 2020 laajalle kohderyhm\u00e4lle Lappiin. Vastauksia saatiin 96 kpl oppilaitoksilta, korkeakouluilta, tutkimuslaitoksilta, kehitt\u00e4misorganisaatioilta, kunnilta, viranomaisilta, rahoittajilta, kuntaliitoilta, sairaanhoitopiirilt\u00e4 ja yrityksilt\u00e4.<\/p>\n","protected":false},"excerpt":{"rendered":"<p>Lapin kansainv\u00e4lisen TKI-osaamisen osaamisportfoliossa (toimijakuvauksessa) kuvataan organisaatioiden TKI-hankeosaamisen erityiset vahvuudet sek\u00e4 oleelliset lis\u00e4tietolinkit ja yhteystiedot. Tietoja on ker\u00e4tty mm. osaamiskyselyll\u00e4, joka l\u00e4hetettiin toukokuussa 2020 laajalle kohderyhm\u00e4lle Lappiin. Vastauksia saatiin 96 [&hellip;]<\/p>\n","protected":false},"author":1613,"featured_media":0,"parent":0,"menu_order":0,"comment_status":"closed","ping_status":"closed","template":"","meta":{"footnotes":""},"class_list":["post-288","page","type-page","status-publish","hentry"],"_links":{"self":[{"href":"https:\/\/blogi.eoppimispalvelut.fi\/kvprojektiosaaminen\/wp-json\/wp\/v2\/pages\/288","targetHints":{"allow":["GET"]}}],"collection":[{"href":"https:\/\/blogi.eoppimispalvelut.fi\/kvprojektiosaaminen\/wp-json\/wp\/v2\/pages"}],"about":[{"href":"https:\/\/blogi.eoppimispalvelut.fi\/kvprojektiosaaminen\/wp-json\/wp\/v2\/types\/page"}],"author":[{"embeddable":true,"href":"https:\/\/blogi.eoppimispalvelut.fi\/kvprojektiosaaminen\/wp-json\/wp\/v2\/users\/1613"}],"replies":[{"embeddable":true,"href":"https:\/\/blogi.eoppimispalvelut.fi\/kvprojektiosaaminen\/wp-json\/wp\/v2\/comments?post=288"}],"version-history":[{"count":18,"href":"https:\/\/blogi.eoppimispalvelut.fi\/kvprojektiosaaminen\/wp-json\/wp\/v2\/pages\/288\/revisions"}],"predecessor-version":[{"id":810,"href":"https:\/\/blogi.eoppimispalvelut.fi\/kvprojektiosaaminen\/wp-json\/wp\/v2\/pages\/288\/revisions\/810"}],"wp:attachment":[{"href":"https:\/\/blogi.eoppimispalvelut.fi\/kvprojektiosaaminen\/wp-json\/wp\/v2\/media?parent=288"}],"curies":[{"name":"wp","href":"https:\/\/api.w.org\/{rel}","templated":true}]}}