{"id":300,"date":"2020-10-06T08:28:36","date_gmt":"2020-10-06T05:28:36","guid":{"rendered":"https:\/\/blogi.eoppimispalvelut.fi\/kvprojektiosaaminen\/?page_id=300"},"modified":"2022-12-07T10:16:30","modified_gmt":"2022-12-07T08:16:30","slug":"pilottikoulutus","status":"publish","type":"page","link":"https:\/\/blogi.eoppimispalvelut.fi\/kvprojektiosaaminen\/pilottikoulutus\/","title":{"rendered":"Pilottikoulutus"},"content":{"rendered":"<p><span data-contrast=\"auto\">KATOS-hankkeen keskeisen\u00e4 tuloksena oli kansainv\u00e4lisen<\/span><span data-contrast=\"auto\"> EU-<\/span><span data-contrast=\"auto\">projektiosaamisen koulutuskokonaisuus (15 op), jota pilotoitiin vuoden 2021 aikana. Koulutus antoi perustiedot kansainv\u00e4lisist\u00e4 <\/span><span data-contrast=\"auto\">EU-<\/span><span data-contrast=\"auto\">projektirahoituksista ja syvensi osaamista kansainv\u00e4lisen rahoituksen mahdollisuuksista, hakemisesta ja <\/span><span data-contrast=\"auto\">kv<\/span><span data-contrast=\"auto\">-projektien toteuttamisesta. <\/span><span data-ccp-props=\"{&quot;201341983&quot;:0,&quot;335559739&quot;:160,&quot;335559740&quot;:259}\">\u00a0<\/span><\/p>\n<p><span data-contrast=\"auto\">Haku koulutukseen oli <\/span><span data-contrast=\"auto\">avoinna 27.11\u201314.12.2020 ja hakemuksia tuli 54 kpl<\/span><span data-contrast=\"auto\">.\u00a0<\/span><\/p>\n<p>Koulutus oli suunnattu seudullisissa yrityspalveluissa ty\u00f6skenteleville, aluekehitt\u00e4misorganisaatioissa ty\u00f6skenteleville, kuntien henkil\u00f6st\u00f6lle, yrityksille ja niiden henkil\u00f6st\u00f6lle, viranomaisille sek\u00e4 oppilaitoksissa ja kehitt\u00e4misorganisaatioissa ty\u00f6skenteleville.<\/p>\n<p>Hakijan eduksi katsottiin kokemus kansallisista projekteista, mutta kokemusta kansainv\u00e4lisist\u00e4 projekteista ei tarvinnut olla. Valintakriteereiss\u00e4 painotettiin hakijan\u202fsitoutumista koulutukseen ja\u202fmahdollisuutta hy\u00f6dynt\u00e4\u00e4 koulutusta\u202fomassa ty\u00f6ss\u00e4\u00e4n.\u202fHakijoiden keskuudesta\u202fpyrittiin\u202fvalitsemaan\u202fmahdollisimman laaja-alainen ja monipuolinen opiskelijaryhm\u00e4.<\/p>\n<p><strong>Opiskelijavalinnat tehtiin 8.1.2021. Koulutuksen aloitti 33 opiskelijaa.<br \/>\n<\/strong><\/p>\n<hr \/>\n<p><strong>Ty\u00f6el\u00e4m\u00e4ss\u00e4 hankitun projektiosaamisen tunnistamis- ja tunnustamisprosessi<\/strong>\u00a0<strong>(AHOT)<\/strong><\/p>\n<p>Pilottikoulutuksessa oli mahdollista tunnistaa jo olemassa olevaa projektiosaamista ty\u00f6el\u00e4m\u00e4l\u00e4ht\u00f6isen AHOT-prosessin kautta. Koulutuksen viiden opintopisteen kokonaisuus tai yksitt\u00e4isi\u00e4 opintojaksoja 5 op:n kokonaisuudesta oli mahdollista saada hyv\u00e4ksiluettua.<\/p>\n<p>Mik\u00e4li hakija toivoi, ett\u00e4 h\u00e4nen olemassa oleva projektiosaamisensa k\u00e4yd\u00e4\u00e4n l\u00e4pi (AHOT-prosessi), tuli se ilmoittaa ilmoittautumislomakkeessa sille erikseen merkityss\u00e4 kohdassa.<\/p>\n<p>Koulutukseen valituille\u00a0 l\u00e4hetettiin valintailmoituksen yhteydess\u00e4 aiemman hankitun osaamisen tunnistamiseen liittyv\u00e4 menettelyohjeistus. AHOT-prosessi toteutettiin viikoilla 2\u20135\/2021.<\/p>\n<p><img loading=\"lazy\" decoding=\"async\" class=\"alignnone  wp-image-1356\" src=\"https:\/\/blogi.eoppimispalvelut.fi\/kvprojektiosaaminen\/files\/2022\/12\/KATOS-AHOT-prosessi-600x450.jpg\" alt=\"\" width=\"826\" height=\"619\" srcset=\"https:\/\/blogi.eoppimispalvelut.fi\/kvprojektiosaaminen\/files\/2022\/12\/KATOS-AHOT-prosessi-600x450.jpg 600w, https:\/\/blogi.eoppimispalvelut.fi\/kvprojektiosaaminen\/files\/2022\/12\/KATOS-AHOT-prosessi-768x576.jpg 768w, https:\/\/blogi.eoppimispalvelut.fi\/kvprojektiosaaminen\/files\/2022\/12\/KATOS-AHOT-prosessi-400x300.jpg 400w, https:\/\/blogi.eoppimispalvelut.fi\/kvprojektiosaaminen\/files\/2022\/12\/KATOS-AHOT-prosessi.jpg 1024w\" sizes=\"auto, (max-width: 826px) 100vw, 826px\" \/><\/p>\n<h2>Koulutuskokonaisuus muodostui moduuleista:<\/h2>\n<p><span class=\"TextRun SCXW189685958 BCX0\" lang=\"FI-FI\" xml:lang=\"FI-FI\" data-contrast=\"auto\"><span class=\"NormalTextRun SCXW189685958 BCX0\"><strong>Perusopinnot 5 op<\/strong><br \/>\n<\/span><\/span><\/p>\n<p>Osaamistavoitteet: Perusopinnot suoritettuasi ymm\u00e4rr\u00e4t, mist\u00e4 kansallinen ja kansainv\u00e4linen hankerahoitus koostuu. Osaat tunnistaa yleisimm\u00e4t EU-rahoitusohjelmat ja tied\u00e4t periaatteet, miten ja mihin n\u00e4it\u00e4 rahoitusohjelmia voit hy\u00f6dynt\u00e4\u00e4. Ymm\u00e4rr\u00e4t hankesuunnittelun vaiheet ja omaat perustiet\u00e4myksen hankesuunnitelman rakentamisesta sek\u00e4 osaat hy\u00f6dynt\u00e4\u00e4 siihen liittyvi\u00e4 hankesuunnittelun perusty\u00f6kaluja.<\/p>\n<ol>\n<li><span class=\"TextRun SCXW211929567 BCX0\" lang=\"FI-FI\" xml:lang=\"FI-FI\" data-contrast=\"auto\"><span class=\"NormalTextRun SCXW211929567 BCX0\">Osaamisen kartoittaminen ja tunnistaminen (AHOT)<\/span><\/span><\/li>\n<li><span class=\"TextRun SCXW107984804 BCX0\" lang=\"FI-FI\" xml:lang=\"FI-FI\" data-contrast=\"auto\"><span class=\"NormalTextRun SCXW107984804 BCX0\">Rahoitusohjelmaosaaminen<\/span><\/span><span class=\"EOP SCXW107984804 BCX0\" data-ccp-props=\"{&quot;201341983&quot;:0,&quot;335559740&quot;:259}\"> (1 op)<\/span><\/li>\n<li><span class=\"TextRun SCXW211193825 BCX0\" lang=\"FI-FI\" xml:lang=\"FI-FI\" data-contrast=\"auto\"><span class=\"NormalTextRun SCXW211193825 BCX0\">Projektisuunnittelun perusteet<\/span><\/span><span class=\"EOP SCXW211193825 BCX0\" data-ccp-props=\"{&quot;201341983&quot;:0,&quot;335559740&quot;:259}\"> (2 op)<\/span><\/li>\n<li>Projektisuunnittelun ty\u00f6kalut (2 op)<\/li>\n<\/ol>\n<p><strong><span class=\"TextRun SCXW119419981 BCX0\" lang=\"FI-FI\" xml:lang=\"FI-FI\" data-contrast=\"auto\"><span class=\"NormalTextRun SCXW119419981 BCX0\">Syvent\u00e4v\u00e4t opinnot 10 op<\/span><\/span><span class=\"EOP SCXW119419981 BCX0\" data-ccp-props=\"{&quot;201341983&quot;:0,&quot;335559739&quot;:160,&quot;335559740&quot;:259}\">\u00a0<\/span><\/strong><\/p>\n<p>Osaamistavoitteet: Syvent\u00e4v\u00e4t opinnot suoritettuasi tunnistat kansainv\u00e4listen tutkimus- ja rahoitusohjelmien sis\u00e4ll\u00f6t ja saat valmiuksia hy\u00f6dynt\u00e4\u00e4 niit\u00e4 eri kv-rahoitushauissa. Hallitset projektisuunnittelun vaiheet ja osaat my\u00f6s sparrata toisia toimijoita projektisuunnitelman rakentamiseen. Tied\u00e4t, miten kansainv\u00e4lisiss\u00e4 verkostoissa toimitaan (hyv\u00e4t k\u00e4yt\u00e4nn\u00f6t), miten hankkeita toteutetaan ja miten hankkeissa tuotettua tietoa levitet\u00e4\u00e4n kansainv\u00e4lisesti ja laadukkaasti eri kanavia hy\u00f6dynt\u00e4en. Syvent\u00e4vien opintojen aikana tuotat ohjatusti oman kansainv\u00e4lisen hankesuunnitelman omaan organisaatioosi.<\/p>\n<ol>\n<li><span class=\"TextRun SCXW232306824 BCX0\" lang=\"FI-FI\" xml:lang=\"FI-FI\" data-contrast=\"auto\"><span class=\"NormalTextRun SpellingErrorV2 SCXW232306824 BCX0\">Kv<\/span><\/span><span class=\"TextRun SCXW232306824 BCX0\" lang=\"FI-FI\" xml:lang=\"FI-FI\" data-contrast=\"auto\"><span class=\"NormalTextRun SCXW232306824 BCX0\">-tutkimus- ja rahoitusohjelmien osaaminen<\/span><\/span><span class=\"EOP SCXW232306824 BCX0\" data-ccp-props=\"{&quot;201341983&quot;:0,&quot;335559740&quot;:259}\"> (1 op)<\/span><\/li>\n<li><span class=\"TextRun SCXW76160835 BCX0\" lang=\"FI-FI\" xml:lang=\"FI-FI\" data-contrast=\"auto\"><span class=\"NormalTextRun SpellingErrorV2 SpellingErrorHighlight SCXW76160835 BCX0\">Kv<\/span><\/span><span class=\"TextRun SCXW76160835 BCX0\" lang=\"FI-FI\" xml:lang=\"FI-FI\" data-contrast=\"auto\"><span class=\"NormalTextRun SCXW76160835 BCX0\">-verkosto- ja kulttuuriosaaminen<\/span><\/span><span class=\"EOP SCXW76160835 BCX0\" data-ccp-props=\"{&quot;201341983&quot;:0,&quot;335559740&quot;:259}\"> (2 op)<\/span><\/li>\n<li><span class=\"TextRun BCX0 SCXW158153172\" lang=\"FI-FI\" xml:lang=\"FI-FI\" data-contrast=\"auto\"><span class=\"NormalTextRun BCX0 SCXW158153172\">Kv-projektisuunnitteluosaaminen<\/span><\/span><span class=\"TextRun BCX0 SCXW158153172\" lang=\"FI-FI\" xml:lang=\"FI-FI\" data-contrast=\"auto\"><span class=\"NormalTextRun BCX0 SCXW158153172\">\u00a0<\/span><\/span><span class=\"TextRun BCX0 SCXW158153172\" lang=\"FI-FI\" xml:lang=\"FI-FI\" data-contrast=\"none\"><span class=\"NormalTextRun BCX0 SCXW158153172\">k\u00e4yt\u00e4nt\u00f6\u00f6n (3 op)<\/span><\/span><\/li>\n<li><span class=\"TextRun SCXW89498789 BCX0\" lang=\"FI-FI\" xml:lang=\"FI-FI\" data-contrast=\"auto\"><span class=\"NormalTextRun SpellingErrorV2 SCXW89498789 BCX0\">Kv<\/span><\/span><span class=\"TextRun SCXW89498789 BCX0\" lang=\"FI-FI\" xml:lang=\"FI-FI\" data-contrast=\"auto\"><span class=\"NormalTextRun SCXW89498789 BCX0\">-projektin toteuttaminen ja arviointi, t<\/span><\/span><span class=\"TextRun SCXW89498789 BCX0\" lang=\"FI-FI\" xml:lang=\"FI-FI\" data-contrast=\"auto\"><span class=\"NormalTextRun SCXW89498789 BCX0\">iedonlevitt\u00e4minen ja julkaisut<\/span><\/span><span class=\"EOP SCXW89498789 BCX0\" data-ccp-props=\"{&quot;201341983&quot;:0,&quot;335559740&quot;:259}\"> (2 op)<\/span><\/li>\n<li><span class=\"TextRun SCXW140535153 BCX0\" lang=\"FI-FI\" xml:lang=\"FI-FI\" data-contrast=\"auto\"><span class=\"TextRun SCXW140535153 BCX0\" lang=\"FI-FI\" xml:lang=\"FI-FI\" data-contrast=\"auto\"><span class=\"TextRun SCXW140535153 BCX0\" lang=\"FI-FI\" xml:lang=\"FI-FI\" data-contrast=\"auto\"><span class=\"NormalTextRun SCXW140535153 BCX0\">Osaamisen n\u00e4ytt\u00f6, kehitt\u00e4misteht\u00e4v\u00e4 (2 op)<\/span><\/span><\/span><\/span><\/li>\n<\/ol>\n<p>Yhteyshenkil\u00f6t:<br \/>\nKatri Kuusela, koulutusp\u00e4\u00e4llikk\u00f6\/Lapin yliopisto, p. 040 5161054<br \/>\nInga Koskitalo, suunnittelija\/Lapin yliopisto p. 040 6598049<br \/>\ns\u00e4hk\u00f6postit muotoa: etunimi.sukunimi@ulapland.fi<\/p>\n","protected":false},"excerpt":{"rendered":"<p>KATOS-hankkeen keskeisen\u00e4 tuloksena oli kansainv\u00e4lisen EU-projektiosaamisen koulutuskokonaisuus (15 op), jota pilotoitiin vuoden 2021 aikana. Koulutus antoi perustiedot kansainv\u00e4lisist\u00e4 EU-projektirahoituksista ja syvensi osaamista kansainv\u00e4lisen rahoituksen mahdollisuuksista, hakemisesta ja kv-projektien toteuttamisesta. \u00a0 [&hellip;]<\/p>\n","protected":false},"author":1613,"featured_media":0,"parent":0,"menu_order":0,"comment_status":"closed","ping_status":"closed","template":"","meta":{"footnotes":""},"class_list":["post-300","page","type-page","status-publish","hentry"],"_links":{"self":[{"href":"https:\/\/blogi.eoppimispalvelut.fi\/kvprojektiosaaminen\/wp-json\/wp\/v2\/pages\/300","targetHints":{"allow":["GET"]}}],"collection":[{"href":"https:\/\/blogi.eoppimispalvelut.fi\/kvprojektiosaaminen\/wp-json\/wp\/v2\/pages"}],"about":[{"href":"https:\/\/blogi.eoppimispalvelut.fi\/kvprojektiosaaminen\/wp-json\/wp\/v2\/types\/page"}],"author":[{"embeddable":true,"href":"https:\/\/blogi.eoppimispalvelut.fi\/kvprojektiosaaminen\/wp-json\/wp\/v2\/users\/1613"}],"replies":[{"embeddable":true,"href":"https:\/\/blogi.eoppimispalvelut.fi\/kvprojektiosaaminen\/wp-json\/wp\/v2\/comments?post=300"}],"version-history":[{"count":21,"href":"https:\/\/blogi.eoppimispalvelut.fi\/kvprojektiosaaminen\/wp-json\/wp\/v2\/pages\/300\/revisions"}],"predecessor-version":[{"id":1373,"href":"https:\/\/blogi.eoppimispalvelut.fi\/kvprojektiosaaminen\/wp-json\/wp\/v2\/pages\/300\/revisions\/1373"}],"wp:attachment":[{"href":"https:\/\/blogi.eoppimispalvelut.fi\/kvprojektiosaaminen\/wp-json\/wp\/v2\/media?parent=300"}],"curies":[{"name":"wp","href":"https:\/\/api.w.org\/{rel}","templated":true}]}}