{"id":303,"date":"2020-10-06T08:29:03","date_gmt":"2020-10-06T05:29:03","guid":{"rendered":"https:\/\/blogi.eoppimispalvelut.fi\/kvprojektiosaaminen\/?page_id=303"},"modified":"2022-12-07T10:27:32","modified_gmt":"2022-12-07T08:27:32","slug":"mentorointi","status":"publish","type":"page","link":"https:\/\/blogi.eoppimispalvelut.fi\/kvprojektiosaaminen\/mentorointi\/","title":{"rendered":"Mentorointi"},"content":{"rendered":"<p>KATOS-hankkeessa perustettiin kv-hanketoiminnan mentorointiverkosto. Mentorointiverkosto koostuu pilottikoulutukseen osallistuneista sek\u00e4 muista alueen kv-hanketoiminnan asiantuntijoista. Verkoston tarkoituksena on jakaa kokemuksia, tarjota vertaistukea ja keskin\u00e4ist\u00e4 sparrausta kansainv\u00e4liseen hanketoimintaan Lapissa.<\/p>\n<p>Mentorointiverkosto jatkaa toimintaansa osana Arctic Smartness -toimintaa: <a href=\"https:\/\/www.linkedin.com\/groups\/8365927\/\">LinkedIn-ryhm\u00e4<\/a> ja kuukausittaiset aamukahvit. Mukaan ovat tervetulleita niin kv-hankekonkarit kuin niiden parissa vasta aloittelevat.<\/p>\n<p>Mentorointiverkoston kesken on mm. jaettu tietoa ja kokemuksia eri rahoitusl\u00e4hteiden projekteista:<\/p>\n<p><a href=\"https:\/\/blogi.eoppimispalvelut.fi\/kvprojektiosaaminen\/mentorointitapaaminen-21-2-2022\/\">ma 21.2.2022 Mentorointiverkoston tapaaminen, teemana Interreg<\/a><br \/>\n<a href=\"https:\/\/blogi.eoppimispalvelut.fi\/kvprojektiosaaminen\/mentorointitapaaminen-25-3-2022\/\">pe 25.3.2022 Mentorointiverkoston tapaaminen, teemana Erasmus+<\/a><br \/>\n<a href=\"https:\/\/blogi.eoppimispalvelut.fi\/kvprojektiosaaminen\/mentorointitapaaminen-29-4-horisontti-eurooppa\/\">pe 29.4.2022 Mentorointiverkoston tapaaminen, teemana Horisontti<\/a><br \/>\n<a href=\"https:\/\/blogi.eoppimispalvelut.fi\/kvprojektiosaaminen\/mentorointitapaaminen-25-5-2022-npa\/\">ke 25.5.2022 Mentorointiverkoston tapaaminen, teemana NPA<\/a><br \/>\n<a href=\"https:\/\/blogi.eoppimispalvelut.fi\/kvprojektiosaaminen\/mentorointitapaaminen-17-6-2022-valietappi\/\">pe 17.6.2022 Mentorointiverkoston tapaaminen, v\u00e4lietappi<\/a><\/p>\n","protected":false},"excerpt":{"rendered":"<p>KATOS-hankkeessa perustettiin kv-hanketoiminnan mentorointiverkosto. Mentorointiverkosto koostuu pilottikoulutukseen osallistuneista sek\u00e4 muista alueen kv-hanketoiminnan asiantuntijoista. Verkoston tarkoituksena on jakaa kokemuksia, tarjota vertaistukea ja keskin\u00e4ist\u00e4 sparrausta kansainv\u00e4liseen hanketoimintaan Lapissa. Mentorointiverkosto jatkaa toimintaansa osana [&hellip;]<\/p>\n","protected":false},"author":1613,"featured_media":0,"parent":0,"menu_order":0,"comment_status":"closed","ping_status":"closed","template":"","meta":{"footnotes":""},"class_list":["post-303","page","type-page","status-publish","hentry"],"_links":{"self":[{"href":"https:\/\/blogi.eoppimispalvelut.fi\/kvprojektiosaaminen\/wp-json\/wp\/v2\/pages\/303","targetHints":{"allow":["GET"]}}],"collection":[{"href":"https:\/\/blogi.eoppimispalvelut.fi\/kvprojektiosaaminen\/wp-json\/wp\/v2\/pages"}],"about":[{"href":"https:\/\/blogi.eoppimispalvelut.fi\/kvprojektiosaaminen\/wp-json\/wp\/v2\/types\/page"}],"author":[{"embeddable":true,"href":"https:\/\/blogi.eoppimispalvelut.fi\/kvprojektiosaaminen\/wp-json\/wp\/v2\/users\/1613"}],"replies":[{"embeddable":true,"href":"https:\/\/blogi.eoppimispalvelut.fi\/kvprojektiosaaminen\/wp-json\/wp\/v2\/comments?post=303"}],"version-history":[{"count":17,"href":"https:\/\/blogi.eoppimispalvelut.fi\/kvprojektiosaaminen\/wp-json\/wp\/v2\/pages\/303\/revisions"}],"predecessor-version":[{"id":1381,"href":"https:\/\/blogi.eoppimispalvelut.fi\/kvprojektiosaaminen\/wp-json\/wp\/v2\/pages\/303\/revisions\/1381"}],"wp:attachment":[{"href":"https:\/\/blogi.eoppimispalvelut.fi\/kvprojektiosaaminen\/wp-json\/wp\/v2\/media?parent=303"}],"curies":[{"name":"wp","href":"https:\/\/api.w.org\/{rel}","templated":true}]}}