{"id":306,"date":"2020-10-06T08:29:48","date_gmt":"2020-10-06T05:29:48","guid":{"rendered":"https:\/\/blogi.eoppimispalvelut.fi\/kvprojektiosaaminen\/?page_id=306"},"modified":"2023-06-30T18:27:54","modified_gmt":"2023-06-30T15:27:54","slug":"tyopajat","status":"publish","type":"page","link":"https:\/\/blogi.eoppimispalvelut.fi\/kvprojektiosaaminen\/tyopajat\/","title":{"rendered":"KATOS-webinaarit ja -ty\u00f6pajat"},"content":{"rendered":"<h3><strong>KATOS-webinaarit<\/strong><\/h3>\n<p>KATOS-hankkeessa j\u00e4rjestettiin vuoden 2021 aikana 18 asiantuntijawebinaaria, joihin kaikki Lapissa ty\u00f6skentelev\u00e4t pystyiv\u00e4t osallistumaan maksutta. Webinaareihin ilmoittauduttiin etuk\u00e4teen, ilmoittautuneille l\u00e4hettiin webinaarin j\u00e4lkeen materiaalit ja webinaaritallenteen k\u00e4ytt\u00f6\u00f6n kahdeksi viikoksi. Jokaisesta webinaarista ker\u00e4ttiin kirjallista palautetta, joka oli arvokas lis\u00e4 opintojen ja <a href=\"https:\/\/blogi.eoppimispalvelut.fi\/kvprojektiosaaminen\/handbook\/\">materiaalien jatkokehitt\u00e4mist\u00e4<\/a> varten.<\/p>\n<p>Kev\u00e4ttalvella 2021 j\u00e4rjestetyt webinaarit olivat johdatusta rahoitusohjelmien ja hankesuunnittelun perusteisiin. Ne soveltuivat hyvin projektitoimintaa aloitteleville:<\/p>\n<p><strong>17.2.2021 klo 14\u201316 Teams, Rahoitusohjelmien perusteet, 1 osa<\/strong>: mik\u00e4 on ulkopuolisella rahoituksella toteutettava hanke, miten EU-j\u00e4senmaksut kotiutuvat Lappiin, alueellisten EU-rahoitusten jako ja tavoitteiden esittely.<br \/>\n<a href=\"https:\/\/blogi.eoppimispalvelut.fi\/kvprojektiosaaminen\/files\/2023\/06\/Rahoitusohjelmaosaamisen-perusteet-webinaarien-aikataulu-ja-ohjelma.pdf\">Webinaarin ohjelma.\u00a0<\/a><br \/>\n<a href=\"https:\/\/blogi.eoppimispalvelut.fi\/kvprojektiosaaminen\/files\/2023\/06\/17.2.201-Harri-Malinen-2.pdf\">Mik\u00e4 on EU-hanke?<\/a> eritysasiantuntija Harri Malinen, Lapin yliopisto<br \/>\n<a href=\"https:\/\/blogi.eoppimispalvelut.fi\/kvprojektiosaaminen\/files\/2023\/06\/Ita-ja-Pohjois-Suomen-EU-toimiston-puheenvuoro.pdf\">Mit\u00e4 on Euroopan Unionin rahoitus?<\/a> johtaja Kari Aalto ja erityisasiantuntija Jenna Huhtanen, It\u00e4- ja Pohjois-Suomen EU-toimisto<br \/>\n<a href=\"https:\/\/blogi.eoppimispalvelut.fi\/kvprojektiosaaminen\/files\/2023\/06\/Paivi-Ekdahlin-materiaali-2.pdf\">Mik\u00e4 rooli aluehallintoviranomaisella on EU:n rahanjaossa?<\/a> kehitt\u00e4misjohtaja P\u00e4ivi Ekdahl, Lapin liitto<\/p>\n<p><strong>24.2.2021 klo 14\u201316 Teams, Rahoitusohjelmien perusteet, 2 osa:<\/strong> partnerit ja verkostoituminen, maakunnallisen kv-yhteisty\u00f6verkoston rakenne, Leader-rahoitus, esimerkkej\u00e4 alueellisten ja kansallisten rahoitusohjelmien \u2013 ja instrumenttien hy\u00f6dynt\u00e4misest\u00e4 kehitt\u00e4mistarpeisiin.<br \/>\n<a href=\"https:\/\/blogi.eoppimispalvelut.fi\/kvprojektiosaaminen\/files\/2023\/06\/Rahoitusohjelmaosaamisen-perusteet-webinaarien-aikataulu-ja-ohjelma.pdf\">Webinaarin ohjelma<\/a><br \/>\n<a href=\"https:\/\/blogi.eoppimispalvelut.fi\/kvprojektiosaaminen\/files\/2023\/06\/Eila-Linna-Lapin-yliopisto-ja-Kaarina-Macklin-Lapin-liitto-3.pdf\">Kumppaneiden ja verkostoitumisen merkitys ja Lapin kansainv\u00e4listymisen yhteisty\u00f6verkosto,<\/a>\u00a0erityisasiantuntija Eila Linna Lapin yliopisto, konsernin TKI-tukipalvelut ja kansainv\u00e4listen asioiden suunnittelija Kaarina M\u00e4cklin, Lapin liitto<br \/>\n<a href=\"https:\/\/blogi.eoppimispalvelut.fi\/kvprojektiosaaminen\/files\/2023\/06\/Polvi-Ella-Noora-Leader_Lappi-1.pdf\">Mit\u00e4 on Leader-rahoitus?<\/a> toiminnanjohtaja Ella-Noora Polvi, Tunturi-Lapin Leader<br \/>\n<a href=\"https:\/\/blogi.eoppimispalvelut.fi\/kvprojektiosaaminen\/files\/2023\/06\/Veli-Matti-Hettula-Tunturi-Lapin-Leader-1.pdf\">Kokemuksia aluekehitt\u00e4misty\u00f6st\u00e4 ja rahoitusten hy\u00f6dynt\u00e4misest\u00e4<\/a>, toiminnanjohtaja Veli Matti Hettula, Tunturi-Lapin Kehitys<\/p>\n<p><strong>2.3.2021 klo 17\u201319 Teams, Projektisuunnittelun perusteet, 1<\/strong>. osa: projektijohtaminen ja suunnittelun johtaminen<br \/>\n<a href=\"https:\/\/blogi.eoppimispalvelut.fi\/kvprojektiosaaminen\/files\/2023\/06\/2.3.2021-Projektijohtaminen-ja-suunnittelun-johtaminen.pdf\">Webinaarin ohjelma<\/a><br \/>\n<a href=\"https:\/\/blogi.eoppimispalvelut.fi\/kvprojektiosaaminen\/files\/2023\/06\/2.3.2021-Projektijohtaminen-ja-suunnittelun-johtaminen_osa-1_Raasakka-Eija-1.pdf\">Projektin m\u00e4\u00e4rittely\u00e4 ja prosessi.<\/a> Eija Raasakka, projektip\u00e4\u00e4llikk\u00f6, Lapin ammattikorkeakoulu<br \/>\n<a href=\"https:\/\/blogi.eoppimispalvelut.fi\/kvprojektiosaaminen\/files\/2023\/06\/2.3.2021-Leading-a-project-projektin-johtaminen_Krastina-Anzelika-2.pdf\">Leading a project (projektin johtaminen), in English<\/a>. Anzelika Krastina, senior lecturer, International Business, International Project Management, Lapland University of Applied Sciences<br \/>\n<a href=\"https:\/\/blogi.eoppimispalvelut.fi\/kvprojektiosaaminen\/files\/2023\/06\/2.3.2021-Projektijohtaminen-ja-suunnittelun-johtaminen_osa-2_Raasakka-Eija-1.pdf\">Projektin suunnittelu. Projektin ideapaperi.<\/a> Eija Raasakka<br \/>\n<a href=\"https:\/\/blogi.eoppimispalvelut.fi\/kvprojektiosaaminen\/files\/2023\/06\/2.3.2021-Projektiriskien-hallinta_Pekka-Iivari.pdf\">Riskienhallinta projektitoiminnassa.<\/a> Pekka Iivari, yliopettaja, turvallisuusjohtaminen, Lapin ammattikorkeakoulu<\/p>\n<p><strong>16.3.2021 klo 17\u201319 Teams, Projektisuunnittelun perusteet, 2.<\/strong> osa: projektisykli k\u00e4yt\u00e4nn\u00f6n tasolla<br \/>\n<a href=\"https:\/\/blogi.eoppimispalvelut.fi\/kvprojektiosaaminen\/files\/2023\/06\/16.3.2021webinaarin-ohjelma-ja-aikataulu.pdf\">Webinaarin ohjelma<\/a><br \/>\n<a href=\"https:\/\/blogi.eoppimispalvelut.fi\/kvprojektiosaaminen\/files\/2023\/06\/16.3.2021-Projektisykli-kaytannon-tasolla_ER-3.pdf\">Projektisyklin vaiheet.<\/a> Eija Raasakka, projektip\u00e4\u00e4llikk\u00f6, Lapin ammattikorkeakoulu<br \/>\n<a href=\"https:\/\/blogi.eoppimispalvelut.fi\/kvprojektiosaaminen\/files\/2023\/06\/16.3.2021-A-practical-example-on-full-project-cycle-in-an-actual-EU-funded-project-_Krastina-1.pdf\">A practical example on full project cycle in an actual EU funded project (in English).<\/a> Anzelika Krastina, senior lecturer, International Business, International Project Management, Lapland University of Applied Sciences<\/p>\n<p><strong>23.3.2021 klo 17\u201319 Teams, Projektisuunnittelu perusteet, 3. osa:<\/strong> projektisuunnitelman sis\u00e4lt\u00f6<br \/>\n<a href=\"https:\/\/blogi.eoppimispalvelut.fi\/kvprojektiosaaminen\/files\/2023\/06\/23.3.2021-webinaarin-ohjelma-ja-aikataulu.pdf\">Webinaarin ohjelma\u00a0<\/a><br \/>\n<a href=\"https:\/\/blogi.eoppimispalvelut.fi\/kvprojektiosaaminen\/files\/2023\/06\/23.3.2021-Projektisuunnitelman-sisalto-1.pdf\"><span data-usefontface=\"false\" data-contrast=\"none\">Projektisuunnitelman sis\u00e4lt\u00f6.\u00a0<\/span><\/a><span data-usefontface=\"false\" data-contrast=\"none\"><br \/>\n<a href=\"https:\/\/blogi.eoppimispalvelut.fi\/kvprojektiosaaminen\/files\/2023\/06\/23.3.2021_Millainen-on-hyva-projektihakemus_Paula-Alho.pdf\">Millainen on hyv\u00e4 hankehakemus?<\/a> Paula Alho, rahoitusasiantuntija, Pohjois-Pohjanmaan ELY<br \/>\n<a href=\"https:\/\/blogi.eoppimispalvelut.fi\/kvprojektiosaaminen\/files\/2023\/06\/EURA2014_rahoittajan-ohjeita_2014-2020.pdf\">EURA2014 Rahoittajan ohjeita<\/a><br \/>\n<a href=\"https:\/\/blogi.eoppimispalvelut.fi\/kvprojektiosaaminen\/files\/2023\/06\/23.3.2021-Comparing-project-Plan-and-Application-_Krastina_1-1.pdf\">Comparison between project plan and project application.<\/a> Anzelika Krastina, senior lecturer, International Business, International Project Management, Lapland UAS<br \/>\n<\/span><\/p>\n<p><strong>30.3.2021 klo 17\u201319 Teams, Projektisuunnittelun perusteet, 4. osa:<\/strong> projektin viestint\u00e4 ja disseminaatio<br \/>\n<a href=\"https:\/\/blogi.eoppimispalvelut.fi\/kvprojektiosaaminen\/files\/2023\/06\/30.3.2021-webinaarin-ohjelma-ja-aikataulu.pdf\">Webinaarin ohjelma<\/a><br \/>\n<a href=\"https:\/\/blogi.eoppimispalvelut.fi\/kvprojektiosaaminen\/files\/2023\/06\/30.3.2021-Hankeviestinta_Kohllechner-Autto.pdf\">Projektiviestint\u00e4 ja disseminaatio.<\/a> Marlene Kohllehner-Autto, asiantuntija, LUC TKI-palvelut (LUC Lapland University Consortium, Lapin korkeakoulukonserni)<br \/>\n<a href=\"https:\/\/blogi.eoppimispalvelut.fi\/kvprojektiosaaminen\/files\/2023\/06\/30.3.2021_LappiLuxus-HANKE-ESITTELY_KATOS-webinaari-1.pdf\">Lappi luxus, viestint\u00e4\u00e4 yhdess\u00e4 hy\u00f6dynsaajayritysten kanssa.<\/a> Aini Ojala, projektip\u00e4\u00e4llikk\u00f6 REDU ja Mirva Tapaninen, projektip\u00e4\u00e4llikk\u00f6 Lapin AMK<br \/>\n<a href=\"https:\/\/blogi.eoppimispalvelut.fi\/kvprojektiosaaminen\/files\/2023\/06\/Vihreaa-viestintaa_Sipola_30.3.2021.pdf\">Vihre\u00e4\u00e4 viestint\u00e4\u00e4.<\/a> Reeta Sipola, projektip\u00e4\u00e4llikk\u00f6, Lapin AMK<br \/>\n<a href=\"https:\/\/blogi.eoppimispalvelut.fi\/kvprojektiosaaminen\/files\/2023\/06\/30.3.2021_AS-viestintaa_Sisko-Haikio.pdf\">Arctic Smartness \u2013 \u00c4lykk\u00e4\u00e4n erikoistumisen viestint\u00e4\u00e4.<\/a> Sisko H\u00e4iki\u00f6, viestinn\u00e4n lehtori, Lapin AMK<br \/>\n<a href=\"https:\/\/blogi.eoppimispalvelut.fi\/kvprojektiosaaminen\/files\/2023\/06\/30.3.2021_KATOS-webinaari_Rob-Patterson_Nutmegger-PR.pdf\">Social media as communication tool in project work (in English).<\/a> Rob Patterson, entrepreneur, Nutmegger PR<\/p>\n<p><strong>6.4.2021 klo 17\u201319 Teams, Projektisuunnittelun ty\u00f6kalut, 1. osa:<\/strong> ongelma-analyysi, sidosryhm\u00e4analyysi<br \/>\n<a href=\"https:\/\/blogi.eoppimispalvelut.fi\/kvprojektiosaaminen\/files\/2023\/06\/6.4.2021-webinaarin-ohjelma-ja-aikataulu.pdf\">Webinaarin ohjelma<\/a><br \/>\n<a href=\"https:\/\/blogi.eoppimispalvelut.fi\/kvprojektiosaaminen\/files\/2023\/06\/6.4.2021-Projektisuunnittelun-tyokalut_ongelma-analyysi_sidosryhmaanalyysi_ER-2.pdf\">Projektisuunnittelun ty\u00f6kalut: ongelma-analyysi, sidosryhm\u00e4analyysi<\/a>. Eija Raasakka, projektip\u00e4\u00e4llikk\u00f6, Lapin AMK.<br \/>\n<a href=\"https:\/\/blogi.eoppimispalvelut.fi\/kvprojektiosaaminen\/files\/2023\/06\/6.4.2021-Sidosryhmat-ja-sidosryhmaanalyysi-1.pdf\">Sidosryhm\u00e4t ja sidosryhm\u00e4analyysi.<\/a> Anita Narbro, projektip\u00e4\u00e4llikk\u00f6, Turun AMK<br \/>\n<a href=\"https:\/\/blogi.eoppimispalvelut.fi\/kvprojektiosaaminen\/files\/2023\/06\/6.4.2021-Problem-analysis-model_Krastina-2.pdf\">Problem analysis model, introduction to the workshop.<\/a> Anzelika Krastina, senior lecturer, Lapland UAS<\/p>\n<p><strong>13.4.2021 klo 17\u201319 Teams, Projektisuunnittelun ty\u00f6kalut, 2. osa:<\/strong> looginen viitekehys<br \/>\n<a href=\"https:\/\/blogi.eoppimispalvelut.fi\/kvprojektiosaaminen\/files\/2023\/06\/13.4.2021-webinaarin-ohjelma-ja-aikataulu.pdf\">Webinaarin ohjelma<\/a><br \/>\n<a href=\"https:\/\/blogi.eoppimispalvelut.fi\/kvprojektiosaaminen\/files\/2023\/06\/13.4.2021-GOPP-tyopaja-Janne-Hirvonen-1.pdf\">GOPP -ty\u00f6pajamenetelm\u00e4 Goal Oriented Project Planning (suomeksi).<\/a> Janne Hirvonen, projektikoordinaattori, Lapin AMK<br \/>\n<a href=\"https:\/\/blogi.eoppimispalvelut.fi\/kvprojektiosaaminen\/files\/2023\/06\/13.4.2021-From-Problem-tree-to-Objective-tree-and-Logical-framework-introduction-to-workshop-Krastina-5.pdf\">From Problem tree to Objective tree and Logical framework, introduction to workshop (in English).<\/a> Anzelika Krastina, senior lecturer, Lapland UAS<\/p>\n<p><strong>20.4.2021 klo 17\u201319 Teams, Projektisuunnittelun ty\u00f6kalut, 3. osa:<\/strong> ty\u00f6paketit ja aikataulu<br \/>\n<a href=\"https:\/\/blogi.eoppimispalvelut.fi\/kvprojektiosaaminen\/files\/2023\/06\/20.4.2021-webinaarin-ohjelma-ja-aikataulu.pdf\">Webinaarin ohjelma<\/a><br \/>\n<a href=\"https:\/\/blogi.eoppimispalvelut.fi\/kvprojektiosaaminen\/files\/2023\/06\/20.4.2021-From-objective-tree-to-logframe-and-work-packagesGANTT-Krastina.pdf\">From objective tree to logframe and work packages, including GANTT chart (in English).<\/a> Anzelika Krastina, senior lecturer, Lapland UAS<\/p>\n<p><strong>27.4.2021 klo 17\u201319 Teams, Projektisuunnittelun ty\u00f6kalut, 4. osa<\/strong>: budjetointi<br \/>\n<a href=\"https:\/\/blogi.eoppimispalvelut.fi\/kvprojektiosaaminen\/files\/2023\/06\/27.4.2021-webinaarin-ohjelma-ja-aikataulu.pdf\">Webinaarin ohjelma.<\/a><br \/>\n<a href=\"https:\/\/blogi.eoppimispalvelut.fi\/kvprojektiosaaminen\/files\/2023\/06\/27.4.2021-Hankebudjetointi-Alajarvi-Kauppi.pdf\">Projektien budjetointi.<\/a> Riitta Alaj\u00e4rvi-Kauppi, TKI-palvelup\u00e4\u00e4llikk\u00f6, LUC TKI -palvelut<br \/>\n<a href=\"https:\/\/blogi.eoppimispalvelut.fi\/kvprojektiosaaminen\/files\/2023\/06\/27.4.2021-Webinar-summary-_Krastina-1.pdf\">Summary of the webinars (in English).<\/a> Anzelika Krastina, senior lecturer, Lapland UAS<\/p>\n<p>Kes\u00e4ll\u00e4 ja syksyll\u00e4 2021 j\u00e4rjestetyt webinaarit keskittyiv\u00e4t kansainv\u00e4liseen (kv) rahoitukseen ja kv-hanketoimintaan, ja ne olivat p\u00e4\u00e4s\u00e4\u00e4nt\u00f6isesti englanniksi.<\/p>\n<p><strong>8.6.2021 klo 14\u201316 Teams: Kansainv\u00e4liset rahoitusinstrumentit ja niiden hy\u00f6dynt\u00e4minen aluekehitt\u00e4misess\u00e4 ja kansainv\u00e4listymisess\u00e4, osa 1.<\/strong> Miten rahoitushakukuulutus luetaan? (suomeksi)<br \/>\n<strong>15.6.2021 klo 14\u201316 Teams: Kansainv\u00e4liset rahoitusinstrumentit ja niiden hy\u00f6dynt\u00e4minen aluekehitt\u00e4misess\u00e4 ja kansainv\u00e4listymisess\u00e4, osa 2<\/strong>. EU Funding &amp;Tenders Portal, portaalin avaaminen ja l\u00e4pik\u00e4ynti, hankehakemuksen koonti portaaliin (suomeksi)<\/p>\n<p>8.6. ja 15.6. yhteiset materiaalit:<br \/>\n<a href=\"https:\/\/blogi.eoppimispalvelut.fi\/kvprojektiosaaminen\/files\/2023\/06\/KATOS-kesakuun-sessiot-Harri-Malinen.pdf\">Miten luen hakukuulutuksen.<\/a> Harri Malinen, erityisasiantuntija, LUC TKI -palvelut.<br \/>\n<a href=\"https:\/\/blogi.eoppimispalvelut.fi\/kvprojektiosaaminen\/files\/2023\/06\/HE-planning-matrix-example-KATOS-hanke-keskuu-2021.pdf\">Miten luen hakukuulutuksen ja suunnittelen haun teknisen toteutuksen.<\/a> Harri Malinen, erityisasiantuntija, LUC TKI -palvelut.<br \/>\n<a href=\"https:\/\/blogi.eoppimispalvelut.fi\/kvprojektiosaaminen\/files\/2023\/06\/call-fiche_cerv-2021-child_en.pdf\">Call for proposals to protect and promote the rights of the child &#8211; CERV-2021-CHILD<\/a><br \/>\n<a href=\"https:\/\/blogi.eoppimispalvelut.fi\/kvprojektiosaaminen\/files\/2023\/06\/1_en_annexe_acte_autonome_part1_v8.pdf\">COMMISSION IMPLEMENTING DECISION of 19.4.2021 on the financing of the Citizens, Equality, Rights and Values Programme and the adoption of the multiannual work programme for 2021-2022<\/a><\/p>\n<p><strong>7.9.2021 klo 14\u201316 Teams: Toiminta monikulttuurisissa ymp\u00e4rist\u00f6iss\u00e4<\/strong><br \/>\n<a href=\"https:\/\/blogi.eoppimispalvelut.fi\/kvprojektiosaaminen\/files\/2023\/06\/7.9.2021_Multicultural-working-environment.pdf\">Webinaarin ohjelma<\/a><br \/>\n<a href=\"https:\/\/blogi.eoppimispalvelut.fi\/kvprojektiosaaminen\/files\/2023\/06\/Theresa-Chen_coping-with-cross-cultural-pecularities.pdf\">Coping with cross-cultural peculiarities.<\/a> Teresa Chen, Senior Lecturer, Project Manager, Lapland UAS<br \/>\n<a href=\"https:\/\/blogi.eoppimispalvelut.fi\/kvprojektiosaaminen\/files\/2023\/06\/Nafisa-Yeasmin-_Cultural-Capital-pptx.pdf\">Kulttuurip\u00e4\u00e4oman merkitys kansainv\u00e4listymisess\u00e4.<\/a> Yeasmin Nafisa, projektip\u00e4\u00e4llikk\u00f6, Arctic Center<br \/>\n<a href=\"https:\/\/blogi.eoppimispalvelut.fi\/kvprojektiosaaminen\/files\/2023\/06\/Intercultural-communication-in-cross-border-cooperation-Russia-perspective.pdf\">Intercultural communication in cross-border cooperation &#8211; Russia perspective.<\/a> Olga Buch, Director of ANO &#8220;Project Management Center&#8221;, Russia and Anna Trubkina, project manager &#8220;Socium+&#8221;, Russia<\/p>\n<p><strong>21.9.2021 klo 14\u201316 Teams: Verkostojen merkitys hankerahoituksen hankinnassa<\/strong><br \/>\n<a href=\"https:\/\/blogi.eoppimispalvelut.fi\/kvprojektiosaaminen\/files\/2023\/06\/21.9.2021_Multicultural-working-environment.pdf\">Webinaarin ohjelma<\/a><br \/>\n<a href=\"https:\/\/blogi.eoppimispalvelut.fi\/kvprojektiosaaminen\/files\/2023\/06\/Importance-of-networks_Karolina-Mackiewicz-2.pdf\">Where to find the partners to your project and how to engage them<\/a>. Karolina Mackiewicz, Innovation Director, European Connected Health Alliance<br \/>\n<a href=\"https:\/\/blogi.eoppimispalvelut.fi\/kvprojektiosaaminen\/files\/2023\/06\/Creating-successful-consortia._Kimberly-Cornfield-2.pdf\">How to create successful consortia through your networks &amp; the importance of diverse networks.<\/a> Kimberly Cornfield , Head of European Research and Innovation, University College London, UK<\/p>\n<p><strong>5.10.2021 klo 14\u201316 Teams: Kv-hankesuunnittelun toimintatapoja<\/strong><br \/>\n<a href=\"https:\/\/blogi.eoppimispalvelut.fi\/kvprojektiosaaminen\/files\/2023\/06\/5.10.2021-International-project-planning-practices.pdf\">Webinaarin ohjelma<\/a><br \/>\n<a href=\"https:\/\/blogi.eoppimispalvelut.fi\/kvprojektiosaaminen\/files\/2023\/06\/LFA-for-KATOS-v3-part-1-uusi-2.pdf\">International project planning practices.<\/a> Erik Kijne, Senior Trainer at PROJECTS for CHANGE, The Netherlands<\/p>\n<p><strong>12.10.2021 klo 14\u201316 Teams: Kv-hankesuunnittelun ty\u00f6kaluja<\/strong><br \/>\n<a href=\"https:\/\/blogi.eoppimispalvelut.fi\/kvprojektiosaaminen\/files\/2023\/06\/12.10.2021-International-project-planning-tools.pdf\">Webinaarin ohjelma<\/a><br \/>\n<a href=\"https:\/\/blogi.eoppimispalvelut.fi\/kvprojektiosaaminen\/files\/2023\/06\/LFA-for-KATOS-v3-part-2-2.pdf\">International project planning tools.<\/a> Erik Kijne, Senior Trainer at PROJECTS for CHANGE, The Netherlands<\/p>\n<p><strong>9.11.2021 klo 14\u201316 Teams: Kv-hankkeiden toteuttaminen ja arviointi<\/strong><br \/>\n<a href=\"https:\/\/blogi.eoppimispalvelut.fi\/kvprojektiosaaminen\/files\/2023\/06\/9.11.2021-International-Project-Monitoring-and-Evaluation.pdf\">Webinaarin ohjelma<\/a><br \/>\n<a href=\"https:\/\/blogi.eoppimispalvelut.fi\/kvprojektiosaaminen\/files\/2023\/06\/9.11.2021-Renata-Musifullinna-1.pdf\">International Project Monitoring and Evaluation.<\/a> Renata Musifullina, International Project Design &amp; Management<br \/>\n<a href=\"https:\/\/blogi.eoppimispalvelut.fi\/kvprojektiosaaminen\/files\/2023\/06\/ME_Indicators-_09.11.21-1.pdf\">Monitoring and Evaluation: indicators. <\/a>Renata Musifullina.<\/p>\n<p><strong>23.11.2021 klo 14\u201316 Teams: Kv-hankkeiden viestint\u00e4<\/strong><br \/>\n<a href=\"https:\/\/blogi.eoppimispalvelut.fi\/kvprojektiosaaminen\/files\/2023\/06\/23.11.2021-International-Project-Communication-Dissemination.pdf\">Webinaarin ohjelma<\/a><br \/>\n<a href=\"https:\/\/blogi.eoppimispalvelut.fi\/kvprojektiosaaminen\/files\/2023\/06\/23.11.2021-International-Project-Communication-Dissemination-Renata-Musifullina.pdf\">International Project Communication &amp; Dissemination.<\/a> Renata Musifullina, International Project Design &amp; Management<br \/>\n<a href=\"https:\/\/blogi.eoppimispalvelut.fi\/kvprojektiosaaminen\/files\/2023\/06\/CD_Checklist_23.11.21.pdf\">Communication and Dissemination checklist.<\/a> Renata Musifullina.<\/p>\n<h3><strong>KATOS-ty\u00f6pajat<\/strong><\/h3>\n<p>Lapin kuntien ja alueiden kansainv\u00e4list\u00e4 TKI-toimintaa vahvistettiin j\u00e4rjest\u00e4m\u00e4ll\u00e4 alueellisia ty\u00f6pajoja ja koulutusp\u00e4ivi\u00e4 vuonna 2022. Ty\u00f6pajojen teemat ja j\u00e4rjest\u00e4mispaikkakunnat valikoituivat tiiviiss\u00e4 yhteisty\u00f6ss\u00e4 aluetoimijoiden ja muiden Lapin kansainv\u00e4listymist\u00e4 edist\u00e4vien hankkeiden kanssa. Koulutus- ja ty\u00f6pajap\u00e4ivill\u00e4 sparrattiin toimijoita hakemaan kv-hankkeita verkostoina.<\/p>\n","protected":false},"excerpt":{"rendered":"<p>KATOS-webinaarit KATOS-hankkeessa j\u00e4rjestettiin vuoden 2021 aikana 18 asiantuntijawebinaaria, joihin kaikki Lapissa ty\u00f6skentelev\u00e4t pystyiv\u00e4t osallistumaan maksutta. Webinaareihin ilmoittauduttiin etuk\u00e4teen, ilmoittautuneille l\u00e4hettiin webinaarin j\u00e4lkeen materiaalit ja webinaaritallenteen k\u00e4ytt\u00f6\u00f6n kahdeksi viikoksi. Jokaisesta webinaarista [&hellip;]<\/p>\n","protected":false},"author":1613,"featured_media":0,"parent":0,"menu_order":0,"comment_status":"closed","ping_status":"closed","template":"","meta":{"footnotes":""},"class_list":["post-306","page","type-page","status-publish","hentry"],"_links":{"self":[{"href":"https:\/\/blogi.eoppimispalvelut.fi\/kvprojektiosaaminen\/wp-json\/wp\/v2\/pages\/306","targetHints":{"allow":["GET"]}}],"collection":[{"href":"https:\/\/blogi.eoppimispalvelut.fi\/kvprojektiosaaminen\/wp-json\/wp\/v2\/pages"}],"about":[{"href":"https:\/\/blogi.eoppimispalvelut.fi\/kvprojektiosaaminen\/wp-json\/wp\/v2\/types\/page"}],"author":[{"embeddable":true,"href":"https:\/\/blogi.eoppimispalvelut.fi\/kvprojektiosaaminen\/wp-json\/wp\/v2\/users\/1613"}],"replies":[{"embeddable":true,"href":"https:\/\/blogi.eoppimispalvelut.fi\/kvprojektiosaaminen\/wp-json\/wp\/v2\/comments?post=306"}],"version-history":[{"count":74,"href":"https:\/\/blogi.eoppimispalvelut.fi\/kvprojektiosaaminen\/wp-json\/wp\/v2\/pages\/306\/revisions"}],"predecessor-version":[{"id":1511,"href":"https:\/\/blogi.eoppimispalvelut.fi\/kvprojektiosaaminen\/wp-json\/wp\/v2\/pages\/306\/revisions\/1511"}],"wp:attachment":[{"href":"https:\/\/blogi.eoppimispalvelut.fi\/kvprojektiosaaminen\/wp-json\/wp\/v2\/media?parent=306"}],"curies":[{"name":"wp","href":"https:\/\/api.w.org\/{rel}","templated":true}]}}