{"id":769,"date":"2021-09-02T08:56:24","date_gmt":"2021-09-02T05:56:24","guid":{"rendered":"https:\/\/blogi.eoppimispalvelut.fi\/kvprojektiosaaminen\/?page_id=769"},"modified":"2022-01-12T13:17:32","modified_gmt":"2022-01-12T11:17:32","slug":"toimijakuvaus","status":"publish","type":"page","link":"https:\/\/blogi.eoppimispalvelut.fi\/kvprojektiosaaminen\/osaamisportfolio\/toimijakuvaus\/","title":{"rendered":"Lapin kansainv\u00e4lisen tutkimus-, kehitys- ja innovaatio (TKI) -osaamisen toimijaverkostoa"},"content":{"rendered":"<p>Kuviossa on esitelty Lapin alueen TKI-organisaatioita niiden kansainv\u00e4lisen osaamisen ja toiminnan n\u00e4k\u00f6kulmasta. Toimijakuvauksissa on lyhyt organisaatioesittely, TKI-hankeosaamisen erityiset vahvuudet sek\u00e4 oleelliset lis\u00e4tietolinkit ja yhteystiedot.<\/p>\n<p>Kuviota voi k\u00e4ytt\u00e4\u00e4 Lapin alueen TKI-osaamisen yleiskuvan hahmottamiseen mutta my\u00f6s hankekumppaneiden etsint\u00e4\u00e4n.<\/p>\n<p><iframe loading=\"lazy\" src=\"https:\/\/www.thinglink.com\/card\/1487865024041975811\" width=\"1020\" height=\"600\" frameborder=\"0\" scrolling=\"no\" allowfullscreen=\"allowfullscreen\" data-original-width=\"1512\" data-original-height=\"575\"><\/iframe><\/p>\n","protected":false},"excerpt":{"rendered":"<p>Kuviossa on esitelty Lapin alueen TKI-organisaatioita niiden kansainv\u00e4lisen osaamisen ja toiminnan n\u00e4k\u00f6kulmasta. Toimijakuvauksissa on lyhyt organisaatioesittely, TKI-hankeosaamisen erityiset vahvuudet sek\u00e4 oleelliset lis\u00e4tietolinkit ja yhteystiedot. Kuviota voi k\u00e4ytt\u00e4\u00e4 Lapin alueen TKI-osaamisen [&hellip;]<\/p>\n","protected":false},"author":7573,"featured_media":0,"parent":288,"menu_order":0,"comment_status":"closed","ping_status":"closed","template":"","meta":{"footnotes":""},"class_list":["post-769","page","type-page","status-publish","hentry"],"_links":{"self":[{"href":"https:\/\/blogi.eoppimispalvelut.fi\/kvprojektiosaaminen\/wp-json\/wp\/v2\/pages\/769","targetHints":{"allow":["GET"]}}],"collection":[{"href":"https:\/\/blogi.eoppimispalvelut.fi\/kvprojektiosaaminen\/wp-json\/wp\/v2\/pages"}],"about":[{"href":"https:\/\/blogi.eoppimispalvelut.fi\/kvprojektiosaaminen\/wp-json\/wp\/v2\/types\/page"}],"author":[{"embeddable":true,"href":"https:\/\/blogi.eoppimispalvelut.fi\/kvprojektiosaaminen\/wp-json\/wp\/v2\/users\/7573"}],"replies":[{"embeddable":true,"href":"https:\/\/blogi.eoppimispalvelut.fi\/kvprojektiosaaminen\/wp-json\/wp\/v2\/comments?post=769"}],"version-history":[{"count":33,"href":"https:\/\/blogi.eoppimispalvelut.fi\/kvprojektiosaaminen\/wp-json\/wp\/v2\/pages\/769\/revisions"}],"predecessor-version":[{"id":1134,"href":"https:\/\/blogi.eoppimispalvelut.fi\/kvprojektiosaaminen\/wp-json\/wp\/v2\/pages\/769\/revisions\/1134"}],"up":[{"embeddable":true,"href":"https:\/\/blogi.eoppimispalvelut.fi\/kvprojektiosaaminen\/wp-json\/wp\/v2\/pages\/288"}],"wp:attachment":[{"href":"https:\/\/blogi.eoppimispalvelut.fi\/kvprojektiosaaminen\/wp-json\/wp\/v2\/media?parent=769"}],"curies":[{"name":"wp","href":"https:\/\/api.w.org\/{rel}","templated":true}]}}