{"id":11,"date":"2019-10-02T10:03:26","date_gmt":"2019-10-02T07:03:26","guid":{"rendered":"https:\/\/blogi.eoppimispalvelut.fi\/lapineamis\/?page_id=11"},"modified":"2021-11-23T11:26:51","modified_gmt":"2021-11-23T09:26:51","slug":"tyopaketit-ja-pilotit","status":"publish","type":"page","link":"https:\/\/blogi.eoppimispalvelut.fi\/lapineamis\/tyopaketit-ja-pilotit\/","title":{"rendered":"TY\u00d6PAKETIT ja PILOTIT"},"content":{"rendered":"<p>Hankkeelle asetettuihin tavoitteisiin vastataan ty\u00f6paketeilla 1-3. Ty\u00f6paketit on jaettu tavoitteiden mukaan 12 pilottiin.<\/p>\n<table>\n<tbody>\n<tr>\n<td colspan=\"7\" width=\"707\"><strong>TY\u00d6PAKETTI 1 OPISKELIJOILLE TARJOTTAVAT DIGITAALISET OPETUS JA OHJAUSPALVELUT<\/strong><\/td>\n<\/tr>\n<tr>\n<td width=\"224\"><strong>Pilotti 1<\/strong> Virtuaalinen orientaatiojakso\/aloitusperehdytys jatkuvassa haussa sis\u00e4\u00e4n tuleville<\/td>\n<td width=\"89\">LAPPIA<\/td>\n<td width=\"85\">REDU<\/td>\n<td width=\"80\">PPO<\/td>\n<td width=\"93\"><\/td>\n<td width=\"68\"><\/td>\n<td width=\"68\"><\/td>\n<\/tr>\n<tr>\n<td width=\"224\"><strong>Pilotti 2<\/strong> Ammatillisten aineiden verkkototeutukset<\/td>\n<td width=\"89\">LAPPIA<\/td>\n<td width=\"85\"><\/td>\n<td width=\"80\">PPO<\/td>\n<td width=\"93\"><\/td>\n<td width=\"68\"><\/td>\n<td width=\"68\"><\/td>\n<\/tr>\n<tr>\n<td width=\"224\"><strong>Pilotti 3<\/strong> Digitaaliset verkkoratkaisut YTO integroinnissa<\/td>\n<td width=\"89\"><\/td>\n<td width=\"85\">REDU<\/td>\n<td width=\"80\"><\/td>\n<td width=\"93\"><\/td>\n<td width=\"68\"><\/td>\n<td width=\"68\"><\/td>\n<\/tr>\n<tr>\n<td width=\"224\"><strong>Pilotti 4<\/strong> Kommunikaation ja viittomakielen digitalisointi<\/td>\n<td width=\"89\"><\/td>\n<td width=\"85\"><\/td>\n<td width=\"80\"><\/td>\n<td width=\"93\">ROVALA<\/td>\n<td width=\"68\"><\/td>\n<td width=\"68\"><\/td>\n<\/tr>\n<tr>\n<td width=\"224\"><strong>Pilotti 5<\/strong> Osaamismerkit osaamisen osoittamisessa<\/td>\n<td width=\"89\">LAPPIA<\/td>\n<td width=\"85\"><\/td>\n<td width=\"80\"><\/td>\n<td width=\"93\"><\/td>\n<td width=\"68\"><\/td>\n<td width=\"68\"><\/td>\n<\/tr>\n<tr>\n<td width=\"224\"><strong>Pilotti 6<\/strong> Digitaaliset uraohjauspalvelut<\/td>\n<td width=\"89\">LAPPIA<\/td>\n<td width=\"85\"><\/td>\n<td width=\"80\"><\/td>\n<td width=\"93\"><\/td>\n<td width=\"68\"><\/td>\n<td width=\"68\"><\/td>\n<\/tr>\n<tr>\n<td width=\"224\"><\/td>\n<td width=\"89\"><\/td>\n<td width=\"85\"><\/td>\n<td width=\"80\"><\/td>\n<td width=\"93\"><\/td>\n<td width=\"68\"><\/td>\n<td width=\"68\"><\/td>\n<\/tr>\n<tr>\n<td width=\"224\"><\/td>\n<td width=\"89\"><\/td>\n<td width=\"85\"><\/td>\n<td width=\"80\"><\/td>\n<td width=\"93\"><\/td>\n<td width=\"68\"><\/td>\n<td width=\"68\"><\/td>\n<\/tr>\n<tr>\n<td colspan=\"7\" width=\"707\"><strong>TY\u00d6PAKETTI 2 TY\u00d6EL\u00c4M\u00c4SS\u00c4 OPPIMISEN JA OSAAMISEN N\u00c4KYV\u00c4KSI TEMINEN DIGITALISUUTTA HY\u00d6DYNT\u00c4EN<\/strong><\/td>\n<\/tr>\n<tr>\n<td width=\"224\"><strong>Pilotti 1<\/strong> Ty\u00f6el\u00e4m\u00e4ss\u00e4 tapahtuvan oppimisen ohjaus ja n\u00e4ytt\u00f6jen arviointi digitaalisin v\u00e4linein<\/td>\n<td width=\"89\">LAPPIA<\/td>\n<td width=\"85\"><\/td>\n<td width=\"80\">PPO<\/td>\n<td width=\"93\">ROVALA<\/td>\n<td width=\"68\"><\/td>\n<td width=\"68\"><\/td>\n<\/tr>\n<tr>\n<td width=\"224\"><strong>Pilotti 2<\/strong> Digitalisuuden hy\u00f6dynt\u00e4minen YTO integroinnissa ja n\u00e4yt\u00f6iss\u00e4<\/td>\n<td width=\"89\"><\/td>\n<td width=\"85\">REDU<\/td>\n<td width=\"80\"><\/td>\n<td width=\"93\"><\/td>\n<td width=\"68\"><\/td>\n<td width=\"68\"><\/td>\n<\/tr>\n<tr>\n<td width=\"224\"><\/td>\n<td width=\"89\"><\/td>\n<td width=\"85\"><\/td>\n<td width=\"80\"><\/td>\n<td width=\"93\"><\/td>\n<td width=\"68\"><\/td>\n<td width=\"68\"><\/td>\n<\/tr>\n<tr>\n<td width=\"224\"><\/td>\n<td width=\"89\"><\/td>\n<td width=\"85\"><\/td>\n<td width=\"80\"><\/td>\n<td width=\"93\"><\/td>\n<td width=\"68\"><\/td>\n<td width=\"68\"><\/td>\n<\/tr>\n<tr>\n<td colspan=\"7\" width=\"707\"><strong>TY\u00d6PAKETTI 3 OPETUS JA OHJAUSHENKIL\u00d6ST\u00d6N, OPISKELIJOIDEN JA TY\u00d6EL\u00c4M\u00c4N DIGIOSAAMINEN<\/strong><\/td>\n<\/tr>\n<tr>\n<td width=\"224\"><strong>Pilotti 1 Digitaalisten v\u00e4lineiden ideapankki<\/strong><\/td>\n<td width=\"89\">LAPPIA<\/td>\n<td width=\"85\"><\/td>\n<td width=\"80\"><\/td>\n<td width=\"93\"><\/td>\n<td width=\"68\"><\/td>\n<td width=\"68\"><\/td>\n<\/tr>\n<tr>\n<td width=\"224\"><strong>Pilotti 2<\/strong> Teemalliset digipajat<\/td>\n<td width=\"89\">Lappia<\/td>\n<td width=\"85\"><\/td>\n<td width=\"80\">PPO<\/td>\n<td width=\"93\">ROVALA<\/td>\n<td width=\"68\"><\/td>\n<td width=\"68\"><\/td>\n<\/tr>\n<tr>\n<td width=\"224\"><strong>Pilotti <\/strong>3 Opetus ja ohjaushenkil\u00f6st\u00f6n digiosaaminen urapolku- malli<\/td>\n<td width=\"89\">LAPPIA<\/td>\n<td width=\"85\"><\/td>\n<td width=\"80\"><\/td>\n<td width=\"93\"><\/td>\n<td width=\"68\"><\/td>\n<td width=\"68\"><\/td>\n<\/tr>\n<tr>\n<td width=\"224\"><strong>Pilotti 4<\/strong> Digitarkkailijatoiminta<\/td>\n<td width=\"89\"><\/td>\n<td width=\"85\">REDU<\/td>\n<td width=\"80\"><\/td>\n<td width=\"93\"><\/td>\n<td width=\"68\"><\/td>\n<td width=\"68\"><\/td>\n<\/tr>\n<tr>\n<td width=\"224\"><\/td>\n<td width=\"89\"><\/td>\n<td width=\"85\"><\/td>\n<td width=\"80\"><\/td>\n<td width=\"93\"><\/td>\n<td width=\"68\"><\/td>\n<td width=\"68\"><\/td>\n<\/tr>\n<\/tbody>\n<\/table>\n<p>&nbsp;<\/p>\n<h2><strong>Materiaaleihin lis\u00e4t\u00e4\u00e4n hankeessa tuotettua materiaalia ja pilottien valmistuessa niist\u00e4 kootut yhteenvedot.<\/strong><\/h2>\n<p><strong>Lapin eAmis toimintamallin pilotoinnin materiaalia t\u00e4\u00e4lt\u00e4<\/strong>:<\/p>\n<p><a href=\"https:\/\/prezi.com\/v\/g-9tgdk-krjg\/\"> https:\/\/prezi.com\/v\/g-9tgdk-krjg\/<\/a><\/p>\n<p><strong>Ty\u00f6paketti 1. Opiskelijoille tarjottavat digitaaliset opetus- ja ohjauspalvelut<\/strong><\/p>\n<p><strong>Virtuaalinen orientaatiojakso\/aloitusperehdytys jatkuvassa haussa sis\u00e4\u00e4n tuleville<\/strong><\/p>\n<p>Yhteinen virtuaaliorientaatiopohja <a href=\"https:\/\/lappia-my.sharepoint.com\/:p:\/g\/personal\/paivi_jauhola_lappia_fi\/EbZ-js8AQ6JOoI3UQuvSz9IB_zEeo8oQWcFyYg_Ngn1Kig?e=yw43Oy\">Kooste orientaatiojaksoista.pptx<\/a><\/p>\n<p>Johdantovideo aloitusperehdytykseen:<a href=\"https:\/\/www.youtube.com\/watch?v=vtdbQJs_8Gc\">\u00a0https:\/\/www.youtube.com\/watch?v=vtdbQJs_8Gc<\/a><\/p>\n<p><strong>\u00a0Uusia ammatillisten aineiden verkkototeutuksia<\/strong><\/p>\n<p>Kasvatusala:\u00a0<a href=\"https:\/\/www.youtube.com\/watch?v=WFN-DxHd3Ro\">https:\/\/www.youtube.com\/watch?v=WFN-DxHd3Ro<\/a><\/p>\n<p>Ravintola-ala\u00a0<a href=\"https:\/\/padlet.com\/johannamakiniemi\/ohmw13jamj1bdur6\">https:\/\/padlet.com\/johannamakiniemi\/ohmw13jamj1bdur6<\/a><\/p>\n<p><a href=\"https:\/\/lappia-my.sharepoint.com\/:p:\/g\/personal\/paivi_jauhola_lappia_fi\/EV6wK0nTPbdLjyivVd4sOAYBCgbAzm_exaMgeE_LrW7FEA?e=2j852m\">Hyvinvointialan esitys loppuseminaariHEIHEIA.pptx<\/a><\/p>\n<p>Hyvinvointiala esitys esteett\u00f6myys <a href=\"https:\/\/lappia-my.sharepoint.com\/:p:\/g\/personal\/paivi_jauhola_lappia_fi\/EWyHVfdRc9tKujxr8FPIZIsBbs45zhZXarP0gpprHoptvg?e=fK1vzu\">https:\/\/lappia-my.sharepoint.com\/:p:\/g\/personal\/paivi_jauhola_lappia_fi\/EWyHVfdRc9tKujxr8FPIZIsBbs45zhZXarP0gpprHoptvg?e=fK1vzu<\/a><\/p>\n<p><a href=\"https:\/\/lappia-my.sharepoint.com\/:p:\/g\/personal\/paivi_jauhola_lappia_fi\/EXDaI2iXWJdNlOp59fF2F5MB1TywnX44us4laH78TlPGvg?e=Wwszz8\">Hyvinvointiala esitys: https:\/\/lappia-my.sharepoint.com\/:p:\/g\/personal\/paivi_jauhola_lappia_fi\/EWnU_oYmbWlEmP8sVpY68hABzim_m0V3FYwsNst3tRMSUQ?e=5r7Jg0<\/a><\/p>\n<p><a href=\"https:\/\/lappia-my.sharepoint.com\/:p:\/g\/personal\/paivi_jauhola_lappia_fi\/ETqc3jNDnqVBuDBtQ--bcMABfR_otHte64tuCn9eGXqCJA?e=mlyYeP\">Turva-alan esitys materiaali\u00a0 Esitys 15.11.21.ppt<\/a><\/p>\n<p>It alan materiaali kyp\u00e4r\u00e4kamera striimaus:\u00a0<a href=\"https:\/\/www.youtube.com\/watch?v=vDzmjb2Jbg8\">https:\/\/www.youtube.com\/watch?v=vDzmjb2Jbg8<\/a><\/p>\n<p>Prosessiala: <a href=\"https:\/\/lappia-my.sharepoint.com\/:p:\/g\/personal\/paivi_jauhola_lappia_fi\/ERsqBiMxRQZJgIfedH-Jk-EBXzysoVyvvYMaiFS7ezkvLg?e=hiYcLQ\">Artturi esitys (1).pptx<\/a><\/p>\n<p><strong>Digitaaliset verkkoratkaisut YTO integroimisessa<\/strong><\/p>\n<p><strong>\u00a0Kommunikaation ja viittomakielen digitalisointi<\/strong><\/p>\n<p><strong>Osaamismerkit osaamisen osoittamisessa:<\/strong><\/p>\n<p><a href=\"https:\/\/www.lappia.fi\/lappia-pilotoi-digitaalisia-osaamismerkkeja-lapin-eamis-hankkeessa\/\">Lappia pilotoi digitaalisia osaamismerkkej\u00e4 Lapin eAmis \u2013hankkeessa &#8211; lappia.fi<\/a><\/p>\n<blockquote class=\"wp-embedded-content\" data-secret=\"B1blCNLSS6\"><p><a href=\"https:\/\/www.lappia.fi\/open-badge-digitaalinen-osaamismerkki\/\">Open Badge &#8211; Digitaalinen osaamismerkki<\/a><\/p><\/blockquote>\n<p><iframe loading=\"lazy\" class=\"wp-embedded-content\" sandbox=\"allow-scripts\" security=\"restricted\" style=\"position: absolute; clip: rect(1px, 1px, 1px, 1px);\" title=\"&#8221;Open Badge &#8211; Digitaalinen osaamismerkki&#8221; &#8212; lappia.fi\" src=\"https:\/\/www.lappia.fi\/open-badge-digitaalinen-osaamismerkki\/embed\/#?secret=KZXlu5I2fC#?secret=B1blCNLSS6\" data-secret=\"B1blCNLSS6\" width=\"584\" height=\"329\" frameborder=\"0\" marginwidth=\"0\" marginheight=\"0\" scrolling=\"no\"><\/iframe><\/p>\n<p><strong>Digitaaliset uraohjauspalvelu:<\/strong><\/p>\n<p><a href=\"https:\/\/padlet.com\/jenniranta\/uraohjaus\">https:\/\/padlet.com\/jenniranta\/uraohjaus<\/a><\/p>\n<p><strong>Ty\u00f6paketti 2: Ty\u00f6el\u00e4m\u00e4ss\u00e4 oppimisen ja osaamisen n\u00e4kyv\u00e4ksi tekeminen digitaalisuutta hy\u00f6dynt\u00e4en<\/strong><\/p>\n<p><strong>\u00a0Ty\u00f6el\u00e4m\u00e4ss\u00e4 tapahtuvan oppimisen ohjaus ja n\u00e4ytt\u00f6jen arviointi digitaalisin v\u00e4linein:<\/strong><\/p>\n<p><a href=\"https:\/\/padlet.com\/paivi_jauhola1\/TEOdigiohjaus\">https:\/\/padlet.com\/paivi_jauhola1\/TEOdigiohjaus<\/a><\/p>\n<p>&#8211;<strong>Digitaalisuuden hy\u00f6dynt\u00e4minen YTO integroimisessa ja n\u00e4yt\u00f6iss\u00e4<\/strong><\/p>\n<p><strong>Ty\u00f6paketti 3: Opetus- ja ohjaushenkil\u00f6st\u00f6n, opiskelijoiden ja ty\u00f6el\u00e4m\u00e4n digiosaaminen<\/strong><\/p>\n<p><strong>\u00a0-Digitaalisten v\u00e4lineiden ideapankki <a href=\"https:\/\/padlet.com\/paivi_jauhola1\/y45q6ud4bbpk\">https:\/\/padlet.com\/paivi_jauhola1\/y45q6ud4bbpk<\/a><\/strong><\/p>\n<p><strong>-Teemalliset digity\u00f6pajat<\/strong><\/p>\n<p><a href=\"https:\/\/lappia-my.sharepoint.com\/:w:\/g\/personal\/paivi_jauhola_lappia_fi\/EfZ_dFYIRSRNkxFU1ztSU7wBhVH4GbF_ZCF-NSbGwYZ8Hg?e=ZMaKfP\">Lapin eAMis hankkeen j\u00e4rjestetyt koulutukset tammi2021.docx<\/a><\/p>\n<p><strong>-Opetus- ja ohjaushenkil\u00f6st\u00f6n digiosaamisen urapolku<\/strong><\/p>\n<p><strong><a href=\"https:\/\/lappia-my.sharepoint.com\/:w:\/g\/personal\/paivi_jauhola_lappia_fi\/EQ8VZTlO2sNFitegUht5d-YBeVTcH-6sCmxr5d71XDvrWA?e=W5WbPy\">Digipolku.docx<\/a><\/strong><\/p>\n<p>&nbsp;<\/p>\n<p><strong>\u2013 malli -Digitarkkailija-toiminta<\/strong><\/p>\n","protected":false},"excerpt":{"rendered":"<p>Hankkeelle asetettuihin tavoitteisiin vastataan ty\u00f6paketeilla 1-3. Ty\u00f6paketit on jaettu tavoitteiden mukaan 12 pilottiin. TY\u00d6PAKETTI 1 OPISKELIJOILLE TARJOTTAVAT DIGITAALISET OPETUS JA OHJAUSPALVELUT Pilotti 1 Virtuaalinen orientaatiojakso\/aloitusperehdytys jatkuvassa haussa sis\u00e4\u00e4n tuleville LAPPIA REDU PPO Pilotti 2 Ammatillisten aineiden verkkototeutukset LAPPIA PPO Pilotti &hellip; <a href=\"https:\/\/blogi.eoppimispalvelut.fi\/lapineamis\/tyopaketit-ja-pilotit\/\">Continue reading <span class=\"meta-nav\">&rarr;<\/span><\/a><\/p>\n","protected":false},"author":3867,"featured_media":0,"parent":0,"menu_order":0,"comment_status":"closed","ping_status":"closed","template":"","meta":{"footnotes":""},"class_list":["post-11","page","type-page","status-publish","hentry"],"_links":{"self":[{"href":"https:\/\/blogi.eoppimispalvelut.fi\/lapineamis\/wp-json\/wp\/v2\/pages\/11","targetHints":{"allow":["GET"]}}],"collection":[{"href":"https:\/\/blogi.eoppimispalvelut.fi\/lapineamis\/wp-json\/wp\/v2\/pages"}],"about":[{"href":"https:\/\/blogi.eoppimispalvelut.fi\/lapineamis\/wp-json\/wp\/v2\/types\/page"}],"author":[{"embeddable":true,"href":"https:\/\/blogi.eoppimispalvelut.fi\/lapineamis\/wp-json\/wp\/v2\/users\/3867"}],"replies":[{"embeddable":true,"href":"https:\/\/blogi.eoppimispalvelut.fi\/lapineamis\/wp-json\/wp\/v2\/comments?post=11"}],"version-history":[{"count":5,"href":"https:\/\/blogi.eoppimispalvelut.fi\/lapineamis\/wp-json\/wp\/v2\/pages\/11\/revisions"}],"predecessor-version":[{"id":195,"href":"https:\/\/blogi.eoppimispalvelut.fi\/lapineamis\/wp-json\/wp\/v2\/pages\/11\/revisions\/195"}],"wp:attachment":[{"href":"https:\/\/blogi.eoppimispalvelut.fi\/lapineamis\/wp-json\/wp\/v2\/media?parent=11"}],"curies":[{"name":"wp","href":"https:\/\/api.w.org\/{rel}","templated":true}]}}