{"id":15,"date":"2019-10-02T10:04:39","date_gmt":"2019-10-02T07:04:39","guid":{"rendered":"https:\/\/blogi.eoppimispalvelut.fi\/lapineamis\/?page_id=15"},"modified":"2021-05-05T10:56:51","modified_gmt":"2021-05-05T07:56:51","slug":"yhteystiedot","status":"publish","type":"page","link":"https:\/\/blogi.eoppimispalvelut.fi\/lapineamis\/yhteystiedot\/","title":{"rendered":"YHTEYSTIEDOT"},"content":{"rendered":"<p><strong>LAPPIA:<\/strong> P\u00e4ivi Jauhola, projektip\u00e4\u00e4llikk\u00f6<\/p>\n<blockquote class=\"wp-embedded-content\" data-secret=\"y8Efr3NfmC\"><p><a href=\"https:\/\/www.lappia.fi\/hanke\/lapin-eamis-latuja-ammatillisiin-opintoihin-digitaalisuutta-hyodyntaen\/\">Lapin eAmis &#8211; Latuja ammatillisiin opintoihin digitaalisuutta hy\u00f6dynt\u00e4en<\/a><\/p><\/blockquote>\n<p><iframe loading=\"lazy\" class=\"wp-embedded-content\" sandbox=\"allow-scripts\" security=\"restricted\" style=\"position: absolute; clip: rect(1px, 1px, 1px, 1px);\" title=\"&#8221;Lapin eAmis &#8211; Latuja ammatillisiin opintoihin digitaalisuutta hy\u00f6dynt\u00e4en&#8221; &#8212; lappia.fi\" src=\"https:\/\/www.lappia.fi\/hanke\/lapin-eamis-latuja-ammatillisiin-opintoihin-digitaalisuutta-hyodyntaen\/embed\/#?secret=kxcL1G5cGU#?secret=y8Efr3NfmC\" data-secret=\"y8Efr3NfmC\" width=\"584\" height=\"329\" frameborder=\"0\" marginwidth=\"0\" marginheight=\"0\" scrolling=\"no\"><\/iframe><\/p>\n<p>0503146436<\/p>\n<p><a href=\"mailto:paivi.jauhola@lappia.fi\">paivi.jauhola@lappia.fi<\/a><\/p>\n<p><strong>REDU:<\/strong> Saila Peteri, Toimialap\u00e4\u00e4likk\u00f6<\/p>\n<p>040\u00a0843 7661<\/p>\n<p><u><a href=\"mailto:saila.peteri@redu.fi\">saila.peteri@redu.fi<\/a><\/u><\/p>\n<p><strong>ROVALA:<\/strong> Helena Korteniemi, TVT opettaja<\/p>\n<p>0407140153<\/p>\n<p><a href=\"mailto:tarja.konola-jokinen@rovala.fi\">helena.korteniemi@rovala.fi<\/a><\/p>\n<p><strong>PPO:<\/strong><\/p>\n<p>Petra <span class=\"markqg0nwlm7d\" data-markjs=\"true\" data-ogac=\"\" data-ogab=\"\" data-ogsc=\"\" data-ogsb=\"\">Pudas, <\/span>projektisuunnittelija<\/p>\n<p><a href=\"mailto:petra.pudas@ppopisto.fi\">petra.pudas@ppopisto.fi<\/a><\/p>\n<p>p. 040 640 3797<\/p>\n<p>&nbsp;<\/p>\n<p>&nbsp;<\/p>\n","protected":false},"excerpt":{"rendered":"<p>LAPPIA: P\u00e4ivi Jauhola, projektip\u00e4\u00e4llikk\u00f6 Lapin eAmis &#8211; Latuja ammatillisiin opintoihin digitaalisuutta hy\u00f6dynt\u00e4en 0503146436 paivi.jauhola@lappia.fi REDU: Saila Peteri, Toimialap\u00e4\u00e4likk\u00f6 040\u00a0843 7661 saila.peteri@redu.fi ROVALA: Helena Korteniemi, TVT opettaja 0407140153 helena.korteniemi@rovala.fi PPO: Petra Pudas, projektisuunnittelija petra.pudas@ppopisto.fi p. 040 640 3797 &nbsp; &nbsp;<\/p>\n","protected":false},"author":3867,"featured_media":0,"parent":0,"menu_order":0,"comment_status":"closed","ping_status":"closed","template":"","meta":{"footnotes":""},"class_list":["post-15","page","type-page","status-publish","hentry"],"_links":{"self":[{"href":"https:\/\/blogi.eoppimispalvelut.fi\/lapineamis\/wp-json\/wp\/v2\/pages\/15","targetHints":{"allow":["GET"]}}],"collection":[{"href":"https:\/\/blogi.eoppimispalvelut.fi\/lapineamis\/wp-json\/wp\/v2\/pages"}],"about":[{"href":"https:\/\/blogi.eoppimispalvelut.fi\/lapineamis\/wp-json\/wp\/v2\/types\/page"}],"author":[{"embeddable":true,"href":"https:\/\/blogi.eoppimispalvelut.fi\/lapineamis\/wp-json\/wp\/v2\/users\/3867"}],"replies":[{"embeddable":true,"href":"https:\/\/blogi.eoppimispalvelut.fi\/lapineamis\/wp-json\/wp\/v2\/comments?post=15"}],"version-history":[{"count":6,"href":"https:\/\/blogi.eoppimispalvelut.fi\/lapineamis\/wp-json\/wp\/v2\/pages\/15\/revisions"}],"predecessor-version":[{"id":113,"href":"https:\/\/blogi.eoppimispalvelut.fi\/lapineamis\/wp-json\/wp\/v2\/pages\/15\/revisions\/113"}],"wp:attachment":[{"href":"https:\/\/blogi.eoppimispalvelut.fi\/lapineamis\/wp-json\/wp\/v2\/media?parent=15"}],"curies":[{"name":"wp","href":"https:\/\/api.w.org\/{rel}","templated":true}]}}