{"id":9,"date":"2019-10-02T10:02:48","date_gmt":"2019-10-02T07:02:48","guid":{"rendered":"https:\/\/blogi.eoppimispalvelut.fi\/lapineamis\/?page_id=9"},"modified":"2019-10-04T14:43:04","modified_gmt":"2019-10-04T11:43:04","slug":"hanke-esittely","status":"publish","type":"page","link":"https:\/\/blogi.eoppimispalvelut.fi\/lapineamis\/hanke-esittely\/","title":{"rendered":"HANKE-ESITTELY"},"content":{"rendered":"<p><strong>Lapin eAmis -hankkeen tavoitteena on kehitt\u00e4\u00e4 ammatillisen koulutuksen digitaalisuuteen liittyvi\u00e4 palveluja ja toimintatapoja opiskelijan opintopolun eri vaiheissa oppimisen joustavuuden ja saavutettavuuden lis\u00e4\u00e4miseksi.<\/strong><\/p>\n<p>Yhteisen\u00e4 tavoitteena on lappilaisten ammatillisten oppilaitosten yhteisty\u00f6ss\u00e4 rakentama Lapin eAmis toimintamalli, jossa opiskelijoille tarjotaan erilaisia mahdollisuuksia opiskella ajasta ja paikasta riippumatta.<\/p>\n<p>Hankkeen pilotoinneilla saadaan lis\u00e4tty\u00e4 opiskelijoiden osallistumista koulutukseen, parannettua ammatillista osaamista ja ty\u00f6el\u00e4m\u00e4valmiuksia ja n\u00e4in edistetty\u00e4 my\u00f6s ty\u00f6llistymist\u00e4.<\/p>\n<p>Hankkeessa varmistetaan my\u00f6s opetus- ja ohjaushenkil\u00f6st\u00f6n, opiskelijoiden ja ty\u00f6el\u00e4m\u00e4n digiosaamisen kehittyminen, jotta Lapin eAmis toimintamalli ja kehittyminen mahdollistuu.<\/p>\n<p>Hanke syvent\u00e4\u00e4 alueellisten koulutuksen j\u00e4rjest\u00e4jien v\u00e4list\u00e4 yhteisty\u00f6t\u00e4, jolla edistet\u00e4\u00e4n koko Lapin ammatillisen koulutuksen digitalisointia ja sen kautta opiskelijan erilaisten opintopolkujen toteutumista koko Lapissa.<\/p>\n<p><strong>Hankkeen tuloksina tavoitellaan:<\/strong><\/p>\n<p>\u2022Luodaan 3 oppilaitokseen virtuaalinen orientaatiojakso.<\/p>\n<p>\u2022Mahdollistetaan\u00a0 opiskelijan osallistuminen ajasta ja paikasta riippumatta opetukseen lis\u00e4\u00e4m\u00e4ll\u00e4 ammatillisten aineiden verkko-opetusta 9 alalla, monipuolistetaan nykyist\u00e4 verkkotarjontaa 2 alalla, lis\u00e4tty opetusta- ja ohjausta edist\u00e4vien sovellusten k\u00e4ytt\u00f6\u00e4 2 alalla. Tehd\u00e4\u00e4n tarjonta ja osallistaminen n\u00e4kyv\u00e4ksi.<\/p>\n<p>\u2022Kehitell\u00e4\u00e4n ty\u00f6el\u00e4m\u00e4l\u00e4ht\u00f6isi\u00e4 verkko-oppimisymp\u00e4rist\u00f6j\u00e4 yhteisten tutkinnon osien osa-alueisiin ja integroitu ty\u00f6el\u00e4m\u00e4ss\u00e4 oppimiseen ja n\u00e4ytt\u00f6ihin.<\/p>\n<p>\u2022 Selvitet\u00e4\u00e4n osaamismerkkej\u00e4 tarvetta, luodaan ja pilotoidaan merkkej\u00e4.<\/p>\n<p>\u2022Pilotoidaan digitaalista uraohjauspalvelua.<\/p>\n<p>\u2022Kartoitetaan ja testataan digitaalisia v\u00e4lineit\u00e4 yhdess\u00e4 ty\u00f6el\u00e4m\u00e4n kanssa (5 toteutusta). Toteutetaan 17 n\u00e4yt\u00f6n arviointia digitaalisesti.<\/p>\n<p>\u2022Mahdollistetaan digitaalisten v\u00e4lineiden\/menetelmien avulla opiskelijoille yhteisten aineiden opintojen osaamisen hankkiminen ja osoittaminen ty\u00f6el\u00e4m\u00e4ss\u00e4 oppimisen yhteydess\u00e4.<\/p>\n<p>\u2022Luodan digitaalisten v\u00e4lineiden ideapankki Moodleen, joka avoin opetus- ja ohjaushenkil\u00f6st\u00f6lle, opiskelijoille sek\u00e4 ty\u00f6el\u00e4m\u00e4lle.<\/p>\n<p>\u2022J\u00e4rjestet\u00e4\u00e4n teemallisia digity\u00f6pajoja 5-8 ja lis\u00e4tty opetus- ja ohjaushenkil\u00f6st\u00f6n, opiskelijoiden ja ty\u00f6el\u00e4m\u00e4n digiosaamista.<\/p>\n<p>\u2022Mallinnetaan digiosaamisen kehitt\u00e4misen urapolku.<\/p>\n<p>\u2022Kommunikaation ja viittomakielen opetus on digitalisoitu ja opetustarjontaan lis\u00e4t\u00e4\u00e4n videov\u00e4litteisyytt\u00e4.<\/p>\n<p>\u2022Pilotoidaan digitarkkailija toimintaa<\/p>\n<p>&nbsp;<\/p>\n","protected":false},"excerpt":{"rendered":"<p>Lapin eAmis -hankkeen tavoitteena on kehitt\u00e4\u00e4 ammatillisen koulutuksen digitaalisuuteen liittyvi\u00e4 palveluja ja toimintatapoja opiskelijan opintopolun eri vaiheissa oppimisen joustavuuden ja saavutettavuuden lis\u00e4\u00e4miseksi. Yhteisen\u00e4 tavoitteena on lappilaisten ammatillisten oppilaitosten yhteisty\u00f6ss\u00e4 rakentama Lapin eAmis toimintamalli, jossa opiskelijoille tarjotaan erilaisia mahdollisuuksia opiskella ajasta &hellip; <a href=\"https:\/\/blogi.eoppimispalvelut.fi\/lapineamis\/hanke-esittely\/\">Continue reading <span class=\"meta-nav\">&rarr;<\/span><\/a><\/p>\n","protected":false},"author":3867,"featured_media":0,"parent":0,"menu_order":0,"comment_status":"closed","ping_status":"closed","template":"","meta":{"footnotes":""},"class_list":["post-9","page","type-page","status-publish","hentry"],"_links":{"self":[{"href":"https:\/\/blogi.eoppimispalvelut.fi\/lapineamis\/wp-json\/wp\/v2\/pages\/9","targetHints":{"allow":["GET"]}}],"collection":[{"href":"https:\/\/blogi.eoppimispalvelut.fi\/lapineamis\/wp-json\/wp\/v2\/pages"}],"about":[{"href":"https:\/\/blogi.eoppimispalvelut.fi\/lapineamis\/wp-json\/wp\/v2\/types\/page"}],"author":[{"embeddable":true,"href":"https:\/\/blogi.eoppimispalvelut.fi\/lapineamis\/wp-json\/wp\/v2\/users\/3867"}],"replies":[{"embeddable":true,"href":"https:\/\/blogi.eoppimispalvelut.fi\/lapineamis\/wp-json\/wp\/v2\/comments?post=9"}],"version-history":[{"count":4,"href":"https:\/\/blogi.eoppimispalvelut.fi\/lapineamis\/wp-json\/wp\/v2\/pages\/9\/revisions"}],"predecessor-version":[{"id":34,"href":"https:\/\/blogi.eoppimispalvelut.fi\/lapineamis\/wp-json\/wp\/v2\/pages\/9\/revisions\/34"}],"wp:attachment":[{"href":"https:\/\/blogi.eoppimispalvelut.fi\/lapineamis\/wp-json\/wp\/v2\/media?parent=9"}],"curies":[{"name":"wp","href":"https:\/\/api.w.org\/{rel}","templated":true}]}}