{"id":12,"date":"2018-09-06T11:24:07","date_gmt":"2018-09-06T08:24:07","guid":{"rendered":"https:\/\/blogi.eoppimispalvelut.fi\/lapinkehittajakoulu\/?page_id=12"},"modified":"2018-09-06T11:25:12","modified_gmt":"2018-09-06T08:25:12","slug":"toimenpiteet","status":"publish","type":"page","link":"https:\/\/blogi.eoppimispalvelut.fi\/lapinkehittajakoulu\/toimenpiteet\/","title":{"rendered":"Toimenpiteet"},"content":{"rendered":"<p><strong>Mit\u00e4 Lapin Kehitt\u00e4j\u00e4koulu-hankkeessa tehd\u00e4\u00e4n?<\/strong><\/p>\n<p align=\"LEFT\">Hankkeen pilottiryhm\u00e4n\u00e4 toimiviin Digiajan palvelujohtaminen -koulutuksiin otetaan mukaan\u00a030-35 eri alojen YAMK-tutkinto-opiskelijaa per ryhm\u00e4. Hankkeen toimenpiteet toteutetaan verkossa. Opetuksessa hy\u00f6dynnet\u00e4\u00e4n monipuolisesti et\u00e4yhteyksi\u00e4 (mm. Skype for Business, GSuite, AC).<\/p>\n<p align=\"LEFT\">Hankkeen konkreettiset toimenpiteet ovat seuraavat:<\/p>\n<p align=\"LEFT\">Toimenpide 1: Vaihtoehtoisista opintokokonaisuuksista koostuvan virtuaalisen opintotarjottimen muodostaminen<\/p>\n<p>Toimenpide 2: Visiting-professors -toiminnan kehitt\u00e4minen<\/p>\n<p>Toimenpide 3: Ty\u00f6n opinnollistamisen kehitt\u00e4minen<\/p>\n<p>Toimenpide 4: Lapin Kehitt\u00e4j\u00e4koulun opiskelijal\u00e4ht\u00f6isen YAMK-tutkintokoulutusmallin muodostaminen ja kuvaaminen<\/p>\n<p>Toimenpide 5: Hankkeen p\u00e4\u00e4tt\u00f6seminaari<\/p>\n<p><strong>Mit\u00e4 hankkeella saavutetaan?<\/strong><\/p>\n<p align=\"LEFT\">Tulos 1: Hankkeen aikana\u00a0tuotetaan opiskelijal\u00e4ht\u00f6inen, monialainen ja digitalisaation mahdollisuuksia hy\u00f6dynt\u00e4v\u00e4 YAMK-tutkintokoulutusmalli ja sen eri sis\u00e4ll\u00f6t\u00a0pilotoidaan kertaalleen. T\u00e4m\u00e4 luo perustan Lapin AMKin Kehitt\u00e4j\u00e4koululle, joka tarjoaa opiskelijoiden nykytarpeisiin vastaavaa YAMK-tutkintokoulutusta.<\/p>\n<p align=\"LEFT\">Tulos 2: Opiskelijat voivat jatkossa valita YAMK-tutkintokoulutukseensa opintosis\u00e4ll\u00f6t oman uransa siirtym\u00e4vaiheen tarpeita vastaaviksi.<\/p>\n<p align=\"LEFT\">Tulos 3: YAMK-opinnot on jatkossa mahdollista suorittaa mist\u00e4 p\u00e4in Suomea ja maailmaa tahansa, kun opetus toteutetaan virtuaalisesti.<\/p>\n<p align=\"LEFT\">Tulos 4: Hanke\u00a0vahvistaa opiskelijoiden ja ty\u00f6el\u00e4m\u00e4n keskin\u00e4ist\u00e4 verkostoitumista ja yhteisty\u00f6t\u00e4 sek\u00e4 kansallisesti ett\u00e4 kansainv\u00e4lisesti. Ty\u00f6el\u00e4m\u00e4n osaajien hy\u00f6dynt\u00e4minen opetuksessa on testataan ja toimintaa kehitet\u00e4\u00e4n suunnitelmalliseksi.<\/p>\n<p align=\"LEFT\">Tulos 5: Opiskelijoiden jo olemassa oleva osaaminen sek\u00e4 opintojen aikana teht\u00e4v\u00e4 ty\u00f6 tunnistetaan ja tunnustetaan aiempaa paremmin osaksi YAMK-tutkintokoulutusta. N\u00e4in opiskelijalle mahdollistuu opintojen aikana keskittyminen niihin opintokokonaisuuksien osiin, jotka parhaiten palvelevat h\u00e4nen omia koulutus- ja uratarpeitaan.<\/p>\n<p>&nbsp;<\/p>\n","protected":false},"excerpt":{"rendered":"<p>Mit\u00e4 Lapin Kehitt\u00e4j\u00e4koulu-hankkeessa tehd\u00e4\u00e4n? Hankkeen pilottiryhm\u00e4n\u00e4 toimiviin Digiajan palvelujohtaminen -koulutuksiin otetaan mukaan\u00a030-35 eri alojen YAMK-tutkinto-opiskelijaa per ryhm\u00e4. Hankkeen toimenpiteet toteutetaan verkossa. Opetuksessa hy\u00f6dynnet\u00e4\u00e4n monipuolisesti et\u00e4yhteyksi\u00e4 (mm. Skype for Business, GSuite, AC). Hankkeen konkreettiset toimenpiteet ovat seuraavat: Toimenpide 1: Vaihtoehtoisista opintokokonaisuuksista koostuvan virtuaalisen opintotarjottimen muodostaminen Toimenpide 2: Visiting-professors -toiminnan kehitt\u00e4minen Toimenpide 3: Ty\u00f6n opinnollistamisen kehitt\u00e4minen Toimenpide [&hellip;]<\/p>\n","protected":false},"author":3173,"featured_media":0,"parent":0,"menu_order":0,"comment_status":"closed","ping_status":"closed","template":"","meta":{"footnotes":""},"class_list":["post-12","page","type-page","status-publish","hentry"],"_links":{"self":[{"href":"https:\/\/blogi.eoppimispalvelut.fi\/lapinkehittajakoulu\/wp-json\/wp\/v2\/pages\/12","targetHints":{"allow":["GET"]}}],"collection":[{"href":"https:\/\/blogi.eoppimispalvelut.fi\/lapinkehittajakoulu\/wp-json\/wp\/v2\/pages"}],"about":[{"href":"https:\/\/blogi.eoppimispalvelut.fi\/lapinkehittajakoulu\/wp-json\/wp\/v2\/types\/page"}],"author":[{"embeddable":true,"href":"https:\/\/blogi.eoppimispalvelut.fi\/lapinkehittajakoulu\/wp-json\/wp\/v2\/users\/3173"}],"replies":[{"embeddable":true,"href":"https:\/\/blogi.eoppimispalvelut.fi\/lapinkehittajakoulu\/wp-json\/wp\/v2\/comments?post=12"}],"version-history":[{"count":4,"href":"https:\/\/blogi.eoppimispalvelut.fi\/lapinkehittajakoulu\/wp-json\/wp\/v2\/pages\/12\/revisions"}],"predecessor-version":[{"id":110,"href":"https:\/\/blogi.eoppimispalvelut.fi\/lapinkehittajakoulu\/wp-json\/wp\/v2\/pages\/12\/revisions\/110"}],"wp:attachment":[{"href":"https:\/\/blogi.eoppimispalvelut.fi\/lapinkehittajakoulu\/wp-json\/wp\/v2\/media?parent=12"}],"curies":[{"name":"wp","href":"https:\/\/api.w.org\/{rel}","templated":true}]}}