{"id":14,"date":"2018-09-06T11:26:02","date_gmt":"2018-09-06T08:26:02","guid":{"rendered":"https:\/\/blogi.eoppimispalvelut.fi\/lapinkehittajakoulu\/?page_id=14"},"modified":"2020-05-20T14:31:28","modified_gmt":"2020-05-20T11:31:28","slug":"yhteystiedot","status":"publish","type":"page","link":"https:\/\/blogi.eoppimispalvelut.fi\/lapinkehittajakoulu\/yhteystiedot\/","title":{"rendered":"Yhteystiedot"},"content":{"rendered":"<p><strong>Lapin Kehitt\u00e4j\u00e4koulu-hanketta toteuttavat Lapin AMKin YAMK-yksik\u00f6n yliopettajat:<\/strong><\/p>\n<p>&nbsp;<\/p>\n<p>&nbsp;<\/p>\n<p>Marita Turulin<\/p>\n<p>Projektip\u00e4\u00e4llikk\u00f6<\/p>\n<p>marita.turulin@lapinamk.fi<\/p>\n<p>puh. 050 3109363<\/p>\n<p>&nbsp;<\/p>\n<p>Merja Koikkalainen<\/p>\n<p>Kehitt\u00e4j\u00e4opettaja<\/p>\n<p>merja.koikkalainen@lapinamk.fi<\/p>\n<p>puh. 040 1531470<\/p>\n<p>&nbsp;<\/p>\n<p>Soili M\u00e4kimurto-Koivumaa<\/p>\n<p>Kehitt\u00e4j\u00e4opettaja<\/p>\n<p>soili.makimurto-koivumaa@lapinamk.fi<\/p>\n<p>puh. 040 7340405<\/p>\n<p>&nbsp;<\/p>\n<p>Outi Mattila<\/p>\n<p>Kehitt\u00e4j\u00e4opettaja<\/p>\n<p>outi.mattila@lapinamk.fi<\/p>\n<p>puh. 040 7498615<\/p>\n<p>&nbsp;<\/p>\n<p>Maarit Tihinen<\/p>\n<p>Kehitt\u00e4j\u00e4opettaja<\/p>\n<p>maarit.tihinen@lapinamk.fi<\/p>\n<p>puh. 040\u00a0760 9578<\/p>\n<p>&nbsp;<\/p>\n","protected":false},"excerpt":{"rendered":"<p>Lapin Kehitt\u00e4j\u00e4koulu-hanketta toteuttavat Lapin AMKin YAMK-yksik\u00f6n yliopettajat: &nbsp; &nbsp; Marita Turulin Projektip\u00e4\u00e4llikk\u00f6 marita.turulin@lapinamk.fi puh. 050 3109363 &nbsp; Merja Koikkalainen Kehitt\u00e4j\u00e4opettaja merja.koikkalainen@lapinamk.fi puh. 040 1531470 &nbsp; Soili M\u00e4kimurto-Koivumaa Kehitt\u00e4j\u00e4opettaja soili.makimurto-koivumaa@lapinamk.fi puh. 040 7340405 &nbsp; Outi Mattila Kehitt\u00e4j\u00e4opettaja outi.mattila@lapinamk.fi puh. 040 7498615 &nbsp; Maarit Tihinen Kehitt\u00e4j\u00e4opettaja maarit.tihinen@lapinamk.fi puh. 040\u00a0760 9578 &nbsp;<\/p>\n","protected":false},"author":3173,"featured_media":0,"parent":0,"menu_order":0,"comment_status":"closed","ping_status":"closed","template":"","meta":{"footnotes":""},"class_list":["post-14","page","type-page","status-publish","hentry"],"_links":{"self":[{"href":"https:\/\/blogi.eoppimispalvelut.fi\/lapinkehittajakoulu\/wp-json\/wp\/v2\/pages\/14","targetHints":{"allow":["GET"]}}],"collection":[{"href":"https:\/\/blogi.eoppimispalvelut.fi\/lapinkehittajakoulu\/wp-json\/wp\/v2\/pages"}],"about":[{"href":"https:\/\/blogi.eoppimispalvelut.fi\/lapinkehittajakoulu\/wp-json\/wp\/v2\/types\/page"}],"author":[{"embeddable":true,"href":"https:\/\/blogi.eoppimispalvelut.fi\/lapinkehittajakoulu\/wp-json\/wp\/v2\/users\/3173"}],"replies":[{"embeddable":true,"href":"https:\/\/blogi.eoppimispalvelut.fi\/lapinkehittajakoulu\/wp-json\/wp\/v2\/comments?post=14"}],"version-history":[{"count":12,"href":"https:\/\/blogi.eoppimispalvelut.fi\/lapinkehittajakoulu\/wp-json\/wp\/v2\/pages\/14\/revisions"}],"predecessor-version":[{"id":145,"href":"https:\/\/blogi.eoppimispalvelut.fi\/lapinkehittajakoulu\/wp-json\/wp\/v2\/pages\/14\/revisions\/145"}],"wp:attachment":[{"href":"https:\/\/blogi.eoppimispalvelut.fi\/lapinkehittajakoulu\/wp-json\/wp\/v2\/media?parent=14"}],"curies":[{"name":"wp","href":"https:\/\/api.w.org\/{rel}","templated":true}]}}