{"id":153,"date":"2020-09-04T15:01:09","date_gmt":"2020-09-04T12:01:09","guid":{"rendered":"https:\/\/blogi.eoppimispalvelut.fi\/lapinkehittajakoulu\/?page_id=153"},"modified":"2020-10-29T15:03:04","modified_gmt":"2020-10-29T13:03:04","slug":"tyoelamayhteistyo","status":"publish","type":"page","link":"https:\/\/blogi.eoppimispalvelut.fi\/lapinkehittajakoulu\/tyoelamayhteistyo\/","title":{"rendered":"Visiting Proferssorit"},"content":{"rendered":"<p>&nbsp;<\/p>\n<table>\n<tbody>\n<tr>\n<td valign=\"top\" width=\"321\">&nbsp;<\/p>\n<p><a href=\"https:\/\/blogi.eoppimispalvelut.fi\/lapinkehittajakoulu\/tyoelamayhteistyo\/lakkala\/\" rel=\"attachment wp-att-154\"><img loading=\"lazy\" decoding=\"async\" class=\"aligncenter wp-image-154\" src=\"https:\/\/blogi.eoppimispalvelut.fi\/lapinkehittajakoulu\/files\/2020\/09\/lakkala.jpg\" alt=\"\" width=\"285\" height=\"380\" \/><\/a><\/td>\n<td width=\"321\">&nbsp;<\/p>\n<p><strong>HANNA LAKKALA<\/strong><\/p>\n<p>FM, projektip\u00e4\u00e4llikk\u00f6n\u00e4, asiantuntija Tulevaisuuden tutkimuskeskus Turun yliopisto<\/p>\n<p>Toimin projektip\u00e4\u00e4llikkyyden ja asiantuntijuuden lis\u00e4ksi yritysvastuukonsulttina Rhea Solutions Oy:ss\u00e4, jonka osakas my\u00f6s olen.\u00a0 Olen taustaltani maantieteilij\u00e4 (Uumajan yliopisto) ja olen ty\u00f6skennellyt Euroopassa, Aasiassa ja Latinalaisessa Amerikassa kest\u00e4v\u00e4\u00e4n kehitykseen, yritysvastuuseen ja ennakointiin ja tulevaisuudentutkimukseen liittyviss\u00e4 eri sektoreiden hankkeissa. Olen kotoisin Torniosta ja olen nyky\u00e4\u00e4n mukana kehitt\u00e4mishankkeissa my\u00f6s Lapin alueella.<\/p>\n<p>&nbsp;<\/p>\n<p>Hanna Lakkala hanna.k.lakkala(\u00e4t)utu.fi<\/p>\n<p>&nbsp;<\/p>\n<p>&nbsp;<\/p>\n<p>&nbsp;<\/p>\n<hr \/>\n<\/td>\n<\/tr>\n<tr>\n<td valign=\"top\" width=\"321\"><a href=\"https:\/\/blogi.eoppimispalvelut.fi\/lapinkehittajakoulu\/tyoelamayhteistyo\/rontti\/\" rel=\"attachment wp-att-159\"><img loading=\"lazy\" decoding=\"async\" class=\"aligncenter wp-image-159\" src=\"https:\/\/blogi.eoppimispalvelut.fi\/lapinkehittajakoulu\/files\/2020\/09\/rontti.jpg\" alt=\"\" width=\"279\" height=\"373\" srcset=\"https:\/\/blogi.eoppimispalvelut.fi\/lapinkehittajakoulu\/files\/2020\/09\/rontti.jpg 789w, https:\/\/blogi.eoppimispalvelut.fi\/lapinkehittajakoulu\/files\/2020\/09\/rontti-768x1026.jpg 768w\" sizes=\"auto, (max-width: 279px) 100vw, 279px\" \/><\/a><\/td>\n<td width=\"321\">&nbsp;<\/p>\n<p><strong>SIMO RONTTI<\/strong><\/p>\n<p><strong>\u00a0<\/strong><strong>\u00a0<\/strong>Palvelumuotoilija, Kaleva Media \/ Deveron<\/p>\n<p>Taiteen maisteri (teollinen muotoilija)<\/p>\n<p>Opettajan pedagosiset opinnot<\/p>\n<p><strong>\u00a0<\/strong>Olen rovaniemel\u00e4inen palvelumuotoilija ja kouluttaja, joka on vuodesta 2009 l\u00e4htien vet\u00e4nyt useita palvelumuotoiluprojekteja ja -ty\u00f6pajoja yrityksille ja julkisille organisaatioille. T\u00e4ll\u00e4 hetkell\u00e4 toimin Kaleva Media -konsernissa palvelumuotoilutiimin vet\u00e4j\u00e4n\u00e4. Olen my\u00f6s opettanut palvelumuotoilua Lapin yliopistossa vuosina 2009-2018, jona aikana johdin Lapin yliopiston Service Innovation Corner (SINCO) -prototypointiymp\u00e4rist\u00f6n kehitt\u00e4mishankkeita, joissa luotiin teknologia-avusteisia menetelmi\u00e4 palvelujen prototypointiin. Ennen vuotta 2009 minulla on my\u00f6s vuosien kokemus tuotekehityksest\u00e4, k\u00e4ytt\u00e4j\u00e4l\u00e4ht\u00f6isest\u00e4 konseptoinnista ja organisaation innovatiivisuuden kehitt\u00e4misest\u00e4 Lappset Group Oy:ss\u00e4.<\/p>\n<p><strong>\u00a0<\/strong><\/p>\n<p>simo.rontt(\u00e4t)deveron.fi<\/p>\n<p>&nbsp;<\/p>\n<p>&nbsp;<\/p>\n<hr \/>\n<\/td>\n<\/tr>\n<tr>\n<td valign=\"top\" width=\"321\"><a href=\"https:\/\/blogi.eoppimispalvelut.fi\/lapinkehittajakoulu\/tyoelamayhteistyo\/johanna-niva\/\" rel=\"attachment wp-att-166\"><img loading=\"lazy\" decoding=\"async\" class=\"aligncenter size-full wp-image-166\" src=\"https:\/\/blogi.eoppimispalvelut.fi\/lapinkehittajakoulu\/files\/2020\/09\/Johanna-Niva.jpg\" alt=\"\" width=\"307\" height=\"307\" srcset=\"https:\/\/blogi.eoppimispalvelut.fi\/lapinkehittajakoulu\/files\/2020\/09\/Johanna-Niva.jpg 307w, https:\/\/blogi.eoppimispalvelut.fi\/lapinkehittajakoulu\/files\/2020\/09\/Johanna-Niva-120x120.jpg 120w, https:\/\/blogi.eoppimispalvelut.fi\/lapinkehittajakoulu\/files\/2020\/09\/Johanna-Niva-50x50.jpg 50w, https:\/\/blogi.eoppimispalvelut.fi\/lapinkehittajakoulu\/files\/2020\/09\/Johanna-Niva-80x80.jpg 80w\" sizes=\"auto, (max-width: 307px) 100vw, 307px\" \/><\/a><\/td>\n<td width=\"321\">&nbsp;<\/p>\n<p><strong>JOHANNA NIVA<\/strong><\/p>\n<p>&nbsp;<\/p>\n<p>DI (tietojohtaminen), KTM<\/p>\n<p>Olen liiketoiminnan kehitt\u00e4misen ja johtamisen ammattilainen, jonka syd\u00e4nt\u00e4 l\u00e4hell\u00e4 on mahdollistaa sote-ammattilaisille ja asukkaille toimivat ICT-ratkaisut Pohjois-Suomessa. Ty\u00f6skentelen LapIT Oy:ss\u00e4 liiketoimintajohtajana. Meill\u00e4 on aktiivinen ja innostunut 125 henkil\u00f6n ty\u00f6yhteis\u00f6 eri puolilla Lappia. Tuotamme asiakkaillemme jatkuvien ICT-tukipalveluiden lis\u00e4ksi muun muassa tiedolla johtamisen, tietosuojan ja tietoturvan sek\u00e4 prosessien kehitt\u00e4misen asiantuntijapalveluita.<\/p>\n<p>&nbsp;<\/p>\n<p>Johanna.Niva(\u00e4t)lapit.fi<\/p>\n<p>&nbsp;<\/p>\n<p>&nbsp;<\/p>\n<hr \/>\n<\/td>\n<\/tr>\n<tr>\n<td valign=\"top\" width=\"321\"><img loading=\"lazy\" decoding=\"async\" class=\"aligncenter wp-image-187\" src=\"https:\/\/blogi.eoppimispalvelut.fi\/lapinkehittajakoulu\/files\/2020\/10\/saija-hyry.png\" alt=\"\" width=\"299\" height=\"400\" \/><\/td>\n<td width=\"321\">&nbsp;<\/p>\n<p><strong>SAIJA HYRY<\/strong><\/p>\n<p>&nbsp;<\/p>\n<p>MBA (YAMK-tradenomi)<\/p>\n<p>&nbsp;<\/p>\n<p>Olen ty\u00f6skennellyt Stora Enson Veitsiluodon tehtaan henkil\u00f6st\u00f6p\u00e4\u00e4llikk\u00f6n\u00e4 ja HR business partnerina nyt nelisen vuotta. Aiemmin ty\u00f6skentelin pari vuotta projektip\u00e4\u00e4llikk\u00f6n\u00e4 matkailun kehitt\u00e4miseen keskittyviss\u00e4 EU-hankkeissa Meri-Lapin alueella, nelisen vuotta IT-alalla Wipron ja sen tyt\u00e4ryhti\u00f6n sek\u00e4 Crelint OY:n palveluksessa henkil\u00f6st\u00f6p\u00e4\u00e4llikk\u00f6n\u00e4 ja hallintojohtajana sek\u00e4 reilut 10 vuotta matkailualalla Lapin Safareilla sek\u00e4 Lapland Hotels &amp; Safaris Oy:n palveluksessa myynniss\u00e4, markkinoinnissa ja operoinnissa. Olen koko ty\u00f6urani ajan ollut tekemisiss\u00e4 ihmisten kanssa asiakaspalvelun, johtamisen ja kehitt\u00e4misen n\u00e4k\u00f6kulmasta. Olen toiminut niin pienemmiss\u00e4 ty\u00f6yhteis\u00f6iss\u00e4 kuin monikulttuurisissa matriisiorganisaatioissa ja vaikuttanut eri yritysten johtoryhmiss\u00e4.<\/p>\n<p>Olen opiskellut silloisessa Rovaniemen ammattikorkeakoulussa Liiketoiminnan tradenomiksi ja my\u00f6hemmin Lapin ammattikorkeakoulussa ylemm\u00e4n ammattikorkeakoulun englanninkielisen MBA tutkinnon International Business Management. Tutkimuskohteenani oli kehityskeskusteluprosessi esimiesten n\u00e4k\u00f6kulmasta katsottuna.<\/p>\n<p>&nbsp;<\/p>\n<p>&nbsp;<\/p>\n<p>saija.hyry(\u00e4t)storaenso.com<\/p>\n<p>&nbsp;<\/p>\n<p>&nbsp;<\/p>\n<hr \/>\n<\/td>\n<\/tr>\n<tr>\n<td valign=\"top\" width=\"321\"><a href=\"https:\/\/blogi.eoppimispalvelut.fi\/lapinkehittajakoulu\/tyoelamayhteistyo\/sanna-tyni-virallinen\/\" rel=\"attachment wp-att-194\"><img loading=\"lazy\" decoding=\"async\" class=\"aligncenter wp-image-194\" src=\"https:\/\/blogi.eoppimispalvelut.fi\/lapinkehittajakoulu\/files\/2020\/10\/Sanna-Tyni-virallinen.jpg\" alt=\"Sanna Tyni\" width=\"298\" height=\"447\" \/><\/a><\/td>\n<td width=\"321\">&nbsp;<\/p>\n<p><strong>SANNA TYNI<\/strong><\/p>\n<p>Ty\u00f6skentelen Lapin ammattikorkeakoulussa Arktiset luonnonvarat ja talous osaamisalueella kiertotalouden erityisasiantuntijana. Olen aloittanut ty\u00f6skentelyn Lapin AMKissa syksyll\u00e4 2017 toimien bio- ja kiertotalouden erityisasiantuntijana sek\u00e4 projektip\u00e4\u00e4llikk\u00f6n\u00e4 kiertotalouteen liittyviss\u00e4 kehityshankkeissa. Lis\u00e4ksi toiminin my\u00f6s sivutoimisena opettajana ja opinn\u00e4ytet\u00f6iden ohjaajana sek\u00e4 AMK-, ett\u00e4 YAMK-koulutuksessa. Iso osa ty\u00f6nkuvaani on ollut osallistuminen k\u00e4ynniss\u00e4 olevien hankkeiden toteutukseen sek\u00e4 uusien hankkeiden suunnitteluun.<\/p>\n<p>&nbsp;<\/p>\n<p>Oulun yliopiston Kemian laitoksella suoritetut opintoni kytkeytyiv\u00e4t jo aikanaan ep\u00e4orgaaniseen kemiaan soveltavasta n\u00e4k\u00f6kulmasta. Olen tutkinut mm. hevosenlannan soveltuvuutta polttoaineeksi, tuhkan aiheuttamia ongelmia teollisuusmittaluokan polttolaitoksissa sek\u00e4 tuhkan hy\u00f6dynt\u00e4mismahdollisuuksia geopolymeerien raaka-aineeksi. T\u00e4lt\u00e4 pohjalta kytkeytyminen osaksi Lapin AMKin bio- ja kiertotaloustoiminnan kehitt\u00e4mist\u00e4 oli mahdollisuus jatkaa ty\u00f6skentely\u00e4 kest\u00e4v\u00e4mm\u00e4n tulevaisuuden puolesta. Erityisen kiinnostavaksi olen kokenut bio- ja kiertotalouden monialaisen yhteisty\u00f6n, jonka kautta on mahdollista ratkaista systemaattista muutosta vaativia prosesseja. Teeman kytkeytyminen eri aloihin ja toimintoihin tulee my\u00f6s vaatimaan tulevaisuudessa ty\u00f6ntekij\u00f6ilt\u00e4 ja asiantuntijoilta kyky\u00e4 monialaiseen yhteisty\u00f6h\u00f6n ja oman osaamisen soveltamiseen.<\/p>\n<p>&nbsp;<\/p>\n<p>sanna.tyni(\u00e4t)lapinamk.fi<\/p>\n<p>&nbsp;<\/p>\n<hr \/>\n<\/td>\n<\/tr>\n<tr>\n<td valign=\"top\" width=\"321\"><a href=\"https:\/\/blogi.eoppimispalvelut.fi\/lapinkehittajakoulu\/tyoelamayhteistyo\/kari-poikela\/\" rel=\"attachment wp-att-177\"><img loading=\"lazy\" decoding=\"async\" class=\"aligncenter wp-image-177\" src=\"https:\/\/blogi.eoppimispalvelut.fi\/lapinkehittajakoulu\/files\/2020\/09\/Kari-Poikela.jpg\" alt=\"\" width=\"314\" height=\"314\" srcset=\"https:\/\/blogi.eoppimispalvelut.fi\/lapinkehittajakoulu\/files\/2020\/09\/Kari-Poikela.jpg 750w, https:\/\/blogi.eoppimispalvelut.fi\/lapinkehittajakoulu\/files\/2020\/09\/Kari-Poikela-120x120.jpg 120w, https:\/\/blogi.eoppimispalvelut.fi\/lapinkehittajakoulu\/files\/2020\/09\/Kari-Poikela-50x50.jpg 50w, https:\/\/blogi.eoppimispalvelut.fi\/lapinkehittajakoulu\/files\/2020\/09\/Kari-Poikela-80x80.jpg 80w\" sizes=\"auto, (max-width: 314px) 100vw, 314px\" \/><\/a><\/td>\n<td width=\"321\">&nbsp;<\/p>\n<p><strong>KARI POIKELA<\/strong><\/p>\n<p>Diplomi-insin\u00f6\u00f6ri (Prosessitekniikka, Tuotantotalous)<\/p>\n<p>Ty\u00f6skentelen Pohjaset Oy:ssa kierr\u00e4tys- ja bioenergiapalveluiden kehitysjohtajana ja nykyisess\u00e4 ty\u00f6ss\u00e4ni aloitin t\u00e4m\u00e4n vuoden maaliskuun alussa teht\u00e4v\u00e4ni kest\u00e4v\u00e4n kasvun mahdollistaminen yritykselle. Aiemmin ty\u00f6skentelin kymmenisen vuotta Kemin Digipolis Oy:ssa teollisuuspalvelujen kehitt\u00e4misen ohjelmap\u00e4\u00e4llikk\u00f6n\u00e4, Arktisen teollisuuden ja kiertotalouden klusterin johtajana sek\u00e4 viimeisin teht\u00e4v\u00e4ni Digipoliksessa oli Kierto- ja biotalouskeskuksen johtaminen. Olen koko ty\u00f6urani ty\u00f6skennellyt ymp\u00e4rist\u00f6liiketoiminnan, tilaus-toimitusketjujen ja uuden liiketoiminnan kehitt\u00e4misen sek\u00e4 verkostojohtamisen parissa Pohjois-Suomen, Suomen ja Euroopan tasoilla.<\/p>\n<p>Tein diplomity\u00f6ni aiheesta Teollisuusj\u00e4tteen hy\u00f6dynt\u00e4minen ja siihen liittyv\u00e4t liiketoimintamahdollisuudet Oulun seudulla. T\u00e4m\u00e4n j\u00e4lkeen teht\u00e4v\u00e4ni ovat liittyneet s\u00e4hk\u00f6- ja elektroniikkalaiteromun (SER) kierr\u00e4tykseen sek\u00e4 valtakunnallisen ker\u00e4ys- ja k\u00e4sittelyj\u00e4rjestelm\u00e4n rakentamiseen, siihen liittyv\u00e4\u00e4n viranomais- ja tuottajayhteisty\u00f6h\u00f6n sek\u00e4 johtamiseen, teollisuus-, kaivos- ja yhdyskuntaj\u00e4tteiden k\u00e4sittelyyn ja hy\u00f6dynt\u00e4miseen sek\u00e4 edellisiin kokonaisuuksiin liittyvien konsortioiden ja yhteisty\u00f6verkostojen rakentamiseen. Kiertotaloutta ei kukaan pysty tekem\u00e4\u00e4n yksin\u00e4\u00e4n ja sen takia on eritt\u00e4in t\u00e4rke\u00e4\u00e4 olla l\u00e4sn\u00e4 verkostoissa, joissa on mukana elinkeinoel\u00e4m\u00e4n, koulutuksen ja tutkimuksen sek\u00e4 viranomaisten edustajia toimialarajat ylitt\u00e4v\u00e4ll\u00e4 mallilla.<\/p>\n<p>kari.poikela(\u00e4t)pohjaset.com<\/p>\n<p>&nbsp;<\/p>\n<hr \/>\n<p>&nbsp;<\/td>\n<\/tr>\n<tr>\n<td valign=\"top\" width=\"321\"><a href=\"https:\/\/blogi.eoppimispalvelut.fi\/lapinkehittajakoulu\/tyoelamayhteistyo\/sony-dsc\/\" rel=\"attachment wp-att-198\"><img loading=\"lazy\" decoding=\"async\" class=\"aligncenter wp-image-198\" src=\"https:\/\/blogi.eoppimispalvelut.fi\/lapinkehittajakoulu\/files\/2020\/10\/DSC09296-i-900x900.jpg\" alt=\"Oscar Santoalla\" width=\"297\" height=\"297\" srcset=\"https:\/\/blogi.eoppimispalvelut.fi\/lapinkehittajakoulu\/files\/2020\/10\/DSC09296-i-900x900.jpg 900w, https:\/\/blogi.eoppimispalvelut.fi\/lapinkehittajakoulu\/files\/2020\/10\/DSC09296-i-1280x1280.jpg 1280w, https:\/\/blogi.eoppimispalvelut.fi\/lapinkehittajakoulu\/files\/2020\/10\/DSC09296-i-120x120.jpg 120w, https:\/\/blogi.eoppimispalvelut.fi\/lapinkehittajakoulu\/files\/2020\/10\/DSC09296-i-768x768.jpg 768w, https:\/\/blogi.eoppimispalvelut.fi\/lapinkehittajakoulu\/files\/2020\/10\/DSC09296-i-1536x1536.jpg 1536w, https:\/\/blogi.eoppimispalvelut.fi\/lapinkehittajakoulu\/files\/2020\/10\/DSC09296-i-2048x2048.jpg 2048w, https:\/\/blogi.eoppimispalvelut.fi\/lapinkehittajakoulu\/files\/2020\/10\/DSC09296-i-50x50.jpg 50w, https:\/\/blogi.eoppimispalvelut.fi\/lapinkehittajakoulu\/files\/2020\/10\/DSC09296-i-80x80.jpg 80w\" sizes=\"auto, (max-width: 297px) 100vw, 297px\" \/><\/a><\/td>\n<td width=\"321\">&nbsp;<\/p>\n<p><strong>Oscar Santolalla<\/strong><\/p>\n<p>Master in Mobile Computing, Teknillinen Korkeakoulu (nowadays Aalto University)<\/p>\n<p>Sales Engineer at Ubisecure, Helsinki<\/p>\n<p>Digital identity professional working as Sales Engineer at Ubisecure, where I also host the podcast \u201cLet\u2019s Talk About Digital Identity.\u201d My experience in the technology arena includes digital identity and cybersecurity, product development, and telecommunications. My second mission is helping people in technology companies present better, inspire others, and sell more. I am author of the books \u201cCreate and Deliver a Killer Product Demo\u201d and \u201cRock the Tech Stage.\u201d I have also been lecturer at the Pontifical Catholic University of Peru, school of Computer Engineering.<\/p>\n<p>&nbsp;<\/p>\n<p>oscar(\u00e4t)oscarsantolalla.com<\/p>\n<p>&nbsp;<\/p>\n<hr \/>\n<p>&nbsp;<\/td>\n<\/tr>\n<tr>\n<td valign=\"top\" width=\"321\"><a href=\"https:\/\/blogi.eoppimispalvelut.fi\/lapinkehittajakoulu\/tyoelamayhteistyo\/dsc_0009-copia\/\" rel=\"attachment wp-att-200\"><img loading=\"lazy\" decoding=\"async\" class=\"aligncenter wp-image-200\" src=\"https:\/\/blogi.eoppimispalvelut.fi\/lapinkehittajakoulu\/files\/2020\/10\/DSC_0009-copia-900x910.png\" alt=\"Shirley Saenz\" width=\"300\" height=\"303\" srcset=\"https:\/\/blogi.eoppimispalvelut.fi\/lapinkehittajakoulu\/files\/2020\/10\/DSC_0009-copia-900x910.png 900w, https:\/\/blogi.eoppimispalvelut.fi\/lapinkehittajakoulu\/files\/2020\/10\/DSC_0009-copia-1280x1294.png 1280w, https:\/\/blogi.eoppimispalvelut.fi\/lapinkehittajakoulu\/files\/2020\/10\/DSC_0009-copia-120x120.png 120w, https:\/\/blogi.eoppimispalvelut.fi\/lapinkehittajakoulu\/files\/2020\/10\/DSC_0009-copia-768x777.png 768w, https:\/\/blogi.eoppimispalvelut.fi\/lapinkehittajakoulu\/files\/2020\/10\/DSC_0009-copia-1519x1536.png 1519w, https:\/\/blogi.eoppimispalvelut.fi\/lapinkehittajakoulu\/files\/2020\/10\/DSC_0009-copia-50x50.png 50w, https:\/\/blogi.eoppimispalvelut.fi\/lapinkehittajakoulu\/files\/2020\/10\/DSC_0009-copia-80x80.png 80w, https:\/\/blogi.eoppimispalvelut.fi\/lapinkehittajakoulu\/files\/2020\/10\/DSC_0009-copia.png 1600w\" sizes=\"auto, (max-width: 300px) 100vw, 300px\" \/><\/a><\/td>\n<td width=\"321\"><strong>Shirley Saenz<\/strong><\/p>\n<p>Business Partner, Director of Iceberg Cultural Intelligence. Cross Cultural and diversity expert with more than 10 years of experience of consulting and facilitation about diversity, inclusion and cultural intelligence. I am certified on Inclusive Leadership and Inclusive communication by Catalyst; and also I have certifications on Methods of Intercultural Training, Global Collaboration, and Effective Intercultural Teamwork by the Intercultural Communication Institute.<\/p>\n<p>Since 2009 I have been working across the Latin American region, and have become and expert on Latin American Cultures. Since 2015 I have been working as an Expert Panelist for the research on Global D&amp;I Benchmarks, and is a delegate of the DEI (Diversity, Equity and Inclusion) Futures project lead by the Center for Global Inclusion. I have been also working as a professor of Cross-Cultural Management for the Online Business School at Barcelona University in my specialties include expat training, leading global virtual teams, intercultural leadership and communication, and Diversity &amp; Inclusion.<\/td>\n<\/tr>\n<\/tbody>\n<\/table>\n<div class=\"page\" title=\"Page 1\">\n<div class=\"section\">\n<div class=\"layoutArea\">\n<div class=\"column\">\n<div class=\"page\" title=\"Page 1\">\n<div class=\"section\">\n<div class=\"layoutArea\">\n<div class=\"column\">\n<p>&nbsp;<\/p>\n<\/div>\n<\/div>\n<\/div>\n<\/div>\n<\/div>\n<\/div>\n<\/div>\n<\/div>\n","protected":false},"excerpt":{"rendered":"<p>&nbsp; &nbsp; &nbsp; HANNA LAKKALA FM, projektip\u00e4\u00e4llikk\u00f6n\u00e4, asiantuntija Tulevaisuuden tutkimuskeskus Turun yliopisto Toimin projektip\u00e4\u00e4llikkyyden ja asiantuntijuuden lis\u00e4ksi yritysvastuukonsulttina Rhea Solutions Oy:ss\u00e4, jonka osakas my\u00f6s olen.\u00a0 Olen taustaltani maantieteilij\u00e4 (Uumajan yliopisto) ja olen ty\u00f6skennellyt Euroopassa, Aasiassa ja Latinalaisessa Amerikassa kest\u00e4v\u00e4\u00e4n kehitykseen, yritysvastuuseen ja ennakointiin ja tulevaisuudentutkimukseen liittyviss\u00e4 eri sektoreiden hankkeissa. Olen kotoisin Torniosta ja olen nyky\u00e4\u00e4n [&hellip;]<\/p>\n","protected":false},"author":31,"featured_media":0,"parent":0,"menu_order":0,"comment_status":"closed","ping_status":"closed","template":"","meta":{"footnotes":""},"class_list":["post-153","page","type-page","status-publish","hentry"],"_links":{"self":[{"href":"https:\/\/blogi.eoppimispalvelut.fi\/lapinkehittajakoulu\/wp-json\/wp\/v2\/pages\/153","targetHints":{"allow":["GET"]}}],"collection":[{"href":"https:\/\/blogi.eoppimispalvelut.fi\/lapinkehittajakoulu\/wp-json\/wp\/v2\/pages"}],"about":[{"href":"https:\/\/blogi.eoppimispalvelut.fi\/lapinkehittajakoulu\/wp-json\/wp\/v2\/types\/page"}],"author":[{"embeddable":true,"href":"https:\/\/blogi.eoppimispalvelut.fi\/lapinkehittajakoulu\/wp-json\/wp\/v2\/users\/31"}],"replies":[{"embeddable":true,"href":"https:\/\/blogi.eoppimispalvelut.fi\/lapinkehittajakoulu\/wp-json\/wp\/v2\/comments?post=153"}],"version-history":[{"count":38,"href":"https:\/\/blogi.eoppimispalvelut.fi\/lapinkehittajakoulu\/wp-json\/wp\/v2\/pages\/153\/revisions"}],"predecessor-version":[{"id":206,"href":"https:\/\/blogi.eoppimispalvelut.fi\/lapinkehittajakoulu\/wp-json\/wp\/v2\/pages\/153\/revisions\/206"}],"wp:attachment":[{"href":"https:\/\/blogi.eoppimispalvelut.fi\/lapinkehittajakoulu\/wp-json\/wp\/v2\/media?parent=153"}],"curies":[{"name":"wp","href":"https:\/\/api.w.org\/{rel}","templated":true}]}}