{"id":23,"date":"2013-08-07T13:31:29","date_gmt":"2013-08-07T10:31:29","guid":{"rendered":"https:\/\/blogi.eoppimispalvelut.fi\/lapintno\/?page_id=23"},"modified":"2018-03-29T13:29:00","modified_gmt":"2018-03-29T10:29:00","slug":"ladattavat-asiakirjat","status":"publish","type":"page","link":"https:\/\/blogi.eoppimispalvelut.fi\/lapintno\/ladattavat-asiakirjat\/","title":{"rendered":"Julkaisuja, linkkej\u00e4 ja koulutusta"},"content":{"rendered":"<p><strong>Julkaisuja<\/strong><br \/>\n<strong><a href=\"http:\/\/www.opinovi.fi\/index.php?view=download&amp;alias=1348-aikuisten-tieto-neuvonta-ja-ohjauspalvelut-lapissa-ehdotus-toimintamalliksi&amp;category_slug=menestyjaeksi-lapissa&amp;option=com_docman&amp;Itemid=659&amp;lang=fi\" target=\"_blank\" rel=\"noopener noreferrer\">Aikuisten TNO-palvelut Lapissa. Ehdotus toimintamalliksi 2011<\/a><a href=\"https:\/\/julkaisut.valtioneuvosto.fi\/bitstream\/handle\/10024\/75476\/tr15.pdf?sequence=1\" target=\"_blank\" rel=\"noopener noreferrer\"><br \/>\nElinik\u00e4isen ohjauksen kehitt\u00e4misen strategiset tavoitteet<\/a><\/strong> &#8211; OKM 2011<br \/>\n<strong><a href=\"http:\/\/www.oph.fi\/download\/173192_erityisopetuksen_kasikirja.pdf\" target=\"_blank\" rel=\"noopener noreferrer\">Erityisopetuksen k\u00e4sikirja, Ammatillinen peruskoulutus ja aikuiskoulutus<\/a><\/strong> &#8211; OPHn verkkojulkaisu<br \/>\n<strong>Kohtaamon <a href=\"http:\/\/kohtaamo.info\/materiaalipankki\" target=\"_blank\" rel=\"noopener\">materiaalipankki<\/a><\/strong> &#8211;\u00a0Kohtaamo kehitt\u00e4\u00e4 nuorten matalan kynnyksen ohjauspalveluja,\u00a0 Ohjaamoja ja valtakunnallista verkko-ohjausta<br \/>\n<a href=\"https:\/\/jyx.jyu.fi\/dspace\/bitstream\/handle\/123456789\/48705\/KohtiAluekoordinaationKokonaiskuvaa_netti.pdf?sequence=1\" target=\"_blank\" rel=\"noopener noreferrer\"><strong>Kohti elinik\u00e4isen ohjauksen alueellisen koordinaation kokonaiskuvaa <\/strong><\/a>&#8211; eVOKES<a href=\"https:\/\/jyx.jyu.fi\/dspace\/bitstream\/handle\/123456789\/48705\/KohtiAluekoordinaationKokonaiskuvaa_netti.pdf?sequence=1\" target=\"_blank\" rel=\"noopener noreferrer\"><br \/>\n<\/a><strong><a href=\"http:\/\/www.doria.fi\/bitstream\/handle\/10024\/85006\/Elinvoinaa_alueelle_08_2012.pdf?sequence=1\" target=\"_blank\" rel=\"noopener noreferrer\">Lapin aikuiskoulutusstrategia 2020<br \/>\n<\/a><a href=\"http:\/\/www.theseus.fi\/handle\/10024\/69720\" target=\"_blank\" rel=\"noopener noreferrer\">Lapin ammattikorkeakoulun julkaisut ja opinn\u00e4ytteet<br \/>\n<\/a><a href=\"https:\/\/issuu.com\/lappia\/docs\/toimintak__sikirja\" target=\"_blank\" rel=\"noopener\">Lapin TNO-palvelujen toimintak\u00e4sikirja 31.10.2017 (digijulkaisu)<\/a> <\/strong><br \/>\n<a href=\"http:\/\/lauda.ulapland.fi\/\" target=\"_blank\" rel=\"noopener noreferrer\"><strong>Lapin yliopiston julkaisut ja opinn\u00e4ytteet<\/strong><br \/>\n<\/a><a href=\"http:\/\/www.theseus.fi\/handle\/10024\/130091\" target=\"_blank\" rel=\"noopener noreferrer\"><strong>Menestyj\u00e4ksi Lapissa : Maakunnallinen tieto-, neuvonta- ja ohjauspalvelujen strategia vuoteen 2025<\/strong><\/a><br \/>\n<a href=\"http:\/\/bit.ly\/2fQuVNX\" target=\"_blank\" rel=\"noopener\"><strong>Mit\u00e4 on monialainen yhteisty\u00f6 Lapissa, jolla tuetaan asiakkaan p\u00e4\u00e4sy\u00e4 koulutukseen tai ty\u00f6el\u00e4m\u00e4\u00e4n?<\/strong><\/a><strong><b> &#8211;<\/b><\/strong> Lapin TNO-palvelut -projektin selvitys, Petra Pudas<br \/>\n<strong><a href=\"http:\/\/www.humak.fi\/julkaisut\/nuorten-nivelvaiheen-ohjaus-lapissa\/\" target=\"_blank\" rel=\"noopener noreferrer\">Nuorten nivelvaiheen ohjaus Lapissa <\/a><\/strong>&#8211; esiselvitys 2014 (HUMAK)<br \/>\n<strong><a href=\"http:\/\/www.theseus.fi\/\" target=\"_blank\" rel=\"noopener noreferrer\">Theseus.fi<\/a><\/strong>\u00a0 &#8211; ammattikorkeakoulujen julkaisut ja opinn\u00e4ytteet verkossa<br \/>\n<a href=\"https:\/\/drive.google.com\/open?id=0B-2G5iExUTSmTFVNOW5EamtPWmc\" target=\"_blank\" rel=\"noopener\"><strong>TNO-aihealueen l\u00e4hteit\u00e4<\/strong><\/a> &#8211; p\u00e4ivitett\u00e4v\u00e4 koonti (27.9.2017)<br \/>\n<strong><a href=\"http:\/\/tietokayttoon.fi\/documents\/10616\/2009122\/3_TYVA.pdf\/ccff9ee3-4de3-4186-9117-eb5c800468db?version=1.0\" target=\"_blank\" rel=\"noopener noreferrer\">Ty\u00f6politiikan vaikuttavuus ja vaihtoehdot<\/a><\/strong> &#8211; Tutkimus ty\u00f6poliittisten toimenpiteiden toimivuudesta, tuloksista ja tulevaisuudesta (TYVA)<br \/>\n<strong><a href=\"http:\/\/www.lapinamk.fi\/fi\/Tyoelamalle\/Julkaisut\/Lapin-AMKin-julkaisut?itemid=2233&amp;showlocation=104db7a2-2204-472d-b9c1-354538a46511\" target=\"_blank\" rel=\"noopener noreferrer\">Urasuunnittelulla korkeakoulutetut ty\u00f6markkinoille<\/a><\/strong> &#8211; julkaisu (LapinAMK)<\/p>\n<p><strong>Linkkej\u00e4<\/strong><br \/>\n<a href=\"http:\/\/www.ammattinetti.fi\/\" target=\"_blank\" rel=\"noopener\"><strong>Ammattinetti <\/strong><\/a>&#8211; tietoa ammateista ja aloista<br \/>\n<a href=\"http:\/\/www.ammatinvalinta.fi\" target=\"_blank\" rel=\"noopener\"><strong>Ammatinvalinta<\/strong><\/a> &#8211; auttaa unelma-ammatin mets\u00e4styksess\u00e4<br \/>\n<a href=\"https:\/\/peda.net\/hankkeet\/elotori\" target=\"_blank\" rel=\"noopener\"><strong>ELO-tori<\/strong><\/a> &#8211; mm. valtakunnallisen ELO-yhteisty\u00f6ryhm\u00e4n kokousmuistiot<br \/>\n<strong><a href=\"http:\/\/www.evokes.fi\/\" target=\"_blank\" rel=\"noopener\">eVOKES<\/a> <\/strong>&#8211; Valtakunnallinen ohjausalan osaamiskeskus<br \/>\n<strong><a href=\"http:\/\/www.infopankki.fi\/\" target=\"_blank\" rel=\"noopener\">Infopankki<\/a> <\/strong>&#8211; maahanmuuttajia ty\u00f6ss\u00e4\u00e4n palveleville henkil\u00f6ille<br \/>\n<strong><a href=\"http:\/\/www.kotouttaminen.fi\" target=\"_blank\" rel=\"noopener\">Kotouttaminen<\/a> <\/strong>&#8211; TEMin sivusto kotouttamisen ja pakolaisten vastaanoton toimijoille<br \/>\n<a href=\"http:\/\/www.koukkuun.fi\" target=\"_blank\" rel=\"noopener\"><strong>Koukku-hanke<\/strong><\/a>\u00a0&#8211; ohjauksen ty\u00f6kaluja<br \/>\n<a href=\"http:\/\/luotsi.lappi.fi\/\" target=\"_blank\" rel=\"noopener\"><strong>Lapin Luotsi<\/strong> &#8211; ennakointiportaali<\/a><br \/>\n<a href=\"http:\/\/www.lanuti.fi\/Suomeksi\" target=\"_blank\" rel=\"noopener\"><strong>Lapin nuorten tieto- ja neuvontapalvelut<\/strong><\/a><br \/>\n<a href=\"http:\/\/muntalous.fi\/\" target=\"_blank\" rel=\"noopener\"><strong>Mun talous<\/strong><\/a> &#8211; verkosto nuorten talousosaamisen puolesta<br \/>\n<a href=\"http:\/\/www.puheet.net\/\" target=\"_blank\" rel=\"noopener\"><strong>PuhEet<\/strong><\/a> &#8211; Auttavat puhelimet &#8211; Vapaaehtoisen puhelin- ja verkkoauttamisen eettisten periaatteiden neuvottelukunnan<br \/>\n<a href=\"http:\/\/www.opintopolku.fi\" target=\"_blank\" rel=\"noopener\"><strong>Opintopolku<\/strong><\/a> &#8211; palveluita elinik\u00e4isen oppimispolun suunnitteluun ja toteuttamiseen<br \/>\n<a href=\"http:\/\/www.opinovi.fi\/index.php?option=com_content&amp;view=article&amp;id=1288:opin-ovi-kiertueen-raportit&amp;catid=503:aikuisohjauksen-koordinaatioprojekti-ajankohtaista&amp;Itemid=403&amp;lang=fi\" target=\"_blank\" rel=\"noopener\"><strong>Opin ovi kiertueen raportit<\/strong><\/a> &#8211; vuoden 2014 aikana toteutetun Opin ovi -kiertueen raportit<br \/>\n<a href=\"http:\/\/www.osaan.fi\" target=\"_blank\" rel=\"noopener\"><strong>Osaamisen tunnistaminen<\/strong><\/a> &#8211; arvioi osaamistasi ammatillisessa perustutkinnossa, ammattitutkinnossa tai erikoisammattitutkinnossa<br \/>\n<a href=\"http:\/\/www.ely-keskus.fi\/documents\/10191\/114747\/Palvelukartta-2014-09-16\/cd079c1f-8ade-4d29-a172-2354e80616ae\" target=\"_blank\" rel=\"noopener\"><strong>Palveluja ja rahoitusta yrityksille<\/strong><\/a> &#8211; ELY-keskuksen palvelukartta<br \/>\n<strong><a href=\"http:\/\/www.rajaneuvonta.net\/fi\/\" target=\"_blank\" rel=\"noopener\">Rajaneuvonta<\/a><\/strong> &#8211; Pohjoiskalotin rajaneuvontaa suomalaisille yrityksille ja yksityishenkil\u00f6ille<br \/>\n<a href=\"http:\/\/www.sitra.fi\/uutiset\/nuorten-syrjaytyminen\/tajua-mut-toimintamalli-vakiinnuttaa-asemaansa\" target=\"_blank\" rel=\"noopener\"><strong>Tajua mut!<\/strong><\/a> &#8211; <a href=\"http:\/\/www.sitra.fi\/\">Sitran<\/a> varhaisen tuen toimintamalli<br \/>\n<a href=\"http:\/\/www.te-palvelut.fi\/te\/fi\/tyonhakijalle\/loyda_toita\/index.html\" target=\"_blank\" rel=\"noopener\"><strong>TE-palvelut, ty\u00f6nhakijalle<\/strong><\/a><br \/>\n<a href=\"http:\/\/www.te-palvelut.fi\/te\/fi\/tyonantajalle\/loyda_tyontekija\/index.html\" target=\"_blank\" rel=\"noopener\"><strong>TE-palvelut, ty\u00f6nantajalle<\/strong><\/a><br \/>\n<strong><a href=\"https:\/\/www.tukinet.net\/palveluhaku\/index.tmpl?pager_current=1;free_text_value=;haku=1;ryhma_id=1\" target=\"_blank\" rel=\"noopener\">TukiNet<\/a><\/strong> &#8211; auttavat puhelimet Tukinet -kriisikeskus netiss\u00e4<br \/>\n<a href=\"http:\/\/uranoste.fi\/\" target=\"_blank\" rel=\"noopener\"><strong>Uranost<\/strong>e<\/a> &#8211;\u00a0 uutta nostetta uralle korkeakoulutetuille ja korkeakouluopiskelijoille<br \/>\n<strong><a href=\"http:\/\/www.virtu.fi\" target=\"_blank\" rel=\"noopener\">Virtu.fi<\/a> <\/strong>&#8211; Lappilaisten virtuaalinen sosiaali- ja terveyspalvelukeskus<\/p>\n<p><strong>Koulutusta<br \/>\n<\/strong><a href=\"http:\/\/www.avi.fi\/web\/avi\/tapahtumat-ja-koulutukset#.Vsq9nub3Sd4\" target=\"_blank\" rel=\"noopener noreferrer\"><strong>AVI\/Lappi<\/strong><\/a> &#8211; tapahtumat ja koulutukset<br \/>\n<a href=\"http:\/\/www.ely-keskus.fi\/web\/ely\/tapahtumat-ja-koulutukset#.WJ1xpvKUQmg\" target=\"_blank\" rel=\"noopener noreferrer\"><strong>ELY\/Lapp<\/strong>i<\/a> &#8211; tapahtumat ja koulutukset<br \/>\n<strong><a href=\"http:\/\/www.luovi.fi\/luovi\/asiantuntijapalvelut\/erkkaa-verkossa-luennot\/\" target=\"_blank\" rel=\"noopener noreferrer\">Erkkaa verkossa<\/a><\/strong> &#8211; Ammattiopisto Luovin maksuton, avoin luentosarja, my\u00f6s et\u00e4n\u00e4.<br \/>\n<strong><a href=\"http:\/\/www.kotouttaminen.fi\/kotouttaminen\/tyon_tueksi\/koulutukset_ja_tapahtumat\" target=\"_blank\" rel=\"noopener noreferrer\">Kotouttaminen -koulutukset ja tapahtumat<\/a><\/strong><a href=\"http:\/\/www.oph.fi\/download\/166279_2015_rahoitetut_hankkeet.pdf\" target=\"_blank\" rel=\"noopener noreferrer\"> &#8211;<\/a> Ty\u00f6- ja elinkeinoministeri\u00f6n palvelu<br \/>\n<a href=\"http:\/\/www.lapinkesayliopisto.fi\/LKY\/Suomeksi\/Koulutus\" target=\"_blank\" rel=\"noopener\"><strong>Lapin kes\u00e4yliopisto<\/strong><\/a> &#8211; ymp\u00e4ri vuoden koulutukset<br \/>\nOhjausty\u00f6n ennakointia \u2013 \u201dLuomuohjaaja\u201d kohtaa tulevaisuuden, videotallenteet<br \/>\n&#8211;\u00a0 <strong><a href=\"https:\/\/avi.adobeconnect.com\/p7wpu4eofi3\/\" target=\"_blank\" rel=\"noopener noreferrer\">Alusta lounastaukoon asti<\/a>, <a href=\"https:\/\/avi.adobeconnect.com\/p1cn1yi3vzv\/\" target=\"_blank\" rel=\"noopener noreferrer\">Johanna Ollila (Miten tulevaisuuteen ohjataan)<\/a><\/strong><a href=\"http:\/\/www.jamk.fi\/fi\/koulutus\/taydennyskoulutus\/opetus-ja-ohjaus\/ohjausosaaminen\/ohjaus--ja-neuvontatyon-osaajaksi\/\"><br \/>\n<\/a><a href=\"http:\/\/Ohjaan.fi\" target=\"_blank\" rel=\"noopener\"><strong>Ohjaan.fi<\/strong><\/a> &#8211; Tukea ja tietoa ty\u00f6paikkaohjauksen arkeen<br \/>\n<strong><a href=\"https:\/\/tampereenkesayliopisto.fi\/ohto\/\" target=\"_blank\" rel=\"noopener noreferrer\">OHTO<\/a><\/strong> -hankkeen koulutusmateriaalit 2016 (OHTO= Ohjauksen tehostaminen Opintopolku.fi \u2013palvelua hy\u00f6dynt\u00e4m\u00e4ll\u00e4) (ESR)<br \/>\n<strong><a href=\"http:\/\/www.oph.fi\/rahoitus\/valtionavustukset\/opetustoimen_henkilostokoulutus\/tilaisuudet\" target=\"_blank\" rel=\"noopener noreferrer\">Opetustoimen henkil\u00f6st\u00f6koulutus vuonna 2017<\/a><\/strong> &#8211; mm. 15.12.2016 pidetyn tiedotustilaisuuden nauhoitetut esitykset.<br \/>\n<a href=\"http:\/\/uranoste.fi\/tilaisuudet\/\" target=\"_blank\" rel=\"noopener noreferrer\"><strong>Uranoste &#8211; projektin syksyn 2017 webinaarit<\/strong><\/a>, ensimm\u00e4inen ke 13.9. CV-valokuvaus. Linkin takana my\u00f6s aikaisempien webinaarien tallennekirjasto.<\/p>\n<p>&nbsp;<\/p>\n","protected":false},"excerpt":{"rendered":"<p>Julkaisuja Aikuisten TNO-palvelut Lapissa. Ehdotus toimintamalliksi 2011 Elinik\u00e4isen ohjauksen kehitt\u00e4misen strategiset tavoitteet &#8211; OKM 2011 Erityisopetuksen k\u00e4sikirja, Ammatillinen peruskoulutus ja aikuiskoulutus &#8211; OPHn verkkojulkaisu Kohtaamon materiaalipankki &#8211;\u00a0Kohtaamo kehitt\u00e4\u00e4 nuorten matalan [&hellip;]<\/p>\n","protected":false},"author":821,"featured_media":0,"parent":0,"menu_order":0,"comment_status":"open","ping_status":"open","template":"","meta":{"jetpack_post_was_ever_published":false,"footnotes":""},"class_list":["post-23","page","type-page","status-publish","hentry"],"yoast_head":"<!-- This site is optimized with the Yoast SEO plugin v27.4 - https:\/\/yoast.com\/product\/yoast-seo-wordpress\/ -->\n<title>Julkaisuja, linkkej\u00e4 ja koulutusta - Lapin TNO-toimijalle<\/title>\n<meta name=\"robots\" content=\"noindex, follow, max-snippet:-1, max-image-preview:large, max-video-preview:-1\" \/>\n<meta property=\"og:locale\" content=\"fi_FI\" \/>\n<meta property=\"og:type\" content=\"article\" \/>\n<meta property=\"og:title\" content=\"Julkaisuja, linkkej\u00e4 ja koulutusta - Lapin TNO-toimijalle\" \/>\n<meta property=\"og:description\" content=\"Julkaisuja Aikuisten TNO-palvelut Lapissa. Ehdotus toimintamalliksi 2011 Elinik\u00e4isen ohjauksen kehitt\u00e4misen strategiset tavoitteet &#8211; OKM 2011 Erityisopetuksen k\u00e4sikirja, Ammatillinen peruskoulutus ja aikuiskoulutus &#8211; OPHn verkkojulkaisu Kohtaamon materiaalipankki &#8211;\u00a0Kohtaamo kehitt\u00e4\u00e4 nuorten matalan [&hellip;]\" \/>\n<meta property=\"og:url\" content=\"https:\/\/blogi.eoppimispalvelut.fi\/lapintno\/ladattavat-asiakirjat\/\" \/>\n<meta property=\"og:site_name\" content=\"Lapin TNO-toimijalle\" \/>\n<meta property=\"article:publisher\" content=\"https:\/\/www.facebook.com\/lapintno\/\" \/>\n<meta property=\"article:modified_time\" content=\"2018-03-29T10:29:00+00:00\" \/>\n<meta name=\"twitter:card\" content=\"summary_large_image\" \/>\n<meta name=\"twitter:label1\" content=\"Est. reading time\" \/>\n\t<meta name=\"twitter:data1\" content=\"2 minutes\" \/>\n<script type=\"application\/ld+json\" class=\"yoast-schema-graph\">{\"@context\":\"https:\\\/\\\/schema.org\",\"@graph\":[{\"@type\":\"WebPage\",\"@id\":\"https:\\\/\\\/blogi.eoppimispalvelut.fi\\\/lapintno\\\/ladattavat-asiakirjat\\\/\",\"url\":\"https:\\\/\\\/blogi.eoppimispalvelut.fi\\\/lapintno\\\/ladattavat-asiakirjat\\\/\",\"name\":\"Julkaisuja, linkkej\u00e4 ja koulutusta - Lapin TNO-toimijalle\",\"isPartOf\":{\"@id\":\"https:\\\/\\\/blogi.eoppimispalvelut.fi\\\/lapintno\\\/#website\"},\"datePublished\":\"2013-08-07T10:31:29+00:00\",\"dateModified\":\"2018-03-29T10:29:00+00:00\",\"breadcrumb\":{\"@id\":\"https:\\\/\\\/blogi.eoppimispalvelut.fi\\\/lapintno\\\/ladattavat-asiakirjat\\\/#breadcrumb\"},\"inLanguage\":\"fi\",\"potentialAction\":[{\"@type\":\"ReadAction\",\"target\":[\"https:\\\/\\\/blogi.eoppimispalvelut.fi\\\/lapintno\\\/ladattavat-asiakirjat\\\/\"]}]},{\"@type\":\"BreadcrumbList\",\"@id\":\"https:\\\/\\\/blogi.eoppimispalvelut.fi\\\/lapintno\\\/ladattavat-asiakirjat\\\/#breadcrumb\",\"itemListElement\":[{\"@type\":\"ListItem\",\"position\":1,\"name\":\"Home\",\"item\":\"https:\\\/\\\/blogi.eoppimispalvelut.fi\\\/lapintno\\\/\"},{\"@type\":\"ListItem\",\"position\":2,\"name\":\"Julkaisuja, linkkej\u00e4 ja koulutusta\"}]},{\"@type\":\"WebSite\",\"@id\":\"https:\\\/\\\/blogi.eoppimispalvelut.fi\\\/lapintno\\\/#website\",\"url\":\"https:\\\/\\\/blogi.eoppimispalvelut.fi\\\/lapintno\\\/\",\"name\":\"Lapin TNO-toimijalle\",\"description\":\"Sivusto Lapin tieto-, neuvonta- ja ohjaustoimijalle\",\"potentialAction\":[{\"@type\":\"SearchAction\",\"target\":{\"@type\":\"EntryPoint\",\"urlTemplate\":\"https:\\\/\\\/blogi.eoppimispalvelut.fi\\\/lapintno\\\/?s={search_term_string}\"},\"query-input\":{\"@type\":\"PropertyValueSpecification\",\"valueRequired\":true,\"valueName\":\"search_term_string\"}}],\"inLanguage\":\"fi\"}]}<\/script>\n<!-- \/ Yoast SEO plugin. -->","yoast_head_json":{"title":"Julkaisuja, linkkej\u00e4 ja koulutusta - Lapin TNO-toimijalle","robots":{"index":"noindex","follow":"follow","max-snippet":"max-snippet:-1","max-image-preview":"max-image-preview:large","max-video-preview":"max-video-preview:-1"},"og_locale":"fi_FI","og_type":"article","og_title":"Julkaisuja, linkkej\u00e4 ja koulutusta - Lapin TNO-toimijalle","og_description":"Julkaisuja Aikuisten TNO-palvelut Lapissa. Ehdotus toimintamalliksi 2011 Elinik\u00e4isen ohjauksen kehitt\u00e4misen strategiset tavoitteet &#8211; OKM 2011 Erityisopetuksen k\u00e4sikirja, Ammatillinen peruskoulutus ja aikuiskoulutus &#8211; OPHn verkkojulkaisu Kohtaamon materiaalipankki &#8211;\u00a0Kohtaamo kehitt\u00e4\u00e4 nuorten matalan [&hellip;]","og_url":"https:\/\/blogi.eoppimispalvelut.fi\/lapintno\/ladattavat-asiakirjat\/","og_site_name":"Lapin TNO-toimijalle","article_publisher":"https:\/\/www.facebook.com\/lapintno\/","article_modified_time":"2018-03-29T10:29:00+00:00","twitter_card":"summary_large_image","twitter_misc":{"Est. reading time":"2 minutes"},"schema":{"@context":"https:\/\/schema.org","@graph":[{"@type":"WebPage","@id":"https:\/\/blogi.eoppimispalvelut.fi\/lapintno\/ladattavat-asiakirjat\/","url":"https:\/\/blogi.eoppimispalvelut.fi\/lapintno\/ladattavat-asiakirjat\/","name":"Julkaisuja, linkkej\u00e4 ja koulutusta - Lapin TNO-toimijalle","isPartOf":{"@id":"https:\/\/blogi.eoppimispalvelut.fi\/lapintno\/#website"},"datePublished":"2013-08-07T10:31:29+00:00","dateModified":"2018-03-29T10:29:00+00:00","breadcrumb":{"@id":"https:\/\/blogi.eoppimispalvelut.fi\/lapintno\/ladattavat-asiakirjat\/#breadcrumb"},"inLanguage":"fi","potentialAction":[{"@type":"ReadAction","target":["https:\/\/blogi.eoppimispalvelut.fi\/lapintno\/ladattavat-asiakirjat\/"]}]},{"@type":"BreadcrumbList","@id":"https:\/\/blogi.eoppimispalvelut.fi\/lapintno\/ladattavat-asiakirjat\/#breadcrumb","itemListElement":[{"@type":"ListItem","position":1,"name":"Home","item":"https:\/\/blogi.eoppimispalvelut.fi\/lapintno\/"},{"@type":"ListItem","position":2,"name":"Julkaisuja, linkkej\u00e4 ja koulutusta"}]},{"@type":"WebSite","@id":"https:\/\/blogi.eoppimispalvelut.fi\/lapintno\/#website","url":"https:\/\/blogi.eoppimispalvelut.fi\/lapintno\/","name":"Lapin TNO-toimijalle","description":"Sivusto Lapin tieto-, neuvonta- ja ohjaustoimijalle","potentialAction":[{"@type":"SearchAction","target":{"@type":"EntryPoint","urlTemplate":"https:\/\/blogi.eoppimispalvelut.fi\/lapintno\/?s={search_term_string}"},"query-input":{"@type":"PropertyValueSpecification","valueRequired":true,"valueName":"search_term_string"}}],"inLanguage":"fi"}]}},"jetpack_shortlink":"https:\/\/wp.me\/P3NOIj-n","jetpack_sharing_enabled":true,"_links":{"self":[{"href":"https:\/\/blogi.eoppimispalvelut.fi\/lapintno\/wp-json\/wp\/v2\/pages\/23","targetHints":{"allow":["GET"]}}],"collection":[{"href":"https:\/\/blogi.eoppimispalvelut.fi\/lapintno\/wp-json\/wp\/v2\/pages"}],"about":[{"href":"https:\/\/blogi.eoppimispalvelut.fi\/lapintno\/wp-json\/wp\/v2\/types\/page"}],"author":[{"embeddable":true,"href":"https:\/\/blogi.eoppimispalvelut.fi\/lapintno\/wp-json\/wp\/v2\/users\/821"}],"replies":[{"embeddable":true,"href":"https:\/\/blogi.eoppimispalvelut.fi\/lapintno\/wp-json\/wp\/v2\/comments?post=23"}],"version-history":[{"count":160,"href":"https:\/\/blogi.eoppimispalvelut.fi\/lapintno\/wp-json\/wp\/v2\/pages\/23\/revisions"}],"predecessor-version":[{"id":2894,"href":"https:\/\/blogi.eoppimispalvelut.fi\/lapintno\/wp-json\/wp\/v2\/pages\/23\/revisions\/2894"}],"wp:attachment":[{"href":"https:\/\/blogi.eoppimispalvelut.fi\/lapintno\/wp-json\/wp\/v2\/media?parent=23"}],"curies":[{"name":"wp","href":"https:\/\/api.w.org\/{rel}","templated":true}]}}