{"id":2550,"date":"2017-09-06T09:55:31","date_gmt":"2017-09-06T06:55:31","guid":{"rendered":"https:\/\/blogi.eoppimispalvelut.fi\/lapintno\/?page_id=2550"},"modified":"2018-04-25T13:24:26","modified_gmt":"2018-04-25T10:24:26","slug":"asiakirjat","status":"publish","type":"page","link":"https:\/\/blogi.eoppimispalvelut.fi\/lapintno\/asiakirjat\/","title":{"rendered":"Asiakirjat"},"content":{"rendered":"<p>Lapin TNO-palvelujen toimintaa ohjaavat:<\/p>\n<p><a href=\"https:\/\/peda.net\/hankkeet\/elotori\" target=\"_blank\" rel=\"noopener\"><strong>ELO-tori<\/strong><\/a> &#8211; tietoa ja aineistoja mm. valtakunnallisesta ELO-ryhm\u00e4st\u00e4<br \/>\n<a href=\"https:\/\/drive.google.com\/file\/d\/1dhOFVglF-cRTYqRFU4gPybDU_alaMJvn\/view?usp=sharing\" target=\"_blank\" rel=\"noopener\"><strong>Hyv\u00e4 henki ja yhteinen tahtotila<\/strong> <\/a>&#8211; Lapin TNO-palvelujen kehityspolku<br \/>\n<strong><a href=\"https:\/\/issuu.com\/lappia\/docs\/toimintak__sikirja\" target=\"_blank\" rel=\"noopener noreferrer\">Lapin TNO-palvelujen toimintak\u00e4sikirja 31.10.2017 (digijulkaisu) <\/a><\/strong><br \/>\n<a href=\"http:\/\/www.theseus.fi\/handle\/10024\/130091\" target=\"_blank\" rel=\"noopener noreferrer\"><strong>Menestyj\u00e4ksi Lapissa : Maakunnallinen tieto-, neuvonta- ja ohjauspalvelujen strategia vuoteen 2025<\/strong><\/a><br \/>\n<strong><a href=\"https:\/\/drive.google.com\/file\/d\/0B-2G5iExUTSmRXIyN2RCNm1JUTA\/view?usp=sharing\" target=\"_blank\" rel=\"noopener noreferrer\"><br \/>\n<\/a><\/strong>___________________________________________________________________________________________________<\/p>\n<p>Lapin ELY-keskus on koordinoinut alueen TNO-toimintoja vuodesta 2012 alkaen.<br \/>\nLis\u00e4tietoja Satu Huikuri, etunimi.sukunimi@ely-keskus.fi.<\/p>\n<p>Lapin TNO-palvelujen koordinaatioryhm\u00e4n <strong><a href=\"http:\/\/www.ely-keskus.fi\/web\/ely\/ely-lappi-tno-palvelujen-koordinaatioryhma#.WrzI1uQUlfE\" target=\"_blank\" rel=\"noopener\">asiakirjat<\/a><br \/>\n<\/strong>It\u00e4-Lapin alueryhm\u00e4n <a href=\"https:\/\/drive.google.com\/drive\/folders\/0B3xOJbwnMUG4ZXQ1TU9uMnFoeEU?usp=sharing\" target=\"_blank\" rel=\"noopener\"><strong>asiakirjat<br \/>\n<\/strong><\/a>Keski-Lapin alueryhm\u00e4n <a href=\"https:\/\/drive.google.com\/open?id=0B1u7Sq0ukwYMbUk0Nm5VVjRnbGc\" target=\"_blank\" rel=\"noopener\"><strong>asiakirjat<br \/>\n<\/strong><\/a>L\u00e4nsi-Lapin alueryhm\u00e4n <a href=\"https:\/\/drive.google.com\/drive\/folders\/0B-2G5iExUTSmbUFHOWx4VlNMdWM?usp=sharing\" target=\"_blank\" rel=\"noopener\"><strong>asiakirjat<br \/>\n<\/strong><\/a>Saamelaisalueen alueryhm\u00e4n <strong><a href=\"https:\/\/drive.google.com\/drive\/folders\/0B-iT-B3iEyJXMWJ5VkdQajRoUjQ?usp=sharing\" target=\"_blank\" rel=\"noopener\">asiakirjat<\/a><\/strong><\/p>\n<p><a href=\"http:\/\/bit.ly\/2fQuVNX\" target=\"_blank\" rel=\"noopener\"><strong>Mit\u00e4 on monialainen yhteisty\u00f6 Lapissa, jolla tuetaan asiakkaan p\u00e4\u00e4sy\u00e4 koulutukseen tai ty\u00f6el\u00e4m\u00e4\u00e4n? -selvitys (2017) (digijulkaisu<\/strong>)<\/a> (<a href=\"https:\/\/drive.google.com\/file\/d\/0B-iT-B3iEyJXdkR1aDZxYndMU0k\/view?usp=sharing\" target=\"_blank\" rel=\"noopener\"><strong>esite<\/strong><\/a>)<\/p>\n<p><a href=\"https:\/\/docs.google.com\/document\/d\/1oxXe4PP8Kfn1EY0sWmjLHCQLskGb-ExbMoFYMsWQuFU\/edit?usp=sharing\" target=\"_blank\" rel=\"noopener\"><strong>Raportti Lapin TNO-palvelujen palvelumuotoiluprosessista (2017)<\/strong><\/a><\/p>\n<p><strong><a href=\"https:\/\/drive.google.com\/file\/d\/1twxJlT5WWUkCSl9soNuggRZCDDGOJG1Y\/view?usp=sharing\">TNO-toimijaverkoston kyselyn palauteraportti 2017<\/a><\/strong><br \/>\n<a href=\"https:\/\/drive.google.com\/file\/d\/0B_PcrNpgw8gNOWFkby1MMjRnYlE\/edit?usp=sharing\" target=\"_blank\" rel=\"noopener\"><strong>TNO-toimijaverkoston kyselyn palauteraportti 2014<\/strong><\/a><\/p>\n<p>Lapin TNO-palvelut -projektin <strong><a href=\"https:\/\/drive.google.com\/file\/d\/1TglD1y-S3W_cOA9DhlNojygsk4WhyAKR\/view?usp=sharing\" target=\"_blank\" rel=\"noopener\">loppuraportoinnin koostediat 26.3.2018<\/a><\/strong><\/p>\n","protected":false},"excerpt":{"rendered":"<p>Lapin TNO-palvelujen toimintaa ohjaavat: ELO-tori &#8211; tietoa ja aineistoja mm. valtakunnallisesta ELO-ryhm\u00e4st\u00e4 Hyv\u00e4 henki ja yhteinen tahtotila &#8211; Lapin TNO-palvelujen kehityspolku Lapin TNO-palvelujen toimintak\u00e4sikirja 31.10.2017 (digijulkaisu) Menestyj\u00e4ksi Lapissa : Maakunnallinen [&hellip;]<\/p>\n","protected":false},"author":821,"featured_media":0,"parent":0,"menu_order":0,"comment_status":"closed","ping_status":"closed","template":"","meta":{"jetpack_post_was_ever_published":false,"footnotes":""},"class_list":["post-2550","page","type-page","status-publish","hentry"],"yoast_head":"<!-- This site is optimized with the Yoast SEO plugin v27.1.1 - https:\/\/yoast.com\/product\/yoast-seo-wordpress\/ -->\n<title>Asiakirjat - Lapin TNO-toimijalle<\/title>\n<meta name=\"robots\" content=\"noindex, follow, max-snippet:-1, max-image-preview:large, max-video-preview:-1\" \/>\n<meta property=\"og:locale\" content=\"fi_FI\" \/>\n<meta property=\"og:type\" content=\"article\" \/>\n<meta property=\"og:title\" content=\"Asiakirjat - Lapin TNO-toimijalle\" \/>\n<meta property=\"og:description\" content=\"Lapin TNO-palvelujen toimintaa ohjaavat: ELO-tori &#8211; tietoa ja aineistoja mm. valtakunnallisesta ELO-ryhm\u00e4st\u00e4 Hyv\u00e4 henki ja yhteinen tahtotila &#8211; Lapin TNO-palvelujen kehityspolku Lapin TNO-palvelujen toimintak\u00e4sikirja 31.10.2017 (digijulkaisu) Menestyj\u00e4ksi Lapissa : Maakunnallinen [&hellip;]\" \/>\n<meta property=\"og:url\" content=\"https:\/\/blogi.eoppimispalvelut.fi\/lapintno\/asiakirjat\/\" \/>\n<meta property=\"og:site_name\" content=\"Lapin TNO-toimijalle\" \/>\n<meta property=\"article:publisher\" content=\"https:\/\/www.facebook.com\/lapintno\/\" \/>\n<meta property=\"article:modified_time\" content=\"2018-04-25T10:24:26+00:00\" \/>\n<meta name=\"twitter:card\" content=\"summary_large_image\" \/>\n<meta name=\"twitter:label1\" content=\"Est. reading time\" \/>\n\t<meta name=\"twitter:data1\" content=\"1 minute\" \/>\n<script type=\"application\/ld+json\" class=\"yoast-schema-graph\">{\"@context\":\"https:\/\/schema.org\",\"@graph\":[{\"@type\":\"WebPage\",\"@id\":\"https:\/\/blogi.eoppimispalvelut.fi\/lapintno\/asiakirjat\/\",\"url\":\"https:\/\/blogi.eoppimispalvelut.fi\/lapintno\/asiakirjat\/\",\"name\":\"Asiakirjat - Lapin TNO-toimijalle\",\"isPartOf\":{\"@id\":\"https:\/\/blogi.eoppimispalvelut.fi\/lapintno\/#website\"},\"datePublished\":\"2017-09-06T06:55:31+00:00\",\"dateModified\":\"2018-04-25T10:24:26+00:00\",\"breadcrumb\":{\"@id\":\"https:\/\/blogi.eoppimispalvelut.fi\/lapintno\/asiakirjat\/#breadcrumb\"},\"inLanguage\":\"fi\",\"potentialAction\":[{\"@type\":\"ReadAction\",\"target\":[\"https:\/\/blogi.eoppimispalvelut.fi\/lapintno\/asiakirjat\/\"]}]},{\"@type\":\"BreadcrumbList\",\"@id\":\"https:\/\/blogi.eoppimispalvelut.fi\/lapintno\/asiakirjat\/#breadcrumb\",\"itemListElement\":[{\"@type\":\"ListItem\",\"position\":1,\"name\":\"Home\",\"item\":\"https:\/\/blogi.eoppimispalvelut.fi\/lapintno\/\"},{\"@type\":\"ListItem\",\"position\":2,\"name\":\"Asiakirjat\"}]},{\"@type\":\"WebSite\",\"@id\":\"https:\/\/blogi.eoppimispalvelut.fi\/lapintno\/#website\",\"url\":\"https:\/\/blogi.eoppimispalvelut.fi\/lapintno\/\",\"name\":\"Lapin TNO-toimijalle\",\"description\":\"Sivusto Lapin tieto-, neuvonta- ja ohjaustoimijalle\",\"potentialAction\":[{\"@type\":\"SearchAction\",\"target\":{\"@type\":\"EntryPoint\",\"urlTemplate\":\"https:\/\/blogi.eoppimispalvelut.fi\/lapintno\/?s={search_term_string}\"},\"query-input\":{\"@type\":\"PropertyValueSpecification\",\"valueRequired\":true,\"valueName\":\"search_term_string\"}}],\"inLanguage\":\"fi\"}]}<\/script>\n<!-- \/ Yoast SEO plugin. -->","yoast_head_json":{"title":"Asiakirjat - Lapin TNO-toimijalle","robots":{"index":"noindex","follow":"follow","max-snippet":"max-snippet:-1","max-image-preview":"max-image-preview:large","max-video-preview":"max-video-preview:-1"},"og_locale":"fi_FI","og_type":"article","og_title":"Asiakirjat - Lapin TNO-toimijalle","og_description":"Lapin TNO-palvelujen toimintaa ohjaavat: ELO-tori &#8211; tietoa ja aineistoja mm. valtakunnallisesta ELO-ryhm\u00e4st\u00e4 Hyv\u00e4 henki ja yhteinen tahtotila &#8211; Lapin TNO-palvelujen kehityspolku Lapin TNO-palvelujen toimintak\u00e4sikirja 31.10.2017 (digijulkaisu) Menestyj\u00e4ksi Lapissa : Maakunnallinen [&hellip;]","og_url":"https:\/\/blogi.eoppimispalvelut.fi\/lapintno\/asiakirjat\/","og_site_name":"Lapin TNO-toimijalle","article_publisher":"https:\/\/www.facebook.com\/lapintno\/","article_modified_time":"2018-04-25T10:24:26+00:00","twitter_card":"summary_large_image","twitter_misc":{"Est. reading time":"1 minute"},"schema":{"@context":"https:\/\/schema.org","@graph":[{"@type":"WebPage","@id":"https:\/\/blogi.eoppimispalvelut.fi\/lapintno\/asiakirjat\/","url":"https:\/\/blogi.eoppimispalvelut.fi\/lapintno\/asiakirjat\/","name":"Asiakirjat - Lapin TNO-toimijalle","isPartOf":{"@id":"https:\/\/blogi.eoppimispalvelut.fi\/lapintno\/#website"},"datePublished":"2017-09-06T06:55:31+00:00","dateModified":"2018-04-25T10:24:26+00:00","breadcrumb":{"@id":"https:\/\/blogi.eoppimispalvelut.fi\/lapintno\/asiakirjat\/#breadcrumb"},"inLanguage":"fi","potentialAction":[{"@type":"ReadAction","target":["https:\/\/blogi.eoppimispalvelut.fi\/lapintno\/asiakirjat\/"]}]},{"@type":"BreadcrumbList","@id":"https:\/\/blogi.eoppimispalvelut.fi\/lapintno\/asiakirjat\/#breadcrumb","itemListElement":[{"@type":"ListItem","position":1,"name":"Home","item":"https:\/\/blogi.eoppimispalvelut.fi\/lapintno\/"},{"@type":"ListItem","position":2,"name":"Asiakirjat"}]},{"@type":"WebSite","@id":"https:\/\/blogi.eoppimispalvelut.fi\/lapintno\/#website","url":"https:\/\/blogi.eoppimispalvelut.fi\/lapintno\/","name":"Lapin TNO-toimijalle","description":"Sivusto Lapin tieto-, neuvonta- ja ohjaustoimijalle","potentialAction":[{"@type":"SearchAction","target":{"@type":"EntryPoint","urlTemplate":"https:\/\/blogi.eoppimispalvelut.fi\/lapintno\/?s={search_term_string}"},"query-input":{"@type":"PropertyValueSpecification","valueRequired":true,"valueName":"search_term_string"}}],"inLanguage":"fi"}]}},"jetpack_shortlink":"https:\/\/wp.me\/P3NOIj-F8","jetpack_sharing_enabled":true,"_links":{"self":[{"href":"https:\/\/blogi.eoppimispalvelut.fi\/lapintno\/wp-json\/wp\/v2\/pages\/2550","targetHints":{"allow":["GET"]}}],"collection":[{"href":"https:\/\/blogi.eoppimispalvelut.fi\/lapintno\/wp-json\/wp\/v2\/pages"}],"about":[{"href":"https:\/\/blogi.eoppimispalvelut.fi\/lapintno\/wp-json\/wp\/v2\/types\/page"}],"author":[{"embeddable":true,"href":"https:\/\/blogi.eoppimispalvelut.fi\/lapintno\/wp-json\/wp\/v2\/users\/821"}],"replies":[{"embeddable":true,"href":"https:\/\/blogi.eoppimispalvelut.fi\/lapintno\/wp-json\/wp\/v2\/comments?post=2550"}],"version-history":[{"count":54,"href":"https:\/\/blogi.eoppimispalvelut.fi\/lapintno\/wp-json\/wp\/v2\/pages\/2550\/revisions"}],"predecessor-version":[{"id":2901,"href":"https:\/\/blogi.eoppimispalvelut.fi\/lapintno\/wp-json\/wp\/v2\/pages\/2550\/revisions\/2901"}],"wp:attachment":[{"href":"https:\/\/blogi.eoppimispalvelut.fi\/lapintno\/wp-json\/wp\/v2\/media?parent=2550"}],"curies":[{"name":"wp","href":"https:\/\/api.w.org\/{rel}","templated":true}]}}