{"id":264,"date":"2013-09-25T09:10:32","date_gmt":"2013-09-25T06:10:32","guid":{"rendered":"https:\/\/blogi.eoppimispalvelut.fi\/lapintno\/?page_id=264"},"modified":"2017-10-26T09:49:52","modified_gmt":"2017-10-26T06:49:52","slug":"verkostokartta","status":"publish","type":"page","link":"https:\/\/blogi.eoppimispalvelut.fi\/lapintno\/verkostokartta\/","title":{"rendered":"Lapin TNO-toimijahakemisto"},"content":{"rendered":"<p>Lapin tieto-, neuvonta- ja ohjauspalvelujen yhteystietohakemisto. Hakemisto vaatii kirjautumisen. K\u00e4ytt\u00e4j\u00e4tunnus ja salasana toimitetaan verkostoon liittymisen yhteydess\u00e4. TNO-toimijahakemistoon p\u00e4\u00e4set<a href=\"http:\/\/tno.lapinamk.fi\" target=\"_blank\" rel=\"noopener\"> klikkaamalla t\u00e4st\u00e4<\/a>.<\/p>\n<p>Jos haluat p\u00e4\u00e4st\u00e4 selaamaan TNO-toimijahakemistoa, mutta sinulla ei\u00a0ole tunnuksia,\u00a0lis\u00e4tietoja Satu Huikuri, etunimi.sukunimi@ely-keskus.fi.<\/p>\n<p>Jos et ole Lapin TNO-toimija, etk\u00e4 tarvitse tunnuksia toimijahakemistoon, l\u00f6yd\u00e4t Lapin TNO-kumppaniorganisaatioiden yhteystiedot <a href=\"https:\/\/blogi.eoppimispalvelut.fi\/lapintno\/sinua-palvelevat\/\">TNO-kumppanit<\/a> -sivulta.<\/p>\n<hr \/>\n","protected":false},"excerpt":{"rendered":"<p>Lapin tieto-, neuvonta- ja ohjauspalvelujen yhteystietohakemisto. Hakemisto vaatii kirjautumisen. K\u00e4ytt\u00e4j\u00e4tunnus ja salasana toimitetaan verkostoon liittymisen yhteydess\u00e4. TNO-toimijahakemistoon p\u00e4\u00e4set klikkaamalla t\u00e4st\u00e4. Jos haluat p\u00e4\u00e4st\u00e4 selaamaan TNO-toimijahakemistoa, mutta sinulla ei\u00a0ole tunnuksia,\u00a0lis\u00e4tietoja Satu [&hellip;]<\/p>\n","protected":false},"author":821,"featured_media":0,"parent":0,"menu_order":0,"comment_status":"closed","ping_status":"closed","template":"","meta":{"footnotes":""},"class_list":["post-264","page","type-page","status-publish","hentry"],"yoast_head":"<!-- This site is optimized with the Yoast SEO plugin v27.5 - https:\/\/yoast.com\/product\/yoast-seo-wordpress\/ -->\n<title>Lapin TNO-toimijahakemisto - Lapin TNO-toimijalle<\/title>\n<meta name=\"robots\" content=\"noindex, follow, max-snippet:-1, max-image-preview:large, max-video-preview:-1\" \/>\n<meta property=\"og:locale\" content=\"fi_FI\" \/>\n<meta property=\"og:type\" content=\"article\" \/>\n<meta property=\"og:title\" content=\"Lapin TNO-toimijahakemisto - Lapin TNO-toimijalle\" \/>\n<meta property=\"og:description\" content=\"Lapin tieto-, neuvonta- ja ohjauspalvelujen yhteystietohakemisto. Hakemisto vaatii kirjautumisen. K\u00e4ytt\u00e4j\u00e4tunnus ja salasana toimitetaan verkostoon liittymisen yhteydess\u00e4. TNO-toimijahakemistoon p\u00e4\u00e4set klikkaamalla t\u00e4st\u00e4. Jos haluat p\u00e4\u00e4st\u00e4 selaamaan TNO-toimijahakemistoa, mutta sinulla ei\u00a0ole tunnuksia,\u00a0lis\u00e4tietoja Satu [&hellip;]\" \/>\n<meta property=\"og:url\" content=\"https:\/\/blogi.eoppimispalvelut.fi\/lapintno\/verkostokartta\/\" \/>\n<meta property=\"og:site_name\" content=\"Lapin TNO-toimijalle\" \/>\n<meta property=\"article:publisher\" content=\"https:\/\/www.facebook.com\/lapintno\/\" \/>\n<meta property=\"article:modified_time\" content=\"2017-10-26T06:49:52+00:00\" \/>\n<meta name=\"twitter:card\" content=\"summary_large_image\" \/>\n<script type=\"application\/ld+json\" class=\"yoast-schema-graph\">{\"@context\":\"https:\\\/\\\/schema.org\",\"@graph\":[{\"@type\":\"WebPage\",\"@id\":\"https:\\\/\\\/blogi.eoppimispalvelut.fi\\\/lapintno\\\/verkostokartta\\\/\",\"url\":\"https:\\\/\\\/blogi.eoppimispalvelut.fi\\\/lapintno\\\/verkostokartta\\\/\",\"name\":\"Lapin TNO-toimijahakemisto - Lapin TNO-toimijalle\",\"isPartOf\":{\"@id\":\"https:\\\/\\\/blogi.eoppimispalvelut.fi\\\/lapintno\\\/#website\"},\"datePublished\":\"2013-09-25T06:10:32+00:00\",\"dateModified\":\"2017-10-26T06:49:52+00:00\",\"breadcrumb\":{\"@id\":\"https:\\\/\\\/blogi.eoppimispalvelut.fi\\\/lapintno\\\/verkostokartta\\\/#breadcrumb\"},\"inLanguage\":\"fi\",\"potentialAction\":[{\"@type\":\"ReadAction\",\"target\":[\"https:\\\/\\\/blogi.eoppimispalvelut.fi\\\/lapintno\\\/verkostokartta\\\/\"]}]},{\"@type\":\"BreadcrumbList\",\"@id\":\"https:\\\/\\\/blogi.eoppimispalvelut.fi\\\/lapintno\\\/verkostokartta\\\/#breadcrumb\",\"itemListElement\":[{\"@type\":\"ListItem\",\"position\":1,\"name\":\"Home\",\"item\":\"https:\\\/\\\/blogi.eoppimispalvelut.fi\\\/lapintno\\\/\"},{\"@type\":\"ListItem\",\"position\":2,\"name\":\"Lapin TNO-toimijahakemisto\"}]},{\"@type\":\"WebSite\",\"@id\":\"https:\\\/\\\/blogi.eoppimispalvelut.fi\\\/lapintno\\\/#website\",\"url\":\"https:\\\/\\\/blogi.eoppimispalvelut.fi\\\/lapintno\\\/\",\"name\":\"Lapin TNO-toimijalle\",\"description\":\"Sivusto Lapin tieto-, neuvonta- ja ohjaustoimijalle\",\"potentialAction\":[{\"@type\":\"SearchAction\",\"target\":{\"@type\":\"EntryPoint\",\"urlTemplate\":\"https:\\\/\\\/blogi.eoppimispalvelut.fi\\\/lapintno\\\/?s={search_term_string}\"},\"query-input\":{\"@type\":\"PropertyValueSpecification\",\"valueRequired\":true,\"valueName\":\"search_term_string\"}}],\"inLanguage\":\"fi\"}]}<\/script>\n<!-- \/ Yoast SEO plugin. -->","yoast_head_json":{"title":"Lapin TNO-toimijahakemisto - Lapin TNO-toimijalle","robots":{"index":"noindex","follow":"follow","max-snippet":"max-snippet:-1","max-image-preview":"max-image-preview:large","max-video-preview":"max-video-preview:-1"},"og_locale":"fi_FI","og_type":"article","og_title":"Lapin TNO-toimijahakemisto - Lapin TNO-toimijalle","og_description":"Lapin tieto-, neuvonta- ja ohjauspalvelujen yhteystietohakemisto. Hakemisto vaatii kirjautumisen. K\u00e4ytt\u00e4j\u00e4tunnus ja salasana toimitetaan verkostoon liittymisen yhteydess\u00e4. TNO-toimijahakemistoon p\u00e4\u00e4set klikkaamalla t\u00e4st\u00e4. Jos haluat p\u00e4\u00e4st\u00e4 selaamaan TNO-toimijahakemistoa, mutta sinulla ei\u00a0ole tunnuksia,\u00a0lis\u00e4tietoja Satu [&hellip;]","og_url":"https:\/\/blogi.eoppimispalvelut.fi\/lapintno\/verkostokartta\/","og_site_name":"Lapin TNO-toimijalle","article_publisher":"https:\/\/www.facebook.com\/lapintno\/","article_modified_time":"2017-10-26T06:49:52+00:00","twitter_card":"summary_large_image","schema":{"@context":"https:\/\/schema.org","@graph":[{"@type":"WebPage","@id":"https:\/\/blogi.eoppimispalvelut.fi\/lapintno\/verkostokartta\/","url":"https:\/\/blogi.eoppimispalvelut.fi\/lapintno\/verkostokartta\/","name":"Lapin TNO-toimijahakemisto - Lapin TNO-toimijalle","isPartOf":{"@id":"https:\/\/blogi.eoppimispalvelut.fi\/lapintno\/#website"},"datePublished":"2013-09-25T06:10:32+00:00","dateModified":"2017-10-26T06:49:52+00:00","breadcrumb":{"@id":"https:\/\/blogi.eoppimispalvelut.fi\/lapintno\/verkostokartta\/#breadcrumb"},"inLanguage":"fi","potentialAction":[{"@type":"ReadAction","target":["https:\/\/blogi.eoppimispalvelut.fi\/lapintno\/verkostokartta\/"]}]},{"@type":"BreadcrumbList","@id":"https:\/\/blogi.eoppimispalvelut.fi\/lapintno\/verkostokartta\/#breadcrumb","itemListElement":[{"@type":"ListItem","position":1,"name":"Home","item":"https:\/\/blogi.eoppimispalvelut.fi\/lapintno\/"},{"@type":"ListItem","position":2,"name":"Lapin TNO-toimijahakemisto"}]},{"@type":"WebSite","@id":"https:\/\/blogi.eoppimispalvelut.fi\/lapintno\/#website","url":"https:\/\/blogi.eoppimispalvelut.fi\/lapintno\/","name":"Lapin TNO-toimijalle","description":"Sivusto Lapin tieto-, neuvonta- ja ohjaustoimijalle","potentialAction":[{"@type":"SearchAction","target":{"@type":"EntryPoint","urlTemplate":"https:\/\/blogi.eoppimispalvelut.fi\/lapintno\/?s={search_term_string}"},"query-input":{"@type":"PropertyValueSpecification","valueRequired":true,"valueName":"search_term_string"}}],"inLanguage":"fi"}]}},"jetpack_shortlink":"https:\/\/wp.me\/P3NOIj-4g","jetpack_sharing_enabled":true,"_links":{"self":[{"href":"https:\/\/blogi.eoppimispalvelut.fi\/lapintno\/wp-json\/wp\/v2\/pages\/264","targetHints":{"allow":["GET"]}}],"collection":[{"href":"https:\/\/blogi.eoppimispalvelut.fi\/lapintno\/wp-json\/wp\/v2\/pages"}],"about":[{"href":"https:\/\/blogi.eoppimispalvelut.fi\/lapintno\/wp-json\/wp\/v2\/types\/page"}],"author":[{"embeddable":true,"href":"https:\/\/blogi.eoppimispalvelut.fi\/lapintno\/wp-json\/wp\/v2\/users\/821"}],"replies":[{"embeddable":true,"href":"https:\/\/blogi.eoppimispalvelut.fi\/lapintno\/wp-json\/wp\/v2\/comments?post=264"}],"version-history":[{"count":31,"href":"https:\/\/blogi.eoppimispalvelut.fi\/lapintno\/wp-json\/wp\/v2\/pages\/264\/revisions"}],"predecessor-version":[{"id":2743,"href":"https:\/\/blogi.eoppimispalvelut.fi\/lapintno\/wp-json\/wp\/v2\/pages\/264\/revisions\/2743"}],"wp:attachment":[{"href":"https:\/\/blogi.eoppimispalvelut.fi\/lapintno\/wp-json\/wp\/v2\/media?parent=264"}],"curies":[{"name":"wp","href":"https:\/\/api.w.org\/{rel}","templated":true}]}}