{"id":274,"date":"2013-09-26T17:09:58","date_gmt":"2013-09-26T14:09:58","guid":{"rendered":"https:\/\/blogi.eoppimispalvelut.fi\/lapintno\/?page_id=274"},"modified":"2013-10-09T07:55:15","modified_gmt":"2013-10-09T04:55:15","slug":"tno-intra-2","status":"publish","type":"page","link":"https:\/\/blogi.eoppimispalvelut.fi\/lapintno\/tno-intra-2\/","title":{"rendered":"TNO Intra"},"content":{"rendered":"<p><a href=\"https:\/\/blogi.eoppimispalvelut.fi\/lapintno\/tno-intra\/\" target=\"_blank\">Tast\u00e4 linkist\u00e4 p\u00e4\u00e4set siirtym\u00e4\u00e4n TNO Intra sivulle.<\/a><\/p>\n","protected":false},"excerpt":{"rendered":"<p>Tast\u00e4 linkist\u00e4 p\u00e4\u00e4set siirtym\u00e4\u00e4n TNO Intra sivulle.<\/p>\n","protected":false},"author":821,"featured_media":0,"parent":0,"menu_order":0,"comment_status":"open","ping_status":"open","template":"","meta":{"footnotes":""},"class_list":["post-274","page","type-page","status-publish","hentry"],"yoast_head":"<!-- This site is optimized with the Yoast SEO plugin v27.5 - https:\/\/yoast.com\/product\/yoast-seo-wordpress\/ -->\n<title>TNO Intra - Lapin TNO-toimijalle<\/title>\n<meta name=\"robots\" content=\"noindex, follow, max-snippet:-1, max-image-preview:large, max-video-preview:-1\" \/>\n<meta property=\"og:locale\" content=\"fi_FI\" \/>\n<meta property=\"og:type\" content=\"article\" \/>\n<meta property=\"og:title\" content=\"TNO Intra - Lapin TNO-toimijalle\" \/>\n<meta property=\"og:description\" content=\"Tast\u00e4 linkist\u00e4 p\u00e4\u00e4set siirtym\u00e4\u00e4n TNO Intra sivulle.\" \/>\n<meta property=\"og:url\" content=\"https:\/\/blogi.eoppimispalvelut.fi\/lapintno\/tno-intra-2\/\" \/>\n<meta property=\"og:site_name\" content=\"Lapin TNO-toimijalle\" \/>\n<meta property=\"article:publisher\" content=\"https:\/\/www.facebook.com\/lapintno\/\" \/>\n<meta property=\"article:modified_time\" content=\"2013-10-09T04:55:15+00:00\" \/>\n<meta name=\"twitter:card\" content=\"summary_large_image\" \/>\n<script type=\"application\/ld+json\" class=\"yoast-schema-graph\">{\"@context\":\"https:\\\/\\\/schema.org\",\"@graph\":[{\"@type\":\"WebPage\",\"@id\":\"https:\\\/\\\/blogi.eoppimispalvelut.fi\\\/lapintno\\\/tno-intra-2\\\/\",\"url\":\"https:\\\/\\\/blogi.eoppimispalvelut.fi\\\/lapintno\\\/tno-intra-2\\\/\",\"name\":\"TNO Intra - Lapin TNO-toimijalle\",\"isPartOf\":{\"@id\":\"https:\\\/\\\/blogi.eoppimispalvelut.fi\\\/lapintno\\\/#website\"},\"datePublished\":\"2013-09-26T14:09:58+00:00\",\"dateModified\":\"2013-10-09T04:55:15+00:00\",\"breadcrumb\":{\"@id\":\"https:\\\/\\\/blogi.eoppimispalvelut.fi\\\/lapintno\\\/tno-intra-2\\\/#breadcrumb\"},\"inLanguage\":\"fi\",\"potentialAction\":[{\"@type\":\"ReadAction\",\"target\":[\"https:\\\/\\\/blogi.eoppimispalvelut.fi\\\/lapintno\\\/tno-intra-2\\\/\"]}]},{\"@type\":\"BreadcrumbList\",\"@id\":\"https:\\\/\\\/blogi.eoppimispalvelut.fi\\\/lapintno\\\/tno-intra-2\\\/#breadcrumb\",\"itemListElement\":[{\"@type\":\"ListItem\",\"position\":1,\"name\":\"Home\",\"item\":\"https:\\\/\\\/blogi.eoppimispalvelut.fi\\\/lapintno\\\/\"},{\"@type\":\"ListItem\",\"position\":2,\"name\":\"TNO Intra\"}]},{\"@type\":\"WebSite\",\"@id\":\"https:\\\/\\\/blogi.eoppimispalvelut.fi\\\/lapintno\\\/#website\",\"url\":\"https:\\\/\\\/blogi.eoppimispalvelut.fi\\\/lapintno\\\/\",\"name\":\"Lapin TNO-toimijalle\",\"description\":\"Sivusto Lapin tieto-, neuvonta- ja ohjaustoimijalle\",\"potentialAction\":[{\"@type\":\"SearchAction\",\"target\":{\"@type\":\"EntryPoint\",\"urlTemplate\":\"https:\\\/\\\/blogi.eoppimispalvelut.fi\\\/lapintno\\\/?s={search_term_string}\"},\"query-input\":{\"@type\":\"PropertyValueSpecification\",\"valueRequired\":true,\"valueName\":\"search_term_string\"}}],\"inLanguage\":\"fi\"}]}<\/script>\n<!-- \/ Yoast SEO plugin. -->","yoast_head_json":{"title":"TNO Intra - Lapin TNO-toimijalle","robots":{"index":"noindex","follow":"follow","max-snippet":"max-snippet:-1","max-image-preview":"max-image-preview:large","max-video-preview":"max-video-preview:-1"},"og_locale":"fi_FI","og_type":"article","og_title":"TNO Intra - Lapin TNO-toimijalle","og_description":"Tast\u00e4 linkist\u00e4 p\u00e4\u00e4set siirtym\u00e4\u00e4n TNO Intra sivulle.","og_url":"https:\/\/blogi.eoppimispalvelut.fi\/lapintno\/tno-intra-2\/","og_site_name":"Lapin TNO-toimijalle","article_publisher":"https:\/\/www.facebook.com\/lapintno\/","article_modified_time":"2013-10-09T04:55:15+00:00","twitter_card":"summary_large_image","schema":{"@context":"https:\/\/schema.org","@graph":[{"@type":"WebPage","@id":"https:\/\/blogi.eoppimispalvelut.fi\/lapintno\/tno-intra-2\/","url":"https:\/\/blogi.eoppimispalvelut.fi\/lapintno\/tno-intra-2\/","name":"TNO Intra - Lapin TNO-toimijalle","isPartOf":{"@id":"https:\/\/blogi.eoppimispalvelut.fi\/lapintno\/#website"},"datePublished":"2013-09-26T14:09:58+00:00","dateModified":"2013-10-09T04:55:15+00:00","breadcrumb":{"@id":"https:\/\/blogi.eoppimispalvelut.fi\/lapintno\/tno-intra-2\/#breadcrumb"},"inLanguage":"fi","potentialAction":[{"@type":"ReadAction","target":["https:\/\/blogi.eoppimispalvelut.fi\/lapintno\/tno-intra-2\/"]}]},{"@type":"BreadcrumbList","@id":"https:\/\/blogi.eoppimispalvelut.fi\/lapintno\/tno-intra-2\/#breadcrumb","itemListElement":[{"@type":"ListItem","position":1,"name":"Home","item":"https:\/\/blogi.eoppimispalvelut.fi\/lapintno\/"},{"@type":"ListItem","position":2,"name":"TNO Intra"}]},{"@type":"WebSite","@id":"https:\/\/blogi.eoppimispalvelut.fi\/lapintno\/#website","url":"https:\/\/blogi.eoppimispalvelut.fi\/lapintno\/","name":"Lapin TNO-toimijalle","description":"Sivusto Lapin tieto-, neuvonta- ja ohjaustoimijalle","potentialAction":[{"@type":"SearchAction","target":{"@type":"EntryPoint","urlTemplate":"https:\/\/blogi.eoppimispalvelut.fi\/lapintno\/?s={search_term_string}"},"query-input":{"@type":"PropertyValueSpecification","valueRequired":true,"valueName":"search_term_string"}}],"inLanguage":"fi"}]}},"jetpack_shortlink":"https:\/\/wp.me\/P3NOIj-4q","jetpack_sharing_enabled":true,"_links":{"self":[{"href":"https:\/\/blogi.eoppimispalvelut.fi\/lapintno\/wp-json\/wp\/v2\/pages\/274","targetHints":{"allow":["GET"]}}],"collection":[{"href":"https:\/\/blogi.eoppimispalvelut.fi\/lapintno\/wp-json\/wp\/v2\/pages"}],"about":[{"href":"https:\/\/blogi.eoppimispalvelut.fi\/lapintno\/wp-json\/wp\/v2\/types\/page"}],"author":[{"embeddable":true,"href":"https:\/\/blogi.eoppimispalvelut.fi\/lapintno\/wp-json\/wp\/v2\/users\/821"}],"replies":[{"embeddable":true,"href":"https:\/\/blogi.eoppimispalvelut.fi\/lapintno\/wp-json\/wp\/v2\/comments?post=274"}],"version-history":[{"count":5,"href":"https:\/\/blogi.eoppimispalvelut.fi\/lapintno\/wp-json\/wp\/v2\/pages\/274\/revisions"}],"predecessor-version":[{"id":318,"href":"https:\/\/blogi.eoppimispalvelut.fi\/lapintno\/wp-json\/wp\/v2\/pages\/274\/revisions\/318"}],"wp:attachment":[{"href":"https:\/\/blogi.eoppimispalvelut.fi\/lapintno\/wp-json\/wp\/v2\/media?parent=274"}],"curies":[{"name":"wp","href":"https:\/\/api.w.org\/{rel}","templated":true}]}}