{"id":12,"date":"2022-12-01T12:54:07","date_gmt":"2022-12-01T10:54:07","guid":{"rendered":"https:\/\/blogi.eoppimispalvelut.fi\/lapintoimistotarvike\/?page_id=12"},"modified":"2023-02-23T10:34:25","modified_gmt":"2023-02-23T08:34:25","slug":"tuotteet","status":"publish","type":"page","link":"https:\/\/blogi.eoppimispalvelut.fi\/lapintoimistotarvike\/tuotteet\/","title":{"rendered":"Tuotteet"},"content":{"rendered":"\n<p>Kaikkien tuotteiden hinnassa on ALV merkitty valmiiksi hintaan. <\/p>\n\n\n\n<p>Meilt\u00e4 l\u00f6yd\u00e4tte laajan valikoiman laadukkaita ja ergonomisia toimistokalusteita sek\u00e4 -tarvikkeita. Pyrimme jatkuvasti parantamaan valikoimaamme juuri teid\u00e4n tarpeisiinne sopivaksi. Sivuillamme on vain esimerkkej\u00e4 laajasta valikoimastamme, joten kysym\u00e4ll\u00e4 saat lis\u00e4tietoja tuotteistamme!<\/p>\n\n\n\n<figure class=\"wp-block-gallery aligncenter has-nested-images columns-default is-cropped wp-block-gallery-1 is-layout-flex wp-block-gallery-is-layout-flex\"><div class=\"wp-block-image\">\n<figure class=\"aligncenter size-large\"><img decoding=\"async\" src=\"https:\/\/henpicked.net\/wp-content\/uploads\/2021\/01\/10-stylish-ideas-for-decorating-a-small-home-office-via-Henpicked.jpg\" alt=\"\" \/><\/figure>\n<\/div><\/figure>\n\n\n\n<p><\/p>\n","protected":false},"excerpt":{"rendered":"<p>Kaikkien tuotteiden hinnassa on ALV merkitty valmiiksi hintaan. Meilt\u00e4 l\u00f6yd\u00e4tte laajan valikoiman laadukkaita ja ergonomisia toimistokalusteita sek\u00e4 -tarvikkeita. Pyrimme jatkuvasti parantamaan valikoimaamme juuri teid\u00e4n tarpeisiinne sopivaksi. Sivuillamme on vain esimerkkej\u00e4 laajasta valikoimastamme, joten kysym\u00e4ll\u00e4 saat lis\u00e4tietoja tuotteistamme!<\/p>\n","protected":false},"author":19865,"featured_media":0,"parent":0,"menu_order":0,"comment_status":"closed","ping_status":"closed","template":"","meta":{"footnotes":""},"class_list":["post-12","page","type-page","status-publish","hentry","nodate","item-wrap"],"_links":{"self":[{"href":"https:\/\/blogi.eoppimispalvelut.fi\/lapintoimistotarvike\/wp-json\/wp\/v2\/pages\/12","targetHints":{"allow":["GET"]}}],"collection":[{"href":"https:\/\/blogi.eoppimispalvelut.fi\/lapintoimistotarvike\/wp-json\/wp\/v2\/pages"}],"about":[{"href":"https:\/\/blogi.eoppimispalvelut.fi\/lapintoimistotarvike\/wp-json\/wp\/v2\/types\/page"}],"author":[{"embeddable":true,"href":"https:\/\/blogi.eoppimispalvelut.fi\/lapintoimistotarvike\/wp-json\/wp\/v2\/users\/19865"}],"replies":[{"embeddable":true,"href":"https:\/\/blogi.eoppimispalvelut.fi\/lapintoimistotarvike\/wp-json\/wp\/v2\/comments?post=12"}],"version-history":[{"count":10,"href":"https:\/\/blogi.eoppimispalvelut.fi\/lapintoimistotarvike\/wp-json\/wp\/v2\/pages\/12\/revisions"}],"predecessor-version":[{"id":297,"href":"https:\/\/blogi.eoppimispalvelut.fi\/lapintoimistotarvike\/wp-json\/wp\/v2\/pages\/12\/revisions\/297"}],"wp:attachment":[{"href":"https:\/\/blogi.eoppimispalvelut.fi\/lapintoimistotarvike\/wp-json\/wp\/v2\/media?parent=12"}],"curies":[{"name":"wp","href":"https:\/\/api.w.org\/{rel}","templated":true}]}}