{"id":15,"date":"2023-01-28T12:47:44","date_gmt":"2023-01-28T10:47:44","guid":{"rendered":"https:\/\/blogi.eoppimispalvelut.fi\/lapintoimistotarvike\/?page_id=15"},"modified":"2023-01-18T14:07:57","modified_gmt":"2023-01-18T12:07:57","slug":"yhteystiedot","status":"publish","type":"page","link":"https:\/\/blogi.eoppimispalvelut.fi\/lapintoimistotarvike\/yhteystiedot\/","title":{"rendered":"Yhteystiedot"},"content":{"rendered":"\n<p> Voit j\u00e4tt\u00e4\u00e4 tarjouspyynn\u00f6n sek\u00e4 kysy\u00e4 tuotteistamme ja palveluistamme alla olevan lomakkeen avulla tai s\u00e4hk\u00f6postitse. <\/p>\n\n\n\n<p>lapintoimistotarvike(@)gmail.com <\/p>\n\n\n\n<p>Jokitie 1, 96500 Napalaakso<\/p>\n\n\n\n<p class=\"has-regular-font-size\"><strong>Yhteydenottolomake<\/strong><\/p>\n","protected":false},"excerpt":{"rendered":"<p>Voit j\u00e4tt\u00e4\u00e4 tarjouspyynn\u00f6n sek\u00e4 kysy\u00e4 tuotteistamme ja palveluistamme alla olevan lomakkeen avulla tai s\u00e4hk\u00f6postitse. lapintoimistotarvike(@)gmail.com Jokitie 1, 96500 Napalaakso Yhteydenottolomake<\/p>\n","protected":false},"author":19865,"featured_media":0,"parent":0,"menu_order":0,"comment_status":"closed","ping_status":"closed","template":"","meta":{"footnotes":""},"class_list":["post-15","page","type-page","status-publish","hentry","nodate","item-wrap"],"_links":{"self":[{"href":"https:\/\/blogi.eoppimispalvelut.fi\/lapintoimistotarvike\/wp-json\/wp\/v2\/pages\/15","targetHints":{"allow":["GET"]}}],"collection":[{"href":"https:\/\/blogi.eoppimispalvelut.fi\/lapintoimistotarvike\/wp-json\/wp\/v2\/pages"}],"about":[{"href":"https:\/\/blogi.eoppimispalvelut.fi\/lapintoimistotarvike\/wp-json\/wp\/v2\/types\/page"}],"author":[{"embeddable":true,"href":"https:\/\/blogi.eoppimispalvelut.fi\/lapintoimistotarvike\/wp-json\/wp\/v2\/users\/19865"}],"replies":[{"embeddable":true,"href":"https:\/\/blogi.eoppimispalvelut.fi\/lapintoimistotarvike\/wp-json\/wp\/v2\/comments?post=15"}],"version-history":[{"count":6,"href":"https:\/\/blogi.eoppimispalvelut.fi\/lapintoimistotarvike\/wp-json\/wp\/v2\/pages\/15\/revisions"}],"predecessor-version":[{"id":136,"href":"https:\/\/blogi.eoppimispalvelut.fi\/lapintoimistotarvike\/wp-json\/wp\/v2\/pages\/15\/revisions\/136"}],"wp:attachment":[{"href":"https:\/\/blogi.eoppimispalvelut.fi\/lapintoimistotarvike\/wp-json\/wp\/v2\/media?parent=15"}],"curies":[{"name":"wp","href":"https:\/\/api.w.org\/{rel}","templated":true}]}}