{"id":27,"date":"2022-12-01T13:11:36","date_gmt":"2022-12-01T11:11:36","guid":{"rendered":"https:\/\/blogi.eoppimispalvelut.fi\/lapintoimistotarvike\/?page_id=27"},"modified":"2023-02-02T12:54:29","modified_gmt":"2023-02-02T10:54:29","slug":"palvelut","status":"publish","type":"page","link":"https:\/\/blogi.eoppimispalvelut.fi\/lapintoimistotarvike\/palvelut\/","title":{"rendered":"Palvelut"},"content":{"rendered":"\n<p>Kaikki palvelumme sis\u00e4lt\u00e4v\u00e4t ALV:n <\/p>\n\n\n\n<p><strong>Asennuspalvelut<\/strong><\/p>\n\n\n\n<p>Asennamme toimistokalusteet ammattitaidolla nopeasti ja laadukkaasti. Lis\u00e4ksi opastamme teid\u00e4t uusien kalusteidenne k\u00e4ytt\u00f6\u00f6n.<\/p>\n\n\n\n<p><strong>Kuljetuspalvelut<\/strong><\/p>\n\n\n\n<p>Kuljetamme toimistokalusteet ja -tarvikkeet teille mahdollisimman nopeasti. K\u00e4ytt\u00e4m\u00e4ll\u00e4 meid\u00e4n kuljetuspalveluitamme teid\u00e4n aikaanne s\u00e4\u00e4styy. <\/p>\n\n\n\n<p><strong>Suunnittelupalvelut<\/strong><\/p>\n\n\n\n<p>Suunnittelemme toimistot teid\u00e4n tarpeisiinne sopiviksi.<\/p>\n\n\n\n<p class=\"has-background\" style=\"background-color:#86a9d94f\"><strong>Kysy meilt\u00e4 tarjous!<\/strong><\/p>\n","protected":false},"excerpt":{"rendered":"<p>Kaikki palvelumme sis\u00e4lt\u00e4v\u00e4t ALV:n Asennuspalvelut Asennamme toimistokalusteet ammattitaidolla nopeasti ja laadukkaasti. Lis\u00e4ksi opastamme teid\u00e4t uusien kalusteidenne k\u00e4ytt\u00f6\u00f6n. Kuljetuspalvelut Kuljetamme toimistokalusteet ja -tarvikkeet teille mahdollisimman nopeasti. K\u00e4ytt\u00e4m\u00e4ll\u00e4 meid\u00e4n kuljetuspalveluitamme teid\u00e4n aikaanne s\u00e4\u00e4styy. Suunnittelupalvelut Suunnittelemme toimistot teid\u00e4n tarpeisiinne sopiviksi. Kysy meilt\u00e4 tarjous!<\/p>\n","protected":false},"author":19865,"featured_media":0,"parent":0,"menu_order":0,"comment_status":"closed","ping_status":"closed","template":"","meta":{"footnotes":""},"class_list":["post-27","page","type-page","status-publish","hentry","nodate","item-wrap"],"_links":{"self":[{"href":"https:\/\/blogi.eoppimispalvelut.fi\/lapintoimistotarvike\/wp-json\/wp\/v2\/pages\/27","targetHints":{"allow":["GET"]}}],"collection":[{"href":"https:\/\/blogi.eoppimispalvelut.fi\/lapintoimistotarvike\/wp-json\/wp\/v2\/pages"}],"about":[{"href":"https:\/\/blogi.eoppimispalvelut.fi\/lapintoimistotarvike\/wp-json\/wp\/v2\/types\/page"}],"author":[{"embeddable":true,"href":"https:\/\/blogi.eoppimispalvelut.fi\/lapintoimistotarvike\/wp-json\/wp\/v2\/users\/19865"}],"replies":[{"embeddable":true,"href":"https:\/\/blogi.eoppimispalvelut.fi\/lapintoimistotarvike\/wp-json\/wp\/v2\/comments?post=27"}],"version-history":[{"count":5,"href":"https:\/\/blogi.eoppimispalvelut.fi\/lapintoimistotarvike\/wp-json\/wp\/v2\/pages\/27\/revisions"}],"predecessor-version":[{"id":240,"href":"https:\/\/blogi.eoppimispalvelut.fi\/lapintoimistotarvike\/wp-json\/wp\/v2\/pages\/27\/revisions\/240"}],"wp:attachment":[{"href":"https:\/\/blogi.eoppimispalvelut.fi\/lapintoimistotarvike\/wp-json\/wp\/v2\/media?parent=27"}],"curies":[{"name":"wp","href":"https:\/\/api.w.org\/{rel}","templated":true}]}}