{"id":73,"date":"2023-01-18T14:01:12","date_gmt":"2023-01-18T12:01:12","guid":{"rendered":"https:\/\/blogi.eoppimispalvelut.fi\/lapintoimistotarvike\/?page_id=73"},"modified":"2023-04-12T13:10:35","modified_gmt":"2023-04-12T10:10:35","slug":"etusivu-2","status":"publish","type":"page","link":"https:\/\/blogi.eoppimispalvelut.fi\/lapintoimistotarvike\/","title":{"rendered":"Etusivu"},"content":{"rendered":"<div class=\"wp-block-image\">\n<figure class=\"aligncenter size-full is-resized\"><img loading=\"lazy\" decoding=\"async\" src=\"https:\/\/blogi.eoppimispalvelut.fi\/lapintoimistotarvike\/files\/2023\/04\/MicrosoftTeams-image-3.png\" alt=\"\" class=\"wp-image-347\" width=\"567\" height=\"567\" srcset=\"https:\/\/blogi.eoppimispalvelut.fi\/lapintoimistotarvike\/files\/2023\/04\/MicrosoftTeams-image-3.png 1080w, https:\/\/blogi.eoppimispalvelut.fi\/lapintoimistotarvike\/files\/2023\/04\/MicrosoftTeams-image-3-900x900.png 900w, https:\/\/blogi.eoppimispalvelut.fi\/lapintoimistotarvike\/files\/2023\/04\/MicrosoftTeams-image-3-120x120.png 120w, https:\/\/blogi.eoppimispalvelut.fi\/lapintoimistotarvike\/files\/2023\/04\/MicrosoftTeams-image-3-768x768.png 768w, https:\/\/blogi.eoppimispalvelut.fi\/lapintoimistotarvike\/files\/2023\/04\/MicrosoftTeams-image-3-750x750.png 750w\" sizes=\"auto, (max-width: 567px) 100vw, 567px\" \/><\/figure>\n<\/div>\n\n\n<p>Olemme Napalaaksossa toimiva toimistokalusteita sek\u00e4 suunnittelu-, asennus- ja kuljetuspalveluita tarjoava yritys. Yrityksemme on Lapin ammattikorkeakoulun opiskelijoiden perustama virtuaalinen oppiyritys, johon kuuluu kahdeksan osakasta.<\/p>\n\n\n\n<p>Meille on t\u00e4rke\u00e4\u00e4 tarjota laadukkaita toimistokalusteita juuri teid\u00e4n tarpeisiinne. Panostamme erityisesti ergonomisiin ja viihtyvyytt\u00e4 parantaviin kalusteisiin ja tarvikkeisiin.<\/p>\n\n\n\n<p>Tavoitteenamme on tehd\u00e4 kaikki asiakkaillemme mahdollisimman helpoksi ja vaivattomaksi. Niinp\u00e4 asennamme ja kuljetamme kalusteet teille, mink\u00e4 lis\u00e4ksi halutessanne my\u00f6s suunnittelemme toimistotilat puolestanne juuri teille sopiviksi.<\/p>\n\n\n<div class=\"wp-block-image\">\n<figure class=\"aligncenter size-large\"><img decoding=\"async\" src=\"https:\/\/t4.ftcdn.net\/jpg\/02\/10\/62\/03\/360_F_210620329_0le9P2aUC9LUqCyf6yqiV8MtVWrzGKi7.jpg\" alt=\"\" \/><\/figure>\n<\/div>","protected":false},"excerpt":{"rendered":"<p>Olemme Napalaaksossa toimiva toimistokalusteita sek\u00e4 suunnittelu-, asennus- ja kuljetuspalveluita tarjoava yritys. Yrityksemme on Lapin ammattikorkeakoulun opiskelijoiden perustama virtuaalinen oppiyritys, johon kuuluu kahdeksan osakasta. Meille on t\u00e4rke\u00e4\u00e4 tarjota laadukkaita toimistokalusteita juuri teid\u00e4n tarpeisiinne. Panostamme erityisesti ergonomisiin ja viihtyvyytt\u00e4 parantaviin kalusteisiin ja tarvikkeisiin. Tavoitteenamme on tehd\u00e4 kaikki asiakkaillemme mahdollisimman helpoksi ja vaivattomaksi. Niinp\u00e4 asennamme ja kuljetamme kalusteet &hellip; <\/p>\n<p><a class=\"more-link btn\" href=\"https:\/\/blogi.eoppimispalvelut.fi\/lapintoimistotarvike\/\">Jatka lukemista<\/a><\/p>\n","protected":false},"author":19865,"featured_media":0,"parent":0,"menu_order":0,"comment_status":"closed","ping_status":"closed","template":"","meta":{"footnotes":""},"class_list":["post-73","page","type-page","status-publish","hentry","nodate","item-wrap"],"_links":{"self":[{"href":"https:\/\/blogi.eoppimispalvelut.fi\/lapintoimistotarvike\/wp-json\/wp\/v2\/pages\/73","targetHints":{"allow":["GET"]}}],"collection":[{"href":"https:\/\/blogi.eoppimispalvelut.fi\/lapintoimistotarvike\/wp-json\/wp\/v2\/pages"}],"about":[{"href":"https:\/\/blogi.eoppimispalvelut.fi\/lapintoimistotarvike\/wp-json\/wp\/v2\/types\/page"}],"author":[{"embeddable":true,"href":"https:\/\/blogi.eoppimispalvelut.fi\/lapintoimistotarvike\/wp-json\/wp\/v2\/users\/19865"}],"replies":[{"embeddable":true,"href":"https:\/\/blogi.eoppimispalvelut.fi\/lapintoimistotarvike\/wp-json\/wp\/v2\/comments?post=73"}],"version-history":[{"count":9,"href":"https:\/\/blogi.eoppimispalvelut.fi\/lapintoimistotarvike\/wp-json\/wp\/v2\/pages\/73\/revisions"}],"predecessor-version":[{"id":350,"href":"https:\/\/blogi.eoppimispalvelut.fi\/lapintoimistotarvike\/wp-json\/wp\/v2\/pages\/73\/revisions\/350"}],"wp:attachment":[{"href":"https:\/\/blogi.eoppimispalvelut.fi\/lapintoimistotarvike\/wp-json\/wp\/v2\/media?parent=73"}],"curies":[{"name":"wp","href":"https:\/\/api.w.org\/{rel}","templated":true}]}}