{"id":87,"date":"2023-01-28T13:11:43","date_gmt":"2023-01-28T11:11:43","guid":{"rendered":"https:\/\/blogi.eoppimispalvelut.fi\/lapintoimistotarvike\/?page_id=87"},"modified":"2023-03-15T13:41:51","modified_gmt":"2023-03-15T11:41:51","slug":"tuotepaketit","status":"publish","type":"page","link":"https:\/\/blogi.eoppimispalvelut.fi\/lapintoimistotarvike\/tuotepaketit\/","title":{"rendered":"Tuotepaketit"},"content":{"rendered":"\n<p>T\u00e4ss\u00e4 esimerkkej\u00e4 tuotepaketeistamme! <\/p>\n\n\n\n<p>Jokainen paketti on r\u00e4\u00e4t\u00e4l\u00f6it\u00e4viss\u00e4 juuri teille sopivaksi!<\/p>\n\n\n\n<p>Tsekkaa my\u00f6s kev\u00e4\u00e4n uutuus paketti!<\/p>\n\n\n\n<p><strong>Perustoimistopaketti kahdelle ty\u00f6ntekij\u00e4lle<\/strong><\/p>\n\n\n\n<ul class=\"wp-block-list\">\n<li>2 kpl s\u00e4hk\u00f6p\u00f6yt\u00e4\u00e4<\/li>\n<\/ul>\n\n\n\n<ul class=\"wp-block-list\">\n<li>2 kpl L\u00e5ngfj\u00e4ll ty\u00f6tuolia<\/li>\n<\/ul>\n\n\n\n<ul class=\"wp-block-list\">\n<li>jalkavalaisin<\/li>\n<\/ul>\n\n\n\n<p class=\"has-background\" style=\"background-color:#86a9d94f\"><strong>Alkaen 1999\u20ac<\/strong><\/p>\n\n\n\n<p><strong>Ergonominen premium toimistopaketti kahdelle ty\u00f6ntekij\u00e4lle<\/strong><\/p>\n\n\n\n<ul class=\"wp-block-list\">\n<li>2 kpl s\u00e4hk\u00f6p\u00f6yt\u00e4\u00e4<\/li>\n<\/ul>\n\n\n\n<ul class=\"wp-block-list\">\n<li>2 kpl Premium tuolia<\/li>\n<\/ul>\n\n\n\n<ul class=\"wp-block-list\">\n<li>valaisin<\/li>\n<\/ul>\n\n\n\n<ul class=\"wp-block-list\">\n<li>2 kpl seisoma-alustaa<\/li>\n<\/ul>\n\n\n\n<ul class=\"wp-block-list\">\n<li>ilmanraikastin<\/li>\n<\/ul>\n\n\n\n<ul class=\"wp-block-list\">\n<li>huonekasvi<\/li>\n<\/ul>\n\n\n\n<p class=\"has-background\" style=\"background-color:#86a9d94f\"><strong>Alkaen 2499\u20ac<\/strong><\/p>\n\n\n\n<p><strong>Viihtyis\u00e4 paketti asiakastiloihin<\/strong><\/p>\n\n\n\n<ul class=\"wp-block-list\">\n<li>sohva<\/li>\n<\/ul>\n\n\n\n<ul class=\"wp-block-list\">\n<li>vastaanottotiski<\/li>\n<\/ul>\n\n\n\n<ul class=\"wp-block-list\">\n<li>2 kpl mattoa<\/li>\n<\/ul>\n\n\n\n<ul class=\"wp-block-list\">\n<li>viherkasveja<\/li>\n<\/ul>\n\n\n\n<ul class=\"wp-block-list\">\n<li>2 kpl  tuolia<\/li>\n<\/ul>\n\n\n\n<p class=\"has-background\" style=\"background-color:#86a9d94f\"><strong>Alkaen 1999\u20ac<\/strong><\/p>\n\n\n\n<h2 class=\"wp-block-heading\"><strong><mark style=\"background-color:#f78da7\" class=\"has-inline-color\">UUTUUS!<\/mark><\/strong><\/h2>\n\n\n\n<p><strong><mark style=\"background-color:#f78da7\" class=\"has-inline-color\">Smart Office paketti jokaiseen toimistoon<\/mark><\/strong><\/p>\n\n\n\n<ul class=\"wp-block-list\">\n<li> Smart Office keskusyksikk\u00f6<\/li>\n\n\n\n<li>Liiketunnistin<\/li>\n\n\n\n<li>\u00c4lyvalaistus<\/li>\n\n\n\n<li>Ovi- ja ikkunasensori<\/li>\n\n\n\n<li>\u00c4lylamput<\/li>\n<\/ul>\n\n\n\n<p>Pakettiin kuuluu tuotteen esittely sek\u00e4 asennus!<\/p>\n\n\n\n<p class=\"has-background\" style=\"background-color:#86a9d94f\"><strong>Alkaen 499\u20ac<\/strong> (hinta ei sis\u00e4ll\u00e4 ALV)<\/p>\n","protected":false},"excerpt":{"rendered":"<p>T\u00e4ss\u00e4 esimerkkej\u00e4 tuotepaketeistamme! Jokainen paketti on r\u00e4\u00e4t\u00e4l\u00f6it\u00e4viss\u00e4 juuri teille sopivaksi! Tsekkaa my\u00f6s kev\u00e4\u00e4n uutuus paketti! Perustoimistopaketti kahdelle ty\u00f6ntekij\u00e4lle Alkaen 1999\u20ac Ergonominen premium toimistopaketti kahdelle ty\u00f6ntekij\u00e4lle Alkaen 2499\u20ac Viihtyis\u00e4 paketti asiakastiloihin Alkaen 1999\u20ac UUTUUS! Smart Office paketti jokaiseen toimistoon Pakettiin kuuluu tuotteen esittely sek\u00e4 asennus! Alkaen 499\u20ac (hinta ei sis\u00e4ll\u00e4 ALV)<\/p>\n","protected":false},"author":19865,"featured_media":0,"parent":0,"menu_order":0,"comment_status":"closed","ping_status":"closed","template":"","meta":{"footnotes":""},"class_list":["post-87","page","type-page","status-publish","hentry","nodate","item-wrap"],"_links":{"self":[{"href":"https:\/\/blogi.eoppimispalvelut.fi\/lapintoimistotarvike\/wp-json\/wp\/v2\/pages\/87","targetHints":{"allow":["GET"]}}],"collection":[{"href":"https:\/\/blogi.eoppimispalvelut.fi\/lapintoimistotarvike\/wp-json\/wp\/v2\/pages"}],"about":[{"href":"https:\/\/blogi.eoppimispalvelut.fi\/lapintoimistotarvike\/wp-json\/wp\/v2\/types\/page"}],"author":[{"embeddable":true,"href":"https:\/\/blogi.eoppimispalvelut.fi\/lapintoimistotarvike\/wp-json\/wp\/v2\/users\/19865"}],"replies":[{"embeddable":true,"href":"https:\/\/blogi.eoppimispalvelut.fi\/lapintoimistotarvike\/wp-json\/wp\/v2\/comments?post=87"}],"version-history":[{"count":9,"href":"https:\/\/blogi.eoppimispalvelut.fi\/lapintoimistotarvike\/wp-json\/wp\/v2\/pages\/87\/revisions"}],"predecessor-version":[{"id":343,"href":"https:\/\/blogi.eoppimispalvelut.fi\/lapintoimistotarvike\/wp-json\/wp\/v2\/pages\/87\/revisions\/343"}],"wp:attachment":[{"href":"https:\/\/blogi.eoppimispalvelut.fi\/lapintoimistotarvike\/wp-json\/wp\/v2\/media?parent=87"}],"curies":[{"name":"wp","href":"https:\/\/api.w.org\/{rel}","templated":true}]}}