{"id":93,"date":"2023-01-28T13:19:41","date_gmt":"2023-01-28T11:19:41","guid":{"rendered":"https:\/\/blogi.eoppimispalvelut.fi\/lapintoimistotarvike\/?page_id=93"},"modified":"2023-02-23T11:13:57","modified_gmt":"2023-02-23T09:13:57","slug":"muut-tuotteet","status":"publish","type":"page","link":"https:\/\/blogi.eoppimispalvelut.fi\/lapintoimistotarvike\/muut-tuotteet\/","title":{"rendered":"Muut tuotteet"},"content":{"rendered":"\n<p><strong><mark style=\"background-color:#8ed1fc\" class=\"has-inline-color\">Seisoma-alusta 74,4\u20ac (hinta ilman ALV 49\u20ac)<\/mark><\/strong><em>Kuva tulossa!<\/em><\/p>\n\n\n\n<p><em>Seisoma-alusta on oiva pari s\u00e4hk\u00f6p\u00f6yd\u00e4n kanssa, sill\u00e4 se lis\u00e4\u00e4 mukavuutta seisomaty\u00f6h\u00f6n. Seisoma-alustan kanssa ty\u00f6ntekij\u00e4 ei tule kokemaan s\u00e4rky\u00e4 eik\u00e4 kipuja seisomisen j\u00e4lkeen, vaan p\u00e4invastoin seisomaty\u00f6skentely on mukavaa ja lis\u00e4\u00e4 verenkiertoa jaloissa.<\/em><\/p>\n\n\n\n<p><mark style=\"background-color:#8ed1fc\" class=\"has-inline-color has-black-color\"><strong>Air diffuser 60,76\u20ac <\/strong>(hinta ilman ALV 49\u20ac)<\/mark>               <img loading=\"lazy\" decoding=\"async\" width=\"1920\" height=\"1080\" class=\"wp-image-196\" style=\"width: 150px\" src=\"https:\/\/blogi.eoppimispalvelut.fi\/lapintoimistotarvike\/files\/2023\/01\/doterra-gcb3d8d7ae_1920.jpg\" alt=\"\" srcset=\"https:\/\/blogi.eoppimispalvelut.fi\/lapintoimistotarvike\/files\/2023\/01\/doterra-gcb3d8d7ae_1920.jpg 1920w, https:\/\/blogi.eoppimispalvelut.fi\/lapintoimistotarvike\/files\/2023\/01\/doterra-gcb3d8d7ae_1920-900x506.jpg 900w, https:\/\/blogi.eoppimispalvelut.fi\/lapintoimistotarvike\/files\/2023\/01\/doterra-gcb3d8d7ae_1920-1280x720.jpg 1280w, https:\/\/blogi.eoppimispalvelut.fi\/lapintoimistotarvike\/files\/2023\/01\/doterra-gcb3d8d7ae_1920-768x432.jpg 768w, https:\/\/blogi.eoppimispalvelut.fi\/lapintoimistotarvike\/files\/2023\/01\/doterra-gcb3d8d7ae_1920-1536x864.jpg 1536w, https:\/\/blogi.eoppimispalvelut.fi\/lapintoimistotarvike\/files\/2023\/01\/doterra-gcb3d8d7ae_1920-750x422.jpg 750w\" sizes=\"auto, (max-width: 1920px) 100vw, 1920px\" \/><\/p>\n\n\n\n<p><em>Air diffuser lis\u00e4\u00e4 ilmankosteutta ja raikastaa toimiston hengitysilmaa! Siihen on my\u00f6s mahdollista lis\u00e4t\u00e4 erilaisia huonetuoksuja, jotka lis\u00e4\u00e4v\u00e4t mukavuutta toimistolla. <\/em><\/p>\n\n\n\n<p><mark style=\"background-color:#8ed1fc\" class=\"has-inline-color has-black-color\"><strong>Kahvinkeitin 122,76\u20ac <\/strong>(hinta ilman ALV 99\u20ac)  <\/mark>          <img loading=\"lazy\" decoding=\"async\" width=\"1280\" height=\"1920\" class=\"wp-image-200\" style=\"width: 150px\" src=\"https:\/\/blogi.eoppimispalvelut.fi\/lapintoimistotarvike\/files\/2023\/01\/coffee-machine-g49fbfc165_1920.jpg\" alt=\"\" srcset=\"https:\/\/blogi.eoppimispalvelut.fi\/lapintoimistotarvike\/files\/2023\/01\/coffee-machine-g49fbfc165_1920.jpg 1280w, https:\/\/blogi.eoppimispalvelut.fi\/lapintoimistotarvike\/files\/2023\/01\/coffee-machine-g49fbfc165_1920-900x1350.jpg 900w, https:\/\/blogi.eoppimispalvelut.fi\/lapintoimistotarvike\/files\/2023\/01\/coffee-machine-g49fbfc165_1920-768x1152.jpg 768w, https:\/\/blogi.eoppimispalvelut.fi\/lapintoimistotarvike\/files\/2023\/01\/coffee-machine-g49fbfc165_1920-1024x1536.jpg 1024w, https:\/\/blogi.eoppimispalvelut.fi\/lapintoimistotarvike\/files\/2023\/01\/coffee-machine-g49fbfc165_1920-750x1125.jpg 750w\" sizes=\"auto, (max-width: 1280px) 100vw, 1280px\" \/><\/p>\n\n\n\n<p><em>Kahvinkeitin on l\u00e4hes jokaisen toimiston k\u00e4ytetyin v\u00e4linen heti tietokoneiden j\u00e4lkeen! Hyv\u00e4 kahvinkeitin varmistaa ty\u00f6ntekij\u00f6iden sek\u00e4 asiakkaiden tyytyv\u00e4isyyden!<\/em><\/p>\n\n\n\n<p><mark style=\"background-color:#8ed1fc\" class=\"has-inline-color\"><strong>Vedenkeitin 35,96\u20ac <\/strong>(hinta ilman ALV 29\u20ac)<\/mark><strong> <\/strong><img loading=\"lazy\" decoding=\"async\" width=\"1920\" height=\"1280\" class=\"wp-image-300\" style=\"width: 150px\" src=\"https:\/\/blogi.eoppimispalvelut.fi\/lapintoimistotarvike\/files\/2023\/02\/electric-kettle-g9a7849112_1920-1.jpg\" alt=\"\" srcset=\"https:\/\/blogi.eoppimispalvelut.fi\/lapintoimistotarvike\/files\/2023\/02\/electric-kettle-g9a7849112_1920-1.jpg 1920w, https:\/\/blogi.eoppimispalvelut.fi\/lapintoimistotarvike\/files\/2023\/02\/electric-kettle-g9a7849112_1920-1-900x600.jpg 900w, https:\/\/blogi.eoppimispalvelut.fi\/lapintoimistotarvike\/files\/2023\/02\/electric-kettle-g9a7849112_1920-1-1280x853.jpg 1280w, https:\/\/blogi.eoppimispalvelut.fi\/lapintoimistotarvike\/files\/2023\/02\/electric-kettle-g9a7849112_1920-1-768x512.jpg 768w, https:\/\/blogi.eoppimispalvelut.fi\/lapintoimistotarvike\/files\/2023\/02\/electric-kettle-g9a7849112_1920-1-1536x1024.jpg 1536w, https:\/\/blogi.eoppimispalvelut.fi\/lapintoimistotarvike\/files\/2023\/02\/electric-kettle-g9a7849112_1920-1-750x500.jpg 750w\" sizes=\"auto, (max-width: 1920px) 100vw, 1920px\" \/><\/p>\n\n\n\n<p><em>Vedenkeitin on hyv\u00e4 lis\u00e4 jokaiseen toimistoon, sill\u00e4 jokainen ei juo kahvia. Esimerkiksi tee pirist\u00e4\u00e4 ja tuo hyv\u00e4n mielen juojallensa!<\/em><\/p>\n\n\n\n<p><mark style=\"background-color:#8ed1fc\" class=\"has-inline-color has-black-color\"><strong>Arkistokaapp<\/strong>i <strong>308,76\u20ac<\/strong><\/mark><mark style=\"background-color:#8ed1fc\" class=\"has-inline-color\"> (hinta ilman ALV 249\u20ac)<\/mark>        <em>Kuva tulossa!<\/em><\/p>\n\n\n\n<p><em>Arkistokaappi on eritt\u00e4in tarpeellinen lis\u00e4 jokaiseen toimistoon! Vaikka nykyaikana paperinen arkistointi on v\u00e4henem\u00e4\u00e4n p\u00e4in, on silti jokaisella toimistolla tarve pakollisten papereiden s\u00e4il\u00f6nt\u00e4\u00e4n. <\/em><\/p>\n\n\n\n<p><mark style=\"background-color:#8ed1fc\" class=\"has-inline-color\"><strong>Laatikosto py\u00f6rill\u00e4 62\u20ac <\/strong>(hinta ilman ALV 50\u20ac)<\/mark><strong> <\/strong><em>Kuva tulossa!<\/em><\/p>\n\n\n\n<p><em>Laatikosto py\u00f6rill\u00e4 on hyv\u00e4 valinta jokaiseen toimistoon! Toimisto pysyy siistin\u00e4, kun post-it laput sek\u00e4 kansiot ja muut l\u00f6ytyv\u00e4t laatikostosta sen sijaan, ett\u00e4 ne ovat sekaisin p\u00f6ydill\u00e4.<\/em><\/p>\n\n\n\n<p><mark style=\"background-color:#8ed1fc\" class=\"has-inline-color\"><strong>Sermi yksiosainen 86,8\u20ac <\/strong>(hinta ilman ALV 70\u20ac)<\/mark><strong> <\/strong><img loading=\"lazy\" decoding=\"async\" width=\"435\" height=\"565\" class=\"wp-image-194\" style=\"width: 150px\" src=\"https:\/\/blogi.eoppimispalvelut.fi\/lapintoimistotarvike\/files\/2023\/01\/Valiseina.jpg\" alt=\"\"><\/p>\n\n\n\n<p><em>Sermi mahdollistaa yksityisyyden lis\u00e4\u00e4misen jokaisella toimistolla, mutta erinomainen se on esimerkiksi avotoimistoissa tai muussa tilan jakamisessa! Yksityisyys on t\u00e4rke\u00e4\u00e4 niin ty\u00f6ntekij\u00e4lle kuin asiakkaallekin. <\/em><\/p>\n\n\n\n<p><mark style=\"background-color:#8ed1fc\" class=\"has-inline-color\"><strong>Hush wall- tilanjakaja py\u00f6rill\u00e4 (1200x1945x50) 1238,76\u20ac <\/strong>(hinta ilman ALV 999\u20ac)<\/mark><strong> <\/strong><em>Kuva tulossa!<\/em><\/p>\n\n\n\n<p><em>Hush-wall tilanjakaja mahdollistaa yksityisyyden lis\u00e4ksi my\u00f6s hiljaisuuden jaettuihin tiloihin! V\u00e4hempi melu luo paremmat mahdollisuudet ty\u00f6ntekij\u00f6ille tehd\u00e4 ty\u00f6ns\u00e4 kunnolla! Py\u00f6r\u00e4t takaavat my\u00f6s helpon ja vaivattoman muodonmuutoksen toimistolle juuri silloin kun sit\u00e4 haluaa. <\/em><\/p>\n\n\n\n<p><mark style=\"background-color:#8ed1fc\" class=\"has-inline-color\"><strong>Kahden hengen \u00e4\u00e4nieristetty neuvottelutila (3,4m<sup>2<\/sup>) 8678,76\u20ac <\/strong>(hinta ilman ALV 6999\u20ac)<\/mark><\/p>\n\n\n\n<p><em>Kahden hengen \u00e4\u00e4nieristetty neuvottelutila mahdollistaa pieneenkin toimistotilaan yksityisen paikan neuvotteluille ja esimerkiksi videokokouksille! \u00c4\u00e4nieristys on hyv\u00e4 lis\u00e4 tilaan, joka mahdollistaa yksityisyyden ja rauhan kiireisillekin p\u00e4iville!<\/em><\/p>\n\n\n\n<p> <em>Kuva tulossa! <\/em><\/p>\n\n\n\n<p><mark style=\"background-color:#8ed1fc\" class=\"has-inline-color\"><strong>Matto harmaa (120cm) 74,4\u20ac <\/strong>(hinta ilman ALV 60\u20ac)<\/mark><img loading=\"lazy\" decoding=\"async\" width=\"1440\" height=\"1920\" class=\"wp-image-199\" style=\"width: 150px\" src=\"https:\/\/blogi.eoppimispalvelut.fi\/lapintoimistotarvike\/files\/2023\/01\/carpets-g2fe4b625d_1920.jpg\" alt=\"\" srcset=\"https:\/\/blogi.eoppimispalvelut.fi\/lapintoimistotarvike\/files\/2023\/01\/carpets-g2fe4b625d_1920.jpg 1440w, https:\/\/blogi.eoppimispalvelut.fi\/lapintoimistotarvike\/files\/2023\/01\/carpets-g2fe4b625d_1920-900x1200.jpg 900w, https:\/\/blogi.eoppimispalvelut.fi\/lapintoimistotarvike\/files\/2023\/01\/carpets-g2fe4b625d_1920-1280x1707.jpg 1280w, https:\/\/blogi.eoppimispalvelut.fi\/lapintoimistotarvike\/files\/2023\/01\/carpets-g2fe4b625d_1920-768x1024.jpg 768w, https:\/\/blogi.eoppimispalvelut.fi\/lapintoimistotarvike\/files\/2023\/01\/carpets-g2fe4b625d_1920-1152x1536.jpg 1152w, https:\/\/blogi.eoppimispalvelut.fi\/lapintoimistotarvike\/files\/2023\/01\/carpets-g2fe4b625d_1920-750x1000.jpg 750w\" sizes=\"auto, (max-width: 1440px) 100vw, 1440px\" \/>  <\/p>\n\n\n\n<p><em>Matot lis\u00e4\u00e4v\u00e4t viihtyvyytt\u00e4 sek\u00e4 mukavuutta jokaiseen toimitilaan! Harmaat mattomme ovat helppohoitoisia ja hylkiv\u00e4t likaa. <\/em><\/p>\n\n\n\n<p><mark style=\"background-color:#8ed1fc\" class=\"has-inline-color\"><strong>Sein\u00e4naulakko valkoinen 24,8\u20ac <\/strong>(hinta ilman ALV 20\u20ac)<\/mark> <em>Kuva tulossa!<\/em><\/p>\n\n\n\n<p><em>Sein\u00e4naulakko helpottaa jokaisen el\u00e4m\u00e4\u00e4, kun takeille ja asusteille on oma paikka jokaisen toimistossa! My\u00f6s asiakkaat arvostavat, kun takkeja ja esimerkiksi sateenvarjoja ei tarvitse kannella toimistoilla mukana. <\/em><\/p>\n\n\n\n<p><strong><mark style=\"background-color:#8ed1fc\" class=\"has-inline-color\">J\u00e4\u00e4kaappi (85cm) 122,76\u20ac<\/mark> <\/strong>(hinta ilman ALV 99\u20ac)<strong> <\/strong><em>Kuva tulossa!<\/em><\/p>\n\n\n\n<p><em>Pieni j\u00e4\u00e4kaappi mahdollistaa vaikka kes\u00e4kuumalla juomien s\u00e4ilymisen viile\u00e4n\u00e4 tai taukojen v\u00e4liss\u00e4 ruuan pysymisen hyv\u00e4n\u00e4! J\u00e4\u00e4kaappi on tarpeellinen jokaiseen toimistoon. <\/em><\/p>\n\n\n\n<p><strong><mark style=\"background-color:#8ed1fc\" class=\"has-inline-color\">Mikroaaltouuni 700W 60,76\u20ac<\/mark> <\/strong>(hinta ilman ALV 49\u20ac)<strong> <\/strong><em>Kuva tulossa!<\/em><\/p>\n\n\n\n<p><em>Mikroaaltouuni helpottaa jokaisen ty\u00f6ntekij\u00e4n el\u00e4m\u00e4\u00e4, jotka tuovat ruokansa kotoa. My\u00f6s asiakastiloihin mikro voi olla hyv\u00e4 lis\u00e4, jos tarjolla on l\u00e4mmitett\u00e4vi\u00e4 tuotteit<\/em>a.<\/p>\n","protected":false},"excerpt":{"rendered":"<p>Seisoma-alusta 74,4\u20ac (hinta ilman ALV 49\u20ac)Kuva tulossa! Seisoma-alusta on oiva pari s\u00e4hk\u00f6p\u00f6yd\u00e4n kanssa, sill\u00e4 se lis\u00e4\u00e4 mukavuutta seisomaty\u00f6h\u00f6n. Seisoma-alustan kanssa ty\u00f6ntekij\u00e4 ei tule kokemaan s\u00e4rky\u00e4 eik\u00e4 kipuja seisomisen j\u00e4lkeen, vaan p\u00e4invastoin seisomaty\u00f6skentely on mukavaa ja lis\u00e4\u00e4 verenkiertoa jaloissa. Air diffuser 60,76\u20ac (hinta ilman ALV 49\u20ac) Air diffuser lis\u00e4\u00e4 ilmankosteutta ja raikastaa toimiston hengitysilmaa! Siihen on &hellip; <\/p>\n<p><a class=\"more-link btn\" href=\"https:\/\/blogi.eoppimispalvelut.fi\/lapintoimistotarvike\/muut-tuotteet\/\">Jatka lukemista<\/a><\/p>\n","protected":false},"author":19865,"featured_media":0,"parent":0,"menu_order":0,"comment_status":"closed","ping_status":"closed","template":"","meta":{"footnotes":""},"class_list":["post-93","page","type-page","status-publish","hentry","nodate","item-wrap"],"_links":{"self":[{"href":"https:\/\/blogi.eoppimispalvelut.fi\/lapintoimistotarvike\/wp-json\/wp\/v2\/pages\/93","targetHints":{"allow":["GET"]}}],"collection":[{"href":"https:\/\/blogi.eoppimispalvelut.fi\/lapintoimistotarvike\/wp-json\/wp\/v2\/pages"}],"about":[{"href":"https:\/\/blogi.eoppimispalvelut.fi\/lapintoimistotarvike\/wp-json\/wp\/v2\/types\/page"}],"author":[{"embeddable":true,"href":"https:\/\/blogi.eoppimispalvelut.fi\/lapintoimistotarvike\/wp-json\/wp\/v2\/users\/19865"}],"replies":[{"embeddable":true,"href":"https:\/\/blogi.eoppimispalvelut.fi\/lapintoimistotarvike\/wp-json\/wp\/v2\/comments?post=93"}],"version-history":[{"count":17,"href":"https:\/\/blogi.eoppimispalvelut.fi\/lapintoimistotarvike\/wp-json\/wp\/v2\/pages\/93\/revisions"}],"predecessor-version":[{"id":309,"href":"https:\/\/blogi.eoppimispalvelut.fi\/lapintoimistotarvike\/wp-json\/wp\/v2\/pages\/93\/revisions\/309"}],"wp:attachment":[{"href":"https:\/\/blogi.eoppimispalvelut.fi\/lapintoimistotarvike\/wp-json\/wp\/v2\/media?parent=93"}],"curies":[{"name":"wp","href":"https:\/\/api.w.org\/{rel}","templated":true}]}}