{"id":13,"date":"2023-11-02T08:33:32","date_gmt":"2023-11-02T06:33:32","guid":{"rendered":"https:\/\/blogi.eoppimispalvelut.fi\/lapinrajapintakurssit\/?page_id=13"},"modified":"2024-09-12T15:17:59","modified_gmt":"2024-09-12T12:17:59","slug":"verkostojen-johtaminen","status":"publish","type":"page","link":"https:\/\/blogi.eoppimispalvelut.fi\/lapinyhdyspintakurssit\/verkostojen-johtaminen\/","title":{"rendered":"Verkostojen johtaminen"},"content":{"rendered":"[et_pb_section fb_built=&#8221;1&#8243; admin_label=&#8221;section&#8221; _builder_version=&#8221;4.20.4&#8243; global_colors_info=&#8221;{}&#8221;][et_pb_row admin_label=&#8221;row&#8221; _builder_version=&#8221;4.16&#8243; background_size=&#8221;initial&#8221; background_position=&#8221;top_left&#8221; background_repeat=&#8221;repeat&#8221; global_colors_info=&#8221;{}&#8221;][et_pb_column type=&#8221;4_4&#8243; _builder_version=&#8221;4.16&#8243; custom_padding=&#8221;|||&#8221; global_colors_info=&#8221;{}&#8221; custom_padding__hover=&#8221;|||&#8221;][et_pb_text admin_label=&#8221;Text&#8221; _builder_version=&#8221;4.20.4&#8243; background_size=&#8221;initial&#8221; background_position=&#8221;top_left&#8221; background_repeat=&#8221;repeat&#8221; global_colors_info=&#8221;{}&#8221;]<p style=\"text-align: center\"><\/p>[\/et_pb_text][et_pb_text _builder_version=&#8221;4.27.0&#8243; _module_preset=&#8221;default&#8221; text_font_size=&#8221;40px&#8221; hover_enabled=&#8221;0&#8243; global_colors_info=&#8221;{}&#8221; sticky_enabled=&#8221;0&#8243;]<h2 style=\"text-align: left\">VERKOSTOJEN JOHTAMINEN<\/h2>[\/et_pb_text][\/et_pb_column][\/et_pb_row][et_pb_row column_structure=&#8221;1_2,1_2&#8243; _builder_version=&#8221;4.20.4&#8243; _module_preset=&#8221;default&#8221; custom_margin=&#8221;|auto|-53px|auto||&#8221; global_colors_info=&#8221;{}&#8221;][et_pb_column type=&#8221;1_2&#8243; _builder_version=&#8221;4.20.4&#8243; _module_preset=&#8221;default&#8221; global_colors_info=&#8221;{}&#8221;][et_pb_text _builder_version=&#8221;4.24.3&#8243; _module_preset=&#8221;default&#8221; custom_margin=&#8221;||0px||false|false&#8221; custom_padding=&#8221;7px||0px||false|false&#8221; global_colors_info=&#8221;{}&#8221;]<p style=\"text-align: justify\"><span data-contrast=\"auto\" xml:lang=\"FI-FI\" lang=\"FI-FI\" class=\"TextRun SCXW196181311 BCX8\"><span class=\"NormalTextRun SCXW196181311 BCX8\">Verkostojen johtaminen on toimintaa, jolla <\/span><span class=\"NormalTextRun SCXW196181311 BCX8\">taataan verkoston toimivuus ja <\/span><span class=\"NormalTextRun SCXW196181311 BCX8\">varmistetaan yhteisty\u00f6st\u00e4 saatava hy\u00f6<\/span><span class=\"NormalTextRun SCXW196181311 BCX8\">ty.<\/span><span class=\"NormalTextRun SCXW196181311 BCX8\"> <\/span><span class=\"NormalTextRun SCXW196181311 BCX8\">Vapaaehtoisuuteen ja tasa<\/span><span class=\"NormalTextRun SCXW196181311 BCX8\">vertaisuuteen<\/span><span class=\"NormalTextRun SCXW196181311 BCX8\"> perustuvien <\/span><span class=\"NormalTextRun SCXW196181311 BCX8\">verkostojen johtaminen<\/span><span class=\"NormalTextRun SCXW196181311 BCX8\"> poikkeaa perinteisest\u00e4 hierarkkisesta organisaatiojohtamisesta<\/span><span class=\"NormalTextRun SCXW196181311 BCX8\">: johtajan vallan sijaan p<\/span><span class=\"NormalTextRun SCXW196181311 BCX8\">\u00e4\u00e4t\u00f6ksenteko tapahtuu<\/span><span class=\"NormalTextRun SCXW196181311 BCX8\"> yhteisymm\u00e4rryksen kautta, ja vastuu toiminnasta on jaettu kaikkien toimijoiden kesken.<\/span><\/span><span class=\"LineBreakBlob BlobObject DragDrop SCXW196181311 BCX8\"><span class=\"SCXW196181311 BCX8\"><\/span><\/span><\/p>\n<p style=\"text-align: justify\"><span data-contrast=\"auto\" xml:lang=\"FI-FI\" lang=\"FI-FI\" class=\"TextRun SCXW196181311 BCX8\"><span class=\"NormalTextRun SCXW196181311 BCX8\">Keskeisi\u00e4 piirteit\u00e4 verkostojen johtamisessa ovat luottamuksen rakentaminen, avoin viestint\u00e4 sek\u00e4 aktiivinen vuorovaikutus. Johtajan teht\u00e4v\u00e4n\u00e4 on mahdollistaa verkoston toiminta, koordinoida tapaamisia ja sovittaa yhteen toimijoiden intressit ja tavoitteet. T\u00e4h\u00e4n tarvitaan hyvi\u00e4 viestint\u00e4- ja vuorovaikutustaitoja, ihmistuntemusta, kyky\u00e4 kuunnella ja neuvotella sek\u00e4 taitoa motivoida, inspiroida ja sitouttaa toimijoita.<\/span><\/span><span class=\"EOP SCXW196181311 BCX8\" data-ccp-props=\"{&quot;134233117&quot;:false,&quot;134233118&quot;:false,&quot;201341983&quot;:0,&quot;335551550&quot;:0,&quot;335551620&quot;:0,&quot;335559738&quot;:240,&quot;335559739&quot;:240,&quot;335559740&quot;:279}\">\u00a0<\/span><\/p>\n<p style=\"text-align: justify\"><span data-contrast=\"auto\" xml:lang=\"FI-FI\" lang=\"FI-FI\" class=\"TextRun SCXW106023179 BCX8\"><span class=\"NormalTextRun SCXW106023179 BCX8\">Verkostojen johtaminen vaatii vahvaa kyky\u00e4 luoda ja yll\u00e4pit\u00e4\u00e4 suhteita eri sidosryhmiin. Se edellytt\u00e4\u00e4 my\u00f6s taitoa tunnistaa ja hy\u00f6dynt\u00e4\u00e4 verkostojen potentiaalia tavoitteiden saavuttamiseksi.<\/span><\/span><span class=\"EOP SCXW106023179 BCX8\" data-ccp-props=\"{&quot;201341983&quot;:0,&quot;335559739&quot;:160,&quot;335559740&quot;:279}\">\u00a0<\/span><\/p>\n<p style=\"text-align: justify\"><\/p>\n<p style=\"text-align: justify\"><\/p>\n<p>&nbsp;<\/p>[\/et_pb_text][\/et_pb_column][et_pb_column type=&#8221;1_2&#8243; _builder_version=&#8221;4.20.4&#8243; _module_preset=&#8221;default&#8221; global_colors_info=&#8221;{}&#8221;][et_pb_image src=&#8221;https:\/\/blogi.eoppimispalvelut.fi\/lapinyhdyspintakurssit\/files\/2024\/06\/AdobeStock_130388185-scaled.jpeg&#8221; title_text=&#8221;woman shows the direction of the crowd&#8221; _builder_version=&#8221;4.24.3&#8243; _module_preset=&#8221;default&#8221; custom_margin=&#8221;12px||||false|false&#8221; global_colors_info=&#8221;{}&#8221;][\/et_pb_image][\/et_pb_column][\/et_pb_row][et_pb_row column_structure=&#8221;1_2,1_2&#8243; _builder_version=&#8221;4.20.4&#8243; _module_preset=&#8221;default&#8221; custom_padding=&#8221;||48px|||&#8221; global_colors_info=&#8221;{}&#8221;][et_pb_column type=&#8221;1_2&#8243; _builder_version=&#8221;4.20.4&#8243; _module_preset=&#8221;default&#8221; global_colors_info=&#8221;{}&#8221;][et_pb_image src=&#8221;https:\/\/blogi.eoppimispalvelut.fi\/lapinyhdyspintakurssit\/files\/2024\/05\/Sitaatti_riskila_verkostojen-johtaminen-scaled.jpg&#8221; title_text=&#8221;Sitaatti_riskila_verkostojen johtaminen&#8221; _builder_version=&#8221;4.24.3&#8243; _module_preset=&#8221;default&#8221; global_colors_info=&#8221;{}&#8221;][\/et_pb_image][\/et_pb_column][et_pb_column type=&#8221;1_2&#8243; _builder_version=&#8221;4.20.4&#8243; _module_preset=&#8221;default&#8221; global_colors_info=&#8221;{}&#8221;][et_pb_image src=&#8221;https:\/\/blogi.eoppimispalvelut.fi\/lapinyhdyspintakurssit\/files\/2024\/07\/Verkostojen-johtaminen-kauppinen-scaled.jpg&#8221; title_text=&#8221;Verkostojen johtaminen kauppinen&#8221; _builder_version=&#8221;4.24.3&#8243; _module_preset=&#8221;default&#8221; global_colors_info=&#8221;{}&#8221;][\/et_pb_image][\/et_pb_column][\/et_pb_row][et_pb_row _builder_version=&#8221;4.20.4&#8243; _module_preset=&#8221;default&#8221; global_colors_info=&#8221;{}&#8221;][et_pb_column type=&#8221;4_4&#8243; _builder_version=&#8221;4.20.4&#8243; _module_preset=&#8221;default&#8221; global_colors_info=&#8221;{}&#8221;][et_pb_text _builder_version=&#8221;4.27.0&#8243; _module_preset=&#8221;default&#8221; text_font=&#8221;|800|||||||&#8221; text_text_color=&#8221;#00B7E0&#8243; text_font_size=&#8221;35px&#8221; header_text_color=&#8221;#38A5FF&#8221; custom_padding=&#8221;||0px|||&#8221; hover_enabled=&#8221;0&#8243; text_text_color_tablet=&#8221;#00B7E0&#8243; text_text_color_phone=&#8221;#00B7E0&#8243; text_text_color_last_edited=&#8221;on|desktop&#8221; global_colors_info=&#8221;{}&#8221; text_text_color__hover_enabled=&#8221;on|desktop&#8221; text_text_color__hover=&#8221;#00B7E0&#8243; sticky_enabled=&#8221;0&#8243;]<h2><b>PERUSASIAT HALTUUN VERKOSTOJEN JOHTAMISESTA<\/b><\/h2>[\/et_pb_text][\/et_pb_column][\/et_pb_row][et_pb_row _builder_version=&#8221;4.24.3&#8243; _module_preset=&#8221;default&#8221; link_option_url=&#8221;%91h5p id=%2216%22%93&#8243; global_colors_info=&#8221;{}&#8221;][et_pb_column type=&#8221;4_4&#8243; _builder_version=&#8221;4.20.4&#8243; _module_preset=&#8221;default&#8221; global_colors_info=&#8221;{}&#8221;][et_pb_text _builder_version=&#8221;4.24.3&#8243; _module_preset=&#8221;default&#8221; global_colors_info=&#8221;{}&#8221;]<p><span><div class=\"h5p-iframe-wrapper\"><iframe id=\"h5p-iframe-16\" class=\"h5p-iframe\" data-content-id=\"16\" style=\"height:1px\" src=\"about:blank\" frameBorder=\"0\" scrolling=\"no\" title=\"Verkostojen johtaminen\"><\/iframe><\/div><\/span><\/p>[\/et_pb_text][\/et_pb_column][\/et_pb_row][et_pb_row column_structure=&#8221;1_3,1_3,1_3&#8243; _builder_version=&#8221;4.24.3&#8243; _module_preset=&#8221;default&#8221; min_height=&#8221;46px&#8221; custom_margin=&#8221;|auto|-63px|auto|false|false&#8221; custom_padding=&#8221;||0px||false|false&#8221; global_colors_info=&#8221;{}&#8221;][et_pb_column type=&#8221;1_3&#8243; _builder_version=&#8221;4.20.4&#8243; _module_preset=&#8221;default&#8221; global_colors_info=&#8221;{}&#8221;][et_pb_video src=&#8221;https:\/\/www.youtube.com\/watch?v=WkoDEyOlNdY&#8221; _builder_version=&#8221;4.24.3&#8243; _module_preset=&#8221;default&#8221; global_colors_info=&#8221;{}&#8221;][\/et_pb_video][\/et_pb_column][et_pb_column type=&#8221;1_3&#8243; _builder_version=&#8221;4.20.4&#8243; _module_preset=&#8221;default&#8221; global_colors_info=&#8221;{}&#8221;][et_pb_video src=&#8221;https:\/\/www.youtube.com\/watch?v=u6kzSM5CYb4&#8243; _builder_version=&#8221;4.24.3&#8243; _module_preset=&#8221;default&#8221; global_colors_info=&#8221;{}&#8221;][\/et_pb_video][\/et_pb_column][et_pb_column type=&#8221;1_3&#8243; _builder_version=&#8221;4.20.4&#8243; _module_preset=&#8221;default&#8221; global_colors_info=&#8221;{}&#8221;][et_pb_video src=&#8221;https:\/\/www.youtube.com\/watch?v=SeFuQRWhyQA&#8221; _builder_version=&#8221;4.24.3&#8243; _module_preset=&#8221;default&#8221; min_height=&#8221;244px&#8221; custom_padding=&#8221;||||false|false&#8221; global_colors_info=&#8221;{}&#8221;][\/et_pb_video][\/et_pb_column][\/et_pb_row][et_pb_row column_structure=&#8221;1_3,1_3,1_3&#8243; _builder_version=&#8221;4.24.3&#8243; _module_preset=&#8221;default&#8221; min_height=&#8221;113.8px&#8221; custom_margin=&#8221;||-36px||false|false&#8221; global_colors_info=&#8221;{}&#8221;][et_pb_column type=&#8221;1_3&#8243; _builder_version=&#8221;4.20.4&#8243; _module_preset=&#8221;default&#8221; global_colors_info=&#8221;{}&#8221;][et_pb_text _builder_version=&#8221;4.20.4&#8243; _module_preset=&#8221;default&#8221; global_colors_info=&#8221;{}&#8221;]<p><strong>VERKOSTOJEN JOHTAMINEN<\/strong><\/p>\n<p>Tanja S\u00e4lev\u00e4, valmiusp\u00e4\u00e4llikk\u00f6<br \/>Suomen punaisen ristin Lapin piiri<\/p>\n<p>Videon kesto: 12,20 minuuttia<\/p>\n<p>Tuotanto: Lapin ammattikorkeakoulu, 2024<\/p>[\/et_pb_text][\/et_pb_column][et_pb_column type=&#8221;1_3&#8243; _builder_version=&#8221;4.20.4&#8243; _module_preset=&#8221;default&#8221; global_colors_info=&#8221;{}&#8221;][et_pb_text _builder_version=&#8221;4.20.4&#8243; _module_preset=&#8221;default&#8221; global_colors_info=&#8221;{}&#8221;]<p><span style=\"font-size: 14px\"><b>VERKOSTOISSA TOIMIMINEN JA VERKOSTOTY\u00d6SKENTELYN JOHTAMINEN<\/b><\/span><\/p>\n<p>Videon kesto: 59,11 minuuttia<\/p>\n<p>Tuotanto: <span>Into \u2013 etsiv\u00e4 nuorisoty\u00f6 ja ty\u00f6pajatoiminta ry, 2019<\/span><\/p>[\/et_pb_text][\/et_pb_column][et_pb_column type=&#8221;1_3&#8243; _builder_version=&#8221;4.20.4&#8243; _module_preset=&#8221;default&#8221; global_colors_info=&#8221;{}&#8221;][et_pb_text _builder_version=&#8221;4.20.4&#8243; _module_preset=&#8221;default&#8221; custom_padding=&#8221;||0px|||&#8221; global_colors_info=&#8221;{}&#8221;]<p><strong>VERKOSTOJEN JOHTAMINEN JA INNOVAATIOEKOSYSTEEMIT<\/strong><\/p>\n<p>Videon kesto: 6,03 minuuttia<\/p>\n<p>Tuotanto: Huusari, M; Ilves, M; Jalonen, P; Kelahaara, M; K\u00e4hk\u00f6nen, H, 2024<\/p>\n<p>&nbsp;<\/p>[\/et_pb_text][\/et_pb_column][\/et_pb_row][et_pb_row _builder_version=&#8221;4.20.4&#8243; _module_preset=&#8221;default&#8221; global_colors_info=&#8221;{}&#8221;][et_pb_column type=&#8221;4_4&#8243; _builder_version=&#8221;4.20.4&#8243; _module_preset=&#8221;default&#8221; global_colors_info=&#8221;{}&#8221;][et_pb_text _builder_version=&#8221;4.27.0&#8243; _module_preset=&#8221;default&#8221; text_text_color=&#8221;#00B7E0&#8243; text_font_size=&#8221;37px&#8221; hover_enabled=&#8221;0&#8243; global_colors_info=&#8221;{}&#8221; sticky_enabled=&#8221;0&#8243;]<h2><strong>MIT\u00c4 J\u00c4I MIELEEN? TESTAA TIETOSI.<\/strong><\/h2>[\/et_pb_text][\/et_pb_column][\/et_pb_row][et_pb_row _builder_version=&#8221;4.20.4&#8243; _module_preset=&#8221;default&#8221; background_color=&#8221;#FFFFFF&#8221; min_height=&#8221;276px&#8221; global_colors_info=&#8221;{}&#8221;][et_pb_column type=&#8221;4_4&#8243; _builder_version=&#8221;4.20.4&#8243; _module_preset=&#8221;default&#8221; global_colors_info=&#8221;{}&#8221;][et_pb_text _builder_version=&#8221;4.24.3&#8243; _module_preset=&#8221;default&#8221; global_colors_info=&#8221;{}&#8221;]<h4><\/h4>\n<p><span><div class=\"h5p-iframe-wrapper\"><iframe id=\"h5p-iframe-17\" class=\"h5p-iframe\" data-content-id=\"17\" style=\"height:1px\" src=\"about:blank\" frameBorder=\"0\" scrolling=\"no\" title=\"Verkostojen johtaminen\"><\/iframe><\/div><\/span><\/p>[\/et_pb_text][\/et_pb_column][\/et_pb_row][et_pb_row _builder_version=&#8221;4.20.4&#8243; _module_preset=&#8221;default&#8221; global_colors_info=&#8221;{}&#8221;][et_pb_column type=&#8221;4_4&#8243; _builder_version=&#8221;4.20.4&#8243; _module_preset=&#8221;default&#8221; global_colors_info=&#8221;{}&#8221;][et_pb_text _builder_version=&#8221;4.20.4&#8243; _module_preset=&#8221;default&#8221; global_colors_info=&#8221;{}&#8221;]<h3 style=\"text-align: center\"><strong>TUTUSTU\u00a0 AIHEESEEN LIS\u00c4\u00c4<\/strong><\/h3>[\/et_pb_text][\/et_pb_column][\/et_pb_row][et_pb_row column_structure=&#8221;1_2,1_2&#8243; _builder_version=&#8221;4.24.3&#8243; _module_preset=&#8221;default&#8221; global_colors_info=&#8221;{}&#8221;][et_pb_column type=&#8221;1_2&#8243; _builder_version=&#8221;4.20.4&#8243; _module_preset=&#8221;default&#8221; global_colors_info=&#8221;{}&#8221;][et_pb_text _builder_version=&#8221;4.24.3&#8243; _module_preset=&#8221;default&#8221; global_colors_info=&#8221;{}&#8221;]<p><strong>TAUSTOJA JA TEORIAA<\/strong><\/p>[\/et_pb_text][et_pb_text _builder_version=&#8221;4.24.3&#8243; _module_preset=&#8221;default&#8221; custom_margin=&#8221;||-41px|||&#8221; global_colors_info=&#8221;{}&#8221;]<p>Puustinen Alisa, 2017: Voiko verkostoja johtaa? : tapaustutkimus sosiaali- ja terveydenhuollon yhteistoiminta-alueen hallinnan yhteenkietoutuneesta luonteesta<br \/>V\u00e4it\u00f6skirja<br \/><a href=\"https:\/\/erepo.uef.fi\/bitstream\/handle\/123456789\/18160\/urn_isbn_978-952-61-2524-4.pdf?sequence=1&amp;isAllowed=y\">urn_isbn_978-952-61-2524-4.pdf (uef.fi)<\/a><\/p>\n<p>Lehto, Pitk\u00e4nen &amp; Autioniemi 2019: <span>Verkostojohtajan roolit ja kompetenssit <\/span><span>kolmannen sektorin johtajien n\u00e4k\u00f6kulmasta<br \/><\/span>Artikkeli<br \/><a href=\"https:\/\/journal.fi\/hallinnontutkimus\/article\/view\/98050\/56017\">Verkostojohtajan roolit ja kompetenssit kolmannen sektorin johtajien n\u00e4k\u00f6kulmasta &#8211; pdf (journal.fi)<\/a><\/p>\n<p>&nbsp;<\/p>\n<p>&nbsp;<\/p>\n<p><span data-ccp-props=\"{&quot;201341983&quot;:0,&quot;335559739&quot;:160,&quot;335559740&quot;:259}\">\u00a0<\/span><\/p>[\/et_pb_text][\/et_pb_column][et_pb_column type=&#8221;1_2&#8243; _builder_version=&#8221;4.20.4&#8243; _module_preset=&#8221;default&#8221; global_colors_info=&#8221;{}&#8221;][et_pb_text _builder_version=&#8221;4.24.3&#8243; _module_preset=&#8221;default&#8221; global_colors_info=&#8221;{}&#8221;]<p><strong>VINKKEJ\u00c4 JA OPPAITA<\/strong><\/p>[\/et_pb_text][et_pb_text _builder_version=&#8221;4.20.4&#8243; _module_preset=&#8221;default&#8221; custom_margin=&#8221;||-65px|||&#8221; global_colors_info=&#8221;{}&#8221;]<div class=\"ewa-rteLine\">Verkostojohtamisen opas, , Helsinki 2019<\/div>\n<div class=\"ewa-rteLine\">\n<p>Valtioneuvoston kanslian julkaisuja 2019:12<br \/><a href=\"https:\/\/julkaisut.valtioneuvosto.fi\/bitstream\/handle\/10024\/161513\/VNK_12_19_Verkostojohtamisen_opas.pdf\">Verkostojohtamisen opas (valtioneuvosto.fi)<\/a><\/p>\n<p>Verkostojohtamisen k\u00e4sikirja (koostuu useista mainioista artikkeleista!)<br \/><a href=\"https:\/\/blogs.helsinki.fi\/verkostojohtaminen\/\">Verkostojohtamisen k\u00e4sikirja: kohti vaikuttavaa yhteisty\u00f6t\u00e4 sosiaali- ja terveysalalla (helsinki.fi)<\/a><\/p>\n<p>Kuntaliitto 2014: Tartu verkkoon, ty\u00f6v\u00e4lineit\u00e4 verkostojen johtamiseen ja kehitt\u00e4miseen<br \/><a href=\"https:\/\/www.kuntaliitto.fi\/sites\/default\/files\/media\/file\/Tartu-verkkoon.pdf\">Tartu-verkkoon.pdf (kuntaliitto.fi)<\/a><\/p>\n<p>Kantola, Markus 2020: Hyv\u00e4n verkostoviestinn\u00e4n ABC<br \/><a href=\"https:\/\/blogit.utu.fi\/liike\/hyvan-verkostoviestinnan-abc\/\">Hyv\u00e4n verkostoviestinn\u00e4n ABC \u2013 Liike-blogi (utu.fi)<\/a><\/p>\n<p>&nbsp;<\/p>\n<p>&nbsp;<\/p>\n<\/div>[\/et_pb_text][\/et_pb_column][\/et_pb_row][et_pb_row _builder_version=&#8221;4.24.3&#8243; _module_preset=&#8221;default&#8221; global_colors_info=&#8221;{}&#8221;][et_pb_column type=&#8221;4_4&#8243; _builder_version=&#8221;4.24.3&#8243; _module_preset=&#8221;default&#8221; global_colors_info=&#8221;{}&#8221;][et_pb_text _builder_version=&#8221;4.24.3&#8243; _module_preset=&#8221;default&#8221; global_colors_info=&#8221;{}&#8221;]<p><span>Teeman sis\u00e4ll\u00f6n ovat tuottaneet Lapin ammattikorkeakoulun asiantuntijat Malla Alatalo ja Milla Hirvaskari.<\/span><\/p>[\/et_pb_text][\/et_pb_column][\/et_pb_row][\/et_pb_section][et_pb_section fb_built=&#8221;1&#8243; _builder_version=&#8221;4.20.4&#8243; _module_preset=&#8221;default&#8221; global_colors_info=&#8221;{}&#8221;][\/et_pb_section][et_pb_section fb_built=&#8221;1&#8243; _builder_version=&#8221;4.20.4&#8243; _module_preset=&#8221;default&#8221; global_colors_info=&#8221;{}&#8221;][et_pb_row _builder_version=&#8221;4.20.4&#8243; _module_preset=&#8221;default&#8221; global_colors_info=&#8221;{}&#8221;][et_pb_column type=&#8221;4_4&#8243; _builder_version=&#8221;4.20.4&#8243; _module_preset=&#8221;default&#8221; global_colors_info=&#8221;{}&#8221;][et_pb_image _builder_version=&#8221;4.20.4&#8243; _module_preset=&#8221;default&#8221; global_colors_info=&#8221;{}&#8221;][\/et_pb_image][\/et_pb_column][\/et_pb_row][\/et_pb_section]","protected":false},"excerpt":{"rendered":"<p>VERKOSTOJEN JOHTAMINENVerkostojen johtaminen on toimintaa, jolla taataan verkoston toimivuus ja varmistetaan yhteisty\u00f6st\u00e4 saatava hy\u00f6ty. Vapaaehtoisuuteen ja tasavertaisuuteen perustuvien verkostojen johtaminen poikkeaa perinteisest\u00e4 hierarkkisesta organisaatiojohtamisesta: johtajan vallan sijaan p\u00e4\u00e4t\u00f6ksenteko tapahtuu yhteisymm\u00e4rryksen kautta, ja vastuu toiminnasta on jaettu kaikkien toimijoiden kesken. Keskeisi\u00e4 piirteit\u00e4 verkostojen johtamisessa ovat luottamuksen rakentaminen, avoin viestint\u00e4 sek\u00e4 aktiivinen vuorovaikutus. Johtajan teht\u00e4v\u00e4n\u00e4 on mahdollistaa [&hellip;]<\/p>\n","protected":false},"author":31,"featured_media":0,"parent":0,"menu_order":0,"comment_status":"closed","ping_status":"closed","template":"","meta":{"_et_pb_use_builder":"on","_et_pb_old_content":"<!-- wp:divi\/placeholder \/-->","_et_gb_content_width":"","footnotes":""},"class_list":["post-13","page","type-page","status-publish","hentry"],"_links":{"self":[{"href":"https:\/\/blogi.eoppimispalvelut.fi\/lapinyhdyspintakurssit\/wp-json\/wp\/v2\/pages\/13","targetHints":{"allow":["GET"]}}],"collection":[{"href":"https:\/\/blogi.eoppimispalvelut.fi\/lapinyhdyspintakurssit\/wp-json\/wp\/v2\/pages"}],"about":[{"href":"https:\/\/blogi.eoppimispalvelut.fi\/lapinyhdyspintakurssit\/wp-json\/wp\/v2\/types\/page"}],"author":[{"embeddable":true,"href":"https:\/\/blogi.eoppimispalvelut.fi\/lapinyhdyspintakurssit\/wp-json\/wp\/v2\/users\/31"}],"replies":[{"embeddable":true,"href":"https:\/\/blogi.eoppimispalvelut.fi\/lapinyhdyspintakurssit\/wp-json\/wp\/v2\/comments?post=13"}],"version-history":[{"count":30,"href":"https:\/\/blogi.eoppimispalvelut.fi\/lapinyhdyspintakurssit\/wp-json\/wp\/v2\/pages\/13\/revisions"}],"predecessor-version":[{"id":880,"href":"https:\/\/blogi.eoppimispalvelut.fi\/lapinyhdyspintakurssit\/wp-json\/wp\/v2\/pages\/13\/revisions\/880"}],"wp:attachment":[{"href":"https:\/\/blogi.eoppimispalvelut.fi\/lapinyhdyspintakurssit\/wp-json\/wp\/v2\/media?parent=13"}],"curies":[{"name":"wp","href":"https:\/\/api.w.org\/{rel}","templated":true}]}}